{"id":13,"date":"2017-05-30T22:37:51","date_gmt":"2017-05-30T20:37:51","guid":{"rendered":"http:\/\/www.ptfos.unios.hr\/COCOCHOCO\/?page_id=13"},"modified":"2022-12-30T00:50:00","modified_gmt":"2022-12-29T23:50:00","slug":"doktorski-diplomski-i-zavrsni-radovi","status":"publish","type":"page","link":"http:\/\/www.ptfos.unios.hr\/COCOCHOCO\/index.php\/doktorski-diplomski-i-zavrsni-radovi\/","title":{"rendered":"Doktorski, diplomski i zavr\u0161ni radovi"},"content":{"rendered":"<p>Doktorski radovi:<\/p>\n<table style=\"width: 1005.47px;\">\n<tbody>\n<tr>\n<td style=\"width: 153px;\"><strong>Ime i prezime<\/strong><\/td>\n<td style=\"width: 432px;\"><strong>Naslov doktorskog rada<\/strong><\/td>\n<td style=\"width: 119px;\"><strong>Datum obrane<\/strong><\/td>\n<td style=\"width: 222.467px;\"><strong>Mentor<\/strong><\/td>\n<\/tr>\n<tr>\n<td style=\"width: 153px;\">Veronika Bari\u0161i\u0107<\/td>\n<td style=\"width: 432px;\">Utjecaj tretmana visokonaponskim elektri\u010dnim pra\u017enjenjem na svojstva kakaove ljuske<\/td>\n<td style=\"width: 119px;\">8. 4. 2022.<\/td>\n<td style=\"width: 222.467px;\">prof. dr. sc. \u0110ur\u0111ica A\u010dkar,\u00a0\u00a0\u00a0\u00a0 izv. prof. dr. sc. Ivana Flanjak<\/td>\n<\/tr>\n<\/tbody>\n<\/table>\n<p>Diplomski radovi:<\/p>\n<table style=\"width: 132.02%;\">\n<tbody>\n<tr>\n<td style=\"width: 17.0804%;\"><strong>Ime i prezime<\/strong><\/td>\n<td style=\"width: 44.9851%;\"><strong>Naslov diplomskog rada<\/strong><\/td>\n<td style=\"width: 14.002%;\"><strong>Datum obrane<\/strong><\/td>\n<td style=\"width: 23.8332%;\"><strong>Mentor<\/strong><\/td>\n<\/tr>\n<tr>\n<td style=\"width: 17.0804%;\">Ivana Kri\u017ei\u0107<\/td>\n<td style=\"width: 44.9851%;\">Profil bioaktivnih tvari kakaove ljuske i utjecaj obrade hladnom plazmom na njihov sastav i udio<\/td>\n<td style=\"width: 14.002%;\">12. 12. 2018.<\/td>\n<td style=\"width: 23.8332%;\">izv. prof. dr. sc. Ivana Flanjak<\/td>\n<\/tr>\n<tr>\n<td style=\"width: 17.0804%;\">Marijana Jura\u0161inovi\u0107<\/td>\n<td style=\"width: 44.9851%;\">Utjecaj razli\u010ditih emulgatora na svojstva tamne i mlije\u010dne \u010dokolade<\/td>\n<td style=\"width: 14.002%;\">16. 7. 2019.<\/td>\n<td style=\"width: 23.8332%;\">prof. dr. sc. Jurislav Babi\u0107<\/td>\n<\/tr>\n<tr>\n<td style=\"width: 17.0804%;\">Ivana Ani\u0107<\/td>\n<td style=\"width: 44.9851%;\">Utjecaj dodatka kako maslac ekvivalenata na svojstva tamne i mlije\u010dne \u010dokolade<\/td>\n<td style=\"width: 14.002%;\">12. 9. 2019.<\/td>\n<td style=\"width: 23.8332%;\">doc. dr. sc. Antun Jozinovi\u0107<\/td>\n<\/tr>\n<tr>\n<td style=\"width: 17.0804%;\">Ivana Vincek<\/td>\n<td style=\"width: 44.9851%;\">Utjecaj dodatka kakaove ljuske na svojstva tamne \u010dokolade<\/td>\n<td style=\"width: 14.002%;\">29. 6. 2020.<\/td>\n<td style=\"width: 23.8332%;\">doc. dr. sc. Antun Jozinovi\u0107<\/td>\n<\/tr>\n<tr>\n<td style=\"width: 17.0804%;\">Dorotea Fi\u0161er<\/td>\n<td style=\"width: 44.9851%;\">Sastav masnih kiselina razli\u010ditih vrsta \u010dokolada odre\u0111en metodom plinske kromatografije<\/td>\n<td style=\"width: 14.002%;\">9. 7. 2020.<\/td>\n<td style=\"width: 23.8332%;\">izv. prof. dr. sc. Ivana Flanjak, doc. dr. sc. Ante Lon\u010dari\u0107<\/td>\n<\/tr>\n<tr>\n<td style=\"width: 17.0804%;\">Mirela Trgovac<\/td>\n<td style=\"width: 44.9851%;\">Razvoj \u010dokolade s jakim alkoholnim punjenjem<\/td>\n<td style=\"width: 14.002%;\">17. 7. 2020.<\/td>\n<td style=\"width: 23.8332%;\">izv. prof. dr. sc. \u0110ur\u0111ica A\u010dkar, prof. dr. sc. Borislav Mili\u010devi\u0107<\/td>\n<\/tr>\n<tr>\n<td style=\"width: 17.0804%;\">Ivana Juri\u0107<\/td>\n<td style=\"width: 44.9851%;\">Utjecaj koli\u010dine kuglica na svojstva tamnih i mlije\u010dnih \u010dokolada proizvedenih u kugli\u010dnom mlinu<\/td>\n<td style=\"width: 14.002%;\">28. 9. 2020.<\/td>\n<td style=\"width: 23.8332%;\">izv. prof. dr. sc. \u0110ur\u0111ica A\u010dkar<\/td>\n<\/tr>\n<tr>\n<td style=\"width: 17.0804%;\">Marijana Jurki\u0107<\/td>\n<td style=\"width: 44.9851%;\">Utjecaj vremena mije\u0161anja na svojstva tamnih i mlije\u010dnih \u010dokolada proizvedenih u kugli\u010dnom mlinu<\/td>\n<td style=\"width: 14.002%;\">28. 9. 2020.<\/td>\n<td style=\"width: 23.8332%;\">izv. prof. dr. sc. \u0110ur\u0111ica A\u010dkar<\/td>\n<\/tr>\n<tr>\n<td style=\"width: 17.0804%;\">Veronika Gudelj<\/td>\n<td style=\"width: 44.9851%;\">Utjecaj dodatka kakaove ljuske na sastav i udio bioaktivnih komponenti u \u010dokoladi<\/td>\n<td style=\"width: 14.002%;\">29. 9. 2020.<\/td>\n<td style=\"width: 23.8332%;\">izv. prof. dr. sc. Ivana Flanjak, doc. dr. sc. Ante Lon\u010dari\u0107<\/td>\n<\/tr>\n<tr>\n<td style=\"width: 17.0804%;\">Ines Milo\u0161evi\u0107<\/td>\n<td style=\"width: 44.9851%;\">Utjecaj dodatka kakaove ljuske na svojstva mlije\u010dne \u010dokolade<\/td>\n<td style=\"width: 14.002%;\">23. 11. 2020.<\/td>\n<td style=\"width: 23.8332%;\">prof. dr. sc. Drago \u0160ubari\u0107,<br \/>\nizv. prof. dr. sc. Ivana Flanjak<\/td>\n<\/tr>\n<tr>\n<td style=\"width: 17.0804%;\">Andrija Pukec<\/td>\n<td style=\"width: 44.9851%;\">Utjecaj dodatka kazeina na svojstva nutritivno pobolj\u0161anih krem-namaza<\/td>\n<td style=\"width: 14.002%;\">2. 7. 2021.<\/td>\n<td style=\"width: 23.8332%;\">prof. dr. sc. \u0110ur\u0111ica A\u010dkar<\/td>\n<\/tr>\n<tr>\n<td style=\"width: 17.0804%;\">Marija Botunac<\/td>\n<td style=\"width: 44.9851%;\">Utjecaj dodatka kokosove i palmine masti na svojstva krem-namaza bez \u0161e\u0107era<\/td>\n<td style=\"width: 14.002%;\">9. 9. 2021.<\/td>\n<td style=\"width: 23.8332%;\">prof. dr. sc. Jurislav Babi\u0107<br \/>\nizv. prof. Ivana Flanjak<\/td>\n<\/tr>\n<tr>\n<td style=\"width: 17.0804%;\">Katarina Pavli\u010devi\u0107<\/td>\n<td style=\"width: 44.9851%;\">Utjecaj dodatka razli\u010ditih emulgatora na svojstva krem-namaza smanjene kalorijske vrijednosti<\/td>\n<td style=\"width: 14.002%;\">6. 12. 2021.<\/td>\n<td style=\"width: 23.8332%;\">prof. dr. sc. \u0110ur\u0111ica A\u010dkar<\/td>\n<\/tr>\n<tr>\n<td style=\"width: 17.0804%;\">Josipa Grbe\u0161<\/td>\n<td style=\"width: 44.9851%;\">Utjecaj dodatka kakaove ljuske i razli\u010ditih hidrokoloida na svojstva instant kakao napitaka<\/td>\n<td style=\"width: 14.002%;\">27. 5. 2022.<\/td>\n<td style=\"width: 23.8332%;\">prof. dr. sc. \u0110ur\u0111ica A\u010dkar<\/td>\n<\/tr>\n<tr>\n<td style=\"width: 17.0804%;\">Marina Dragi\u010devi\u0107<\/td>\n<td style=\"width: 44.9851%;\">Svojstva tamnih \u010dokolada proizvedenih s dodatkom liofiliziranog meda<\/td>\n<td style=\"width: 14.002%;\">29. 9. 2022.<\/td>\n<td style=\"width: 23.8332%;\"><\/td>\n<\/tr>\n<tr>\n<td style=\"width: 17.0804%;\">Sandra Lame\u0161i\u0107<\/td>\n<td style=\"width: 44.9851%;\">Primjena razli\u010ditih vrsta karboksimetil celuloze na svojstva instant kakao napitaka s dodanom kakaovom ljuskom<\/td>\n<td style=\"width: 14.002%;\">29. 9. 2022.<\/td>\n<td style=\"width: 23.8332%;\"><\/td>\n<\/tr>\n<\/tbody>\n<\/table>\n<p>Zavr\u0161ni radovi:<\/p>\n<table style=\"width: 1015px;\">\n<tbody>\n<tr>\n<td style=\"width: 154.933px;\"><strong>Ime i prezime<\/strong><\/td>\n<td style=\"width: 440.067px;\"><strong>Naslov zavr\u0161nog rada<\/strong><\/td>\n<td style=\"width: 123px;\"><strong>Datum obrane<\/strong><\/td>\n<td style=\"width: 218px;\"><strong>Mentor<\/strong><\/td>\n<\/tr>\n<tr>\n<td style=\"width: 154.933px;\">Marija Mitrikeska*<\/td>\n<td style=\"width: 440.067px;\">Primena na lu\u0161pata od kakao vo proizvodstvoto na temno i mle\u010dno \u010dokolado (Primjena kakaove ljuske u proizvodnji tamne i mlije\u010dne \u010dokolade)<\/td>\n<td style=\"width: 123px;\">2020.<\/td>\n<td style=\"width: 218px;\">prof. dr. sc. Elena Jo\u0161eska,<br \/>\nizv. prof. dr. sc. \u0110ur\u0111ica A\u010dkar<\/td>\n<\/tr>\n<tr>\n<td style=\"width: 154.933px;\">Martina Smiljanovi\u0107<\/td>\n<td style=\"width: 440.067px;\">Krem-proizvodi<\/td>\n<td style=\"width: 123px;\">2021.<\/td>\n<td style=\"width: 218px;\">prof. dr. sc. \u0110ur\u0111ica A\u010dkar<\/td>\n<\/tr>\n<\/tbody>\n<\/table>\n<p>*rad obranjen na Fakultetu za biotehni\u010dke znanosti Bitola, Sjeverna Makedonija<\/p>\n","protected":false},"excerpt":{"rendered":"<p>Doktorski radovi: Ime i prezime Naslov doktorskog rada Datum obrane Mentor Veronika Bari\u0161i\u0107 Utjecaj tretmana visokonaponskim elektri\u010dnim pra\u017enjenjem na svojstva kakaove ljuske 8. 4. 2022. prof. dr. sc. \u0110ur\u0111ica A\u010dkar,\u00a0\u00a0\u00a0\u00a0 izv. prof. dr. sc. Ivana Flanjak Diplomski radovi: Ime i prezime Naslov diplomskog rada Datum obrane Mentor Ivana Kri\u017ei\u0107 Profil bioaktivnih tvari kakaove ljuske i &#8230; <a title=\"Doktorski, diplomski i zavr\u0161ni radovi\" class=\"read-more\" href=\"http:\/\/www.ptfos.unios.hr\/COCOCHOCO\/index.php\/doktorski-diplomski-i-zavrsni-radovi\/\" aria-label=\"More on Doktorski, diplomski i zavr\u0161ni radovi\">Op\u0161irnije<\/a><\/p>\n","protected":false},"author":1,"featured_media":0,"parent":0,"menu_order":0,"comment_status":"closed","ping_status":"closed","template":"","meta":{"generate_page_header":""},"_links":{"self":[{"href":"http:\/\/www.ptfos.unios.hr\/COCOCHOCO\/index.php\/wp-json\/wp\/v2\/pages\/13"}],"collection":[{"href":"http:\/\/www.ptfos.unios.hr\/COCOCHOCO\/index.php\/wp-json\/wp\/v2\/pages"}],"about":[{"href":"http:\/\/www.ptfos.unios.hr\/COCOCHOCO\/index.php\/wp-json\/wp\/v2\/types\/page"}],"author":[{"embeddable":true,"href":"http:\/\/www.ptfos.unios.hr\/COCOCHOCO\/index.php\/wp-json\/wp\/v2\/users\/1"}],"replies":[{"embeddable":true,"href":"http:\/\/www.ptfos.unios.hr\/COCOCHOCO\/index.php\/wp-json\/wp\/v2\/comments?post=13"}],"version-history":[{"count":40,"href":"http:\/\/www.ptfos.unios.hr\/COCOCHOCO\/index.php\/wp-json\/wp\/v2\/pages\/13\/revisions"}],"predecessor-version":[{"id":549,"href":"http:\/\/www.ptfos.unios.hr\/COCOCHOCO\/index.php\/wp-json\/wp\/v2\/pages\/13\/revisions\/549"}],"wp:attachment":[{"href":"http:\/\/www.ptfos.unios.hr\/COCOCHOCO\/index.php\/wp-json\/wp\/v2\/media?parent=13"}],"curies":[{"name":"wp","href":"https:\/\/api.w.org\/{rel}","templated":true}]}}