{"id":15,"date":"2017-05-30T22:38:08","date_gmt":"2017-05-30T20:38:08","guid":{"rendered":"http:\/\/www.ptfos.unios.hr\/COCOCHOCO\/?page_id=15"},"modified":"2022-03-31T21:01:33","modified_gmt":"2022-03-31T19:01:33","slug":"zanimljivosti","status":"publish","type":"page","link":"http:\/\/www.ptfos.unios.hr\/COCOCHOCO\/index.php\/zanimljivosti\/","title":{"rendered":"Novosti"},"content":{"rendered":"<h2><strong>Projektni tim dobio priznanje <em>Wiley-a<\/em><\/strong><\/h2>\n<h2><img decoding=\"async\" loading=\"lazy\" class=\"wp-image-529 aligncenter\" src=\"http:\/\/www.ptfos.unios.hr\/COCOCHOCO\/wp-content\/uploads\/2022\/03\/Topcited-300x116.png\" alt=\"\" width=\"553\" height=\"214\" srcset=\"http:\/\/www.ptfos.unios.hr\/COCOCHOCO\/wp-content\/uploads\/2022\/03\/Topcited-300x116.png 300w, http:\/\/www.ptfos.unios.hr\/COCOCHOCO\/wp-content\/uploads\/2022\/03\/Topcited-768x296.png 768w, http:\/\/www.ptfos.unios.hr\/COCOCHOCO\/wp-content\/uploads\/2022\/03\/Topcited-1024x395.png 1024w, http:\/\/www.ptfos.unios.hr\/COCOCHOCO\/wp-content\/uploads\/2022\/03\/Topcited.png 1784w\" sizes=\"(max-width: 553px) 100vw, 553px\" \/><\/h2>\n<h2><strong>Projekt uklju\u010den u <em>Istra\u017eiva\u010dke pri\u010de<\/em> na web stranici HRZZ<\/strong><\/h2>\n<p><a href=\"https:\/\/hrzz.hr\/primjena-kakaove-ljuske-u-proizvodnji-cokolade-i-srodnih-proizvoda-cocochoco\/\">https:\/\/hrzz.hr\/primjena-kakaove-ljuske-u-proizvodnji-cokolade-i-srodnih-proizvoda-cocochoco\/<\/a><\/p>\n<h2><strong>Hvala kolegi Laroshenku na pohvalama na\u0161eg preglednog rada <em>Chemistry behind chocolate production \ud83d\ude42<\/em><\/strong><\/h2>\n<p>Kolega Laroshenko bavi se organskom kemijom tako da je vrlo blizak podru\u010dju kemije hrane.<\/p>\n<p><a href=\"https:\/\/mobile.twitter.com\/Iaroshenko108\/status\/1170396690207170561\" target=\"_blank\" rel=\"noopener\">https:\/\/mobile.twitter.com\/Iaroshenko108\/status\/1170396690207170561<\/a><\/p>\n<h2><strong>No\u0107 znanosti na PTF-u i \u010dokolada<\/strong><\/h2>\n<p><a href=\"https:\/\/youtu.be\/7YS8p4oqhkA\">https:\/\/youtu.be\/7YS8p4oqhkA<\/a><\/p>\n<p><a href=\"https:\/\/youtu.be\/80DvDuw_IPU\">https:\/\/youtu.be\/80DvDuw_IPU<\/a><\/p>\n<h2><strong>Projekt promoviran na Slavonskoj TV<\/strong><\/h2>\n<p><a href=\"https:\/\/youtu.be\/LKynVie62a0\">https:\/\/youtu.be\/LKynVie62a0<\/a><\/p>\n<h2><strong>25. 1. 2018. Odr\u017ean inicijalni sastanak istra\u017eiva\u010dkog tima<\/strong><\/h2>\n<p>U vije\u0107nici Prehrambeno-tehnolo\u0161kog fakulteta Osijek (Osijek, Kuha\u010deva 20) u \u010detvrtak, 25. 1. 2018. godine s po\u010detkom u 11 sati odr\u017ean je inicijalni sastanak projektnog tima.<\/p>\n<p><img decoding=\"async\" loading=\"lazy\" class=\"alignnone size-medium wp-image-332\" src=\"http:\/\/www.ptfos.unios.hr\/COCOCHOCO\/wp-content\/uploads\/2018\/02\/IMG_1821-300x225.jpg\" alt=\"\" width=\"300\" height=\"225\" srcset=\"http:\/\/www.ptfos.unios.hr\/COCOCHOCO\/wp-content\/uploads\/2018\/02\/IMG_1821-300x225.jpg 300w, http:\/\/www.ptfos.unios.hr\/COCOCHOCO\/wp-content\/uploads\/2018\/02\/IMG_1821.jpg 640w\" sizes=\"(max-width: 300px) 100vw, 300px\" \/><img decoding=\"async\" loading=\"lazy\" class=\"alignnone size-medium wp-image-330\" src=\"http:\/\/www.ptfos.unios.hr\/COCOCHOCO\/wp-content\/uploads\/2018\/02\/IMG_1819-300x225.jpg\" alt=\"\" width=\"300\" height=\"225\" srcset=\"http:\/\/www.ptfos.unios.hr\/COCOCHOCO\/wp-content\/uploads\/2018\/02\/IMG_1819-300x225.jpg 300w, http:\/\/www.ptfos.unios.hr\/COCOCHOCO\/wp-content\/uploads\/2018\/02\/IMG_1819.jpg 640w\" sizes=\"(max-width: 300px) 100vw, 300px\" \/><\/p>\n<h2><strong>7. 2. 2018. Objavljen natje\u010daj za prijem suradnika na projekt<\/strong><\/h2>\n<p><a href=\"http:\/\/www.ptfos.unios.hr\/index.php\/73-obavijesti\/naslovnica\/9548-55\">http:\/\/www.ptfos.unios.hr\/index.php\/73-obavijesti\/naslovnica\/9548-55<\/a><\/p>\n<h2><strong>11. 2. 2018. Projekt promoviran u Sveu\u010dili\u0161nom glasniku<\/strong><\/h2>\n<p><a href=\"http:\/\/www.glas-slavonije.hr\/355618\/25\/Odobreno-financiranje-projekata-vrijednih-gotovo-48-milijuna-kuna\">http:\/\/www.glas-slavonije.hr\/355618\/25\/Odobreno-financiranje-projekata-vrijednih-gotovo-48-milijuna-kuna<\/a><\/p>\n<p><strong><span style=\"font-size: 18pt;\">3. 4. 2018. Zaposlena suradnica na projektu<\/span><\/strong><\/p>\n<p>Dana 3. travnja 2018. godine Prehrambeno-tehnolo\u0161ki fakultet Osijek sklopio je ugovor o radu na odre\u0111eno vrijeme s Veronikom Bari\u0161i\u0107, mag. ing. za rad na projektu COCOCHOCO.<\/p>\n<p><img decoding=\"async\" loading=\"lazy\" class=\"alignnone size-medium wp-image-364\" src=\"http:\/\/www.ptfos.unios.hr\/COCOCHOCO\/wp-content\/uploads\/2018\/10\/20181031_100354-240x300.jpg\" alt=\"\" width=\"240\" height=\"300\" srcset=\"http:\/\/www.ptfos.unios.hr\/COCOCHOCO\/wp-content\/uploads\/2018\/10\/20181031_100354-240x300.jpg 240w, http:\/\/www.ptfos.unios.hr\/COCOCHOCO\/wp-content\/uploads\/2018\/10\/20181031_100354-768x960.jpg 768w, http:\/\/www.ptfos.unios.hr\/COCOCHOCO\/wp-content\/uploads\/2018\/10\/20181031_100354-819x1024.jpg 819w, http:\/\/www.ptfos.unios.hr\/COCOCHOCO\/wp-content\/uploads\/2018\/10\/20181031_100354.jpg 1080w\" sizes=\"(max-width: 240px) 100vw, 240px\" \/><\/p>\n<p><strong><span style=\"font-size: 18pt;\">Oprema nabavljena u sklopu projekta<\/span><\/strong><\/p>\n<p>U sklopu projekta, iz sredstava Hrvatske zaklade za znanost nabavljeni su sljede\u0107i ure\u0111aji:<\/p>\n<table style=\"width: 792px;\">\n<tbody>\n<tr>\n<td style=\"width: 326.017px;\"><img decoding=\"async\" loading=\"lazy\" class=\"alignnone size-medium wp-image-341\" src=\"http:\/\/www.ptfos.unios.hr\/COCOCHOCO\/wp-content\/uploads\/2018\/10\/coko-dozator-225x300.jpg\" alt=\"\" width=\"225\" height=\"300\" srcset=\"http:\/\/www.ptfos.unios.hr\/COCOCHOCO\/wp-content\/uploads\/2018\/10\/coko-dozator-225x300.jpg 225w, http:\/\/www.ptfos.unios.hr\/COCOCHOCO\/wp-content\/uploads\/2018\/10\/coko-dozator-768x1024.jpg 768w, http:\/\/www.ptfos.unios.hr\/COCOCHOCO\/wp-content\/uploads\/2018\/10\/coko-dozator.jpg 960w\" sizes=\"(max-width: 225px) 100vw, 225px\" \/><\/td>\n<td style=\"width: 420.983px;\">dozator za \u010dokoladu<\/td>\n<\/tr>\n<tr>\n<td style=\"width: 326.017px;\"><img decoding=\"async\" loading=\"lazy\" class=\"alignnone size-medium wp-image-342\" src=\"http:\/\/www.ptfos.unios.hr\/COCOCHOCO\/wp-content\/uploads\/2018\/10\/sprejer-300x225.jpg\" alt=\"\" width=\"300\" height=\"225\" srcset=\"http:\/\/www.ptfos.unios.hr\/COCOCHOCO\/wp-content\/uploads\/2018\/10\/sprejer-300x225.jpg 300w, http:\/\/www.ptfos.unios.hr\/COCOCHOCO\/wp-content\/uploads\/2018\/10\/sprejer-768x576.jpg 768w, http:\/\/www.ptfos.unios.hr\/COCOCHOCO\/wp-content\/uploads\/2018\/10\/sprejer-1024x768.jpg 1024w, http:\/\/www.ptfos.unios.hr\/COCOCHOCO\/wp-content\/uploads\/2018\/10\/sprejer.jpg 1280w\" sizes=\"(max-width: 300px) 100vw, 300px\" \/><\/td>\n<td style=\"width: 420.983px;\">ure\u0111aj za raspr\u0161ivanje \u010dokoladne mase<\/td>\n<\/tr>\n<tr>\n<td style=\"width: 326.017px;\"><img decoding=\"async\" loading=\"lazy\" class=\"alignnone size-medium wp-image-343\" src=\"http:\/\/www.ptfos.unios.hr\/COCOCHOCO\/wp-content\/uploads\/2018\/10\/stol-300x225.jpg\" alt=\"\" width=\"300\" height=\"225\" srcset=\"http:\/\/www.ptfos.unios.hr\/COCOCHOCO\/wp-content\/uploads\/2018\/10\/stol-300x225.jpg 300w, http:\/\/www.ptfos.unios.hr\/COCOCHOCO\/wp-content\/uploads\/2018\/10\/stol-768x576.jpg 768w, http:\/\/www.ptfos.unios.hr\/COCOCHOCO\/wp-content\/uploads\/2018\/10\/stol-1024x768.jpg 1024w, http:\/\/www.ptfos.unios.hr\/COCOCHOCO\/wp-content\/uploads\/2018\/10\/stol.jpg 1280w\" sizes=\"(max-width: 300px) 100vw, 300px\" \/><\/td>\n<td style=\"width: 420.983px;\">vibracijski stol<\/td>\n<\/tr>\n<tr>\n<td style=\"width: 326.017px;\"><img decoding=\"async\" loading=\"lazy\" class=\"alignnone wp-image-369 size-medium\" src=\"http:\/\/www.ptfos.unios.hr\/COCOCHOCO\/wp-content\/uploads\/2018\/11\/IMG_1669-e1569501829231-225x300.jpg\" alt=\"\" width=\"225\" height=\"300\" srcset=\"http:\/\/www.ptfos.unios.hr\/COCOCHOCO\/wp-content\/uploads\/2018\/11\/IMG_1669-e1569501829231-225x300.jpg 225w, http:\/\/www.ptfos.unios.hr\/COCOCHOCO\/wp-content\/uploads\/2018\/11\/IMG_1669-e1569501829231.jpg 480w\" sizes=\"(max-width: 225px) 100vw, 225px\" \/><\/td>\n<td style=\"width: 420.983px;\">laboratorijski pr\u017eionik za kakaovo zrno (sufinanciran sredstvima PTFOS-a)<\/td>\n<\/tr>\n<tr>\n<td style=\"width: 326.017px;\"><img decoding=\"async\" loading=\"lazy\" class=\"size-medium wp-image-359\" src=\"http:\/\/www.ptfos.unios.hr\/COCOCHOCO\/wp-content\/uploads\/2018\/10\/IMG_20181031_093047-300x225.jpg\" alt=\"\" width=\"300\" height=\"225\" srcset=\"http:\/\/www.ptfos.unios.hr\/COCOCHOCO\/wp-content\/uploads\/2018\/10\/IMG_20181031_093047-300x225.jpg 300w, http:\/\/www.ptfos.unios.hr\/COCOCHOCO\/wp-content\/uploads\/2018\/10\/IMG_20181031_093047-768x576.jpg 768w, http:\/\/www.ptfos.unios.hr\/COCOCHOCO\/wp-content\/uploads\/2018\/10\/IMG_20181031_093047-1024x768.jpg 1024w\" sizes=\"(max-width: 300px) 100vw, 300px\" \/><\/td>\n<td style=\"width: 420.983px;\">laboratorijski mlin<\/td>\n<\/tr>\n<tr>\n<td style=\"width: 326.017px;\"><img decoding=\"async\" loading=\"lazy\" class=\"alignnone size-medium wp-image-344\" src=\"http:\/\/www.ptfos.unios.hr\/COCOCHOCO\/wp-content\/uploads\/2018\/10\/tekstura-225x300.jpg\" alt=\"\" width=\"225\" height=\"300\" srcset=\"http:\/\/www.ptfos.unios.hr\/COCOCHOCO\/wp-content\/uploads\/2018\/10\/tekstura-225x300.jpg 225w, http:\/\/www.ptfos.unios.hr\/COCOCHOCO\/wp-content\/uploads\/2018\/10\/tekstura-768x1024.jpg 768w, http:\/\/www.ptfos.unios.hr\/COCOCHOCO\/wp-content\/uploads\/2018\/10\/tekstura.jpg 960w\" sizes=\"(max-width: 225px) 100vw, 225px\" \/><\/td>\n<td style=\"width: 420.983px;\">nastavak za teksturu<\/td>\n<\/tr>\n<tr>\n<td style=\"width: 326.017px;\"><img decoding=\"async\" loading=\"lazy\" class=\"alignnone wp-image-436\" src=\"http:\/\/www.ptfos.unios.hr\/COCOCHOCO\/wp-content\/uploads\/2019\/11\/sjaj-300x225.jpg\" alt=\"\" width=\"238\" height=\"178\" srcset=\"http:\/\/www.ptfos.unios.hr\/COCOCHOCO\/wp-content\/uploads\/2019\/11\/sjaj-300x225.jpg 300w, http:\/\/www.ptfos.unios.hr\/COCOCHOCO\/wp-content\/uploads\/2019\/11\/sjaj-768x576.jpg 768w, http:\/\/www.ptfos.unios.hr\/COCOCHOCO\/wp-content\/uploads\/2019\/11\/sjaj-1024x768.jpg 1024w, http:\/\/www.ptfos.unios.hr\/COCOCHOCO\/wp-content\/uploads\/2019\/11\/sjaj.jpg 1600w\" sizes=\"(max-width: 238px) 100vw, 238px\" \/><\/td>\n<td style=\"width: 420.983px;\">Ure\u0111aj za mjerenje sjaja povr\u0161ine PCE Instruments<\/p>\n<p><a href=\"https:\/\/www.pce-instruments.com\/english\/measuring-instruments\/test-meters\/gloss-meter-gloss-tester-pce-instruments-gloss-meter-pce-pgm-100-det_5110861.htm\">PCE Instruments<\/a><\/td>\n<\/tr>\n<tr>\n<td style=\"width: 326.017px;\"><img decoding=\"async\" loading=\"lazy\" class=\"alignnone size-medium wp-image-435\" src=\"http:\/\/www.ptfos.unios.hr\/COCOCHOCO\/wp-content\/uploads\/2019\/11\/pH-metar-225x300.jpg\" alt=\"\" width=\"225\" height=\"300\" srcset=\"http:\/\/www.ptfos.unios.hr\/COCOCHOCO\/wp-content\/uploads\/2019\/11\/pH-metar-225x300.jpg 225w, http:\/\/www.ptfos.unios.hr\/COCOCHOCO\/wp-content\/uploads\/2019\/11\/pH-metar-768x1024.jpg 768w, http:\/\/www.ptfos.unios.hr\/COCOCHOCO\/wp-content\/uploads\/2019\/11\/pH-metar.jpg 1200w\" sizes=\"(max-width: 225px) 100vw, 225px\" \/><\/td>\n<td style=\"width: 420.983px;\">pH-metar PCE<\/p>\n<p><a href=\"https:\/\/www.pce-instruments.com\/english\/measuring-instruments\/test-meters\/ph-meter-ph-tester-pce-instruments-ph-meter-pce-228-det_54038.htm\">PCE Instruments<\/a><\/td>\n<\/tr>\n<\/tbody>\n<\/table>\n<p><strong><span style=\"font-size: 18pt;\">Projekt promoviran na Skup\u0161tini Dru\u0161tva kemi\u010dara i tehnologa Koprivnica<\/span><\/strong><\/p>\n<p>Voditeljica projekta izv. prof. dr. sc. \u0110ur\u0111ica A\u010dkar na Skup\u0161tini DKT-a Koprivnica dana 7. rujna 2018. godine odr\u017eala je predavanje <em>Kakaova ljuska &#8211; vi\u0161e od otpada<\/em> u sklopu kojeg je predstavila projekt.<\/p>\n<p><img decoding=\"async\" loading=\"lazy\" class=\"alignnone size-medium wp-image-350\" src=\"http:\/\/www.ptfos.unios.hr\/COCOCHOCO\/wp-content\/uploads\/2018\/10\/podravka-9-2018-1-300x225.jpg\" alt=\"\" width=\"300\" height=\"225\" srcset=\"http:\/\/www.ptfos.unios.hr\/COCOCHOCO\/wp-content\/uploads\/2018\/10\/podravka-9-2018-1-300x225.jpg 300w, http:\/\/www.ptfos.unios.hr\/COCOCHOCO\/wp-content\/uploads\/2018\/10\/podravka-9-2018-1-768x576.jpg 768w, http:\/\/www.ptfos.unios.hr\/COCOCHOCO\/wp-content\/uploads\/2018\/10\/podravka-9-2018-1-1024x768.jpg 1024w, http:\/\/www.ptfos.unios.hr\/COCOCHOCO\/wp-content\/uploads\/2018\/10\/podravka-9-2018-1.jpg 1280w\" sizes=\"(max-width: 300px) 100vw, 300px\" \/> <img decoding=\"async\" loading=\"lazy\" class=\"alignnone size-medium wp-image-351\" src=\"http:\/\/www.ptfos.unios.hr\/COCOCHOCO\/wp-content\/uploads\/2018\/10\/podravka-9-2018-2-300x225.jpg\" alt=\"\" width=\"300\" height=\"225\" srcset=\"http:\/\/www.ptfos.unios.hr\/COCOCHOCO\/wp-content\/uploads\/2018\/10\/podravka-9-2018-2-300x225.jpg 300w, http:\/\/www.ptfos.unios.hr\/COCOCHOCO\/wp-content\/uploads\/2018\/10\/podravka-9-2018-2-768x576.jpg 768w, http:\/\/www.ptfos.unios.hr\/COCOCHOCO\/wp-content\/uploads\/2018\/10\/podravka-9-2018-2-1024x768.jpg 1024w, http:\/\/www.ptfos.unios.hr\/COCOCHOCO\/wp-content\/uploads\/2018\/10\/podravka-9-2018-2.jpg 1280w\" sizes=\"(max-width: 300px) 100vw, 300px\" \/><\/p>\n<p><span style=\"font-size: 18pt;\"><strong>Obrana diplomskog rada &#8211; Marijana Jura\u0161inovi\u0107, 16. 7. 2019.<\/strong><\/span><\/p>\n<p>Marijana Jura\u0161inovi\u0107 je pod mentorstvom prof. dr. sc. Jurislava Babi\u0107a i neposrednim vo\u0111enjem Veronike Bari\u0161i\u0107, mag. ing. dana 16. 7. 2019. obranila diplomski rad pod naslovom: &#8220;Utjecaj razli\u010ditih emulgatora na svojstva tamne i mlije\u010dne \u010dokolade&#8221;.<\/p>\n<p><img decoding=\"async\" loading=\"lazy\" class=\"alignnone size-medium wp-image-402\" src=\"http:\/\/www.ptfos.unios.hr\/COCOCHOCO\/wp-content\/uploads\/2019\/07\/Diplomski-Jurasinovic-225x300.jpg\" alt=\"\" width=\"225\" height=\"300\" srcset=\"http:\/\/www.ptfos.unios.hr\/COCOCHOCO\/wp-content\/uploads\/2019\/07\/Diplomski-Jurasinovic-225x300.jpg 225w, http:\/\/www.ptfos.unios.hr\/COCOCHOCO\/wp-content\/uploads\/2019\/07\/Diplomski-Jurasinovic-768x1024.jpg 768w, http:\/\/www.ptfos.unios.hr\/COCOCHOCO\/wp-content\/uploads\/2019\/07\/Diplomski-Jurasinovic.jpg 960w\" sizes=\"(max-width: 225px) 100vw, 225px\" \/><\/p>\n<p><strong><span style=\"font-size: 18pt;\">Obrana diplomskog rada &#8211; Ivana Ani\u0107, 12. 9. 2019.<\/span> <\/strong><\/p>\n<p>Ivana Ani\u0107 je pod mentorstvom doc. dr. sc. Antuna Jozinovi\u0107a i neposrednim vo\u0111enjem Veronike Bari\u0161i\u0107, mag. ing. dana 12. 9. 2019. obranila diplomski rad pod naslovom: &#8220;Utjecaj dodatka kakao maslac ekvivalenata na svojstva tamne i mlije\u010dne \u010dokolade&#8221;. Osim \u0161to je bila izvrstan student, tijekom studija kolegica je sudjelovala i u velikom broju izvannastavnih aktivnosti, a poseban doprinos dala je u sportskim natjecanjima &#8220;brane\u0107i boje&#8221; Fakulteta na \u010demu smo iznimno zahvalni.<\/p>\n<p><img decoding=\"async\" loading=\"lazy\" class=\"alignnone size-medium wp-image-406\" src=\"http:\/\/www.ptfos.unios.hr\/COCOCHOCO\/wp-content\/uploads\/2019\/09\/IMG_4979-300x225.jpg\" alt=\"\" width=\"300\" height=\"225\" srcset=\"http:\/\/www.ptfos.unios.hr\/COCOCHOCO\/wp-content\/uploads\/2019\/09\/IMG_4979-300x225.jpg 300w, http:\/\/www.ptfos.unios.hr\/COCOCHOCO\/wp-content\/uploads\/2019\/09\/IMG_4979-768x576.jpg 768w, http:\/\/www.ptfos.unios.hr\/COCOCHOCO\/wp-content\/uploads\/2019\/09\/IMG_4979-1024x768.jpg 1024w, http:\/\/www.ptfos.unios.hr\/COCOCHOCO\/wp-content\/uploads\/2019\/09\/IMG_4979.jpg 1280w\" sizes=\"(max-width: 300px) 100vw, 300px\" \/><\/p>\n","protected":false},"excerpt":{"rendered":"<p>Projektni tim dobio priznanje Wiley-a Projekt uklju\u010den u Istra\u017eiva\u010dke pri\u010de na web stranici HRZZ https:\/\/hrzz.hr\/primjena-kakaove-ljuske-u-proizvodnji-cokolade-i-srodnih-proizvoda-cocochoco\/ Hvala kolegi Laroshenku na pohvalama na\u0161eg preglednog rada Chemistry behind chocolate production \ud83d\ude42 Kolega Laroshenko bavi se organskom kemijom tako da je vrlo blizak podru\u010dju kemije hrane. https:\/\/mobile.twitter.com\/Iaroshenko108\/status\/1170396690207170561 No\u0107 znanosti na PTF-u i \u010dokolada https:\/\/youtu.be\/7YS8p4oqhkA https:\/\/youtu.be\/80DvDuw_IPU Projekt promoviran na Slavonskoj &#8230; <a title=\"Novosti\" class=\"read-more\" href=\"http:\/\/www.ptfos.unios.hr\/COCOCHOCO\/index.php\/zanimljivosti\/\" aria-label=\"More on Novosti\">Op\u0161irnije<\/a><\/p>\n","protected":false},"author":1,"featured_media":0,"parent":0,"menu_order":0,"comment_status":"closed","ping_status":"closed","template":"","meta":{"generate_page_header":""},"_links":{"self":[{"href":"http:\/\/www.ptfos.unios.hr\/COCOCHOCO\/index.php\/wp-json\/wp\/v2\/pages\/15"}],"collection":[{"href":"http:\/\/www.ptfos.unios.hr\/COCOCHOCO\/index.php\/wp-json\/wp\/v2\/pages"}],"about":[{"href":"http:\/\/www.ptfos.unios.hr\/COCOCHOCO\/index.php\/wp-json\/wp\/v2\/types\/page"}],"author":[{"embeddable":true,"href":"http:\/\/www.ptfos.unios.hr\/COCOCHOCO\/index.php\/wp-json\/wp\/v2\/users\/1"}],"replies":[{"embeddable":true,"href":"http:\/\/www.ptfos.unios.hr\/COCOCHOCO\/index.php\/wp-json\/wp\/v2\/comments?post=15"}],"version-history":[{"count":39,"href":"http:\/\/www.ptfos.unios.hr\/COCOCHOCO\/index.php\/wp-json\/wp\/v2\/pages\/15\/revisions"}],"predecessor-version":[{"id":533,"href":"http:\/\/www.ptfos.unios.hr\/COCOCHOCO\/index.php\/wp-json\/wp\/v2\/pages\/15\/revisions\/533"}],"wp:attachment":[{"href":"http:\/\/www.ptfos.unios.hr\/COCOCHOCO\/index.php\/wp-json\/wp\/v2\/media?parent=15"}],"curies":[{"name":"wp","href":"https:\/\/api.w.org\/{rel}","templated":true}]}}