{"id":685,"date":"2018-02-26T18:50:29","date_gmt":"2018-02-26T17:50:29","guid":{"rendered":"http:\/\/www.ptfos.unios.hr\/FIB_CONFERENCE\/?page_id=685"},"modified":"2026-03-20T11:08:45","modified_gmt":"2026-03-20T10:08:45","slug":"comittees","status":"publish","type":"page","link":"http:\/\/www.ptfos.unios.hr\/FIB_CONFERENCE\/index.php\/comittees\/","title":{"rendered":"Committees"},"content":{"rendered":"<h5><span style=\"font-size: 12pt; font-family: georgia, palatino, serif;\"><strong>SCIENTIFIC AND ORGANISING COMMITTEE<\/strong><\/span><\/h5>\n<p><span style=\"font-family: georgia, palatino, serif;\"><span style=\"font-size: 10pt;\"><strong>Antun Jozinovi\u0107 (chairman) (Croatia)<br \/>\n<\/strong><\/span><span style=\"font-size: 10pt;\"><strong>Drago \u0160ubari\u0107 (vice-chairman) (Croatia)<br \/>\n<\/strong><\/span><span style=\"font-size: 10pt;\"><strong>Stela Joki\u0107 (vice-chairman) (Croatia)<br \/>\n<\/strong><\/span><\/span><\/p>\n<p><span style=\"font-family: georgia, palatino, serif;\"><span style=\"font-size: 10pt;\">\u0110ur\u0111ica A\u010dkar (Croatia)<br \/>\n<\/span><span style=\"font-size: 10pt;\">Krunoslav Aladi\u0107 (Croatia)<br \/>\n<\/span><span style=\"font-size: 10pt;\">Jurislav Babi\u0107 (Croatia)<br \/>\n<\/span><span style=\"font-size: 10pt;\">Marija Bano\u017ei\u0107 (Bosnia and Herzegovina)<br \/>\n<\/span><span style=\"font-size: 10pt;\">Veronika Bari\u0161i\u0107 (Croatia)<br \/>\n<\/span><span style=\"font-size: 10pt;\">Sandra Bud\u017eaki (Croatia)<br \/>\n<\/span><span style=\"font-size: 10pt;\">Eva Falch (Norwey)<br \/>\nCharis Galanakis (Greece)<br \/>\n<\/span><\/span><span style=\"font-family: georgia, palatino, serif;\"><span style=\"font-size: 10pt;\">Vlado Guberac (Croatia)<br \/>\n<\/span><span style=\"font-size: 10pt;\">Artur Gryszkin (Poland)<br \/>\n<\/span><span style=\"font-size: 10pt;\">Jozo I\u0161tuk (Bosnia and Herzegovina)<br \/>\n<\/span><span style=\"font-size: 10pt;\">Midhat Ja\u0161i\u0107 (Bosnia and Herzegovina)<br \/>\n<\/span><span style=\"font-size: 10pt;\">Dajana Ku\u010di\u0107 Grgi\u0107 (Croatia)<br \/>\n<\/span><span style=\"font-size: 10pt;\">Dra\u017eenka Komes (Croatia)<br \/>\n<\/span><span style=\"font-size: 10pt;\">Mario Kova\u010d (Bosnia and Herzegovina)<br \/>\n<\/span><span style=\"font-size: 10pt;\">Ante Lon\u010dari\u0107 (Croatia)<br \/>\nMarta Lores (Spain)<br \/>\n<\/span><span style=\"font-size: 10pt;\">Borislav Mili\u010devi\u0107 (Croatia)<br \/>\n<\/span><span style=\"font-size: 10pt;\">Tihomir Moslavac (Croatia)<br \/>\n<\/span><span style=\"font-size: 10pt;\">Biljana Pajin (Serbia)<br \/>\n<\/span><span style=\"font-size: 10pt;\">Mario Panji\u010dko (Croatia)<br \/>\n<\/span><span style=\"font-size: 10pt;\">Jelka Pleadin (Croatia)<br \/>\n<\/span><span style=\"font-size: 10pt;\">Jasmina Ranilovi\u0107 (Croatia)<br \/>\n<\/span><span style=\"font-size: 10pt;\">Darja Sokoli\u0107 (Croatia)<br \/>\n<\/span><span style=\"font-size: 10pt;\">Antonija \u0160ari\u0107 (Croatia)<br \/>\n<\/span><span style=\"font-size: 10pt;\">Domagoj \u0160ubari\u0107 (Croatia)<br \/>\n<\/span><span style=\"font-size: 10pt;\">Marina Ti\u0161ma (Croatia)<br \/>\n<\/span><span style=\"font-size: 10pt;\">Natalija Veli\u0107 (Croatia)<\/span><\/span><\/p>\n<p><span style=\"font-size: 12pt; font-family: georgia, palatino, serif;\"><strong>HONORARY COMMITTEE<\/strong><\/span><\/p>\n<p><span style=\"font-family: georgia, palatino, serif;\"><span style=\"font-size: 10pt;\">Andrea Humski (Croatia)<br \/>\n<\/span><span style=\"font-size: 10pt;\">Hrvoje Hefer (Croatia)<br \/>\nVlasta Pili\u017eota (Croatia)<br \/>\n<\/span><span style=\"font-size: 10pt;\">Jurica Primorac (Bosnia and Herzegovina)<br \/>\n<\/span><span style=\"font-size: 10pt;\">Zita \u0160ere\u0161 (Serbia)<br \/>\n<\/span><span style=\"font-size: 10pt;\">Sanja Vida\u010dek Filipec (Croatia)<br \/>\n<\/span><span style=\"font-size: 10pt;\">Zvonimir Zduni\u0107 (Croatia)<\/span><\/span><\/p>\n<p>&nbsp;<\/p>\n","protected":false},"excerpt":{"rendered":"<p>SCIENTIFIC AND ORGANISING COMMITTEE Antun Jozinovi\u0107 (chairman) (Croatia) Drago \u0160ubari\u0107 (vice-chairman) (Croatia) Stela Joki\u0107 (vice-chairman) (Croatia) \u0110ur\u0111ica A\u010dkar (Croatia) Krunoslav Aladi\u0107 (Croatia) Jurislav Babi\u0107 (Croatia) Marija Bano\u017ei\u0107 (Bosnia and Herzegovina) Veronika Bari\u0161i\u0107 (Croatia) Sandra Bud\u017eaki (Croatia) Eva Falch (Norwey) Charis Galanakis (Greece) Vlado Guberac (Croatia) Artur Gryszkin (Poland) Jozo I\u0161tuk (Bosnia and Herzegovina) Midhat Ja\u0161i\u0107 &#8230; <a title=\"Committees\" class=\"read-more\" href=\"http:\/\/www.ptfos.unios.hr\/FIB_CONFERENCE\/index.php\/comittees\/\" aria-label=\"Read more about Committees\">Op\u0161irnije<\/a><\/p>\n","protected":false},"author":1,"featured_media":0,"parent":0,"menu_order":0,"comment_status":"closed","ping_status":"closed","template":"","meta":{"generate_page_header":"","footnotes":""},"class_list":["post-685","page","type-page","status-publish"],"_links":{"self":[{"href":"http:\/\/www.ptfos.unios.hr\/FIB_CONFERENCE\/index.php\/wp-json\/wp\/v2\/pages\/685","targetHints":{"allow":["GET"]}}],"collection":[{"href":"http:\/\/www.ptfos.unios.hr\/FIB_CONFERENCE\/index.php\/wp-json\/wp\/v2\/pages"}],"about":[{"href":"http:\/\/www.ptfos.unios.hr\/FIB_CONFERENCE\/index.php\/wp-json\/wp\/v2\/types\/page"}],"author":[{"embeddable":true,"href":"http:\/\/www.ptfos.unios.hr\/FIB_CONFERENCE\/index.php\/wp-json\/wp\/v2\/users\/1"}],"replies":[{"embeddable":true,"href":"http:\/\/www.ptfos.unios.hr\/FIB_CONFERENCE\/index.php\/wp-json\/wp\/v2\/comments?post=685"}],"version-history":[{"count":22,"href":"http:\/\/www.ptfos.unios.hr\/FIB_CONFERENCE\/index.php\/wp-json\/wp\/v2\/pages\/685\/revisions"}],"predecessor-version":[{"id":5293,"href":"http:\/\/www.ptfos.unios.hr\/FIB_CONFERENCE\/index.php\/wp-json\/wp\/v2\/pages\/685\/revisions\/5293"}],"wp:attachment":[{"href":"http:\/\/www.ptfos.unios.hr\/FIB_CONFERENCE\/index.php\/wp-json\/wp\/v2\/media?parent=685"}],"curies":[{"name":"wp","href":"https:\/\/api.w.org\/{rel}","templated":true}]}}