{"id":37,"date":"2014-07-10T11:13:14","date_gmt":"2014-07-10T11:13:14","guid":{"rendered":"http:\/\/www.ptfos.unios.hr\/HRZZ-1321\/?page_id=37"},"modified":"2022-09-07T07:54:13","modified_gmt":"2022-09-07T07:54:13","slug":"zavrsni-diplomski-i-doktorski-radovi","status":"publish","type":"page","link":"http:\/\/www.ptfos.unios.hr\/HRZZ-1321\/?page_id=37","title":{"rendered":"Doktorati, specijalisti\u010dki, diplomski"},"content":{"rendered":"<p><strong>DOKTORSKE DISERTACIJE:<\/strong><\/p>\n<ol>\n<li style=\"text-align: justify;\">Panak Balenti\u0107, Jelena: <a class=\"citation-title\" href=\"https:\/\/www.bib.irb.hr\/981962\">Primjena ekstruzije sa superkriti\u010dnim CO2 u razvoju nutritivno oboga\u0107enih snack proizvoda<\/a><span class=\"citation\">. Prehrambeno-tehnolo\u0161ki fakultet Osijek, 21.11.2018.<\/span><\/li>\n<li style=\"text-align: justify;\">Petrovi\u0107 Jovana: Valorizacija nutritivnog profila keksa proizvedenog sa dodatkom sporednih proizvoda prehrambene industrije. Tehnolo\u0161ki fakultet Novi Sad, 22.05.2018.<\/li>\n<li style=\"text-align: justify;\">Kosovi\u0107, Indira:\u00a0Mogu\u0107nosti primjene je\u010dma u proizvodnji nutritivno pobolj\u0161ane tjestenine \u2013 utjecaj udjela je\u010dma i procesnih parametara.\u00a0Prehrambeno-tehnolo\u0161ki fakultet Osijek, 16.03.2017.<\/li>\n<li style=\"text-align: justify;\">Jozinovi\u0107, Antun: <a class=\"smedjilink\" href=\"http:\/\/bib.irb.hr\/prikazi-rad?&amp;rad=767279\" target=\"_blank\"><b>Svojstva kukuruznih snack proizvoda oboga\u0107enih s nusproizvodima prehrambene industrije<\/b><\/a>. Prehrambeno-tehnolo\u0161ki fakultet Osijek, 15.05.2015.<\/li>\n<\/ol>\n<p><strong>MAGISTARSKI RADOVI:<\/strong><\/p>\n<ol>\n<li>Nezi\u0107, Amila:\u00a0<a class=\"smedjilink\" href=\"http:\/\/bib.irb.hr\/prikazi-rad?&amp;rad=906354\" target=\"_blank\"><b>Instant gotova jela na bazi ekstrudiranih \u017eitarica i leguminoza<\/b><\/a>. Tehnolo\u0161ki fakultet Tuzla, 13.09. 2017.<\/li>\n<li>Hod\u017ei\u0107, Haris: <a class=\"smedjilink\" href=\"https:\/\/bib.irb.hr\/prikazi-rad?&amp;rad=774866\" target=\"_blank\"><b>Utjecaj dodatka ekstrudirane krupice zobi (<em>Avena sativa<\/em>) i pira (<em>Triticum spelta<\/em>) na svojstva tijesta i kvalitetu kruha i keksa<\/b><\/a>. Tehnolo\u0161ki fakultet Tuzla, 29.08.2015.<\/li>\n<\/ol>\n<p><strong>SPECIJALISTI\u010cKI RADOVI:<\/strong><\/p>\n<ol>\n<li style=\"text-align: justify;\">Jonji\u0107, \u017deljka: <a class=\"smedjilink\" href=\"http:\/\/bib.irb.hr\/prikazi-rad?&amp;rad=863647\" target=\"_blank\"><b>Reolo\u0161ka svojstva p\u0161eni\u010dnog bra\u0161na s dodatkom repinih rezanaca i utjecaj na kvaliteu proizvoda na bazi bra\u0161na<\/b><\/a>. Prehrambeno-tehnolo\u0161ki fakultet Osijek, 29.09. 2016.<\/li>\n<li style=\"text-align: justify;\">Keser, Mirela: <a class=\"smedjilink\" href=\"http:\/\/bib.irb.hr\/prikazi-rad?&amp;rad=863637\" target=\"_blank\"><b>Utjecaj dodatka jabu\u010dnog tropa na kvalitativne parametre kruha tijekom pe\u010denja<\/b><\/a>. Prehrambeno-tehnolo\u0161ki fakultet Osijek, 29.09. 2016.<\/li>\n<li style=\"text-align: justify;\">Penava, Tihomir: <a class=\"smedjilink\" href=\"http:\/\/bib.irb.hr\/prikazi-rad?&amp;rad=863644\" target=\"_blank\"><b>Utjecaj dodatka pivskog tropa na kvalitetu kruha i \u010dajnog peciva kao funkcionalnih proizvoda<\/b><\/a>. Prehrambeno-tehnolo\u0161ki fakultet Osijek, 29.09. 2016.<\/li>\n<\/ol>\n<p><strong>DIPLOMSKI RADOVI:<\/strong><\/p>\n<ol>\n<li style=\"text-align: justify;\">Bari\u0161i\u0107, Veronika: <a class=\"smedjilink\" href=\"http:\/\/bib.irb.hr\/prikazi-rad?&amp;rad=927535\" target=\"_blank\"><b>Fizikalna svojstva i udio ergot alkaloida u kukuruznim snack proizvodima s dodatkom ra\u017eenih posija<\/b><\/a>. Prehrambeo-tehnolo\u0161ki fakultet Osijek, 19.02. 2018.<\/li>\n<li style=\"text-align: justify;\">Radelji\u0107, An\u0111ela:\u00a0<a class=\"smedjilink\" href=\"https:\/\/bib.irb.hr\/prikazi-rad?&amp;rad=897533\" target=\"_blank\"><b>Utjecaj temperaturnog profila ekstruzije na svojstva p\u0161eni\u010dnog i je\u010dmenog bra\u0161na<\/b><\/a>.\u00a0Prehrambeno-tehnolo\u0161ki fakultet Osijek, 28.09. 2017.<\/li>\n<li style=\"text-align: justify;\">Mikulinjak Mateja:\u00a0<a class=\"smedjilink\" href=\"https:\/\/bib.irb.hr\/prikazi-rad?&amp;rad=897227\" target=\"_blank\"><b>Udio ergot alkaloida i fizikalna svojstva tjestenine s dodatkom ra\u017ei<\/b><\/a>.\u00a0Prehrambeno-tehnolo\u0161ki fakultet Osijek, 26.09. 2017.<\/li>\n<li style=\"text-align: justify;\">Horvat, Andrea:\u00a0<a class=\"smedjilink\" href=\"https:\/\/bib.irb.hr\/prikazi-rad?&amp;rad=897525\" target=\"_blank\"><b>Utjecaj ekstruzije na svojstva smjesa p\u0161eni\u010dnog bra\u0161na i pivskog tropa<\/b><\/a>.\u00a0Prehrambeno-tehnolo\u0161ki fakultet Osijek, 25.09. 2017.<\/li>\n<li style=\"text-align: justify;\">Malenica, Josip:\u00a0<a class=\"smedjilink\" href=\"https:\/\/bib.irb.hr\/prikazi-rad?&amp;rad=885124\" target=\"_blank\"><b>Utjecaj dodatka poga\u010de lje\u0161njaka na svojstva kukuruznih ekstrudata dobivenih superkriti\u010dnom CO2 ekstruzijom<\/b><\/a>.\u00a0Prehrambeno-tehnolo\u0161ki fakultet Osijek, 07.07. 2017.<\/li>\n<li style=\"text-align: justify;\">Majstorovi\u0107, Tamara:\u00a0<a class=\"smedjilink\" href=\"https:\/\/bib.irb.hr\/prikazi-rad?&amp;rad=885137\" target=\"_blank\"><b>Proizvodnja kukuruznih ekstrudata superkriti\u010dnom CO2 ekstruzijom s dodatkom odma\u0161\u0107ene poga\u010de industrijske konoplje<\/b><\/a>.\u00a0Prehrambeno-tehnolo\u0161ki fakultet Osijek, 07.07. 2017.<\/li>\n<li style=\"text-align: justify;\">Faletar, Ana:\u00a0<a class=\"smedjilink\" href=\"https:\/\/bib.irb.hr\/prikazi-rad?&amp;rad=885130\" target=\"_blank\"><b>Fizikalna svojstva kukuruznih ekstrudata s dodatkom poga\u010de bu\u010de proizvedenih superkriti\u010dnom CO2 ekstruzijom<\/b><\/a>. Prehrambeno-tehnolo\u0161ki fakultet Osijek, 07.07. 2017.<\/li>\n<li style=\"text-align: justify;\">Ko\u0161po, Emira:\u00a0<a class=\"smedjilink\" href=\"https:\/\/bib.irb.hr\/prikazi-rad?&amp;rad=897528\" target=\"_blank\"><b>Utjecaj dodatka poga\u010de bu\u010de na svojstva kukuruznih snack proizvoda<\/b><\/a>.\u00a0Agronomski i prehrambeno-tehnolo\u0161ki fakultet, Mostar, BiH,\u00a004.07. 2017.<\/li>\n<li style=\"text-align: justify;\">Barbari\u0107, Nikolina:\u00a0<a class=\"smedjilink\" href=\"https:\/\/bib.irb.hr\/prikazi-rad?&amp;rad=897534\" target=\"_blank\"><b>Utjecaj dodatka poga\u010de lje\u0161njaka na fizikalna svojstva kukuruznih ekstrudata<\/b><\/a>.\u00a0Agronomski i prehrambeno-tehnolo\u0161ki fakultet, Mostar, BiH, 04.07. 2017.<\/li>\n<li style=\"text-align: justify;\">\u0160akota, Marija: <a class=\"smedjilink\" href=\"https:\/\/bib.irb.hr\/prikazi-rad?&amp;rad=840567\" target=\"_blank\"><b>Utjecaj dodatka kakao ljuske na udio rezistentnog i o\u0161te\u0107enog \u0161kroba te polifenola u kukuruznim ekstrudatima<\/b><\/a>. Agronomski i prehrambeno-tehnolo\u0161ki fakultet, Mostar, BiH, 20.10. 2016.<\/li>\n<li style=\"text-align: justify;\">Kre\u0161o, Jelena: <a class=\"smedjilink\" href=\"https:\/\/bib.irb.hr\/prikazi-rad?&amp;rad=840565\" target=\"_blank\"><b>Udio rezistentnog i o\u0161te\u0107enog \u0161kroba te polifenola u kukuruznim ekstrudatima s dodatkom odma\u0161\u0107ene poga\u010de podlanka (<em>Camelina sativa<\/em> L.)<\/b><\/a>. Agronomski i prehrambeno-tehnolo\u0161ki fakultet, Mostar, BiH, 20.10. 2016.<\/li>\n<li style=\"text-align: justify;\">Jakobovi\u0107, Ivana: <a class=\"smedjilink\" href=\"https:\/\/bib.irb.hr\/prikazi-rad?&amp;rad=840557\" target=\"_blank\"><b>Svojstva smjesa je\u010dmenog bra\u0161na i tropa jabuke modificiranih postupkom ekstruzije<\/b><\/a>. Prehrambeno-tehnolo\u0161ki fakultet Osijek, 07.10. 2016.<\/li>\n<li style=\"text-align: justify;\">Kolak, Paula: <a class=\"smedjilink\" href=\"http:\/\/bib.irb.hr\/prikazi-rad?&amp;rad=863630\" target=\"_blank\"><b>Pra\u0107enje kvalitativnih svojstava kruha s dodatkom pivskog i jabu\u010dnog tropa<\/b><\/a>. Prehrambeno-tehnolo\u0161ki fakultet Osijek, 30.09. 2016.<\/li>\n<li style=\"text-align: justify;\">Kopi\u0107, Ivana: <a class=\"smedjilink\" href=\"http:\/\/bib.irb.hr\/prikazi-rad?&amp;rad=863632\" target=\"_blank\"><b>Utjecaj procesnih parametara na svojstva kruha s dodatkom bu\u010dine poga\u010de proizvedenog u industrijskim uvjetima<\/b><\/a>. Prehrambeno-tehnolo\u0161ki fakultet Osijek, 15.07. 2016.<\/li>\n<li style=\"text-align: justify;\">Bano\u017ei\u0107, Marija: <a class=\"smedjilink\" href=\"https:\/\/bib.irb.hr\/prikazi-rad?&amp;rad=827119\" target=\"_blank\"><b>Optimiranje procesa proizvodnje kukuruznih snack proizvoda oboga\u0107enih odma\u0161\u0107enom poga\u010dom industrijske konoplje<\/b><\/a>. Agronomski i prehrambeno-tehnolo\u0161ki fakultet, Mostar, BiH, 07.07. 2016.<\/li>\n<li style=\"text-align: justify;\">Efendi\u0107, Tamara: <a class=\"smedjilink\" href=\"https:\/\/bib.irb.hr\/prikazi-rad?&amp;rad=819926\" target=\"_blank\"><b>Pra\u0107enje kvalitete \u010dajnog peciva s dodatkom repinih rezanaca<\/b><\/a>. Prehrambeno-tehnolo\u0161ki fakultet Osijek, 25.05. 2016.<\/li>\n<li style=\"text-align: justify;\">Su\u0161ac, Elena: <a class=\"smedjilink\" href=\"https:\/\/bib.irb.hr\/prikazi-rad?&amp;rad=819913\" target=\"_blank\"><b>Utjecaj vrste masno\u0107e na temperaturni profil tijekom pe\u010denja \u010dajnog peciva<\/b><\/a>. Prehrambrno-tehnolo\u0161ki fakultet Osijek, 29.04. 2016.<\/li>\n<li style=\"text-align: justify;\">Dugand\u017ei\u0107, Klaudija: <a class=\"smedjilink\" href=\"https:\/\/bib.irb.hr\/prikazi-rad?&amp;rad=776268\" target=\"_blank\"><b>Svojstva kukuruznih ekstrudata s dodatkom odma\u0161\u0107ene poga\u010de lje\u0161njaka<\/b><\/a>. Agronomski i prehrambeno-tehnolo\u0161ki fakultet,\u00a0Mostar, BiH, 17.9.2015.<\/li>\n<li style=\"text-align: justify;\">Faletar, Marina: <a class=\"smedjilink\" href=\"https:\/\/bib.irb.hr\/prikazi-rad?&amp;rad=776271\" target=\"_blank\"><b>Utjecaj dodatka odma\u0161\u0107ene poga\u010de industrijske konoplje na svojstva kukuruznih ekstrudata<\/b><\/a>. Agronomski i prehrambeno-tehnolo\u0161ki fakultet, Mostar, BiH, 17.9. 2015.<\/li>\n<li style=\"text-align: justify;\">Gligora, Kristina: <a class=\"smedjilink\" href=\"https:\/\/bib.irb.hr\/prikazi-rad?&amp;rad=819932\" target=\"_blank\"><b>Utjecaj modifikacije metode ispitivanja retencijske sposobnosti bra\u0161na prema razli\u010ditim otapalima na predvi\u0111anje kvalitete \u010dajnog peciva<\/b><\/a>. Prehrambeno-tehnolo\u0161ki fakultet Osijek, 17.07. 2015.<\/li>\n<li style=\"text-align: justify;\">Grgi\u0107, Ilija: <a class=\"smedjilink\" href=\"https:\/\/bib.irb.hr\/prikazi-rad?&amp;rad=776258\" target=\"_blank\"><b>Korelacija reolo\u0161kih svojstava je\u010dma i kvalitete slada<\/b><\/a>. Prehrambeno-tehnolo\u0161ki fakultet Osijek, 11.9.2015.<\/li>\n<li style=\"text-align: justify;\">Hrg, Danica: <a class=\"smedjilink\" href=\"https:\/\/bib.irb.hr\/prikazi-rad?&amp;rad=789504\" target=\"_blank\"><b>Utjecaj granulacije \u0161e\u0107era na temperaturni profil tijekom pe\u010denja \u010dajnog peciva<\/b><\/a>. Prehrambeno-tehnolo\u0161ki fakultet Osijek, 17.07. 2015.<\/li>\n<li style=\"text-align: justify;\">Kotarski, Ivana: <a class=\"smedjilink\" href=\"https:\/\/bib.irb.hr\/prikazi-rad?&amp;rad=770098\" target=\"_blank\"><b>Pra\u0107enje kvalitativnih parametara \u010dajnog peciva pripremljenog sa svinjskom masti<\/b><\/a>. Prehrambeno-tehnolo\u0161ki fakultet Osijek, 09.07. 2015.<\/li>\n<li style=\"text-align: justify;\">Me\u0111ugorac, Sanja: <a class=\"smedjilink\" href=\"https:\/\/bib.irb.hr\/prikazi-rad?&amp;rad=785943\" target=\"_blank\"><b>Utjecaj dodatka repinih rezanaca na svojstva teksture i promjenu boje kruha tijekom pe\u010denja<\/b><\/a>. Prehrambeno-tehnolo\u0161ki fakultet Osijek, 30.09. 2015.<\/li>\n<li style=\"text-align: justify;\">Njega\u010d, Jasmina: <a class=\"smedjilink\" href=\"https:\/\/bib.irb.hr\/prikazi-rad?&amp;rad=749980\" target=\"_blank\"><b>Utjecaj dodatka pektina na fizikalna svojstva kukuruznih ekstrudata s dodatkom pivskog tropa<\/b><\/a>. Prehrambeno-tehnolo\u0161ki fakultet Osijek, 29.01.2015.<\/li>\n<li style=\"text-align: justify;\">Rot, Tomislav: <a class=\"smedjilink\" href=\"https:\/\/bib.irb.hr\/prikazi-rad?&amp;rad=763938\" target=\"_blank\"><b>Optimizacija procesa proizvodnje lje\u0161njakovog ulja<\/b><\/a>. Prehrambeno-tehnolo\u0161ki fakultet Osijek, 21.05.2015.<\/li>\n<li style=\"text-align: justify;\">Sli\u0161kovi\u0107, Sanja: <a class=\"smedjilink\" href=\"https:\/\/bib.irb.hr\/prikazi-rad?&amp;rad=763736\" target=\"_blank\"><b>Svojstva ekstrudata na bazi kukuruzne krupice s dodatkom izlu\u017eenih repinih rezanaca<\/b><\/a>. Prehrambeno-tehnolo\u0161ki fakultet Osijek, 29.5.2015.<\/li>\n<li style=\"text-align: justify;\">Solje, Lucija: <a class=\"smedjilink\" href=\"https:\/\/bib.irb.hr\/prikazi-rad?&amp;rad=785939\" target=\"_blank\"><b>Primjena ra\u010dunalne analize slike u pra\u0107enju boje \u010dajnog peciva s dodatkom \u0161e\u0107era razli\u010dite granulacije<\/b><\/a>. Prehrambeno-tehnolo\u0161ki fakultet Osijek, 30.09. 2015.<\/li>\n<li style=\"text-align: justify;\">Vrdoljak, An\u0111ela: <a class=\"smedjilink\" href=\"https:\/\/bib.irb.hr\/prikazi-rad?&amp;rad=782590\" target=\"_blank\"><b>Utjecaj dodatka kakao ljuske na svojstva kukuruznih ekstrudata<\/b><\/a>. Prehrambeno-tehnolo\u0161ki fakultet Osijek, 21.10. 2015.<\/li>\n<li style=\"text-align: justify;\">Ze\u010devi\u0107, Antonio: <a class=\"smedjilink\" href=\"https:\/\/bib.irb.hr\/prikazi-rad?&amp;rad=763733\" target=\"_blank\"><b>Svojstva kukuruznih ekstrudata s dodatkom pivskog tropa<\/b><\/a>. Prehrambeno-tehnolo\u0161ki fakultet Osijek, 29.05.2015.<\/li>\n<li style=\"text-align: justify;\">Bo\u0161njakovi\u0107, Nikolina: <a class=\"smedjilink\" href=\"http:\/\/bib.irb.hr\/prikazi-rad?&amp;rad=738863\" target=\"_blank\"><b>Primjena ra\u010dunalne analize slike u pra\u0107enju boje \u010dajnog peciva od p\u0161eni\u010dnog bra\u0161na<\/b><\/a>. Prehrambeno-tehnolo\u0161ki fakultet Osijek, 22.07.2014.<\/li>\n<li style=\"text-align: justify;\">Hajek, Dora: <a class=\"smedjilink\" href=\"http:\/\/bib.irb.hr\/prikazi-rad?&amp;rad=738845\" target=\"_blank\"><b>Utjecaj promjene testnih parametara na rezultate ispitivanja reolo\u0161kog profila p\u0161eni\u010dnog bra\u0161na pomo\u0107u Brabenderovog GlutoPeak-a<\/b><\/a>. Prehrambeno-tehnolo\u0161ki fakultet Osijek, 22.07.2014.<\/li>\n<li style=\"text-align: justify;\">Huzjak, \u0110ur\u0111ica: <a class=\"smedjilink\" href=\"http:\/\/bib.irb.hr\/prikazi-rad?&amp;rad=717857\" target=\"_blank\"><b>Utjecaj dodatka tropa jabuke na svojstva kukuruznih snack proizvoda<\/b><\/a>. Prehrambeno-tehnolo\u0161ki fakultet Osijek, 30.09.2014.<\/li>\n<li style=\"text-align: justify;\">Ivi\u0107, Ivana: <a class=\"smedjilink\" href=\"http:\/\/bib.irb.hr\/prikazi-rad?&amp;rad=747494\" target=\"_blank\"><b>Modeliranje promjene boje \u010dajnog peciva tijekom pe\u010denja<\/b><\/a>. Prehrambeno-tehnolo\u0161ki fakultet Osijek, 22.07.2014.<\/li>\n<li style=\"text-align: justify;\">Juro\u0161evi\u0107, Ivana: <a class=\"smedjilink\" href=\"http:\/\/bib.irb.hr\/prikazi-rad?&amp;rad=738834\" target=\"_blank\"><b>Utjecaj temperature i razli\u010ditog udjela natrijevog hidrogenkarbonata na teksturu i boju \u010dajnog peciva.<\/b><\/a> Prehrambeno-tehnolo\u0161ki fakultet Osijek, 22.07.2014.<\/li>\n<li style=\"text-align: justify;\">Mari\u0107, Marija: <a class=\"smedjilink\" href=\"http:\/\/bib.irb.hr\/prikazi-rad?&amp;rad=720032\" target=\"_blank\"><b>Odre\u0111ivanje glikemijskog indeksa kukuruznih snack proizvoda s dodacima razli\u010ditih nusproizvoda prehrambene industrije<\/b><\/a>. Prehrambeno-tehnolo\u0161ki fakultet Osijek, 10.10.2014.<\/li>\n<li style=\"text-align: justify;\">Petrovi\u0107, Manja: <a class=\"smedjilink\" href=\"http:\/\/bib.irb.hr\/prikazi-rad?&amp;rad=747498\" target=\"_blank\"><b>Promjene kvalitativnih svojstava \u010dajnog peciva od p\u0161eni\u010dnog bra\u0161na nakon skladi\u0161tenja<\/b><\/a>. Prehrambeno-tehnolo\u0161ki fakultet Osijek, 14.11.2014.<\/li>\n<li style=\"text-align: justify;\">\u0160agolj, Tina: <a class=\"smedjilink\" href=\"http:\/\/bib.irb.hr\/prikazi-rad?&amp;rad=704903\" target=\"_blank\"><b>Svojstva ekstrudiranih proizvoda na bazi kukuruzne krupice s dodatkom prosa<\/b><\/a>. Agronomski i prehrambeno\u2013tehnolo\u0161ki fakultet, Mostar, BiH, 02.07.2014.<\/li>\n<li style=\"text-align: justify;\">\u0160etka, Ivana: <a class=\"smedjilink\" href=\"http:\/\/bib.irb.hr\/prikazi-rad?&amp;rad=704902\" target=\"_blank\"><b>Utjecaj dodatka slanutka na svojstva ekstrudiranih proizvoda na bazi kukuruzne krupice<\/b><\/a>. Agronomski i prehrambeno\u2013tehnolo\u0161ki fakultet, Mostar, BiH, 02.07.2014.<\/li>\n<li style=\"text-align: justify;\">Vukoja, Josipa: <a class=\"smedjilink\" href=\"https:\/\/bib.irb.hr\/prikazi-rad?&amp;rad=702380\" target=\"_blank\"><b>Optimiranje procesa proizvodnje visokokvalitetnog Camelina sativa ulja<\/b><\/a>. Agronomski i prehrambeno-tehnolo\u0161ki fakultet, Mostar, BiH, 02.07.2014.<\/li>\n<\/ol>\n<p><strong>ZAVR\u0160NI RADOVI:<\/strong><\/p>\n<ol>\n<li style=\"text-align: justify;\">Jelini\u0107, Josip:\u00a0<a class=\"smedjilink\" href=\"https:\/\/bib.irb.hr\/prikazi-rad?&amp;rad=897522\" target=\"_blank\"><b>Odre\u0111ivanje ekspanzijskog omjera i dijametera ekstrudata s dodatkom p\u0161enice oboga\u0107ene selenom<\/b><\/a>.\u00a0Prehrambeno-tehnolo\u0161ki fakultet, 10.10. 2017.<\/li>\n<li style=\"text-align: justify;\">Filipovi\u0107, Marija: <a class=\"smedjilink\" href=\"http:\/\/bib.irb.hr\/prikazi-rad?&amp;rad=864599\" target=\"_blank\"><b>Prijem p\u0161enice u silos \u201eSlavonija \u017dupanja\u201c d.d. 2015. godine<\/b><\/a>. Prehrambeno-tehnolo\u0161ki fakultet Osijek, 30.09. 2016.<\/li>\n<li style=\"text-align: justify;\">Marija Bari\u0107: <a class=\"smedjilink\" href=\"http:\/\/bib.irb.hr\/prikazi-rad?&amp;rad=864586\" target=\"_blank\"><b>Postupak s je\u010dmom prilikom prijema u silos PPK \u201eValpovo\u201c<\/b><\/a>. Prehrambeno-tehnolo\u0161ki fakultet Osijek, 30.09. 2016.<\/li>\n<li style=\"text-align: justify;\">Subota, Nata\u0161a: <a class=\"smedjilink\" href=\"http:\/\/bib.irb.hr\/prikazi-rad?&amp;rad=864601\" target=\"_blank\"><b>Mogu\u0107nosti obrade ri\u017ee u prehrambenoj industriji<\/b><\/a>. Prehrambeno-tehnolo\u0161ki fakultet Osijek, 30.09. 2016.<\/li>\n<li style=\"text-align: justify;\">Juri\u0107, Tena: <a class=\"smedjilink\" href=\"http:\/\/bib.irb.hr\/prikazi-rad?&amp;rad=747492\" target=\"_blank\"><b>Sorte p\u0161enica Bc-instituta priznate od 2010. do 2014. godine<\/b><\/a>. Prehrambeno-tehnolo\u0161ki fakultet Osijek, 09.10.2014.<\/li>\n<li style=\"text-align: justify;\">Bulji\u0107, Amila: Utjecaj koli\u010dine dodataka na svojstva keksa. Tehnolo\u0161ki fakultet Tuzla, BiH.<\/li>\n<li style=\"text-align: justify;\">Kurtagi\u0107, Azra: Sastav pojedinih smjesa namijenjenih za proizvodnju funkcionalnih bra\u0161neno-konditorskih proizvoda. Tehnolo\u0161ki fakultet Tuzla, BiH.<\/li>\n<li style=\"text-align: justify;\">Basara, Majda: Proizvodnja tjestenine sa dodatkom mje\u0161avine ekstrudirane kukuruzne krupice i pivskog tropa. Tehnolo\u0161ki fakultet Tuzla, BiH.<\/li>\n<\/ol>\n<p>&nbsp;<\/p>\n","protected":false},"excerpt":{"rendered":"<p>DOKTORSKE DISERTACIJE: Panak Balenti\u0107, Jelena: Primjena ekstruzije sa superkriti\u010dnim CO2 u razvoju nutritivno oboga\u0107enih snack proizvoda. Prehrambeno-tehnolo\u0161ki fakultet Osijek, 21.11.2018. Petrovi\u0107 Jovana: Valorizacija nutritivnog profila keksa proizvedenog sa dodatkom sporednih proizvoda prehrambene industrije. Tehnolo\u0161ki fakultet Novi Sad, 22.05.2018. Kosovi\u0107, Indira:\u00a0Mogu\u0107nosti primjene je\u010dma u proizvodnji nutritivno pobolj\u0161ane tjestenine \u2013 utjecaj udjela je\u010dma i procesnih parametara.\u00a0Prehrambeno-tehnolo\u0161ki fakultet Osijek, 16.03.2017. Jozinovi\u0107, Antun: Svojstva kukuruznih snack proizvoda oboga\u0107enih s nusproizvodima prehrambene industrije. Prehrambeno-tehnolo\u0161ki fakultet<a href=\"http:\/\/www.ptfos.unios.hr\/HRZZ-1321\/?page_id=37\">&nbsp;&nbsp;[ Vi\u0161e ]<\/a><\/p>\n","protected":false},"author":2,"featured_media":0,"parent":0,"menu_order":0,"comment_status":"closed","ping_status":"closed","template":"","meta":[],"_links":{"self":[{"href":"http:\/\/www.ptfos.unios.hr\/HRZZ-1321\/index.php?rest_route=\/wp\/v2\/pages\/37"}],"collection":[{"href":"http:\/\/www.ptfos.unios.hr\/HRZZ-1321\/index.php?rest_route=\/wp\/v2\/pages"}],"about":[{"href":"http:\/\/www.ptfos.unios.hr\/HRZZ-1321\/index.php?rest_route=\/wp\/v2\/types\/page"}],"author":[{"embeddable":true,"href":"http:\/\/www.ptfos.unios.hr\/HRZZ-1321\/index.php?rest_route=\/wp\/v2\/users\/2"}],"replies":[{"embeddable":true,"href":"http:\/\/www.ptfos.unios.hr\/HRZZ-1321\/index.php?rest_route=%2Fwp%2Fv2%2Fcomments&post=37"}],"version-history":[{"count":31,"href":"http:\/\/www.ptfos.unios.hr\/HRZZ-1321\/index.php?rest_route=\/wp\/v2\/pages\/37\/revisions"}],"predecessor-version":[{"id":1331,"href":"http:\/\/www.ptfos.unios.hr\/HRZZ-1321\/index.php?rest_route=\/wp\/v2\/pages\/37\/revisions\/1331"}],"wp:attachment":[{"href":"http:\/\/www.ptfos.unios.hr\/HRZZ-1321\/index.php?rest_route=%2Fwp%2Fv2%2Fmedia&parent=37"}],"curies":[{"name":"wp","href":"https:\/\/api.w.org\/{rel}","templated":true}]}}