{"id":671,"date":"2018-02-26T08:59:44","date_gmt":"2018-02-26T07:59:44","guid":{"rendered":"http:\/\/www.ptfos.unios.hr\/Hranom_Do_Zdravlja\/?page_id=671"},"modified":"2021-09-28T09:45:09","modified_gmt":"2021-09-28T07:45:09","slug":"671-2","status":"publish","type":"page","link":"http:\/\/www.ptfos.unios.hr\/Hranom_Do_Zdravlja\/index.php\/671-2\/","title":{"rendered":""},"content":{"rendered":"<h4 style=\"text-align: left;\"><span style=\"font-size: 10pt;\">Po\u0161tovane kolegice i kolege, dragi prijatelji,<\/span><\/h4>\n<h4 style=\"text-align: justify;\"><span style=\"font-size: 10pt;\">iznimna mi je \u010dast pozvati Vas u ime Znanstveno-organizacijskog odbora da nam se pridru\u017eite na <strong>13. me\u0111unarodnom znanstveno-stru\u010dnom skupu HRANOM DO ZDRAVLJA<\/strong>, koji \u0107e se odr\u017eati u Osijeku <strong>16. i 17. rujna 2021. godine<\/strong>.<\/span><\/h4>\n<p style=\"text-align: justify;\"><span style=\"font-size: 10pt;\">Cilj nam je na ovogodi\u0161njem Skupu tijekom dva dana okupiti eminentne stru\u010dnjake iz akademske zajednice, stru\u010dnjake iz industrije, nutricioniste, prehrambene tehnologe, farmaceute, lije\u010dnike i sve druge kojima su u fokusu interesa hrana i utjecaj hrane na zdravlje, u bilo kojem aspektu. Veseli me \u010dinjenica da su u organizaciju uklju\u010dene institucije koje svaka na svoj na\u010din pokrivaju Skup, a njihov broj i pripadnost razli\u010ditim znanstvenim i stru\u010dnim podru\u010djima potvr\u0111uju va\u017enost teme i daju posebnu interdisciplinarnost ovome Skupu. Stoga Vas s posebnim zadovoljstvom pozivam da se aktivno uklju\u010dite u rad Skupa i sudjelujete u razmjeni znanja i iskustava, produktivnim raspravama i dru\u017eenju sa stru\u010dnjacima iz Hrvatske i inozemstva.<\/span><\/p>\n<p style=\"text-align: justify;\"><span style=\"font-size: 10pt;\"><strong>Skup \u0107e biti bodovan kao \u201eMe\u0111unarodni te\u010daj prve kategorije&#8221; sukladno pravilniku Hrvatske lije\u010dni\u010dke komore. Hrvatska Ljekarni\u010dka komora ovogodi\u0161nji skup \u201eHranom do zdravlja&#8221; vrednuje sukladno Pravilniku o stru\u010dnom usavr\u0161avanju magistara farmacije.<\/strong><\/span><\/p>\n<p style=\"text-align: justify;\"><span style=\"font-size: 10pt;\"><strong>Detaljnije na poveznici:<\/strong> <a href=\"https:\/\/www.hljk.hr\/13th-international-scientific-and-professional-conference-with-food-to-health-e48\" target=\"_blank\" rel=\"noopener\">https:\/\/www.hljk.hr\/13th-international-scientific-and-professional-conference-with-food-to-health-e48<\/a><\/span><\/p>\n<p>&nbsp;<\/p>\n<p><span style=\"font-size: 10pt;\">Veselimo se susretu u Osijeku!<\/span><\/p>\n<h4 style=\"text-align: left;\"><span style=\"font-size: 10pt;\">S po\u0161tovanjem,<\/span><\/h4>\n<h4 style=\"text-align: right;\"><span style=\"font-size: 10pt;\">U ime Organizacijskog odbora Skupa<br \/>\n<\/span><br \/>\n<span style=\"font-size: 10pt;\">prof. dr. sc. Jurislav Babi\u0107<\/span><\/h4>\n","protected":false},"excerpt":{"rendered":"<p>Po\u0161tovane kolegice i kolege, dragi prijatelji, iznimna mi je \u010dast pozvati Vas u ime Znanstveno-organizacijskog odbora da nam se pridru\u017eite na 13. me\u0111unarodnom znanstveno-stru\u010dnom skupu HRANOM DO ZDRAVLJA, koji \u0107e se odr\u017eati u Osijeku 16. i 17. rujna 2021. godine. Cilj nam je na ovogodi\u0161njem Skupu tijekom dva dana okupiti eminentne stru\u010dnjake iz akademske zajednice, &#8230; <a title=\"\" class=\"read-more\" href=\"http:\/\/www.ptfos.unios.hr\/Hranom_Do_Zdravlja\/index.php\/671-2\/\" aria-label=\"Read more about \">Op\u0161irnije<\/a><\/p>\n","protected":false},"author":1,"featured_media":0,"parent":0,"menu_order":0,"comment_status":"closed","ping_status":"closed","template":"","meta":{"generate_page_header":"","footnotes":""},"class_list":["post-671","page","type-page","status-publish"],"_links":{"self":[{"href":"http:\/\/www.ptfos.unios.hr\/Hranom_Do_Zdravlja\/index.php\/wp-json\/wp\/v2\/pages\/671","targetHints":{"allow":["GET"]}}],"collection":[{"href":"http:\/\/www.ptfos.unios.hr\/Hranom_Do_Zdravlja\/index.php\/wp-json\/wp\/v2\/pages"}],"about":[{"href":"http:\/\/www.ptfos.unios.hr\/Hranom_Do_Zdravlja\/index.php\/wp-json\/wp\/v2\/types\/page"}],"author":[{"embeddable":true,"href":"http:\/\/www.ptfos.unios.hr\/Hranom_Do_Zdravlja\/index.php\/wp-json\/wp\/v2\/users\/1"}],"replies":[{"embeddable":true,"href":"http:\/\/www.ptfos.unios.hr\/Hranom_Do_Zdravlja\/index.php\/wp-json\/wp\/v2\/comments?post=671"}],"version-history":[{"count":40,"href":"http:\/\/www.ptfos.unios.hr\/Hranom_Do_Zdravlja\/index.php\/wp-json\/wp\/v2\/pages\/671\/revisions"}],"predecessor-version":[{"id":4505,"href":"http:\/\/www.ptfos.unios.hr\/Hranom_Do_Zdravlja\/index.php\/wp-json\/wp\/v2\/pages\/671\/revisions\/4505"}],"wp:attachment":[{"href":"http:\/\/www.ptfos.unios.hr\/Hranom_Do_Zdravlja\/index.php\/wp-json\/wp\/v2\/media?parent=671"}],"curies":[{"name":"wp","href":"https:\/\/api.w.org\/{rel}","templated":true}]}}