{"id":685,"date":"2018-02-26T18:50:29","date_gmt":"2018-02-26T17:50:29","guid":{"rendered":"http:\/\/www.ptfos.unios.hr\/Hranom_Do_Zdravlja\/?page_id=685"},"modified":"2025-09-11T14:23:39","modified_gmt":"2025-09-11T12:23:39","slug":"comittees","status":"publish","type":"page","link":"http:\/\/www.ptfos.unios.hr\/Hranom_Do_Zdravlja\/index.php\/comittees\/","title":{"rendered":"Committees"},"content":{"rendered":"<h5><span style=\"font-family: georgia, palatino, serif; font-size: 10pt;\"><strong>MEMBERS OF THE ORGANIZING COMMITTEE<\/strong><\/span><\/h5>\n<p><strong><span style=\"font-family: georgia, palatino, serif; font-size: 10pt;\">Jurislav Babi\u0107 (chairman) (Croatia)<\/span><\/strong><br \/>\n<span style=\"font-family: georgia, palatino, serif; font-size: 10pt;\"><strong>Drago \u0160ubari\u0107 (vice-chairman) (Croatia)<br \/>\nMidhat Ja\u0161i\u0107 (vice-chairman) (Bosnia and Herzegovina)<br \/>\nAntun Jozinovi\u0107 (vice-chairman, secretary) (Croatia)<\/strong><\/span><\/p>\n<p><span style=\"font-family: georgia, palatino, serif; font-size: 10pt;\">\u0110ur\u0111ica A\u010dkar (Croatia)<br \/>\nKrunoslav Aladi\u0107 (Croatia)<br \/>\nMarija Bano\u017ei\u0107 (Bosnia and Herzegovina)<br \/>\nInes Banjari (Croatia)<br \/>\nVeronika Bari\u0161i\u0107 (Croatia)<br \/>\n<\/span><span style=\"font-family: georgia, palatino, serif; font-size: 10pt;\">Daniela \u010ca\u010di\u0107 Kenjeri\u0107 (Croatia)<br \/>\nKatarina Fehir \u0160ola (Croatia)<br \/>\nIvana Flanjak (Croatia)<br \/>\nLjubica Glava\u0161-Obrovac (Croatia)<br \/>\nArtur Gryszkin (Poland)<br \/>\nStela Joki\u0107 (Croatia)<br \/>\nDra\u017eenka Komes (Croatia)<br \/>\nMario Kova\u010d (Bosnia and Herzegovina)<br \/>\nGreta Kre\u0161i\u0107\u00a0(Croatia)<br \/>\nAnte Lon\u010dari\u0107 (Croatia)<br \/>\nMario Lovri\u0107 (Austria)<br \/>\nMarta Lores (Spain)<br \/>\nMaja Molnar (Croatia)<br \/>\nMario Panji\u010dko (Croatia)<br \/>\nJelka Pleadin (Croatia)<br \/>\nJasmina Ranilovi\u0107 (Croatia)<br \/>\nMarija Stjepanovi\u0107 (Croatia)<br \/>\nLidija \u0160oher (Croatia)<br \/>\nIvana Tomac (Croatia)<\/span><\/p>\n<p><span style=\"font-family: georgia, palatino, serif; font-size: 10pt;\"><strong>MEMBERS OF THE SCIENTIFIC COMMITTEE<\/strong><\/span><\/p>\n<p><span style=\"font-family: georgia, palatino, serif; font-size: 10pt;\">Marijana Bla\u017ei\u0107 (<\/span><span style=\"font-family: georgia, palatino, serif; font-size: 10pt;\">Croatia)<\/span><br \/>\n<span style=\"font-family: georgia, palatino, serif; font-size: 10pt;\">Tanja Bogdanovi\u0107 (Croatia)<\/span><br \/>\n<span style=\"font-family: georgia, palatino, serif; font-size: 10pt;\">Ines Drenjan\u010devi\u0107 (Croatia)<\/span><br \/>\n<span style=\"font-family: georgia, palatino, serif; font-size: 10pt;\">Mirela Kopjar (Croatia)<\/span><br \/>\n<span style=\"font-family: georgia, palatino, serif; font-size: 10pt;\">Nika Lovrin\u010devi\u0107 Pavlovi\u0107 (Croatia)<\/span><br \/>\n<span style=\"font-family: georgia, palatino, serif; font-size: 10pt;\">Anita Pichler (Croatia)<\/span><br \/>\n<span style=\"font-family: georgia, palatino, serif; font-size: 10pt;\">Valentina Pavi\u0107 (Croatia)<\/span><br \/>\n<span style=\"font-family: georgia, palatino, serif; font-size: 10pt;\">Martina Smoli\u0107 (Croatia)<\/span><br \/>\n<span style=\"font-family: georgia, palatino, serif; font-size: 10pt;\">Dubravka Vitali \u010cepo (Croatia)<\/span><\/p>\n<h5><span style=\"font-family: georgia, palatino, serif; font-size: 10pt;\"><strong>MEMBERS OF THE HONORARY COMMITTEE<\/strong><\/span><\/h5>\n<p><span style=\"font-family: georgia, palatino, serif; font-size: 10pt;\">Aneda Cipurkovi\u0107 (Bosnia and Herzegovina)<\/span><br \/>\n<span style=\"font-family: georgia, palatino, serif; font-size: 10pt;\">Sead \u0106ati\u0107 (Bosnia and Herzegovina)<\/span><br \/>\n<span style=\"font-family: georgia, palatino, serif; font-size: 10pt;\">Verica Dragovi\u0107-Uzelac (Croatia)<br \/>\nVlado Guberac (Croatia)<\/span><br \/>\n<span style=\"font-family: georgia, palatino, serif; font-size: 10pt;\">Nermina Had\u017eigrahi\u0107 (Bosnia and Herzegovina)<br \/>\nMatko Herceg (Croatia)<\/span><br \/>\n<span style=\"font-family: georgia, palatino, serif; font-size: 10pt;\">Andrea Humski (Croatia)<\/span><br \/>\n<span style=\"font-family: georgia, palatino, serif; font-size: 10pt;\">Krunoslav Karali\u0107 (Croatia)<\/span><br \/>\n<span style=\"font-family: georgia, palatino, serif; font-size: 10pt;\">Ma\u0161enjka Kati\u0107 (Croatia)<\/span><br \/>\n<span style=\"font-family: georgia, palatino, serif; font-size: 10pt;\">Andro Matkovi\u0107 (Croatia)<\/span><br \/>\n<span style=\"font-family: georgia, palatino, serif; font-size: 10pt;\">Ivica Mihaljevi\u0107 (Croatia)<\/span><br \/>\n<span style=\"font-family: georgia, palatino, serif; font-size: 10pt;\">Borislav Mili\u010devi\u0107 (Croatia)<\/span><br \/>\n<span style=\"font-family: georgia, palatino, serif; font-size: 10pt;\">Ivan Ostoji\u0107 (Bosnia and Herzegovina)<\/span><br \/>\n<span style=\"font-family: georgia, palatino, serif; font-size: 10pt;\">Vlasta Pili\u017eota (Croatia)<\/span><br \/>\n<span style=\"font-family: georgia, palatino, serif; font-size: 10pt;\">Nahida Srabovi\u0107 (Bosnia and Herzegovina)<\/span><br \/>\n<span style=\"font-family: georgia, palatino, serif; font-size: 10pt;\">Aleksandar V\u010dev (Croatia)<\/span><br \/>\n<span style=\"font-family: georgia, palatino, serif; font-size: 10pt;\">Sanja Vida\u010dek Filipec (Croatia)<\/span><br \/>\n<span style=\"font-family: georgia, palatino, serif; font-size: 10pt;\">Dragan Vujadinovi\u0107 (Bosnia and Herzegovina)<\/span><br \/>\n<span style=\"font-family: georgia, palatino, serif; font-size: 10pt;\">Krunoslav Zmai\u0107 (Croatia)<\/span><br \/>\n<span style=\"font-family: georgia, palatino, serif; font-size: 10pt;\">Tanja \u017duna Pfeiffer (Croatia)<\/span><\/p>\n","protected":false},"excerpt":{"rendered":"<p>MEMBERS OF THE ORGANIZING COMMITTEE Jurislav Babi\u0107 (chairman) (Croatia) Drago \u0160ubari\u0107 (vice-chairman) (Croatia) Midhat Ja\u0161i\u0107 (vice-chairman) (Bosnia and Herzegovina) Antun Jozinovi\u0107 (vice-chairman, secretary) (Croatia) \u0110ur\u0111ica A\u010dkar (Croatia) Krunoslav Aladi\u0107 (Croatia) Marija Bano\u017ei\u0107 (Bosnia and Herzegovina) Ines Banjari (Croatia) Veronika Bari\u0161i\u0107 (Croatia) Daniela \u010ca\u010di\u0107 Kenjeri\u0107 (Croatia) Katarina Fehir \u0160ola (Croatia) Ivana Flanjak (Croatia) Ljubica Glava\u0161-Obrovac (Croatia) &#8230; <a title=\"Committees\" class=\"read-more\" href=\"http:\/\/www.ptfos.unios.hr\/Hranom_Do_Zdravlja\/index.php\/comittees\/\" aria-label=\"Read more about Committees\">Op\u0161irnije<\/a><\/p>\n","protected":false},"author":1,"featured_media":0,"parent":0,"menu_order":0,"comment_status":"closed","ping_status":"closed","template":"","meta":{"generate_page_header":"","footnotes":""},"class_list":["post-685","page","type-page","status-publish"],"_links":{"self":[{"href":"http:\/\/www.ptfos.unios.hr\/Hranom_Do_Zdravlja\/index.php\/wp-json\/wp\/v2\/pages\/685","targetHints":{"allow":["GET"]}}],"collection":[{"href":"http:\/\/www.ptfos.unios.hr\/Hranom_Do_Zdravlja\/index.php\/wp-json\/wp\/v2\/pages"}],"about":[{"href":"http:\/\/www.ptfos.unios.hr\/Hranom_Do_Zdravlja\/index.php\/wp-json\/wp\/v2\/types\/page"}],"author":[{"embeddable":true,"href":"http:\/\/www.ptfos.unios.hr\/Hranom_Do_Zdravlja\/index.php\/wp-json\/wp\/v2\/users\/1"}],"replies":[{"embeddable":true,"href":"http:\/\/www.ptfos.unios.hr\/Hranom_Do_Zdravlja\/index.php\/wp-json\/wp\/v2\/comments?post=685"}],"version-history":[{"count":98,"href":"http:\/\/www.ptfos.unios.hr\/Hranom_Do_Zdravlja\/index.php\/wp-json\/wp\/v2\/pages\/685\/revisions"}],"predecessor-version":[{"id":6500,"href":"http:\/\/www.ptfos.unios.hr\/Hranom_Do_Zdravlja\/index.php\/wp-json\/wp\/v2\/pages\/685\/revisions\/6500"}],"wp:attachment":[{"href":"http:\/\/www.ptfos.unios.hr\/Hranom_Do_Zdravlja\/index.php\/wp-json\/wp\/v2\/media?parent=685"}],"curies":[{"name":"wp","href":"https:\/\/api.w.org\/{rel}","templated":true}]}}