{"id":1053,"date":"2024-01-08T13:55:39","date_gmt":"2024-01-08T13:55:39","guid":{"rendered":"http:\/\/www.ptfos.unios.hr\/ONICS\/?page_id=1053"},"modified":"2025-12-02T19:44:46","modified_gmt":"2025-12-02T19:44:46","slug":"znanstveni-radovi","status":"publish","type":"page","link":"http:\/\/www.ptfos.unios.hr\/ONICS\/index.php\/znanstveni-radovi\/","title":{"rendered":"Znanstveni radovi \/ Scientific articles"},"content":{"rendered":"\n<ol class=\"wp-block-list\">\n<li>Zari\u0107 D., Rakin M., Bulatovi\u0107 M., Dimitrijevi\u0107 I., Ostojin V., <strong>Lon\u010darevi\u0107 I.<\/strong>, Sto\u017eini\u0107 M. (2024): Rheological, Thermal, and Textural Characteristics of White, Milk, Dark, and Ruby Chocolate. <em>Processes<\/em>, 12, 2810. <a href=\"https:\/\/doi.org\/10.3390\/pr12122810\">https:\/\/doi.org\/10.3390\/pr12122810<\/a><\/li>\n\n\n\n<li>Sto\u017eini\u0107, Milica; A\u010dkar, \u0110ur\u0111ica; \u0160oji\u0107, Branislav; Sedlar, Tea; Popovi\u0107, Ljiljana; Pajin, Biljana; Flanjak, Ivana; Bulatovi\u0107, Maja; Petrovi\u0107, Jovana; Nikoli\u0107, Ivana et al. Incorporation of pork meat and blood plasma proteins into a cocoa cream matrix: Characterization, comparison of functional properties, and in vitro simulated digestion \/\/ Foods, 14 (2025), 14; 2547, 18<a href=\"https:\/\/www.croris.hr\/crosbi\/publikacija\/resolve\/croris\/894239\" target=\"_blank\" rel=\"noreferrer noopener\">. doi: 10.3390\/foods14142547<\/a><\/li>\n\n\n\n<li>Sto\u017eini\u0107, Milica; Lon\u010darevi\u0107, Ivana; \u0160oji\u0107, Branislav; Zari\u0107, Danica; A\u010dkar, \u0110ur\u0111ica; Pajin, Biljana; Gere, Attila Integrating Acheta domesticus into Cocoa Cream Products: Nutritional Enhancement and Impact on Technological Properties \/\/ Processes, 13 (2025), 10; 3162, 13.<a href=\"https:\/\/www.croris.hr\/crosbi\/publikacija\/resolve\/croris\/901007\" target=\"_blank\" rel=\"noreferrer noopener\"> doi: 10.3390\/pr13103162<\/a><\/li>\n<\/ol>\n\n\n\n<p><\/p>\n\n\n\n<p><\/p>\n","protected":false},"excerpt":{"rendered":"","protected":false},"author":1,"featured_media":0,"parent":0,"menu_order":0,"comment_status":"closed","ping_status":"closed","template":"","meta":{"footnotes":""},"class_list":["post-1053","page","type-page","status-publish"],"_links":{"self":[{"href":"http:\/\/www.ptfos.unios.hr\/ONICS\/index.php\/wp-json\/wp\/v2\/pages\/1053","targetHints":{"allow":["GET"]}}],"collection":[{"href":"http:\/\/www.ptfos.unios.hr\/ONICS\/index.php\/wp-json\/wp\/v2\/pages"}],"about":[{"href":"http:\/\/www.ptfos.unios.hr\/ONICS\/index.php\/wp-json\/wp\/v2\/types\/page"}],"author":[{"embeddable":true,"href":"http:\/\/www.ptfos.unios.hr\/ONICS\/index.php\/wp-json\/wp\/v2\/users\/1"}],"replies":[{"embeddable":true,"href":"http:\/\/www.ptfos.unios.hr\/ONICS\/index.php\/wp-json\/wp\/v2\/comments?post=1053"}],"version-history":[{"count":4,"href":"http:\/\/www.ptfos.unios.hr\/ONICS\/index.php\/wp-json\/wp\/v2\/pages\/1053\/revisions"}],"predecessor-version":[{"id":1305,"href":"http:\/\/www.ptfos.unios.hr\/ONICS\/index.php\/wp-json\/wp\/v2\/pages\/1053\/revisions\/1305"}],"wp:attachment":[{"href":"http:\/\/www.ptfos.unios.hr\/ONICS\/index.php\/wp-json\/wp\/v2\/media?parent=1053"}],"curies":[{"name":"wp","href":"https:\/\/api.w.org\/{rel}","templated":true}]}}