{"id":49,"date":"2021-03-02T10:35:36","date_gmt":"2021-03-02T09:35:36","guid":{"rendered":"http:\/\/www.ptfos.unios.hr\/TRAPROCk\/?page_id=49"},"modified":"2021-11-24T12:49:36","modified_gmt":"2021-11-24T11:49:36","slug":"cilj-projekta","status":"publish","type":"page","link":"http:\/\/www.ptfos.unios.hr\/TRAPROCk\/","title":{"rendered":"Projekt TRAPROCk"},"content":{"rendered":"\n<div class=\"wp-block-group has-secondary-color has-text-color\"><div class=\"wp-block-group__inner-container is-layout-flow wp-block-group-is-layout-flow\">\n<div class=\"wp-block-group alignfull\"><div class=\"wp-block-group__inner-container is-layout-flow wp-block-group-is-layout-flow\">\n<div class=\"wp-block-group alignfull\"><div class=\"wp-block-group__inner-container is-layout-flow wp-block-group-is-layout-flow\">\n<div class=\"wp-block-columns alignfull is-layout-flex wp-container-core-columns-is-layout-9d6595d7 wp-block-columns-is-layout-flex\">\n<div class=\"wp-block-column is-layout-flow wp-block-column-is-layout-flow\" style=\"flex-basis:100%\">\n<div class=\"wp-block-group\"><div class=\"wp-block-group__inner-container is-layout-flow wp-block-group-is-layout-flow\">\n<div class=\"wp-block-cover alignwide has-background-dim-40 has-black-background-color has-background-dim\" style=\"min-height:300px;aspect-ratio:unset;\"><img loading=\"lazy\" decoding=\"async\" width=\"1920\" height=\"640\" class=\"wp-block-cover__image-background wp-image-23\" alt=\"\" src=\"http:\/\/www.ptfos.unios.hr\/TRAPROCk\/wp-content\/uploads\/2021\/03\/cropped-jabuke.jpg\" data-object-fit=\"cover\" srcset=\"http:\/\/www.ptfos.unios.hr\/TRAPROCk\/wp-content\/uploads\/2021\/03\/cropped-jabuke.jpg 1920w, http:\/\/www.ptfos.unios.hr\/TRAPROCk\/wp-content\/uploads\/2021\/03\/cropped-jabuke-300x100.jpg 300w, http:\/\/www.ptfos.unios.hr\/TRAPROCk\/wp-content\/uploads\/2021\/03\/cropped-jabuke-1024x341.jpg 1024w, http:\/\/www.ptfos.unios.hr\/TRAPROCk\/wp-content\/uploads\/2021\/03\/cropped-jabuke-768x256.jpg 768w, http:\/\/www.ptfos.unios.hr\/TRAPROCk\/wp-content\/uploads\/2021\/03\/cropped-jabuke-1536x512.jpg 1536w, http:\/\/www.ptfos.unios.hr\/TRAPROCk\/wp-content\/uploads\/2021\/03\/cropped-jabuke-1568x523.jpg 1568w\" sizes=\"auto, (max-width: 1920px) 100vw, 1920px\" \/><div class=\"wp-block-cover__inner-container is-layout-flow wp-block-cover-is-layout-flow\">\n<figure class=\"wp-block-pullquote alignwide\"><blockquote><p><strong>Mogu\u0107nost iskori\u0161tavanja tradicionalnih sorti jabuka za proizvodnju jabuka i soka od jabuka sa smanjenim udjelom patulina<\/strong><\/p><\/blockquote><\/figure>\n<\/div><\/div>\n<\/div><\/div>\n<\/div>\n<\/div>\n<\/div><\/div>\n\n\n\n<p><\/p>\n<\/div><\/div>\n<\/div><\/div>\n\n\n\n<div class=\"wp-block-group\"><div class=\"wp-block-group__inner-container is-layout-flow wp-block-group-is-layout-flow\"><ul class=\"wp-block-latest-posts__list is-grid columns-2 has-dates wp-block-latest-posts\"><li><a class=\"wp-block-latest-posts__post-title\" href=\"http:\/\/www.ptfos.unios.hr\/TRAPROCk\/index.php\/2024\/02\/15\/izv-prof-dr-sc-ante-loncaric-dobitnik-drzavne-nagrade-za-znanost\/\">izv. prof. dr. sc. Ante Lon\u010dari\u0107 &#8211; Dobitnik dr\u017eavne nagrade za znanost<\/a><time datetime=\"2024-02-15T12:51:25+01:00\" class=\"wp-block-latest-posts__post-date\">15. velja\u010de 2024.<\/time><div class=\"wp-block-latest-posts__post-excerpt\">Ante Loncaric, izvanredni profesor Prehrambeno-tehnoloskog fakulteta Sveucilista J. J. Strossmayera u Osijeku, nagraduje se za znacajno znanstveno dostignuce u 2022. godini za rezultate istrazivanja otpomosti tradicionalnih hrvatskih sorata jabuka, s &#8230;<\/div><\/li>\n<li><div class=\"wp-block-latest-posts__featured-image alignleft\"><a href=\"http:\/\/www.ptfos.unios.hr\/TRAPROCk\/index.php\/2022\/10\/07\/croatian-traditional-apple-varieties-as-a-source-of-bioactive-compounds\/\" aria-label=\"Croatian traditional apple varieties as a source of bioactive compounds\"><img loading=\"lazy\" decoding=\"async\" width=\"150\" height=\"150\" src=\"http:\/\/www.ptfos.unios.hr\/TRAPROCk\/wp-content\/uploads\/2022\/10\/Ruzicka-ante-150x150.jpg\" class=\"attachment-thumbnail size-thumbnail wp-post-image\" alt=\"\" style=\"max-width:150px;max-height:150px;\" \/><\/a><\/div><a class=\"wp-block-latest-posts__post-title\" href=\"http:\/\/www.ptfos.unios.hr\/TRAPROCk\/index.php\/2022\/10\/07\/croatian-traditional-apple-varieties-as-a-source-of-bioactive-compounds\/\">Croatian traditional apple varieties as a source of bioactive compounds<\/a><time datetime=\"2022-10-07T10:22:21+02:00\" class=\"wp-block-latest-posts__post-date\">7. listopada 2022.<\/time><div class=\"wp-block-latest-posts__post-excerpt\">Prezentiran rad na me\u0111unarodnom skupu 19. &#8220;Ru\u017ei\u010dkini dani&#8221; Danas znanost sutra industrija. Na skupu je voditelj projekta izv. prof. dr. sc. Ante Lon\u010dari\u0107 prezentirao rezultate istra\u017eivanja provedenom na tradicionalnim sortama &#8230;<\/div><\/li>\n<li><div class=\"wp-block-latest-posts__featured-image alignleft\"><a href=\"http:\/\/www.ptfos.unios.hr\/TRAPROCk\/index.php\/2022\/10\/07\/the-possibility-of-modulation-of-patulin-production-by-polyphenols-from-traditional-croatian-apple-varieties-within-the-project-hrzz-uip-2020-02-8461\/\" aria-label=\"The possibility of modulation of patulin production by polyphenols from traditional Croatian apple varieties within the project HRZZ-UIP-2020-02-8461\"><img loading=\"lazy\" decoding=\"async\" width=\"150\" height=\"150\" src=\"http:\/\/www.ptfos.unios.hr\/TRAPROCk\/wp-content\/uploads\/2022\/10\/Slika-tiho-predavanje-150x150.png\" class=\"attachment-thumbnail size-thumbnail wp-post-image\" alt=\"\" style=\"max-width:150px;max-height:150px;\" \/><\/a><\/div><a class=\"wp-block-latest-posts__post-title\" href=\"http:\/\/www.ptfos.unios.hr\/TRAPROCk\/index.php\/2022\/10\/07\/the-possibility-of-modulation-of-patulin-production-by-polyphenols-from-traditional-croatian-apple-varieties-within-the-project-hrzz-uip-2020-02-8461\/\">The possibility of modulation of patulin production by polyphenols from traditional Croatian apple varieties within the project HRZZ-UIP-2020-02-8461<\/a><time datetime=\"2022-10-07T10:11:32+02:00\" class=\"wp-block-latest-posts__post-date\">7. listopada 2022.<\/time><div class=\"wp-block-latest-posts__post-excerpt\">Odr\u017eano predavanje doc. dr. sc. Tihomira Kova\u010da o u\u010dincima klimatskih promjena te o ideji i razvoju strategija za smanjenje sadr\u017eaja patulina u jabukama i proizvodima od jabuka kroz provedbu Uspostavnog &#8230;<\/div><\/li>\n<li><div class=\"wp-block-latest-posts__featured-image alignleft\"><a href=\"http:\/\/www.ptfos.unios.hr\/TRAPROCk\/index.php\/2022\/09\/15\/ihc-2022\/\" aria-label=\"IHC 2022\"><img loading=\"lazy\" decoding=\"async\" width=\"150\" height=\"150\" src=\"http:\/\/www.ptfos.unios.hr\/TRAPROCk\/wp-content\/uploads\/2022\/09\/IHC-2022-150x150.png\" class=\"attachment-thumbnail size-thumbnail wp-post-image\" alt=\"\" style=\"max-width:150px;max-height:150px;\" \/><\/a><\/div><a class=\"wp-block-latest-posts__post-title\" href=\"http:\/\/www.ptfos.unios.hr\/TRAPROCk\/index.php\/2022\/09\/15\/ihc-2022\/\">IHC 2022<\/a><time datetime=\"2022-09-15T12:00:20+02:00\" class=\"wp-block-latest-posts__post-date\">15. rujna 2022.<\/time><div class=\"wp-block-latest-posts__post-excerpt\">U suradnji s kolegama s Agronomskog fakulteta Sveu\u010dili\u0161ta u Zagrebu, prezentiran je rad &#8220;Hyperspectral i m aging in Penicillium spp. infection detection&#8221;. Zaklju\u010dak ovog rada je da: Hiperspektralno snimanje omogu\u0107uje &#8230;<\/div><\/li>\n<\/ul><\/div><\/div>\n","protected":false},"excerpt":{"rendered":"","protected":false},"author":1,"featured_media":0,"parent":0,"menu_order":0,"comment_status":"closed","ping_status":"closed","template":"","meta":{"footnotes":""},"class_list":["post-49","page","type-page","status-publish","hentry"],"_links":{"self":[{"href":"http:\/\/www.ptfos.unios.hr\/TRAPROCk\/index.php\/wp-json\/wp\/v2\/pages\/49","targetHints":{"allow":["GET"]}}],"collection":[{"href":"http:\/\/www.ptfos.unios.hr\/TRAPROCk\/index.php\/wp-json\/wp\/v2\/pages"}],"about":[{"href":"http:\/\/www.ptfos.unios.hr\/TRAPROCk\/index.php\/wp-json\/wp\/v2\/types\/page"}],"author":[{"embeddable":true,"href":"http:\/\/www.ptfos.unios.hr\/TRAPROCk\/index.php\/wp-json\/wp\/v2\/users\/1"}],"replies":[{"embeddable":true,"href":"http:\/\/www.ptfos.unios.hr\/TRAPROCk\/index.php\/wp-json\/wp\/v2\/comments?post=49"}],"version-history":[{"count":160,"href":"http:\/\/www.ptfos.unios.hr\/TRAPROCk\/index.php\/wp-json\/wp\/v2\/pages\/49\/revisions"}],"predecessor-version":[{"id":719,"href":"http:\/\/www.ptfos.unios.hr\/TRAPROCk\/index.php\/wp-json\/wp\/v2\/pages\/49\/revisions\/719"}],"wp:attachment":[{"href":"http:\/\/www.ptfos.unios.hr\/TRAPROCk\/index.php\/wp-json\/wp\/v2\/media?parent=49"}],"curies":[{"name":"wp","href":"https:\/\/api.w.org\/{rel}","templated":true}]}}