{"id":13,"date":"2017-05-30T22:37:51","date_gmt":"2017-05-30T20:37:51","guid":{"rendered":"http:\/\/www.ptfos.unios.hr\/ZeleneTehnologije\/?page_id=13"},"modified":"2020-11-26T08:56:37","modified_gmt":"2020-11-26T07:56:37","slug":"doktorski-diplomski-i-zavrsni-radovi","status":"publish","type":"page","link":"http:\/\/www.ptfos.unios.hr\/ZeleneTehnologije\/index.php\/doktorski-diplomski-i-zavrsni-radovi\/","title":{"rendered":"Doktorski, diplomski i zavr\u0161ni radovi"},"content":{"rendered":"<p><span style=\"font-size: 14pt; color: #0000ff;\"><strong>2018<\/strong><\/span><\/p>\n<ul>\n<li>Dora, Nikoli\u0107.\u00a0<strong><a class=\"smedjilink\" href=\"http:\/\/bib.irb.hr\/prikazi-rad?&amp;rad=960163\" target=\"_blank\" rel=\"noopener\">Alkiliranje derivata rodanina halogeniranim kumarinima<\/a>\u00a0<\/strong>\/ zavr\u0161ni rad &#8211; preddiplomski studij.\u00a0Osijek : Prehrambeno-tehnolo\u0161ki fakultet Osijek, 28.09. 2018. Voditelj: Molnar, Maja.\u00a0<a href=\"http:\/\/bib.irb.hr\/prikazi-rad?&amp;rad=960163\">http:\/\/bib.irb.hr\/prikazi-rad?&amp;rad=960163<\/a><\/li>\n<li>Grbe\u0161, Leon.\u00a0<strong><a class=\"smedjilink\" href=\"http:\/\/bib.irb.hr\/prikazi-rad?&amp;rad=960159\" target=\"_blank\" rel=\"noopener\">Eutekti\u010dka otapala na bazi kolin-klorida u sintezi kinazolinona<\/a>\u00a0<\/strong>\/ zavr\u0161ni rad &#8211; preddiplomski studij.\u00a0Osijek : Prehrambeno-tehnolo\u0161ki fakultet Osijek, 28.09. 2018. Voditelj: Molnar, Maja.\u00a0<a href=\"http:\/\/bib.irb.hr\/prikazi-rad?&amp;rad=960159\">http:\/\/bib.irb.hr\/prikazi-rad?&amp;rad=960159<\/a><\/li>\n<li style=\"text-align: justify;\">Ivki\u0107, Marijana. <a class=\"smedjilink\" href=\"http:\/\/bib.irb.hr\/prikazi-rad?&amp;rad=971206\" target=\"_blank\" rel=\"noopener\"><b>Antibakterijska i antioksidativna aktivnost derivata rodanina sintetiziranih Knoevenagelovom kondenzacijom u eutekti\u010dkom otapalu kolin-klorid\/urea<\/b><\/a>\/diplomski rad. Osijek: Odjel za biologiju, 16.11. 2018, 55 str. Voditelj: Pavi\u0107, Valentina ; Molnar, Maja.\u00a0<a href=\"http:\/\/bib.irb.hr\/prikazi-rad?&amp;rad=971206\">http:\/\/bib.irb.hr\/prikazi-rad?&amp;rad=971206\u00a0<\/a><\/li>\n<\/ul>\n<p><span style=\"font-size: 14pt; color: #0000ff;\"><strong>2019<\/strong><\/span><\/p>\n<ul>\n<li>Dalia Bo\u017eanovi\u0107. <a class=\"smedjilink\" href=\"https:\/\/bib.irb.hr\/prikazi-rad?&amp;rad=1010796\" target=\"_blank\" rel=\"noopener\"><b>Primjena eutekti\u010dkih otapala u reakciji kvaternizacije izonikotinamida i supstituiranih 2-bromacetofenona<\/b><\/a>\/diplomski rad. Osijek:\u00a0Prehrambeno-tehnolo\u0161ki fakultet Osijek, 29.05. 2019. Voditelj: Valentina Bu\u0161i\u0107; Dajana Ga\u0161o-Soka\u010d.<a href=\"https:\/\/bib.irb.hr\/prikazi-rad?&amp;rad=1010796\">https:\/\/bib.irb.hr\/prikazi-rad?&amp;rad=1010796<\/a><\/li>\n<li>Krijan, Luka.\u00a0<a class=\"smedjilink\" href=\"https:\/\/bib.irb.hr\/prikazi-rad?&amp;rad=1012973\" target=\"_blank\" rel=\"noopener\"><b>Primjena eutekti\u010dkih otapala u reakciji kvaternizacije nikotinamida i 2-brom-4&#8242;- metilacetofenona<\/b><\/a>\u00a0\/ zavr\u0161ni rad &#8211; diplomski\/integralni studij.\u00a0Osijek : Prehrambeno-tehnolo\u0161ki fakultet Osijek, 19.07. 2019.\u00a0Voditelj: Valentina Bu\u0161i\u0107; Dajana Ga\u0161o-Soka\u010d.\u00a0\u00a0<a href=\"https:\/\/bib.irb.hr\/prikazi-rad?&amp;rad=1012973\">https:\/\/bib.irb.hr\/prikazi-rad?&amp;rad=1012973<\/a><\/li>\n<li>Glavina, Paula.\u00a0<a class=\"smedjilink\" href=\"https:\/\/bib.irb.hr\/prikazi-rad?&amp;rad=1019749\" target=\"_blank\" rel=\"noopener\"><b>Knoevenagelova kondenzacija 1, 3-tiazolidin-2, 4- diona s aromatskim aldehidima u eutekti\u010dkim otapalima<\/b><\/a>\u00a0\/ zavr\u0161ni rad &#8211; preddiplomski studij.\u00a0Osijek : Prehrambeno-tehnolo\u0161ki fakultet Osijek, 12.09.2019. Voditelj: Maja Molnar\u00a0\u00a0<a href=\"https:\/\/www.bib.irb.hr\/1019749?&amp;rad=1019749\">https:\/\/www.bib.irb.hr\/1019749?&amp;rad=1019749<\/a><\/li>\n<li>Peri\u0161, Ivana.\u00a0<a class=\"smedjilink\" href=\"https:\/\/bib.irb.hr\/prikazi-rad?&amp;rad=1022773\" target=\"_blank\" rel=\"noopener\"><b>Primjena eutekti\u010dkih otapala u sintezi tiosemikarbazida i triazola<\/b><\/a>\u00a0\/ zavr\u0161ni rad &#8211; diplomski\/integralni studij.\u00a0Osijek : Odjel za biologiju, 25.09. 2019.\u00a0Voditelj: Pavi\u0107, Valentina ; Molnar, Maja.\u00a0<a href=\"https:\/\/www.bib.irb.hr\/1022773?&amp;rad=1022773\">https:\/\/www.bib.irb.hr\/1022773?&amp;rad=1022773<\/a><\/li>\n<li>Raji\u0107, Martina.\u00a0<a class=\"citation-title\" href=\"https:\/\/www.bib.irb.hr\/1024814\">Salicin i derivati salicina<\/a><span class=\"citation\">\u00a02019., diplomski rad, preddiplomski, Sveu\u010dili\u0161te J.J. Strossmayera u Osijeku ; Odjel za kemiju, Osijek.<\/span><\/li>\n<li>\n<div class=\"authors\">\u0110urkovi\u0107, Matej.\u00a0<a class=\"citation-title\" href=\"https:\/\/www.bib.irb.hr\/1024817\">Priprava kvaternih soli nikotinamida sa supstituiranim fenacil-bromidima u eutekti\u010dkim otapalima<\/a><span class=\"citation\">\u00a02019., diplomski rad, diplomski, Sveu\u010dili\u0161te J.J. Strossmayera u Osijeku ; Odjel za kemiju, Osijek<\/span><\/div>\n<\/li>\n<li>\n<div class=\"authors\">Lovri\u0107, Josipa.\u00a0<a class=\"citation-title\" href=\"https:\/\/www.bib.irb.hr\/1024823\">Ispitivanje mogu\u0107nosti primjene eutekti\u010dkih otapala u reakcijama kvaternizacije<\/a><span class=\"citation\">\u00a02019., diplomski rad, diplomski, Sveu\u010dili\u0161te J.J. Strossmayera u Osijeku ; Odjel za kemiju, Osijek<\/span><\/div>\n<\/li>\n<\/ul>\n<p><strong><span style=\"font-size: 14pt;\">2020<\/span><\/strong><\/p>\n<ul>\n<li class=\"authors\">Pra\u0161nikar, Fran.\u00a0<a class=\"citation-title\" href=\"https:\/\/www.bib.irb.hr\/1089910\">Sinteza nekih derivata kinazolinona primjenom zelenih metoda sinteze &#8211; usporedba mehanosinteze i ultrazvuka<\/a><span class=\"citation\">, 2020., diplomski rad, preddiplomski, Odjel za biologiju, Osijek<\/span><\/li>\n<li>\n<div class=\"authors\">\u017divkovi\u0107, Ines.\u00a0<a class=\"citation-title\" href=\"https:\/\/www.bib.irb.hr\/1093011\">Sinteza derivata kumarin-3-karboksilne kiseline u eutekti\u010dkim otapalima<\/a><span class=\"citation\">, 29.9.2020., diplomski rad, preddiplomski, Odjel za biologiju, Osijek<\/span><\/div>\n<\/li>\n<li>\n<div class=\"authors\">\u010curila, Viktoria. Primjena zelenih metoda u sintezi derivata kinazolinona, 1.10. 2020., diplomski rad, preddiplomski, Odjel za biologiju, Osijek<\/div>\n<\/li>\n<\/ul>\n","protected":false},"excerpt":{"rendered":"<p>2018 Dora, Nikoli\u0107.\u00a0Alkiliranje derivata rodanina halogeniranim kumarinima\u00a0\/ zavr\u0161ni rad &#8211; preddiplomski studij.\u00a0Osijek : Prehrambeno-tehnolo\u0161ki fakultet Osijek, 28.09. 2018. Voditelj: Molnar, Maja.\u00a0http:\/\/bib.irb.hr\/prikazi-rad?&amp;rad=960163 Grbe\u0161, Leon.\u00a0Eutekti\u010dka otapala na bazi kolin-klorida u sintezi kinazolinona\u00a0\/ zavr\u0161ni rad &#8211; preddiplomski studij.\u00a0Osijek : Prehrambeno-tehnolo\u0161ki fakultet Osijek, 28.09. 2018. Voditelj: Molnar, Maja.\u00a0http:\/\/bib.irb.hr\/prikazi-rad?&amp;rad=960159 Ivki\u0107, Marijana. Antibakterijska i antioksidativna aktivnost derivata rodanina sintetiziranih Knoevenagelovom kondenzacijom &#8230; <a title=\"Doktorski, diplomski i zavr\u0161ni radovi\" class=\"read-more\" href=\"http:\/\/www.ptfos.unios.hr\/ZeleneTehnologije\/index.php\/doktorski-diplomski-i-zavrsni-radovi\/\" aria-label=\"More on Doktorski, diplomski i zavr\u0161ni radovi\">Op\u0161irnije<\/a><\/p>\n","protected":false},"author":1,"featured_media":0,"parent":0,"menu_order":0,"comment_status":"closed","ping_status":"closed","template":"","meta":{"generate_page_header":""},"_links":{"self":[{"href":"http:\/\/www.ptfos.unios.hr\/ZeleneTehnologije\/index.php\/wp-json\/wp\/v2\/pages\/13"}],"collection":[{"href":"http:\/\/www.ptfos.unios.hr\/ZeleneTehnologije\/index.php\/wp-json\/wp\/v2\/pages"}],"about":[{"href":"http:\/\/www.ptfos.unios.hr\/ZeleneTehnologije\/index.php\/wp-json\/wp\/v2\/types\/page"}],"author":[{"embeddable":true,"href":"http:\/\/www.ptfos.unios.hr\/ZeleneTehnologije\/index.php\/wp-json\/wp\/v2\/users\/1"}],"replies":[{"embeddable":true,"href":"http:\/\/www.ptfos.unios.hr\/ZeleneTehnologije\/index.php\/wp-json\/wp\/v2\/comments?post=13"}],"version-history":[{"count":36,"href":"http:\/\/www.ptfos.unios.hr\/ZeleneTehnologije\/index.php\/wp-json\/wp\/v2\/pages\/13\/revisions"}],"predecessor-version":[{"id":583,"href":"http:\/\/www.ptfos.unios.hr\/ZeleneTehnologije\/index.php\/wp-json\/wp\/v2\/pages\/13\/revisions\/583"}],"wp:attachment":[{"href":"http:\/\/www.ptfos.unios.hr\/ZeleneTehnologije\/index.php\/wp-json\/wp\/v2\/media?parent=13"}],"curies":[{"name":"wp","href":"https:\/\/api.w.org\/{rel}","templated":true}]}}