{"id":152,"date":"2017-10-04T12:38:00","date_gmt":"2017-10-04T10:38:00","guid":{"rendered":"http:\/\/www.ptfos.unios.hr\/ZeleneTehnologije\/?page_id=152"},"modified":"2020-01-28T10:26:40","modified_gmt":"2020-01-28T09:26:40","slug":"152-2","status":"publish","type":"page","link":"http:\/\/www.ptfos.unios.hr\/ZeleneTehnologije\/index.php\/en\/152-2\/","title":{"rendered":"GENERAL INFORMATION"},"content":{"rendered":"<p><strong>Project:\u00a0<\/strong>Green Technologies in Synthesis of Heterocyclic Compounds<\/p>\n<p><strong>Financing:<\/strong>\u00a0Croatian Science Foundation<\/p>\n<p><strong>Project duration:<\/strong>\u00a0January 1<sup>st<\/sup> 2018 to December 31<sup>st<\/sup> 2022.<\/p>\n<p><strong>Project leader:<\/strong>\u00a0\u00a0PhD Maja Molnar, associate professor<\/p>\n<p>&nbsp;<\/p>\n<p><strong>Research group<\/strong>:<\/p>\n<ul>\n<li>Mario Komar, mag.educ.chem., Faculty of Food Technology Osijek, J. J. Strossmayer University Osijek<\/li>\n<li>Melita Lon\u010dari\u0107, mag.ing.proc.,\u00a0Faculty of Food Technology Osijek, J. J. Strossmayer University Osijek<\/li>\n<li>PhD Valentina Bu\u0161i\u0107, assistant professor, Faculty of Food Technology Osijek, J. J. Strossmayer University Osijek<\/li>\n<li>Mirjana Lon\u010dar (ro\u0111. Prka\u010din), mag.ing.oecoing.,\u00a0Faculty of Food Technology Osijek, J. J. Strossmayer University Osijek<\/li>\n<li>Martina Jakovljevi\u0107, mag.nutr.,\u00a0Faculty of Food Technology Osijek, J. J. Strossmayer University Osijek<\/li>\n<\/ul>\n","protected":false},"excerpt":{"rendered":"<p>Project:\u00a0Green Technologies in Synthesis of Heterocyclic Compounds Financing:\u00a0Croatian Science Foundation Project duration:\u00a0January 1st 2018 to December 31st 2022. Project leader:\u00a0\u00a0PhD Maja Molnar, associate professor &nbsp; Research group: Mario Komar, mag.educ.chem., Faculty of Food Technology Osijek, J. J. Strossmayer University Osijek Melita Lon\u010dari\u0107, mag.ing.proc.,\u00a0Faculty of Food Technology Osijek, J. J. Strossmayer University Osijek PhD Valentina Bu\u0161i\u0107, &#8230; <a title=\"GENERAL INFORMATION\" class=\"read-more\" href=\"http:\/\/www.ptfos.unios.hr\/ZeleneTehnologije\/index.php\/en\/152-2\/\" aria-label=\"More on GENERAL INFORMATION\">Op\u0161irnije<\/a><\/p>\n","protected":false},"author":1,"featured_media":0,"parent":0,"menu_order":0,"comment_status":"closed","ping_status":"closed","template":"","meta":{"generate_page_header":""},"_links":{"self":[{"href":"http:\/\/www.ptfos.unios.hr\/ZeleneTehnologije\/index.php\/wp-json\/wp\/v2\/pages\/152"}],"collection":[{"href":"http:\/\/www.ptfos.unios.hr\/ZeleneTehnologije\/index.php\/wp-json\/wp\/v2\/pages"}],"about":[{"href":"http:\/\/www.ptfos.unios.hr\/ZeleneTehnologije\/index.php\/wp-json\/wp\/v2\/types\/page"}],"author":[{"embeddable":true,"href":"http:\/\/www.ptfos.unios.hr\/ZeleneTehnologije\/index.php\/wp-json\/wp\/v2\/users\/1"}],"replies":[{"embeddable":true,"href":"http:\/\/www.ptfos.unios.hr\/ZeleneTehnologije\/index.php\/wp-json\/wp\/v2\/comments?post=152"}],"version-history":[{"count":12,"href":"http:\/\/www.ptfos.unios.hr\/ZeleneTehnologije\/index.php\/wp-json\/wp\/v2\/pages\/152\/revisions"}],"predecessor-version":[{"id":510,"href":"http:\/\/www.ptfos.unios.hr\/ZeleneTehnologije\/index.php\/wp-json\/wp\/v2\/pages\/152\/revisions\/510"}],"wp:attachment":[{"href":"http:\/\/www.ptfos.unios.hr\/ZeleneTehnologije\/index.php\/wp-json\/wp\/v2\/media?parent=152"}],"curies":[{"name":"wp","href":"https:\/\/api.w.org\/{rel}","templated":true}]}}