{"id":5,"date":"2017-05-30T22:35:37","date_gmt":"2017-05-30T20:35:37","guid":{"rendered":"http:\/\/www.ptfos.unios.hr\/ZeleneTehnologije\/?page_id=5"},"modified":"2020-01-28T10:27:05","modified_gmt":"2020-01-28T09:27:05","slug":"5-2","status":"publish","type":"page","link":"http:\/\/www.ptfos.unios.hr\/ZeleneTehnologije\/","title":{"rendered":"OP\u0106I PODACI"},"content":{"rendered":"<p><strong>Naziv projekta:\u00a0<\/strong>Zelene tehnologije u sintezi heterocikli\u010dkih spojeva<\/p>\n<p><strong>Izvor financiranja:<\/strong>\u00a0Hrvatska zaklada za znanost<\/p>\n<p><strong>Trajanje:<\/strong>\u00a001.sije\u010danj 2018. do 31. prosinac 2022.<\/p>\n<p><strong>Voditelj projekta:<\/strong>\u00a0\u00a0izv.prof.dr.sc. Maja Molnar<\/p>\n<p>&nbsp;<\/p>\n<p><strong>Istra\u017eiva\u010di<\/strong>:<\/p>\n<ul>\n<li>Mario Komar, mag.educ.chem., Prehrambeno-tehnolo\u0161ki fakultet Osijek, Sveu\u010dili\u0161te J. J. Strossmayera u Osijeku<\/li>\n<li>Melita Lon\u010dari\u0107, mag.ing.proc.,\u00a0Prehrambeno-tehnolo\u0161ki fakultet Osijek, Sveu\u010dili\u0161te J. J. Strossmayera u Osijeku<\/li>\n<li>doc.dr.sc. Valentina Bu\u0161i\u0107, Prehrambeno-tehnolo\u0161ki fakultet Osijek, Sveu\u010dili\u0161te J. J. Strossmayera u Osijeku<\/li>\n<li>Mirjana Lon\u010dar (ro\u0111. Prka\u010din), mag.ing.oecoing.,\u00a0Prehrambeno-tehnolo\u0161ki fakultet Osijek, Sveu\u010dili\u0161te J. J. Strossmayera u Osijeku<\/li>\n<li>Martina Jakovljevi\u0107, mag.nutr.,\u00a0Prehrambeno-tehnolo\u0161ki fakultet Osijek, Sveu\u010dili\u0161te J. J. Strossmayera u Osijeku<\/li>\n<\/ul>\n<p>&nbsp;<\/p>\n<p>&nbsp;<\/p>\n","protected":false},"excerpt":{"rendered":"<p>Naziv projekta:\u00a0Zelene tehnologije u sintezi heterocikli\u010dkih spojeva Izvor financiranja:\u00a0Hrvatska zaklada za znanost Trajanje:\u00a001.sije\u010danj 2018. do 31. prosinac 2022. Voditelj projekta:\u00a0\u00a0izv.prof.dr.sc. Maja Molnar &nbsp; Istra\u017eiva\u010di: Mario Komar, mag.educ.chem., Prehrambeno-tehnolo\u0161ki fakultet Osijek, Sveu\u010dili\u0161te J. J. Strossmayera u Osijeku Melita Lon\u010dari\u0107, mag.ing.proc.,\u00a0Prehrambeno-tehnolo\u0161ki fakultet Osijek, Sveu\u010dili\u0161te J. J. Strossmayera u Osijeku doc.dr.sc. Valentina Bu\u0161i\u0107, Prehrambeno-tehnolo\u0161ki fakultet Osijek, Sveu\u010dili\u0161te J. &#8230; <a title=\"OP\u0106I PODACI\" class=\"read-more\" href=\"http:\/\/www.ptfos.unios.hr\/ZeleneTehnologije\/\" aria-label=\"More on OP\u0106I PODACI\">Op\u0161irnije<\/a><\/p>\n","protected":false},"author":1,"featured_media":0,"parent":0,"menu_order":0,"comment_status":"closed","ping_status":"closed","template":"","meta":{"generate_page_header":""},"_links":{"self":[{"href":"http:\/\/www.ptfos.unios.hr\/ZeleneTehnologije\/index.php\/wp-json\/wp\/v2\/pages\/5"}],"collection":[{"href":"http:\/\/www.ptfos.unios.hr\/ZeleneTehnologije\/index.php\/wp-json\/wp\/v2\/pages"}],"about":[{"href":"http:\/\/www.ptfos.unios.hr\/ZeleneTehnologije\/index.php\/wp-json\/wp\/v2\/types\/page"}],"author":[{"embeddable":true,"href":"http:\/\/www.ptfos.unios.hr\/ZeleneTehnologije\/index.php\/wp-json\/wp\/v2\/users\/1"}],"replies":[{"embeddable":true,"href":"http:\/\/www.ptfos.unios.hr\/ZeleneTehnologije\/index.php\/wp-json\/wp\/v2\/comments?post=5"}],"version-history":[{"count":15,"href":"http:\/\/www.ptfos.unios.hr\/ZeleneTehnologije\/index.php\/wp-json\/wp\/v2\/pages\/5\/revisions"}],"predecessor-version":[{"id":511,"href":"http:\/\/www.ptfos.unios.hr\/ZeleneTehnologije\/index.php\/wp-json\/wp\/v2\/pages\/5\/revisions\/511"}],"wp:attachment":[{"href":"http:\/\/www.ptfos.unios.hr\/ZeleneTehnologije\/index.php\/wp-json\/wp\/v2\/media?parent=5"}],"curies":[{"name":"wp","href":"https:\/\/api.w.org\/{rel}","templated":true}]}}