{"id":343,"date":"2023-01-22T17:53:40","date_gmt":"2023-01-22T17:53:40","guid":{"rendered":"http:\/\/www.ptfos.unios.hr\/biogospodarstvo\/?page_id=343"},"modified":"2023-01-22T17:56:42","modified_gmt":"2023-01-22T17:56:42","slug":"biljana-kulisic","status":"publish","type":"page","link":"http:\/\/www.ptfos.unios.hr\/biogospodarstvo\/index.php\/profesori\/biljana-kulisic\/","title":{"rendered":"Biljana Kuli\u0161i\u0107"},"content":{"rendered":"\n<p>Doc. dr. sc. Biljana Kuli\u0161i\u0107 je doktorirala 2014. na Agronomskom fakultetu Sveu\u010dili\u0161ta u Zagrebu 2014. Magistrirala je 2007. na Mediteranskom institutu za poljoprivredu u Gr\u010dkoj (<em>Mediterranean Agronimic Institute Chania pri C.I.H.E.A.M.-MAICh<\/em>). Diplomirala je 2000. na Fakultetu za turisti\u010dki i hotelski menad\u017ement (smjer Menad\u017ement) s prvim diplomskim radom na fakultetu na temu odr\u017eivog razvoja. Tijekom studija sudjelovala je u izradi prvog Zakona za ekolo\u0161ku poljoprivredu (2000.) kroz rad u nevladinoj udruzi Eko Liburnija.&nbsp;<\/p>\n\n\n\n<p>Od 2005. do 2022. bila je zaposlena na Energetskom institutu Hrvoje Po\u017ear, na Odjelu za obnovljive izvore energije i ekonomsku u\u010dinkovitost. Trenutno radi u Bruxelles-u, na radnom mjestu savjetnice za politike na Odjelu za dekarbonizaciju i odr\u017eivost energetskih izvora pri Glavnoj upravi za energetiku Europske komisije.<\/p>\n\n\n\n<p>Tijekom svoje karijere, Biljana je sudjelovala kao koordinatorica, partner ili pozvani stru\u010dnjak na vi\u0161e od 20 me\u0111unarodnih stru\u010dnih, istra\u017eiva\u010dih i znanstvenih projekata financiranih kroz razli\u010dite mehanizme Europske unije, Ujedinjenih Naroda i nacionalnih fondova.&nbsp;&nbsp;<\/p>\n\n\n\n<p>Od 2018. do prelaska na du\u017enost u Europsku komisiju, bila je aktivna u BIOEAST Inicijativi. Osniva\u010dica je i voditeljica tematske radne skupine za Energiju iz biomase i materijale s novom dodanom vrijednosti. Nacionalna je voditeljica projekta Obzor 2020 BIOEASTsUP u sklopu \u010dega je Europska komisija financirala izradu podloga temeljenih na dokazima za izradu nacionalnih strategija za bioekonomiju. Od kolovoza 2020. do rujna 2021. je anga\u017eirana kao neovisna stru\u010dnjakinja pri Europskoj komisiji u Glavnoj upravi za istra\u017eivanje i razvoj, gdje je bila odgovorna za rad na boljem razumijevanju koncepta biogospodarstva i uklju\u010denih klju\u010dnih sektora te sredi\u0161nje uloge biogospodarstva u europskom Zelenom planu kao i u prijedlogu Europske komisije za glavni plan oporavka Europe, unutar <em>Horizon 2020 Expert Group to Support the Implementation of Bioeconomy Policy Support Facility (PSF) \u2013 Mutual learning exercise<\/em>.&nbsp;<\/p>\n\n\n\n<p>Objavila je desetak znanstvenih radova u A1 \u010dasopisima, a vlasnica je i patenta. Sudjelovala je kao pozvani predava\u010d na preko 100 radionica, konferencija i sli\u010dnih doga\u0111anja.<\/p>\n\n\n\n<p>Osnovala je predmet Kru\u017ena bioekonomija na studijskom programu Odr\u017eiva poljoprivreda na C.I.H.E.A.M. MAICh u Gr\u010dkoj gdje i danas predaje. Od 2010. do 2015. je predavala na magistarskom studiju <em>&#8220;Renewable energy sources in Central and Eastern Europe<\/em>&#8221; na Tehni\u010dkom sveu\u010dili\u0161tu u Be\u010du i&nbsp; na <em>Energiepark Bruck\/Leitha<\/em> za modul Hrvatska.&nbsp;<\/p>\n\n\n\n<p>Glavna odlika Biljane je \u0161iroko poznavanje sustava i razli\u010ditih pokreta\u010da dionika i politika te stvaranje novih poslovnih modela s komponentama kru\u017enosti, odr\u017eivosti i transformacije na niskouglji\u010dno poslovanje. Njena karijera se temelji na znati\u017eelji i otvorenosti prema novom, uz u\u010denje iz svih izvora. Biljana se voli nazivati ekonomisticom sa srcem iz velike ljubavi i po\u0161tovanja prema prirodi, ali i svijesti da svijet funkcionira na financijskim osnovama.<\/p>\n","protected":false},"excerpt":{"rendered":"<p>Doc. dr. sc. Biljana Kuli\u0161i\u0107 je doktorirala 2014. na Agronomskom fakultetu Sveu\u010dili\u0161ta u Zagrebu 2014. Magistrirala je 2007. na Mediteranskom institutu za poljoprivredu u Gr\u010dkoj (Mediterranean Agronimic Institute Chania pri C.I.H.E.A.M.-MAICh). Diplomirala je 2000. na Fakultetu za turisti\u010dki i hotelski menad\u017ement (smjer Menad\u017ement) s prvim diplomskim radom na fakultetu na temu odr\u017eivog razvoja. Tijekom studija [&hellip;]<\/p>\n","protected":false},"author":1,"featured_media":0,"parent":341,"menu_order":0,"comment_status":"closed","ping_status":"closed","template":"","meta":[],"_links":{"self":[{"href":"http:\/\/www.ptfos.unios.hr\/biogospodarstvo\/index.php\/wp-json\/wp\/v2\/pages\/343"}],"collection":[{"href":"http:\/\/www.ptfos.unios.hr\/biogospodarstvo\/index.php\/wp-json\/wp\/v2\/pages"}],"about":[{"href":"http:\/\/www.ptfos.unios.hr\/biogospodarstvo\/index.php\/wp-json\/wp\/v2\/types\/page"}],"author":[{"embeddable":true,"href":"http:\/\/www.ptfos.unios.hr\/biogospodarstvo\/index.php\/wp-json\/wp\/v2\/users\/1"}],"replies":[{"embeddable":true,"href":"http:\/\/www.ptfos.unios.hr\/biogospodarstvo\/index.php\/wp-json\/wp\/v2\/comments?post=343"}],"version-history":[{"count":2,"href":"http:\/\/www.ptfos.unios.hr\/biogospodarstvo\/index.php\/wp-json\/wp\/v2\/pages\/343\/revisions"}],"predecessor-version":[{"id":350,"href":"http:\/\/www.ptfos.unios.hr\/biogospodarstvo\/index.php\/wp-json\/wp\/v2\/pages\/343\/revisions\/350"}],"up":[{"embeddable":true,"href":"http:\/\/www.ptfos.unios.hr\/biogospodarstvo\/index.php\/wp-json\/wp\/v2\/pages\/341"}],"wp:attachment":[{"href":"http:\/\/www.ptfos.unios.hr\/biogospodarstvo\/index.php\/wp-json\/wp\/v2\/media?parent=343"}],"curies":[{"name":"wp","href":"https:\/\/api.w.org\/{rel}","templated":true}]}}