{"id":352,"date":"2023-01-22T17:57:26","date_gmt":"2023-01-22T17:57:26","guid":{"rendered":"http:\/\/www.ptfos.unios.hr\/biogospodarstvo\/?page_id=352"},"modified":"2023-01-22T17:58:23","modified_gmt":"2023-01-22T17:58:23","slug":"damir-matanovic","status":"publish","type":"page","link":"http:\/\/www.ptfos.unios.hr\/biogospodarstvo\/index.php\/profesori\/damir-matanovic\/","title":{"rendered":"Damir Matanovi\u0107"},"content":{"rendered":"\n<p>Prof. dr. sc. Damir Matanovi\u0107 je doktorirao u znanstvenom polju povijest na Filozofskom fakultetu u Zagrebu 2003.<\/p>\n\n\n\n<p>Stru\u010dnjak je u polju nacionalne povijesti, zavi\u010dajnosti i tradicije. Autor je ili koautor pet znanstvenih monografija i trideset osam znanstvenih radova te vi\u0161e stru\u010dnih radova i prikaza. Sudjelovao je na dvadeset i jednom znanstvenom skupu u zemlji i inozemstvu. Bio je voditelj na projektu \u201eHrvatski kulturni krajolici\u201c te suradnik na vi\u0161e projekata u zemlji i inozemstvu. Glavni je urednik \u010dasopisa Panonniana te \u010dlan uredni\u0161tava vi\u0161e inozemnih \u010dasopisa (Kepsez y Gyakolat Sveu\u010dili\u0161ta u Kapo\u0161varu, Evkony Sveu\u010dili\u0161ta u Novom Sadu te Dru\u0161tvene i humanisti\u010dke studije Sveu\u010dili\u0161ta u Tuzli). \u010clan je stru\u010dnih udru\u017eenja UBTAS (R Turska) i Society for Military History (USA).<\/p>\n\n\n\n<p>Od 2013. do 2022. je obna\u0161ao du\u017enost dekana Fakulteta za odgojne i obrazovne znanosti, a od 2022. prorektor je za organizaciju i ljudske resurse Sveu\u010dili\u0161ta Josipa Jurja Strossmayera u Osijeku.<\/p>\n","protected":false},"excerpt":{"rendered":"<p>Prof. dr. sc. Damir Matanovi\u0107 je doktorirao u znanstvenom polju povijest na Filozofskom fakultetu u Zagrebu 2003. Stru\u010dnjak je u polju nacionalne povijesti, zavi\u010dajnosti i tradicije. Autor je ili koautor pet znanstvenih monografija i trideset osam znanstvenih radova te vi\u0161e stru\u010dnih radova i prikaza. Sudjelovao je na dvadeset i jednom znanstvenom skupu u zemlji i [&hellip;]<\/p>\n","protected":false},"author":1,"featured_media":0,"parent":341,"menu_order":0,"comment_status":"closed","ping_status":"closed","template":"","meta":[],"_links":{"self":[{"href":"http:\/\/www.ptfos.unios.hr\/biogospodarstvo\/index.php\/wp-json\/wp\/v2\/pages\/352"}],"collection":[{"href":"http:\/\/www.ptfos.unios.hr\/biogospodarstvo\/index.php\/wp-json\/wp\/v2\/pages"}],"about":[{"href":"http:\/\/www.ptfos.unios.hr\/biogospodarstvo\/index.php\/wp-json\/wp\/v2\/types\/page"}],"author":[{"embeddable":true,"href":"http:\/\/www.ptfos.unios.hr\/biogospodarstvo\/index.php\/wp-json\/wp\/v2\/users\/1"}],"replies":[{"embeddable":true,"href":"http:\/\/www.ptfos.unios.hr\/biogospodarstvo\/index.php\/wp-json\/wp\/v2\/comments?post=352"}],"version-history":[{"count":2,"href":"http:\/\/www.ptfos.unios.hr\/biogospodarstvo\/index.php\/wp-json\/wp\/v2\/pages\/352\/revisions"}],"predecessor-version":[{"id":356,"href":"http:\/\/www.ptfos.unios.hr\/biogospodarstvo\/index.php\/wp-json\/wp\/v2\/pages\/352\/revisions\/356"}],"up":[{"embeddable":true,"href":"http:\/\/www.ptfos.unios.hr\/biogospodarstvo\/index.php\/wp-json\/wp\/v2\/pages\/341"}],"wp:attachment":[{"href":"http:\/\/www.ptfos.unios.hr\/biogospodarstvo\/index.php\/wp-json\/wp\/v2\/media?parent=352"}],"curies":[{"name":"wp","href":"https:\/\/api.w.org\/{rel}","templated":true}]}}