{"id":354,"date":"2023-01-22T17:58:11","date_gmt":"2023-01-22T17:58:11","guid":{"rendered":"http:\/\/www.ptfos.unios.hr\/biogospodarstvo\/?page_id=354"},"modified":"2023-01-22T17:58:29","modified_gmt":"2023-01-22T17:58:29","slug":"dina-stober","status":"publish","type":"page","link":"http:\/\/www.ptfos.unios.hr\/biogospodarstvo\/index.php\/profesori\/dina-stober\/","title":{"rendered":"Dina Stober"},"content":{"rendered":"\n<p>Izv. prof. dr. sc. Dina Stober je doktorirala u znanstvenom polju arhitektura i urbanizam na Interdisciplinarsnom poslijediplomskom studiju urbanizma i prostornog planiranja na Faculty of Civil Engineering and Geodesy, Ljubljana, Slovenija, 2013. godine. Nakon toga se stru\u010dno usavr\u0161avala na mobilnostima na Swiss Federal Research Institute WSL, Birmensdorf, \u0160vicarska,&nbsp; Faculty of Engineering and Information Technology University of Pecs, Ma\u0111arska,&nbsp; Faculty of Civil Engineering and Geodesy, Ljubljana, Slovenija, i drugim. Godine 2012. je zavr\u0161ila Pedago\u0161ko-psiholo\u0161ku i didakti\u010dko-metodi\u010dku izobrazbu na U\u010diteljskom fakultetu u Osijeku, a 2018. je zavr\u0161ila obuku za internog auditora za certifikat ISO 9001:2015 u Osijeku. Godine 2018. je zavr\u0161ila \u201e<em>Training School \u2013 Digital Heritage\u201c <\/em>u sklopu COST Akcije TD1406 Faculty of Civil Engineering and Geodesy Ljubljana, Slovenija, u Olimju u Sloveniji, a 2021. poha\u0111ala je i zavr\u0161ila obuku &#8220;<em>Train the Trainer<\/em>&#8221; za edukatore u podru\u010dju BIM tehnologije i energetske u\u010dinkovitosti u sklopu Erasmus+ BIMZeED projekta.<\/p>\n\n\n\n<p>Podru\u010dje interesa joj je planiranje urbanog i ruralnog okoli\u0161a na odr\u017eivi na\u010din uz uva\u017eavanje postoje\u0107ih resursa i povijesnih vrijednosti te projektiranje u okviru integriranog pristupa BIM i HBIM (Building Information Modelling, Heritage Building Information Modelling).<\/p>\n\n\n\n<p>Znanstvene radove objavljuje u znanstvenim \u010dasopisima poput Energy Research &amp; Social Science (IF = 8.514), Land use policy (IF = 6.189), Civil Engineering Journal (JCI 0.7), Journal of Asian Architecture and Building Engineering, itd. Jedan je od urednika znanstvene knjige <em>Renewable Energy and Landscape Quality <\/em>(JOVIS publisher) te jedan od autora vi\u0161e poglavlja u znanstvenoj publikaciji Urban Atlas (D+ Atlas) projekta DANUrB+.&nbsp;<\/p>\n\n\n\n<p>U posljednjih 10 godina bila je voditelj ili suradnik na nekoliko razvojno-istra\u017eiva\u010dkih projekata i projekata umre\u017eavanja (COST) iz podru\u010dja prostornog planiranja i urbanisti\u010dkog planiranja financirana iz strukturnih fondova Europske Unije, bilateralne znanstveno-tehni\u010dke suradnje te Erasmus fondova.&nbsp; Ima dugogodi\u0161nje suradnje za znanstvenicima iz doma\u0107ih i europskih znanstvenih institucija, kao \u0161to su Institut za turizam Zagreb, Fakultet \u0161umarstva i drvne tehnologije Sveu\u010dili\u0161ta u Zagrebu, Swiss Federal Research Institute WSL, Birmendorf, Switzerland, Faculty of Civil Engineering and Geodesy, Ljubljana, Slovenija, Institute of Architecture Faculty of Engineering and Information Technology University of Pecs, Ma\u0111arska. Kao \u010dlan povjerenstva sudjelovala je u izradi akreditiranog novog studijskog programa preddiplomskog sveu\u010dili\u0161nog studija arhitekture i urbanizma na Gra\u0111evinskom i arhitektonskom fakultetu Osijek.&nbsp;<\/p>\n\n\n\n<p>\u010clan&nbsp; je uredni\u0161tva znanstvenih \u010dasopisa <em>Regional Problems of Architecture and Urban Planning<\/em>, Odessa State Academy of Civil Engineering and Architecture, <em>Advances in Civil and Architectural Engineering,<\/em> Gra\u0111evinskog i arhitektonskog fakulteta Osijek i <em>Tehni\u010dkog glasnika &#8211; Technical Journal, <\/em>Sveu\u010dili\u0161ta Sjever.<em> <\/em>\u010clan je Udru\u017eenja hrvatskih arhitekata (UHA), Dru\u0161tva arhitekata grada Osijeka (\u010dlan Izvr\u0161nog odbora od 2013. \u2013 2023.) i EUCALAND (Association for European Culture expressed in Agricultural Landscapes). Predsjednica je Udruge Vedri grad.<\/p>\n\n\n\n<p>Voli fotografiju, filmsku umjetnost i hodanje u prirodi.<\/p>\n","protected":false},"excerpt":{"rendered":"<p>Izv. prof. dr. sc. Dina Stober je doktorirala u znanstvenom polju arhitektura i urbanizam na Interdisciplinarsnom poslijediplomskom studiju urbanizma i prostornog planiranja na Faculty of Civil Engineering and Geodesy, Ljubljana, Slovenija, 2013. godine. Nakon toga se stru\u010dno usavr\u0161avala na mobilnostima na Swiss Federal Research Institute WSL, Birmensdorf, \u0160vicarska,&nbsp; Faculty of Engineering and Information Technology University [&hellip;]<\/p>\n","protected":false},"author":1,"featured_media":0,"parent":341,"menu_order":0,"comment_status":"closed","ping_status":"closed","template":"","meta":[],"_links":{"self":[{"href":"http:\/\/www.ptfos.unios.hr\/biogospodarstvo\/index.php\/wp-json\/wp\/v2\/pages\/354"}],"collection":[{"href":"http:\/\/www.ptfos.unios.hr\/biogospodarstvo\/index.php\/wp-json\/wp\/v2\/pages"}],"about":[{"href":"http:\/\/www.ptfos.unios.hr\/biogospodarstvo\/index.php\/wp-json\/wp\/v2\/types\/page"}],"author":[{"embeddable":true,"href":"http:\/\/www.ptfos.unios.hr\/biogospodarstvo\/index.php\/wp-json\/wp\/v2\/users\/1"}],"replies":[{"embeddable":true,"href":"http:\/\/www.ptfos.unios.hr\/biogospodarstvo\/index.php\/wp-json\/wp\/v2\/comments?post=354"}],"version-history":[{"count":2,"href":"http:\/\/www.ptfos.unios.hr\/biogospodarstvo\/index.php\/wp-json\/wp\/v2\/pages\/354\/revisions"}],"predecessor-version":[{"id":357,"href":"http:\/\/www.ptfos.unios.hr\/biogospodarstvo\/index.php\/wp-json\/wp\/v2\/pages\/354\/revisions\/357"}],"up":[{"embeddable":true,"href":"http:\/\/www.ptfos.unios.hr\/biogospodarstvo\/index.php\/wp-json\/wp\/v2\/pages\/341"}],"wp:attachment":[{"href":"http:\/\/www.ptfos.unios.hr\/biogospodarstvo\/index.php\/wp-json\/wp\/v2\/media?parent=354"}],"curies":[{"name":"wp","href":"https:\/\/api.w.org\/{rel}","templated":true}]}}