{"id":358,"date":"2023-01-22T17:58:53","date_gmt":"2023-01-22T17:58:53","guid":{"rendered":"http:\/\/www.ptfos.unios.hr\/biogospodarstvo\/?page_id=358"},"modified":"2023-01-22T17:59:04","modified_gmt":"2023-01-22T17:59:04","slug":"hrvoje-krstic","status":"publish","type":"page","link":"http:\/\/www.ptfos.unios.hr\/biogospodarstvo\/index.php\/profesori\/hrvoje-krstic\/","title":{"rendered":"Hrvoje Krsti\u0107"},"content":{"rendered":"\n<p>Izv. prof. dr. sc. Hrvoje Krsti\u0107 je doktorirao 2011. godine na Gra\u0111evinskom fakultetu Osijek obranom doktorskog rada pod naslovom \u201eModel procjene tro\u0161kova odr\u017eavanja i uporabe gra\u0111evina na primjeru gra\u0111evina Sveu\u010dili\u0161ta Josipa Jurja Strossmayera u Osijeku\u201c pod mentorstvom prof.dr.sc. Sa\u0161e Marenjaka. 2012. je zavr\u0161io Pedago\u0161ko-psiholo\u0161ku i didakti\u010dko-metodi\u010dku izobrazbu na U\u010diteljskom fakultetu Sveu\u010dili\u0161ta u Osijeku.<\/p>\n\n\n\n<p>Stru\u010dnjak je iz podru\u010dja odr\u017eavanja zgrada, tehnologije gra\u0111enja, tro\u0161kova \u017eivotnog ciklusa gra\u0111evina i energetske u\u010dinkovitosti u zgradarstvu. Voditelj je i suradnik brojnih znanstveno-istra\u017eiva\u010dkih projekata vezanih uz procjenu energetske u\u010dinkovitosti zgrada, izradu simulacijskih modela za odre\u0111ivanje toplinskih gubitaka, odr\u017eivu gradnju i razvoj eksperimentalnih metoda za odre\u0111ivanje koe\ufb01cijenata&nbsp; prolaska topline.<\/p>\n\n\n\n<p>Recenzent znanstvenih radova u \u010dasopisima Energy&nbsp; and Buildings, Building&nbsp; and Environment, Energies, Atmosphere, Journal of Cleaner Production, Sustainability, Tehnical Gazette, Gra\u0111evinar, International Journal of Computational Methods and Experimental Measurements i Advances in Civil and Architectural Engineering. \u010clan uredni\u010dkog odbora elektroni\u010dkog \u010dasopisa Gra\u0111evinskog fakulteta, e-GFOS, od 2014.&nbsp; do 2018. godine. \u010clan uredni\u010dkog odbora \u010dasopisa Gra\u0111evinar od 2019.&nbsp; godine. \u010clan znanstvenih odbora: Sabor hrvatskih graditelja 2016., International Virtual Research Conference In Technical Disciplines \u2013 RCITD 2016., 10th International Conference on High Performance and Optimum Design of Structures and Materials 2020., International Conference on High Performance and Optimum Structures and Materials Encompassing Shock&nbsp; and Impact Loading 2022., 3rd&nbsp; Lating American Conference on Sustainable Development of Energy, Water and Environment Systems &#8211; LA SDEWES2022.<\/p>\n\n\n\n<p>Od 1.10.2018. do 30.9.2022. bio je prodekan za znanost i poslijediplomske studije na Gra\u0111evinskom i arhitektonskom fakultetu Osijek, a od 1.10.2022. je dekan Gra\u0111evinskog i arhitektonskog fakulteta Osijek.&nbsp;<\/p>\n\n\n\n<p>Do sada je bio mentor 3 doktorske disertacije na Poslijediplomskom sveu\u010dili\u0161nom studiju Gra\u0111evinarstvo na Gra\u0111evinskom i arhitektonskom fakultetu Osijek.<\/p>\n\n\n\n<p>Stru\u010dne aktivnosti obavlja na podru\u010dju energetskih pregleda i energetskog certi\ufb01ciranja zgrada, do sada sudjelovao na 51 provedbi certi\ufb01ciranja i energetskih pregleda zgrada s jednostavnim i slo\u017eenim tehni\u010dkim sustavima. Zavr\u0161ena obuka za rad na ure\u0111aju Minneapolis BlowerDoor &#8211; DG-700 koji se koristi za ispitivanje ispunjavanje zahtjeva o zrakopropusnosti na izgra\u0111enoj novoj ili rekonstruiranoj postoje\u0107oj zgradi prema HRN EN ISO 9972:2015 i Tehni\u010dkom propisu o racionalnoj&nbsp; uporabi energije&nbsp; i toplinskoj za\u0161titi u zgradama.<\/p>\n\n\n\n<p>Administrator Programa izobrazbe od 2012. do 2022. godine za osobe koje provode energetske preglede i energetsko certi\ufb01ciranje&nbsp; zgrada na Gra\u0111evinskom i arhitektonskom fakultetu Osijek. Imenovana osoba&nbsp; za potpisivanje dokumentacije o provedenim energetskim pregledima i energetskih certi\ufb01kata zgrada koje provodi, odnosno&nbsp; izdaje Sveu\u010dili\u0161te Josipa Jurja Strossmayera u Osijeku, Gra\u0111evinski i arhitektonski fakultet Osijek iz Osijeka.&nbsp;<\/p>\n\n\n\n<p>\u010clan tehni\u010dkih odbora HZN\/TO 551 (Gradnja) i HZN\/TO 163 (Toplinska izolacija).<\/p>\n\n\n\n<p>\u010clan Hrvatske udruge za organizaciju gra\u0111enja, od 2006.&nbsp; godine i Udruge diplomiranih in\u017eenjera Gra\u0111evinskog fakulteta Sveu\u010dili\u0161ta Josipa Jurja Strossmayera u Osijeku, od 2008.&nbsp; godine.<\/p>\n","protected":false},"excerpt":{"rendered":"<p>Izv. prof. dr. sc. Hrvoje Krsti\u0107 je doktorirao 2011. godine na Gra\u0111evinskom fakultetu Osijek obranom doktorskog rada pod naslovom \u201eModel procjene tro\u0161kova odr\u017eavanja i uporabe gra\u0111evina na primjeru gra\u0111evina Sveu\u010dili\u0161ta Josipa Jurja Strossmayera u Osijeku\u201c pod mentorstvom prof.dr.sc. Sa\u0161e Marenjaka. 2012. je zavr\u0161io Pedago\u0161ko-psiholo\u0161ku i didakti\u010dko-metodi\u010dku izobrazbu na U\u010diteljskom fakultetu Sveu\u010dili\u0161ta u Osijeku. Stru\u010dnjak je [&hellip;]<\/p>\n","protected":false},"author":1,"featured_media":0,"parent":341,"menu_order":0,"comment_status":"closed","ping_status":"closed","template":"","meta":[],"_links":{"self":[{"href":"http:\/\/www.ptfos.unios.hr\/biogospodarstvo\/index.php\/wp-json\/wp\/v2\/pages\/358"}],"collection":[{"href":"http:\/\/www.ptfos.unios.hr\/biogospodarstvo\/index.php\/wp-json\/wp\/v2\/pages"}],"about":[{"href":"http:\/\/www.ptfos.unios.hr\/biogospodarstvo\/index.php\/wp-json\/wp\/v2\/types\/page"}],"author":[{"embeddable":true,"href":"http:\/\/www.ptfos.unios.hr\/biogospodarstvo\/index.php\/wp-json\/wp\/v2\/users\/1"}],"replies":[{"embeddable":true,"href":"http:\/\/www.ptfos.unios.hr\/biogospodarstvo\/index.php\/wp-json\/wp\/v2\/comments?post=358"}],"version-history":[{"count":1,"href":"http:\/\/www.ptfos.unios.hr\/biogospodarstvo\/index.php\/wp-json\/wp\/v2\/pages\/358\/revisions"}],"predecessor-version":[{"id":359,"href":"http:\/\/www.ptfos.unios.hr\/biogospodarstvo\/index.php\/wp-json\/wp\/v2\/pages\/358\/revisions\/359"}],"up":[{"embeddable":true,"href":"http:\/\/www.ptfos.unios.hr\/biogospodarstvo\/index.php\/wp-json\/wp\/v2\/pages\/341"}],"wp:attachment":[{"href":"http:\/\/www.ptfos.unios.hr\/biogospodarstvo\/index.php\/wp-json\/wp\/v2\/media?parent=358"}],"curies":[{"name":"wp","href":"https:\/\/api.w.org\/{rel}","templated":true}]}}