{"id":360,"date":"2023-01-22T17:59:37","date_gmt":"2023-01-22T17:59:37","guid":{"rendered":"http:\/\/www.ptfos.unios.hr\/biogospodarstvo\/?page_id=360"},"modified":"2023-01-22T17:59:37","modified_gmt":"2023-01-22T17:59:37","slug":"mirna-habuda-stanic","status":"publish","type":"page","link":"http:\/\/www.ptfos.unios.hr\/biogospodarstvo\/index.php\/profesori\/mirna-habuda-stanic\/","title":{"rendered":"Mirna Habuda-Stani\u0107"},"content":{"rendered":"\n<p>Prof. dr. sc. Mirna Habuda-Stani\u0107 je doktorirala u znanstvenom polju Prehrambene tehnologije na Prehrambeno-tehnolo\u0161kom fakultetu Osijek u Osijeku 2011. godine. Iste godine zavr\u0161ila je Pedago\u0161ko-psiholo\u0161ku i didakti\u010dko-metodi\u010dku izobrazbu na U\u010diteljskom fakultetu Sveu\u010dili\u0161ta u Osijeku.<\/p>\n\n\n\n<p>2015. godine izabrana, a 2021. reizabrana za civilnog stru\u010dnjaka za kontaminaciju voda Sjevernoatlantskog saveza (NATO). Od 2006. do 2013. godine pro\u0161la je niz edukacija Europske komisije za podru\u010dje crpljenja i punjenja mineralnih voda, a u prosincu 2021. godine imenovana je edukatorom Europske komisije za program TAIEX u navedenom podru\u010dju te u podru\u010dju za\u0161tite okoli\u0161a.<\/p>\n\n\n\n<p>Do danas je objavila niz znanstvenih radova u presti\u017enim znanstvenim \u010dasopisima poput Chemical Engineering Journal (IF = 16.744), Desalination (IF = 11,211), Science of the Total Environment (IF = 10,753), Journal of Molecular Liquid (IF = 6,663), itd.&nbsp;<\/p>\n\n\n\n<p>Od 2005. do danas \u010dlanica je Povjerenstva za procedure priznavanja i izradu zakonskih propisa za podru\u010dje pakiranih voda pri Ministarstvu poljoprivrede Republike Hrvatske. Od 2012. do 2018. godine bila je predsjednica\/\u010dlanica nekoliko radnih skupina Hrvatske agencije za hranu za izradu znanstvenih mi\u0161ljenja o utjecaju kvalitete vode za pi\u0107e na zdravlje ljudi.&nbsp;<\/p>\n\n\n\n<p>Od 2016. godine do danas \u010dlanica je Upravnog vije\u0107a Javne ustanove Park prirode Kopa\u010dki rit.&nbsp;<\/p>\n\n\n\n<p>U razdoblju 2015. -2019. godine obna\u0161ala je du\u017enost predsjednice Udruge TehnOS &#8211; Udruge biv\u0161ih studenata i prijatelja Prehrambeno-tehnolo\u0161kog fakulteta Osijek (dva mandata).&nbsp;<\/p>\n\n\n\n<p>Od 2018. godine predstavnica je Prehrambeno-tehnolo\u0161kog fakulteta Osijek u me\u0111unarodnoj organizaciji International Federation of Environmental Health (IFEH).&nbsp;<\/p>\n\n\n\n<p>Inicijatorica je i predsjednica Organizacijskog i Znanstvenog odbora tri me\u0111unarodne konferencije: Me\u0111unarodne konferencije VODA ZA SVE, Me\u0111unarodne studentske GREEN konferencije te Europske GREEN konferencije.<\/p>\n\n\n\n<p>2022. godine inicirala je osnivanje Me\u0111unarodnog udru\u017eenja znanstvenika i stru\u010dnjaka za za\u0161titu okoli\u0161a (International Association of Environmental Scientists and Professionals) \u010dija je danas i predsjednica.<\/p>\n\n\n\n<p>Trenutno sudjeluje u svojstvu suradnika u realizaciji projekta \u201eRazminiranje, obnova i za\u0161tita \u0161uma i \u0161umskog zemlji\u0161ta u za\u0161ti\u0107enim i Natura 2000 podru\u010djima u dunavsko-dravskoj regiji \u2013 NATURAVITA\u201d jednom od najve\u0107ih projekata za\u0161tite prirode u Republici Hrvatskoj financiranim sredstvima Europskih strukturnih i investicijskih fondova.<\/p>\n\n\n\n<p>Vodila je 1 znanstveno-istra\u017eiva\u010dki, 1 stru\u010dni projekt te 3 edukacijska projekta. Sudjelovala je u realizaciji 1 me\u0111unarodnog projekta i 2 doma\u0107a znanstveno-istra\u017eiva\u010dka projekta.&nbsp;<\/p>\n\n\n\n<p>Glavna urednica je 8 zbornika me\u0111unarodnih konferencija, od kojih su 4 zbornika sa\u017eetaka i 4 zbornika radova.<\/p>\n\n\n\n<p>\u010clanica je uredni\u0161tva znanstvenih \u010dasopisa Croatian Journal of Food Science and Technology (CJFST), Journal of Plant and Animal Ecology, Journal of Health Sciences, International Journal of Advanced Research in Innovative Discoveries in Engineering and Applications te Environmental Engineering \u2013 In\u017eenjerstvo Okoli\u0161a. Bila je gostuju\u0107i urednik posebnog broja \u010dasopisa Water (2022.) te posebnog broja \u010dasopisa Environmental Engineering \u2013 In\u017eenjerstvo Okoli\u0161a (2019.).<\/p>\n\n\n\n<p>Dobitnica je Nagrade Rektora Sveu\u010dili\u0161ta Josipa Jurja Strossmayera u Osijeku (1999.), Povelje za osobit rad i postignu\u0107a u nastavnoj, znanstvenoj i stru\u010dnoj djelatnosti Prehrambeno-tehnolo\u0161kog fakulteta Osijek (2021.) te Zelene Povelje Osje\u010dko-baranjske \u017eupanije (2022.).&nbsp;<\/p>\n\n\n\n<p>Udana je i majka troje djece.<\/p>\n","protected":false},"excerpt":{"rendered":"<p>Prof. dr. sc. Mirna Habuda-Stani\u0107 je doktorirala u znanstvenom polju Prehrambene tehnologije na Prehrambeno-tehnolo\u0161kom fakultetu Osijek u Osijeku 2011. godine. Iste godine zavr\u0161ila je Pedago\u0161ko-psiholo\u0161ku i didakti\u010dko-metodi\u010dku izobrazbu na U\u010diteljskom fakultetu Sveu\u010dili\u0161ta u Osijeku. 2015. godine izabrana, a 2021. reizabrana za civilnog stru\u010dnjaka za kontaminaciju voda Sjevernoatlantskog saveza (NATO). Od 2006. do 2013. godine pro\u0161la [&hellip;]<\/p>\n","protected":false},"author":1,"featured_media":0,"parent":341,"menu_order":0,"comment_status":"closed","ping_status":"closed","template":"","meta":[],"_links":{"self":[{"href":"http:\/\/www.ptfos.unios.hr\/biogospodarstvo\/index.php\/wp-json\/wp\/v2\/pages\/360"}],"collection":[{"href":"http:\/\/www.ptfos.unios.hr\/biogospodarstvo\/index.php\/wp-json\/wp\/v2\/pages"}],"about":[{"href":"http:\/\/www.ptfos.unios.hr\/biogospodarstvo\/index.php\/wp-json\/wp\/v2\/types\/page"}],"author":[{"embeddable":true,"href":"http:\/\/www.ptfos.unios.hr\/biogospodarstvo\/index.php\/wp-json\/wp\/v2\/users\/1"}],"replies":[{"embeddable":true,"href":"http:\/\/www.ptfos.unios.hr\/biogospodarstvo\/index.php\/wp-json\/wp\/v2\/comments?post=360"}],"version-history":[{"count":1,"href":"http:\/\/www.ptfos.unios.hr\/biogospodarstvo\/index.php\/wp-json\/wp\/v2\/pages\/360\/revisions"}],"predecessor-version":[{"id":361,"href":"http:\/\/www.ptfos.unios.hr\/biogospodarstvo\/index.php\/wp-json\/wp\/v2\/pages\/360\/revisions\/361"}],"up":[{"embeddable":true,"href":"http:\/\/www.ptfos.unios.hr\/biogospodarstvo\/index.php\/wp-json\/wp\/v2\/pages\/341"}],"wp:attachment":[{"href":"http:\/\/www.ptfos.unios.hr\/biogospodarstvo\/index.php\/wp-json\/wp\/v2\/media?parent=360"}],"curies":[{"name":"wp","href":"https:\/\/api.w.org\/{rel}","templated":true}]}}