{"id":395,"date":"2023-01-31T17:04:48","date_gmt":"2023-01-31T17:04:48","guid":{"rendered":"http:\/\/www.ptfos.unios.hr\/biogospodarstvo\/?page_id=395"},"modified":"2023-01-31T17:04:48","modified_gmt":"2023-01-31T17:04:48","slug":"darko-velic","status":"publish","type":"page","link":"http:\/\/www.ptfos.unios.hr\/biogospodarstvo\/index.php\/profesori\/darko-velic\/","title":{"rendered":"Darko Veli\u0107"},"content":{"rendered":"\n<p>Prof. dr. sc. Darko Veli\u0107 doktorirao je u znanstvenom polju biotehni\u010dkih znanosti na Prehrambeno-tehnolo\u0161kom fakultetu Osijek Sveu\u010dili\u0161ta Josipa Jurja Strossmayera u Osijeku 2006. godine. Od 2016. do 2020. godine bio je predsjednik Katedre za projektiranje tehnolo\u0161kih procesa i konstrukcijske materijale, a od 2020. godine je predsjednik Katedre za tehnolo\u0161ko projektiranje i farmaceutsko in\u017eenjerstvo.&nbsp;<\/p>\n\n\n\n<p>Tijekom dosada\u0161njeg nastavnog rada aktivno je sudjelovao\/sudjeluje u izvo\u0111enju nastave na Prehrambeno-tehnolo\u0161kom fakultetu Osijek na kolegijima: Elementi strojeva, Projektiranje ure\u0111aja u prehrambenoj\/procesnoj industriji, Tehnolo\u0161ko projektiranje, Optimizacija i projektiranje industrijskih procesa, Tehnologija farmaceutskih proizvoda, Tehnologija kozmeti\u010dkih proizvoda, Procesno ekolo\u0161ko in\u017eenjerstvo, Optimizacija i projektiranje prehrambeno-tehnolo\u0161kih procesa te Ekolo\u0161ka proizvodnja i prerada hrane.<\/p>\n\n\n\n<p>Sudjelovao je u provedbi vi\u0161e znanstvenih projekata. Dobitnik je godi\u0161nje nagrade Akademije tehni\u010dkih znanosti Hrvatske za mlade znanstvenike \u201eVera Johanides\u201c za 2003. godinu.&nbsp;<\/p>\n\n\n\n<p>Stru\u010dnu aktivnost iz podru\u010dja prehrambeno-procesnog in\u017eenjerstva provodi\/o (je) kroz suradnju s gospodarstvom te kroz pomo\u0107 u izradi i realizaciji stru\u010dnih projekata, studija izvodivosti, tehni\u010dko-tehnolo\u0161kih rje\u0161enja.&nbsp;<\/p>\n\n\n\n<p>\u010clan&nbsp; je uredni\u0161tva znanstvenih \u010dasopisa Croatian Journal of Food Science and Technology (CJFST) te Food in Health and Disease: Scientific-professional Journal of Nutrition and Dietetics.&nbsp;<\/p>\n\n\n\n<p>\u010clan je Udruge TehnOS, Hrvatske udruge za za\u0161titu izvo\u0111a\u010dkih prava (HUZIP), Hrvatskog dru\u0161tva skladatelja (HDS) te Organizacije glazbeno estradnih izvo\u0111a\u010da Hrvatske (OGI HR).&nbsp;<\/p>\n\n\n\n<p>O\u017eenjen je i otac troje djece.&nbsp;<\/p>\n","protected":false},"excerpt":{"rendered":"<p>Prof. dr. sc. Darko Veli\u0107 doktorirao je u znanstvenom polju biotehni\u010dkih znanosti na Prehrambeno-tehnolo\u0161kom fakultetu Osijek Sveu\u010dili\u0161ta Josipa Jurja Strossmayera u Osijeku 2006. godine. Od 2016. do 2020. godine bio je predsjednik Katedre za projektiranje tehnolo\u0161kih procesa i konstrukcijske materijale, a od 2020. godine je predsjednik Katedre za tehnolo\u0161ko projektiranje i farmaceutsko in\u017eenjerstvo.&nbsp; Tijekom dosada\u0161njeg [&hellip;]<\/p>\n","protected":false},"author":1,"featured_media":0,"parent":341,"menu_order":0,"comment_status":"closed","ping_status":"closed","template":"","meta":[],"_links":{"self":[{"href":"http:\/\/www.ptfos.unios.hr\/biogospodarstvo\/index.php\/wp-json\/wp\/v2\/pages\/395"}],"collection":[{"href":"http:\/\/www.ptfos.unios.hr\/biogospodarstvo\/index.php\/wp-json\/wp\/v2\/pages"}],"about":[{"href":"http:\/\/www.ptfos.unios.hr\/biogospodarstvo\/index.php\/wp-json\/wp\/v2\/types\/page"}],"author":[{"embeddable":true,"href":"http:\/\/www.ptfos.unios.hr\/biogospodarstvo\/index.php\/wp-json\/wp\/v2\/users\/1"}],"replies":[{"embeddable":true,"href":"http:\/\/www.ptfos.unios.hr\/biogospodarstvo\/index.php\/wp-json\/wp\/v2\/comments?post=395"}],"version-history":[{"count":1,"href":"http:\/\/www.ptfos.unios.hr\/biogospodarstvo\/index.php\/wp-json\/wp\/v2\/pages\/395\/revisions"}],"predecessor-version":[{"id":396,"href":"http:\/\/www.ptfos.unios.hr\/biogospodarstvo\/index.php\/wp-json\/wp\/v2\/pages\/395\/revisions\/396"}],"up":[{"embeddable":true,"href":"http:\/\/www.ptfos.unios.hr\/biogospodarstvo\/index.php\/wp-json\/wp\/v2\/pages\/341"}],"wp:attachment":[{"href":"http:\/\/www.ptfos.unios.hr\/biogospodarstvo\/index.php\/wp-json\/wp\/v2\/media?parent=395"}],"curies":[{"name":"wp","href":"https:\/\/api.w.org\/{rel}","templated":true}]}}