{"id":397,"date":"2023-01-31T17:05:09","date_gmt":"2023-01-31T17:05:09","guid":{"rendered":"http:\/\/www.ptfos.unios.hr\/biogospodarstvo\/?page_id=397"},"modified":"2023-01-31T17:05:09","modified_gmt":"2023-01-31T17:05:09","slug":"edita-boric","status":"publish","type":"page","link":"http:\/\/www.ptfos.unios.hr\/biogospodarstvo\/index.php\/profesori\/edita-boric\/","title":{"rendered":"Edita Bori\u0107"},"content":{"rendered":"\n<p>Prof. dr. sc. Edita Bori\u0107 je 1998. doktorirala na Biotehni\u010dkom fakultetu Sveu\u010dili\u0161ta u Ljubljani iz interdisciplinarnih znanstvenih podru\u010dja: znanstvenog podru\u010dja prirodnih znanosti polja biologija i znanstvenog podru\u010dja dru\u0161tvenih znanosti polja pedagogija. 1990. je magistrirala u podru\u010dju prirodnih znanosti (znanstvenom polju biologija grana mikrobiologije) na Prirodoslovno-matemati\u010dkom fakultetu Sveu\u010dili\u0161ta u Zagrebu. Dodatno se usavr\u0161avala za provo\u0111enje vanjskih audita visoko\u0161kolskih institucija. 2017. je zavr\u0161ila edukaciju u Zagrebu \u201e\u010carobna svjetiljka\u201c, iz \u010detiri modula: <em>Emocionalni razvoj i podr\u0161ka, Djeca s posebnim potrebama, Terapeutska igra i Suradnja s roditeljima<\/em>, a 2021. <em>Greenway winter school <\/em>na Sveu\u010dili\u0161tu u Pe\u010duhu u Ma\u0111arskoj<em>.<\/em><\/p>\n\n\n\n<p>Stru\u010dnjak je za obrazovanja u\u010ditelja i nastavnika iz podru\u010dja pedago\u0161kih kompetencija, odr\u017eivog razvoja, ishoda u\u010denja kao i usmjerenosti nastave na u\u010denika, kvalitetu nastave, istra\u017eiva\u010dku nastavu te odgoj i obrazovanje za okoli\u0161 i zavi\u010dajne sadr\u017eaje.&nbsp;<\/p>\n\n\n\n<p>Znanstvene radove objavljuje u znanstvenim \u010dasopisima poput <em>Environmental Education Research; Education, Citizenship and Social Justice; Journal of biological education; Croatian Journal of Education. Bila je&nbsp; pozvani gostuju\u0107i profesor u sklopu projekta (INOVUP) \u201eInvolvement of visiting foreign expert and university teachers in the pedagogical process as a pillar of quality development process of internationalization of the University of Maribor.<\/em><\/p>\n\n\n\n<p>Ima dugogodi\u0161nje suradnje sa Pedago\u0161kim fakultetom Sveu\u010dili\u0161ta u Mariboru u Sloveniji, Filozofskim fakultetom na Sveu\u010dili\u0161tu u Trnavi u Slova\u010dkoj, Filozofskim fakultetom Sveu\u010dili\u0161ta u Tuzli u Bosni i Hercegovini, Sveu\u010dili\u0161tem u Novom Sadu, Visokoj \u0161koli J\u00f6zsefa E\u00f6tv\u00f6sa u Baji u Ma\u0111arskoj.<\/p>\n\n\n\n<p>Bila je voditelj ili suradnik na vi\u0161e znanstveno-istra\u017eiva\u010dkih projekata: <em>Biolo\u0161ka istra\u017eivanja Specijalnog zoolo\u0161kog rezervata Kopa\u010dki rit; Za\u0161tita voda rezervata Kopa\u010dki rit; Nastava usmjerena na istra\u017eivanje i djelovanje; Poticanje ekolo\u0161koga obrazovanja mladih u Isto\u010dnoj Slavoniji; Kompetencije u nastavi prirode i biologije; Usmjerenost nastave prirode i dru\u0161tva na razine postignu\u0107a u\u010denika<\/em>. Bila je voditeljica bilateralnog projekta Slovenije i Hrvatske <em>Kulturna ba\u0161tina u primarnom obrazovanju Slovenije i Hrvatske<\/em>, kao i projekta NATURAVITA za izradu edukativnih programa i priru\u010dnika za razli\u010dite dobne skupine za edukacije u \u0161umi.<\/p>\n\n\n\n<p>Predsjednica je i voditeljica poslijediplomskog sveu\u010dili\u0161nog doktorskog studija <em>Obrazovne znanosti i perspektive obrazovanja&nbsp; <\/em>na FOOZOS-u. Glavna je urednica \u010dasopisa&nbsp; <em>\u017divot i \u0161kola<\/em> koji objavljuje znanstvene i stru\u010dne radove s ciljem unaprje\u0111enja teorije i prakse odgoja i obrazovanja. Predsjednica je ispitnih povjerenstava za polaganje stru\u010dnih ispita iz Prirode i dru\u0161tva za u\u010ditelje. Bila je prodekanica za nastavu na U\u010diteljskom fakultetu u Osijeku.&nbsp;<\/p>\n\n\n\n<p>Stalni je sudski vje\u0161tak za podru\u010dje biologije i za podru\u010dje pedagogije.&nbsp;<\/p>\n","protected":false},"excerpt":{"rendered":"<p>Prof. dr. sc. Edita Bori\u0107 je 1998. doktorirala na Biotehni\u010dkom fakultetu Sveu\u010dili\u0161ta u Ljubljani iz interdisciplinarnih znanstvenih podru\u010dja: znanstvenog podru\u010dja prirodnih znanosti polja biologija i znanstvenog podru\u010dja dru\u0161tvenih znanosti polja pedagogija. 1990. je magistrirala u podru\u010dju prirodnih znanosti (znanstvenom polju biologija grana mikrobiologije) na Prirodoslovno-matemati\u010dkom fakultetu Sveu\u010dili\u0161ta u Zagrebu. Dodatno se usavr\u0161avala za provo\u0111enje vanjskih [&hellip;]<\/p>\n","protected":false},"author":1,"featured_media":0,"parent":341,"menu_order":0,"comment_status":"closed","ping_status":"closed","template":"","meta":[],"_links":{"self":[{"href":"http:\/\/www.ptfos.unios.hr\/biogospodarstvo\/index.php\/wp-json\/wp\/v2\/pages\/397"}],"collection":[{"href":"http:\/\/www.ptfos.unios.hr\/biogospodarstvo\/index.php\/wp-json\/wp\/v2\/pages"}],"about":[{"href":"http:\/\/www.ptfos.unios.hr\/biogospodarstvo\/index.php\/wp-json\/wp\/v2\/types\/page"}],"author":[{"embeddable":true,"href":"http:\/\/www.ptfos.unios.hr\/biogospodarstvo\/index.php\/wp-json\/wp\/v2\/users\/1"}],"replies":[{"embeddable":true,"href":"http:\/\/www.ptfos.unios.hr\/biogospodarstvo\/index.php\/wp-json\/wp\/v2\/comments?post=397"}],"version-history":[{"count":1,"href":"http:\/\/www.ptfos.unios.hr\/biogospodarstvo\/index.php\/wp-json\/wp\/v2\/pages\/397\/revisions"}],"predecessor-version":[{"id":398,"href":"http:\/\/www.ptfos.unios.hr\/biogospodarstvo\/index.php\/wp-json\/wp\/v2\/pages\/397\/revisions\/398"}],"up":[{"embeddable":true,"href":"http:\/\/www.ptfos.unios.hr\/biogospodarstvo\/index.php\/wp-json\/wp\/v2\/pages\/341"}],"wp:attachment":[{"href":"http:\/\/www.ptfos.unios.hr\/biogospodarstvo\/index.php\/wp-json\/wp\/v2\/media?parent=397"}],"curies":[{"name":"wp","href":"https:\/\/api.w.org\/{rel}","templated":true}]}}