{"id":399,"date":"2023-01-31T17:05:29","date_gmt":"2023-01-31T17:05:29","guid":{"rendered":"http:\/\/www.ptfos.unios.hr\/biogospodarstvo\/?page_id=399"},"modified":"2023-01-31T17:05:29","modified_gmt":"2023-01-31T17:05:29","slug":"emina-berbic","status":"publish","type":"page","link":"http:\/\/www.ptfos.unios.hr\/biogospodarstvo\/index.php\/profesori\/emina-berbic\/","title":{"rendered":"Emina Berbi\u0107"},"content":{"rendered":"\n<p>Emina Berbi\u0107 je 2000. zavr\u0161ila studij Hrvatskog jezika i knji\u017eevnosti na tada\u0161njem Pedago\u0161kom fakultetu (danas Filozofski fakultet) Sveu\u010dili\u0161ta Josipa Jurja Strossmayera u Osijeku. Magistrirala je 2006. godine s temom <strong><em>Posavski govori u 20. st. Naglasak na govore sela uz grad Slavonski Brod<\/em><\/strong>, a doktorirala 2009. s temom <strong><em>Govori slavonskoga dijalekta brodskoga kraja.<\/em><\/strong> Usavr\u0161avala se u zemlji i inozemstvu (Japan, Turska, Poljska, Velika Britanija, Finska, Njema\u010dka, Austrija, Norve\u0161ka, Ma\u0111arska, Bosna i Hercegovina, Crna Gora, Srbija, \u0160panjolska i Francuska). Emina Berbi\u0107 Kolar bila je vanjska suradnica U\u010diteljskog fakulteta u Osijeku na dislociranom studiju u Slavonskom Brodu od 2006. do 2008. Od 2008. godine zaposlena je na U\u010diteljskom fakultetu u Osijeku.<\/p>\n\n\n\n<p>U listopadu 2010. godine postala je prva profesorica hrvatskog jezika na studijskom programu Hrvatskoga jezika na&nbsp; studiju Balkanskih jezika Sveu\u010dili\u0161ta u Trakiji (Trakya Universitesi). Osnovala je Katedru Hrvatskog jezika na Fakultetu balkanskih jezika u Edirnu u Turskoj te tamo radila dvije akademske godine 2010.\/2011. i 2011.\/2012.<\/p>\n\n\n\n<p>Obna\u0161ala je du\u017enosti prodekanice za stru\u010dne i razvojne poslove u dvama mandatima te prodekanice za nastavu u jednom mandatu. 1. listopada 2022. izabrana je za dekanicu Fakulteta za odgojne i obrazovne znanosti na mandatno razdoblje od \u010detiri godine.<\/p>\n\n\n\n<p>Bila je voditeljicom sveu\u010dili\u0161noga doktorskoga studija Obrazovne znanosti i perspektive obrazovanja u razdoblju od 1. listopada 2020. do 15. listopada 2022.&nbsp;<\/p>\n\n\n\n<p>Na mati\u010dnom fakultetu Emina Berbi\u0107 Kolar izvodi nastavu na nekoliko kolegija: Hrvatska narje\u010dja, Hrvatski jezik, Jezi\u010dnu kulturu, Slavonski dijalekt, Zavi\u010dajni idiom, Usmenu i pisanu komunikaciju, Leksikologiju i tvorbu rije\u010di, Hrvatski jezik i komunikaciju, Javni govor, Jezi\u010dnu kulturnu ba\u0161tinu, Funkcionalne stilove hrvatskoga knji\u017eevnog jezika, a na doktorskom studiju Obrazovne znanosti i perspektive obrazovanja izvodi dva kolegija Humanisti\u010dke ba\u0161tinske teme u odgoju i obrazovanju te Jezik i identitet u odgoju i obrazovanju.<\/p>\n\n\n\n<p>Napisala je vi\u0161e od stotinu znanstvenih i stru\u010dnih radova te je suautorica pet knjiga: Kultura pam\u0107enja Slavonskog Koba\u0161a u povijesno-jezi\u010dnom kontekstu, Si\u010danske ri\u010di, Leksikon slavonske narodne medicine, Disleksija i disgrafija: odre\u0111enja, pristupi i smjernice, Od ideje do promjene: Vodi\u010d za pokretanje programa dru\u0161tveno korisnog u\u010denja.<\/p>\n\n\n\n<p>\u010clanica je uredni\u0161tva u \u0161est me\u0111unarodnih \u010dasopisa: Evkonyv (Srbija), Oral History (Turska), Dru\u0161tvene i humanisti\u010dke nauke (Bosna i Hercegovina), Danubis Noster (Ma\u0111arska), Educational Role of Language Journal (Poljska) Insan Bilimleri Dergisi (Turska) te u dva doma\u0107a \u010dasopisa: \u017divot i \u0161kola te Panoniana.<\/p>\n\n\n\n<p>Emina Berbi\u0107 Kolar istra\u017eiva\u010dica je na nekoliko europskih i doma\u0107ih akademskih i stru\u010dnih projekata: Inoviranje programa u\u010diteljskih i odgojiteljskih studija primjenom HKO-a, Edu Policy Lab (dru\u0161tveno korisno u\u010denje), Osna\u017eivanje u\u010ditelja i odgojitelja hrvatske nacionalnosti u Republici Ma\u0111arskoj pou\u010davanju struke na hrvatskome standardnom jeziku, Grad za mlade (Strategija pobolj\u0161anja \u017eivota mladih ljudi u Slavonskom Brodu), Izgradnja zajednice prijatelja djece, IPA Navigator, identificiranje djece s poreme\u0107ajima, Razvoj kvalitete strate\u0161kih obrazovnih kompetencija u visokom obrazovanju, prilagodba promijenjenim gospodarskim i okoli\u0161nim uvjetima i pobolj\u0161anje pristupa\u010dnosti elemenata osposobljavanja za implementaciju, N-arts, obrazovanje odraslih te nekoliko sveu\u010dili\u0161nih internih projekata: Slavonski dijalekt, Staroperkova\u010dki divani, projekata Ministarstva kulture i medija kao i projekata Sredi\u0161njeg dr\u017eavnog ureda za Hrvate izvan Republike Hrvatske: Nematerijalna jezi\u010dna kulturna ba\u0161tina, Promicanje znanstvenih istra\u017eivanja jezi\u010dne ba\u0161tine hrvatskoga naroda. kao i niz projekata popularizacije znanosti.&nbsp;<\/p>\n","protected":false},"excerpt":{"rendered":"<p>Emina Berbi\u0107 je 2000. zavr\u0161ila studij Hrvatskog jezika i knji\u017eevnosti na tada\u0161njem Pedago\u0161kom fakultetu (danas Filozofski fakultet) Sveu\u010dili\u0161ta Josipa Jurja Strossmayera u Osijeku. Magistrirala je 2006. godine s temom Posavski govori u 20. st. Naglasak na govore sela uz grad Slavonski Brod, a doktorirala 2009. s temom Govori slavonskoga dijalekta brodskoga kraja. Usavr\u0161avala se u [&hellip;]<\/p>\n","protected":false},"author":1,"featured_media":0,"parent":341,"menu_order":0,"comment_status":"closed","ping_status":"closed","template":"","meta":[],"_links":{"self":[{"href":"http:\/\/www.ptfos.unios.hr\/biogospodarstvo\/index.php\/wp-json\/wp\/v2\/pages\/399"}],"collection":[{"href":"http:\/\/www.ptfos.unios.hr\/biogospodarstvo\/index.php\/wp-json\/wp\/v2\/pages"}],"about":[{"href":"http:\/\/www.ptfos.unios.hr\/biogospodarstvo\/index.php\/wp-json\/wp\/v2\/types\/page"}],"author":[{"embeddable":true,"href":"http:\/\/www.ptfos.unios.hr\/biogospodarstvo\/index.php\/wp-json\/wp\/v2\/users\/1"}],"replies":[{"embeddable":true,"href":"http:\/\/www.ptfos.unios.hr\/biogospodarstvo\/index.php\/wp-json\/wp\/v2\/comments?post=399"}],"version-history":[{"count":1,"href":"http:\/\/www.ptfos.unios.hr\/biogospodarstvo\/index.php\/wp-json\/wp\/v2\/pages\/399\/revisions"}],"predecessor-version":[{"id":400,"href":"http:\/\/www.ptfos.unios.hr\/biogospodarstvo\/index.php\/wp-json\/wp\/v2\/pages\/399\/revisions\/400"}],"up":[{"embeddable":true,"href":"http:\/\/www.ptfos.unios.hr\/biogospodarstvo\/index.php\/wp-json\/wp\/v2\/pages\/341"}],"wp:attachment":[{"href":"http:\/\/www.ptfos.unios.hr\/biogospodarstvo\/index.php\/wp-json\/wp\/v2\/media?parent=399"}],"curies":[{"name":"wp","href":"https:\/\/api.w.org\/{rel}","templated":true}]}}