{"id":401,"date":"2023-01-31T17:05:52","date_gmt":"2023-01-31T17:05:52","guid":{"rendered":"http:\/\/www.ptfos.unios.hr\/biogospodarstvo\/?page_id=401"},"modified":"2023-01-31T17:06:04","modified_gmt":"2023-01-31T17:06:04","slug":"irella-bogut","status":"publish","type":"page","link":"http:\/\/www.ptfos.unios.hr\/biogospodarstvo\/index.php\/profesori\/irella-bogut\/","title":{"rendered":"Irella Bogut"},"content":{"rendered":"\n<p>Prof. dr. sc. Irella Bogut magistrirala je 16. svibnja 2000. godine na Biolo\u0161kom odsjeku Prirodoslovno-matemati\u010dkog fakultetu Sveu\u010dili\u0161ta u Zagrebu s temom \u201eFunkcionalna uloga akvati\u010dkih slobodno \u017eive\u0107ih Nematoda u sedimentu eulitorala Sakada\u0161kog jezera\u201c. 11. svibnja 2005. godine obranila je doktorsku disertaciju na Biolo\u0161kom odsjeku Prirodoslovno-matemati\u010dkom fakultetu Sveu\u010dili\u0161ta u Zagrebu pod naslovom: \u201eFunkcionalna struktura makrofaune i meiofaune u makrofitskim zajednicama Kopa\u010dkog rita\u201c i stekla akademski stupanj doktorice znanosti iz podru\u010dja prirodnih znanosti, znanstvenog polja biologija, grana ekologija.<\/p>\n\n\n\n<p>Dana 4. prosinca 2007. izabrana je za znanstvenu suradnicu za znanstveno podru\u010dje prirodnih znanosti, znanstveno polje biologija, grana op\u0107a biologija, a 15. travnja 2008. za docenticu na U\u010diteljskom fakultetu u Osijeku (danas Fakultet za odgojne i obrazovne znanosti). Za vi\u0161u znanstvenu suradnicu izabrana je od strane Mati\u010dnog odbora za interdisciplinarne znanosti (znanost; umjetnost), znanstveno podru\u010dje: interdisciplinarna podru\u010dja znanosti (polje biologija, polje pedagogija) 14. lipnja 2012., a 11. srpnja 2012. za izvanrednu profesoricu na U\u010diteljskom fakultetu u Osijeku (danas Fakultet za odgojne i obrazovne znanosti). 27. travnja 2018. izabrana je u znanstveno zvanje znanstvene savjetnice u interdisciplinarnom podru\u010dju znanosti te 12. srpnja 2018. u znanstveno-nastavno zvanje redovite profesorice. Od 2008. do 2010. je bila predsjednica Katedre za matematiku i prirodoslovlje U\u010diteljskog fakulteta u Osijeku, od 1. svibnja do 30. rujna 2010. v. d. prodekanica za nastavu, a od 1. listopada 2010. do 30. rujna 2018. prodekanica za znanost na Fakultetu za odgojne i obrazovne znanosti Sveu\u010dili\u0161ta J. J. Strossmayera u Osijeku. Od 1. listopada 2019. predsjednica je Katedre za prirodoslovlje, od 1. listopada 2021. voditeljica dislociranog studija u Slatini i od 1. listopada 2022. zamjenica voditeljice poslijediplomskog (doktorskog) studija Obrazovne znanosti i perspektive obrazovanja. \u010clanica je vi\u0161e znanstvenih i stru\u010dnih povjerenstava i odbora na Fakultetu za odgojne i obrazovne znanosti i Rektoratu Sveu\u010dili\u0161ta J. J. Strossmayera u Osijeku, kao i na Biolo\u0161kom odsjeku Prirodoslovno-matemati\u010dkog fakulteta Sveu\u010dili\u0161ta u Zagrebu. \u010clanica je Mati\u010dnog dobora za Interdisciplinarno podru\u010dje (znanost; umjetnost).&nbsp;<\/p>\n\n\n\n<p>Bila je istra\u017eiva\u010dica i suradnica na 15 inozemnih i doma\u0107ih projekata (Za\u0161tita voda rezervata Kopa\u010dki rit \u2013 interakcije Dunava i poplavnog podru\u010dja, Ekolo\u0161ko stanje akumulacije Modrac (Tuzla), Revitalizacija podru\u010dja Kri\u017enice, Pacemaking the education and employment: answers to new shallenges and opportuinites, Fostering use of renewable energy sources and waste to energy concept through targeted actions and raising of environmental awareness, Plankton i perifiton u ribnjacima Poljoprivrednog poduze\u0107a Orahovica i dr.). Sudjelovala je brojnim skupovima na kojima je odr\u017eala pozvana, usmena i posterska priop\u0107enja. Objavila je vi\u0161e od 60 znanstvenih i stru\u010dnih radova, autorica i suatorica je vi\u0161e od 30 objavljenih obrazovnih materijala.&nbsp;<\/p>\n\n\n\n<p>\u010clanica je uredni\u0161tva znanstvenih \u010dasopisa Educatio biologiae i Pannoniana te zborni\u010dke periodike Kopa\u010dki rit \u2013 ju\u010der, danas, sutra. \u010clanica je Alumni BiolOs, Hrvatskog udru\u017eenja saltkovodnih ekologa (HUSEk) i International Association of Environmental Scientists and Professionals (IASP).&nbsp;<\/p>\n\n\n\n<p>Bavi se humanitarnim radom, \u010dlanica je Lions kluba Mursa u Osijeku od 2012. godine, u Distriktu 126-Hrvatska kroz godine obna\u0161ala je vode\u0107e funkcije (predsjednica Regije Istok, predsjednica Zone, predsjednica kluba, predsjednca Povjerenstva za Poster mira). Dobitnica je vi\u0161e nagrada i priznanja za znanstveni, stru\u010dni i humanitarni rad.<\/p>\n","protected":false},"excerpt":{"rendered":"<p>Prof. dr. sc. Irella Bogut magistrirala je 16. svibnja 2000. godine na Biolo\u0161kom odsjeku Prirodoslovno-matemati\u010dkog fakultetu Sveu\u010dili\u0161ta u Zagrebu s temom \u201eFunkcionalna uloga akvati\u010dkih slobodno \u017eive\u0107ih Nematoda u sedimentu eulitorala Sakada\u0161kog jezera\u201c. 11. svibnja 2005. godine obranila je doktorsku disertaciju na Biolo\u0161kom odsjeku Prirodoslovno-matemati\u010dkom fakultetu Sveu\u010dili\u0161ta u Zagrebu pod naslovom: \u201eFunkcionalna struktura makrofaune i meiofaune [&hellip;]<\/p>\n","protected":false},"author":1,"featured_media":0,"parent":341,"menu_order":0,"comment_status":"closed","ping_status":"closed","template":"","meta":[],"_links":{"self":[{"href":"http:\/\/www.ptfos.unios.hr\/biogospodarstvo\/index.php\/wp-json\/wp\/v2\/pages\/401"}],"collection":[{"href":"http:\/\/www.ptfos.unios.hr\/biogospodarstvo\/index.php\/wp-json\/wp\/v2\/pages"}],"about":[{"href":"http:\/\/www.ptfos.unios.hr\/biogospodarstvo\/index.php\/wp-json\/wp\/v2\/types\/page"}],"author":[{"embeddable":true,"href":"http:\/\/www.ptfos.unios.hr\/biogospodarstvo\/index.php\/wp-json\/wp\/v2\/users\/1"}],"replies":[{"embeddable":true,"href":"http:\/\/www.ptfos.unios.hr\/biogospodarstvo\/index.php\/wp-json\/wp\/v2\/comments?post=401"}],"version-history":[{"count":2,"href":"http:\/\/www.ptfos.unios.hr\/biogospodarstvo\/index.php\/wp-json\/wp\/v2\/pages\/401\/revisions"}],"predecessor-version":[{"id":403,"href":"http:\/\/www.ptfos.unios.hr\/biogospodarstvo\/index.php\/wp-json\/wp\/v2\/pages\/401\/revisions\/403"}],"up":[{"embeddable":true,"href":"http:\/\/www.ptfos.unios.hr\/biogospodarstvo\/index.php\/wp-json\/wp\/v2\/pages\/341"}],"wp:attachment":[{"href":"http:\/\/www.ptfos.unios.hr\/biogospodarstvo\/index.php\/wp-json\/wp\/v2\/media?parent=401"}],"curies":[{"name":"wp","href":"https:\/\/api.w.org\/{rel}","templated":true}]}}