{"id":404,"date":"2023-01-31T17:06:21","date_gmt":"2023-01-31T17:06:21","guid":{"rendered":"http:\/\/www.ptfos.unios.hr\/biogospodarstvo\/?page_id=404"},"modified":"2023-01-31T17:06:21","modified_gmt":"2023-01-31T17:06:21","slug":"ivica-kelam","status":"publish","type":"page","link":"http:\/\/www.ptfos.unios.hr\/biogospodarstvo\/index.php\/profesori\/ivica-kelam\/","title":{"rendered":"Ivica Kelam"},"content":{"rendered":"\n<p>Izvanredni profesor Ivica Kelam voditelj je Katedre za filozofiju i povijest Fakulteta za odgojne i obrazovne znanosti u Osijeku, gdje predaje filozofiju obrazovanja, etiku u\u010diteljske profesije i bioetiku. Od 2018. voditelj je Osje\u010dke jedinice Me\u0111unarodne katedre za bioetiku. 2014. uspje\u0161no je obranio doktorski rad pod naslovom \u2018Geneti\u010dki modificirani usjevi kao bioeti\u010dki problem\u2019. Od 2016. voditelj je Centra za integrativnu bioetiku Sveu\u010dili\u0161ta Josipa Jurja Strossamyera u Osijeku. Od 2020. je zaposlen na Kineziolo\u0161kom fakultetu na kojem je voditelj Katedre za nemati\u010dne discipline u kineziologiji. Na Kineziolo\u0161kom fakultetu prvi u Hrvatskoj uvodi kolegij bioetiku sporta kao obavezni predmet na diplomskom studiju, te predaje i kolegij dru\u0161tvo i sport. Na doktorskim studijima Sveu\u010dili\u0161ta u Osijeku predaje etiku u bioznanostima na doktorskom studiju molekularne biologiju i Bioeti\u010dki senzibilitet u\u00a0 odgoju i obrazovanju za odr\u017eivi razvoj na doktorskom studiju na Fakultetu za odgojne i obrazovne znanosti. Predsjednik je Organizacijskog odbora Osje\u010dkih dana bioetike, me\u0111unarodne bioeti\u010dke konferencije koja se odr\u017eava u Osijeku. Objavio je knjigu \u2018Geneti\u010dki modificirani usjevi kao bioeti\u010dki problem\u2019, preko 40 znanstvenih radova u hrvatskim i inozemnim znanstvenim \u010dasopisima te sudjelovao na vi\u0161e od 80 znanstvenih skupova u Hrvatskoj i inozemstvu. Godine 2020. izabran je za predsjednika Hrvatskog bioeti\u010dkog dru\u0161tva. \u010clan\u00a0 je uredni\u0161tva znanstvenih \u010dasopisa Conatus (Atena), Filozofska istra\u017eivanja (Zagreb), Synthesis Philosophica (Zagreb) i Pannoniana (Osijek), a bio je gostuju\u0107i urednik \u010dasopisa <em>Jahr<\/em>. Od 2017. godine \u010dlan je Vije\u0107a za GMO. O\u017eenjen i otac troje djece.\u00a0<\/p>\n","protected":false},"excerpt":{"rendered":"<p>Izvanredni profesor Ivica Kelam voditelj je Katedre za filozofiju i povijest Fakulteta za odgojne i obrazovne znanosti u Osijeku, gdje predaje filozofiju obrazovanja, etiku u\u010diteljske profesije i bioetiku. Od 2018. voditelj je Osje\u010dke jedinice Me\u0111unarodne katedre za bioetiku. 2014. uspje\u0161no je obranio doktorski rad pod naslovom \u2018Geneti\u010dki modificirani usjevi kao bioeti\u010dki problem\u2019. Od 2016. voditelj [&hellip;]<\/p>\n","protected":false},"author":1,"featured_media":0,"parent":341,"menu_order":0,"comment_status":"closed","ping_status":"closed","template":"","meta":[],"_links":{"self":[{"href":"http:\/\/www.ptfos.unios.hr\/biogospodarstvo\/index.php\/wp-json\/wp\/v2\/pages\/404"}],"collection":[{"href":"http:\/\/www.ptfos.unios.hr\/biogospodarstvo\/index.php\/wp-json\/wp\/v2\/pages"}],"about":[{"href":"http:\/\/www.ptfos.unios.hr\/biogospodarstvo\/index.php\/wp-json\/wp\/v2\/types\/page"}],"author":[{"embeddable":true,"href":"http:\/\/www.ptfos.unios.hr\/biogospodarstvo\/index.php\/wp-json\/wp\/v2\/users\/1"}],"replies":[{"embeddable":true,"href":"http:\/\/www.ptfos.unios.hr\/biogospodarstvo\/index.php\/wp-json\/wp\/v2\/comments?post=404"}],"version-history":[{"count":1,"href":"http:\/\/www.ptfos.unios.hr\/biogospodarstvo\/index.php\/wp-json\/wp\/v2\/pages\/404\/revisions"}],"predecessor-version":[{"id":405,"href":"http:\/\/www.ptfos.unios.hr\/biogospodarstvo\/index.php\/wp-json\/wp\/v2\/pages\/404\/revisions\/405"}],"up":[{"embeddable":true,"href":"http:\/\/www.ptfos.unios.hr\/biogospodarstvo\/index.php\/wp-json\/wp\/v2\/pages\/341"}],"wp:attachment":[{"href":"http:\/\/www.ptfos.unios.hr\/biogospodarstvo\/index.php\/wp-json\/wp\/v2\/media?parent=404"}],"curies":[{"name":"wp","href":"https:\/\/api.w.org\/{rel}","templated":true}]}}