{"id":408,"date":"2023-01-31T17:07:01","date_gmt":"2023-01-31T17:07:01","guid":{"rendered":"http:\/\/www.ptfos.unios.hr\/biogospodarstvo\/?page_id=408"},"modified":"2023-01-31T17:07:01","modified_gmt":"2023-01-31T17:07:01","slug":"marina-tisma","status":"publish","type":"page","link":"http:\/\/www.ptfos.unios.hr\/biogospodarstvo\/index.php\/profesori\/marina-tisma\/","title":{"rendered":"Marina Ti\u0161ma"},"content":{"rendered":"\n<p>Prof. dr. sc. Marina Ti\u0161ma je doktorirala u znanstvenom polju biotehnologije na Prehrambeno- biotehnolo\u0161kom fakultetu Sveu\u010dili\u0161ta u Zagrebu 2010. godine. 2011. je zavr\u0161ila Pedago\u0161ko-psiholo\u0161ku i didakti\u010dko-metodi\u010dku izobrazbu na U\u010diteljskom fakultetu Sveu\u010dili\u0161ta u Osijeku, a 2021. <em>Executive Program Circular Economy &amp; Sustainability Strategies<\/em> na Sveu\u010dili\u0161tu u Cambridge-u u Velikoj Britaniji.<\/p>\n\n\n\n<p>Stru\u010dnjak je iz podru\u010dja razvoja odr\u017eivih procesa proizvodnje biogoriva i visokovrijednih produkata iz biomase. Dr\u017ei ciklus edukacija iz podru\u010dja primjene industrijske biotehnologije u odr\u017eivom i kru\u017enom biogospodarstvu poduzetnicima i konzultantima, ali i znanstvenicima koji \u017eele implementirati rezultate svojih istra\u017eivanja na tr\u017ei\u0161te.<\/p>\n\n\n\n<p>Bila je pozvani predava\u010d na brojnim kongresima u zemlji i svijetu. Znanstvene radove objavljuje u presti\u017enim znanstvenim \u010dasopisima poput Chemical Engineering Journal (IF = 16.744), Bioresource Technology (IF = 11.889), Applied Energy (IF = 11.446), Journal of Cleaner Production (IF = 11.072), itd. Prije akademske karijere radila je u industriji slada i piva u sklopu \u010dega se usavr\u0161avala u belgijskim sladarama i pivovarama.<\/p>\n\n\n\n<p>U posljednjih 10 godina bila je voditelj ili suradnik na nekoliko razvojno-istra\u017eiva\u010dkih projekata iz podru\u010dja biogospodarstva od \u010dega su \u010detiri financirana iz strukturnih fondova Europske Unije. Ima dugogodi\u0161nje suradnje za znanstvenicima iz europskih i svjetskih znanstvenih institucija, kao \u0161to su Kina (Shangai Advanced Research Institute), Australija (The University of Adelaide), Velika Britanija (University College London), Slovenija (Faculty of Chemistry and Chemical Technology), Turska (Hacettepe University), \u010ce\u0161ka (Institute of Chemical Process Fundamentals), itd.<\/p>\n\n\n\n<p>\u010clan&nbsp; je uredni\u0161tva znanstvenih \u010dasopisa Chemical and Biochemical Engineering Journal Quarterly (CABEQ) i Croatian Journal of Food Science and Technology (CJFST), a bila je gostuju\u0107i urednik \u010dasopisa <em>Frontiers in Biotechnology and Bioengineering<\/em>. Recenzent je me\u0111unarodnih znanstvenih projekata (\u010ce\u0161ka, Slovenija, Latvija). \u010clan je EFB-a (European Federation of Biotechnology), ESAB-a (European Society of Applied Biocatalysis), HDKI-a (Hrvatsko dru\u0161tvo kemijskih in\u017eenjera i tehnologa) i Udruge TechnOS. Dopredsjednica je Udruge sportske rekreacije i kineziterapije \u201eKinesis\u201c.<\/p>\n\n\n\n<p>Svira klavir i bavi se planinarenjem.<\/p>\n","protected":false},"excerpt":{"rendered":"<p>Prof. dr. sc. Marina Ti\u0161ma je doktorirala u znanstvenom polju biotehnologije na Prehrambeno- biotehnolo\u0161kom fakultetu Sveu\u010dili\u0161ta u Zagrebu 2010. godine. 2011. je zavr\u0161ila Pedago\u0161ko-psiholo\u0161ku i didakti\u010dko-metodi\u010dku izobrazbu na U\u010diteljskom fakultetu Sveu\u010dili\u0161ta u Osijeku, a 2021. Executive Program Circular Economy &amp; Sustainability Strategies na Sveu\u010dili\u0161tu u Cambridge-u u Velikoj Britaniji. Stru\u010dnjak je iz podru\u010dja razvoja odr\u017eivih [&hellip;]<\/p>\n","protected":false},"author":1,"featured_media":0,"parent":341,"menu_order":0,"comment_status":"closed","ping_status":"closed","template":"","meta":[],"_links":{"self":[{"href":"http:\/\/www.ptfos.unios.hr\/biogospodarstvo\/index.php\/wp-json\/wp\/v2\/pages\/408"}],"collection":[{"href":"http:\/\/www.ptfos.unios.hr\/biogospodarstvo\/index.php\/wp-json\/wp\/v2\/pages"}],"about":[{"href":"http:\/\/www.ptfos.unios.hr\/biogospodarstvo\/index.php\/wp-json\/wp\/v2\/types\/page"}],"author":[{"embeddable":true,"href":"http:\/\/www.ptfos.unios.hr\/biogospodarstvo\/index.php\/wp-json\/wp\/v2\/users\/1"}],"replies":[{"embeddable":true,"href":"http:\/\/www.ptfos.unios.hr\/biogospodarstvo\/index.php\/wp-json\/wp\/v2\/comments?post=408"}],"version-history":[{"count":1,"href":"http:\/\/www.ptfos.unios.hr\/biogospodarstvo\/index.php\/wp-json\/wp\/v2\/pages\/408\/revisions"}],"predecessor-version":[{"id":409,"href":"http:\/\/www.ptfos.unios.hr\/biogospodarstvo\/index.php\/wp-json\/wp\/v2\/pages\/408\/revisions\/409"}],"up":[{"embeddable":true,"href":"http:\/\/www.ptfos.unios.hr\/biogospodarstvo\/index.php\/wp-json\/wp\/v2\/pages\/341"}],"wp:attachment":[{"href":"http:\/\/www.ptfos.unios.hr\/biogospodarstvo\/index.php\/wp-json\/wp\/v2\/media?parent=408"}],"curies":[{"name":"wp","href":"https:\/\/api.w.org\/{rel}","templated":true}]}}