{"id":410,"date":"2023-01-31T17:07:18","date_gmt":"2023-01-31T17:07:18","guid":{"rendered":"http:\/\/www.ptfos.unios.hr\/biogospodarstvo\/?page_id=410"},"modified":"2023-01-31T17:07:18","modified_gmt":"2023-01-31T17:07:18","slug":"natalija-velic","status":"publish","type":"page","link":"http:\/\/www.ptfos.unios.hr\/biogospodarstvo\/index.php\/profesori\/natalija-velic\/","title":{"rendered":"Natalija Veli\u0107"},"content":{"rendered":"\n<p>Prof. dr. sc. Natalija Veli\u0107 doktorirala je u znanstvenom podru\u010dju Biotehni\u010dkih znanosti, znanstvenom polju biotehnologije na Prehrambeno- biotehnolo\u0161kom fakultetu Sveu\u010dili\u0161ta u Zagrebu 2010. godine.&nbsp;<\/p>\n\n\n\n<p>2000. godine zavr\u0161ila je <em>University Course in Leadership and Developmental Youthwork<\/em>, koji su zajedni\u010dki provodili University of Jonk\u00f6ping, \u0160vedska i PRONI Institut za socijalno podu\u010davanje, Osijek. 2008. zavr\u0161ila je <em>Advanced Course on Biotechnology and Intellectual Property<\/em>, koji provodi Svjetska Svjetska organizacija za intelektualno vlasni\u0161tvo (WIPO Worldwide Academy). 2011. zavr\u0161ila je Pedago\u0161ko-psiholo\u0161ku i didakti\u010dko-metodi\u010dku izobrazbu na U\u010diteljskom fakultetu Sveu\u010dili\u0161ta u Osijeku. Od rujna 2022. godine poha\u0111a <em>Online Solid Waste Management Course<\/em> koji provodi IHE Delft Institute for Water Education, Delft, Nizozemska.&nbsp;<\/p>\n\n\n\n<p>Od prosinca 1999. godine radi na Prehrambeno-tehnolo\u0161kom fakultetu Osijek, Sveu\u010dili\u0161ta J.J. Strossmayera u Osijeku kao asistent, a od 2011. kao nastavnik na kolegijima razli\u010ditih razina studijskih programa. Usavr\u0161avala se u inozemstvu u okviru programa mobilnosti ERASMUS+ i CEEPUS te je ostvarila suradnju s istra\u017eiva\u010dima iz drugih europskih zemalja (Ma\u0111arska, Austrija, Poljska, Italija, Gr\u010dka, Slovenija, Srbija).&nbsp;<\/p>\n\n\n\n<p>Njezine istra\u017eiva\u010dke aktivnosti uglavnom su vezane uz fermentacijske tehnologije i primjenu biotehnolo\u0161kih i in\u017eenjerskih na\u010dela u za\u0161titi okoli\u0161a, posebice istra\u017eivanja mogu\u0107nosti iskori\u0161tenja proizvodnih ostataka razli\u010ditih industrija (lignocelulozni materijali, mikrobna biomasa) kao biosorbensa za uklanjanje one\u010di\u0161\u0107uju\u0107ih tvari iz otpadnih voda ili kao nosa\u010da za imobilizaciju enzima te mogu\u0107nosti primjena vi\u0161ih gljiva u bioremedijaciji otpadnih voda. Rezultate istra\u017eivanja prezentirala je na me\u0111unarodnim skupovima u zemlji i inozemstvu (uklju\u010duju\u0107i i nekoliko pozvanih predavanja) te u znanstvenim i stru\u010dnim \u010dasopisima. Bila je uklju\u010dena kao suradnik u nekoliko nacionalnih i EU projekata, a trenutno je suradnik na dva europska projekta i jednom projektu koji financira Hrvatska zaklada za znanost.<\/p>\n\n\n\n<p>\u010clanica je Hrvatskog dru\u0161tva za biotehnologiju, Hrvatskog dru\u0161tva za za\u0161titu voda i EBTNA (European Biotechnology Thematic Network Association).<\/p>\n","protected":false},"excerpt":{"rendered":"<p>Prof. dr. sc. Natalija Veli\u0107 doktorirala je u znanstvenom podru\u010dju Biotehni\u010dkih znanosti, znanstvenom polju biotehnologije na Prehrambeno- biotehnolo\u0161kom fakultetu Sveu\u010dili\u0161ta u Zagrebu 2010. godine.&nbsp; 2000. godine zavr\u0161ila je University Course in Leadership and Developmental Youthwork, koji su zajedni\u010dki provodili University of Jonk\u00f6ping, \u0160vedska i PRONI Institut za socijalno podu\u010davanje, Osijek. 2008. zavr\u0161ila je Advanced Course [&hellip;]<\/p>\n","protected":false},"author":1,"featured_media":0,"parent":341,"menu_order":0,"comment_status":"closed","ping_status":"closed","template":"","meta":[],"_links":{"self":[{"href":"http:\/\/www.ptfos.unios.hr\/biogospodarstvo\/index.php\/wp-json\/wp\/v2\/pages\/410"}],"collection":[{"href":"http:\/\/www.ptfos.unios.hr\/biogospodarstvo\/index.php\/wp-json\/wp\/v2\/pages"}],"about":[{"href":"http:\/\/www.ptfos.unios.hr\/biogospodarstvo\/index.php\/wp-json\/wp\/v2\/types\/page"}],"author":[{"embeddable":true,"href":"http:\/\/www.ptfos.unios.hr\/biogospodarstvo\/index.php\/wp-json\/wp\/v2\/users\/1"}],"replies":[{"embeddable":true,"href":"http:\/\/www.ptfos.unios.hr\/biogospodarstvo\/index.php\/wp-json\/wp\/v2\/comments?post=410"}],"version-history":[{"count":1,"href":"http:\/\/www.ptfos.unios.hr\/biogospodarstvo\/index.php\/wp-json\/wp\/v2\/pages\/410\/revisions"}],"predecessor-version":[{"id":411,"href":"http:\/\/www.ptfos.unios.hr\/biogospodarstvo\/index.php\/wp-json\/wp\/v2\/pages\/410\/revisions\/411"}],"up":[{"embeddable":true,"href":"http:\/\/www.ptfos.unios.hr\/biogospodarstvo\/index.php\/wp-json\/wp\/v2\/pages\/341"}],"wp:attachment":[{"href":"http:\/\/www.ptfos.unios.hr\/biogospodarstvo\/index.php\/wp-json\/wp\/v2\/media?parent=410"}],"curies":[{"name":"wp","href":"https:\/\/api.w.org\/{rel}","templated":true}]}}