{"id":414,"date":"2023-01-31T17:08:05","date_gmt":"2023-01-31T17:08:05","guid":{"rendered":"http:\/\/www.ptfos.unios.hr\/biogospodarstvo\/?page_id=414"},"modified":"2023-01-31T17:08:05","modified_gmt":"2023-01-31T17:08:05","slug":"zvonimir-uzarevic","status":"publish","type":"page","link":"http:\/\/www.ptfos.unios.hr\/biogospodarstvo\/index.php\/profesori\/zvonimir-uzarevic\/","title":{"rendered":"Zvonimir U\u017earevi\u0107"},"content":{"rendered":"\n<p>Izv. prof. dr. sc. Zvonimir U\u017earevi\u0107 je doktorirao 2011. godine u znanstvenom podru\u010dju prirodnih znanosti, znanstvenom polju biologija, znanstvenoj grani biokemija i molekularna biologija na Sveu\u010dili\u0161nom poslijediplomskom interdisciplinarnom doktorskom studiju Molekularne bioznanosti Sveu\u010dili\u0161ta Josipa Jurja Strossmayera u Osijeku, Instituta Ru\u0111er Bo\u0161kovi\u0107 u Zagrebu i Sveu\u010dili\u0161ta u Dubrovniku. Godine 2019. izabran je u znanstveno-nastavno zvanje izvanrednog profesora u interdisciplinarnom podru\u010dju znanosti (izborna polja: 3.01. temeljne medicinske znanosti i 4.07. interdisciplinarne biotehni\u010dke znanosti).<\/p>\n\n\n\n<p>Sudjelovao ja s priop\u0107enjima na brojnim doma\u0107im i me\u0111unarodnim znanstvenim skupovima. Znanstvene radove objavljuje u znanstvenim \u010dasopisima poput International Journal of Environmental Research and Public Health (Q1, IF = 4.614), PLOS ONE (Q1, IF = 3.752), itd.<\/p>\n\n\n\n<p>Kao istra\u017eiva\u010d sudjelovao je u realizaciji znanstveno-istra\u017eiva\u010dkih projekata \u201eAnatomska gra\u0111a iglica o\u0161te\u0107enih stabala jele (<em>Abies alba<\/em> Mill.) s Risnjaka\u201c, \u201eIstra\u017eivanja vegetativnih pupova, izbojaka i iglica smreke\u201c i \u201eStani\u010dna i tkivna diferencijacija tijekom razvoja biljnih organa\u201c. Bio je glavni istra\u017eiva\u010d na internom sveu\u010dili\u0161nom znanstveno-istra\u017eiva\u010dkom projektu \u201eKvaliteta \u017eivota djece i adolescenata na podru\u010dju isto\u010dne Hrvatske\u201c.<\/p>\n\n\n\n<p>\u010clan je Europskog dru\u0161tva za istra\u017eivanje raka, Hrvatskog dru\u0161tva za istra\u017eivanje raka, Hrvatskog biolo\u0161kog dru\u0161tva, Hrvatskog botani\u010dkog dru\u0161tva, Hrvatskog dru\u0161tva za biljnu fiziologiju i Hrvatskog kemijskog dru\u0161tva.<\/p>\n","protected":false},"excerpt":{"rendered":"<p>Izv. prof. dr. sc. Zvonimir U\u017earevi\u0107 je doktorirao 2011. godine u znanstvenom podru\u010dju prirodnih znanosti, znanstvenom polju biologija, znanstvenoj grani biokemija i molekularna biologija na Sveu\u010dili\u0161nom poslijediplomskom interdisciplinarnom doktorskom studiju Molekularne bioznanosti Sveu\u010dili\u0161ta Josipa Jurja Strossmayera u Osijeku, Instituta Ru\u0111er Bo\u0161kovi\u0107 u Zagrebu i Sveu\u010dili\u0161ta u Dubrovniku. Godine 2019. izabran je u znanstveno-nastavno zvanje izvanrednog [&hellip;]<\/p>\n","protected":false},"author":1,"featured_media":0,"parent":341,"menu_order":0,"comment_status":"closed","ping_status":"closed","template":"","meta":[],"_links":{"self":[{"href":"http:\/\/www.ptfos.unios.hr\/biogospodarstvo\/index.php\/wp-json\/wp\/v2\/pages\/414"}],"collection":[{"href":"http:\/\/www.ptfos.unios.hr\/biogospodarstvo\/index.php\/wp-json\/wp\/v2\/pages"}],"about":[{"href":"http:\/\/www.ptfos.unios.hr\/biogospodarstvo\/index.php\/wp-json\/wp\/v2\/types\/page"}],"author":[{"embeddable":true,"href":"http:\/\/www.ptfos.unios.hr\/biogospodarstvo\/index.php\/wp-json\/wp\/v2\/users\/1"}],"replies":[{"embeddable":true,"href":"http:\/\/www.ptfos.unios.hr\/biogospodarstvo\/index.php\/wp-json\/wp\/v2\/comments?post=414"}],"version-history":[{"count":1,"href":"http:\/\/www.ptfos.unios.hr\/biogospodarstvo\/index.php\/wp-json\/wp\/v2\/pages\/414\/revisions"}],"predecessor-version":[{"id":415,"href":"http:\/\/www.ptfos.unios.hr\/biogospodarstvo\/index.php\/wp-json\/wp\/v2\/pages\/414\/revisions\/415"}],"up":[{"embeddable":true,"href":"http:\/\/www.ptfos.unios.hr\/biogospodarstvo\/index.php\/wp-json\/wp\/v2\/pages\/341"}],"wp:attachment":[{"href":"http:\/\/www.ptfos.unios.hr\/biogospodarstvo\/index.php\/wp-json\/wp\/v2\/media?parent=414"}],"curies":[{"name":"wp","href":"https:\/\/api.w.org\/{rel}","templated":true}]}}