{"id":422,"date":"2018-03-06T11:36:33","date_gmt":"2018-03-06T10:36:33","guid":{"rendered":"http:\/\/www.ptfos.unios.hr\/isc_green\/?page_id=422"},"modified":"2022-05-22T06:31:27","modified_gmt":"2022-05-22T04:31:27","slug":"koordinatori","status":"publish","type":"page","link":"http:\/\/www.ptfos.unios.hr\/isc_green\/index.php\/koordinatori\/","title":{"rendered":"Koordinatori"},"content":{"rendered":"<p><span style=\"font-size: 14pt; font-family: arial, helvetica, sans-serif;\"><strong>Sveu\u010dili\u0161te Josipa Jurja Strossmayera u Osijeku<br \/>\n<\/strong>prof. dr. sc. Mirna Habuda-Stani\u0107<strong><br \/>\n<\/strong>habudastanic@gmail.com\u00a0 <strong><br \/>\n<\/strong><\/span><\/p>\n<p><span style=\"font-size: 14pt; font-family: arial, helvetica, sans-serif;\"><strong>Akademija za umjetnost i kulturu u Osijeku<br \/>\n<\/strong> izv. prof. art. dr. sc. Sa\u0161a Do\u0161en<br \/>\nsaadosen@gmail.com<\/span><\/p>\n<p><span style=\"font-size: 14pt; font-family: arial, helvetica, sans-serif;\"><strong>Fakultet agrobiotehni\u010dkih znanosti u Osijeku<br \/>\n<\/strong>izv. prof. dr. sc. Brigita Popovi\u0107<strong><br \/>\n<\/strong><\/span><span class=\"qu\" style=\"font-size: 14pt; font-family: arial, helvetica, sans-serif;\" tabindex=\"-1\" role=\"gridcell\" translate=\"no\"><span class=\"gD\" data-hovercard-id=\"bpopovic@fazos.hr\" data-hovercard-owner-id=\"117\">bpopovic@fazos.hr<\/span><\/span><\/p>\n<p><span style=\"font-size: 14pt; font-family: arial, helvetica, sans-serif;\"><strong>Gra\u0111evinski i arhitektonski fakultet Osijek<\/strong><\/span><br \/>\n<span style=\"font-family: arial, helvetica, sans-serif; font-size: 14pt;\"> prof. dr. sc. Damir Varevac<\/span><br \/>\n<span style=\"font-family: arial, helvetica, sans-serif; font-size: 14pt;\"> dvarevac@gfos.hr<\/span><\/p>\n<p><span style=\"font-size: 14pt; font-family: arial, helvetica, sans-serif;\"><strong>Ekonomski fakultet u Osijeku<\/strong><\/span><br \/>\n<span style=\"font-family: arial, helvetica, sans-serif; font-size: 14pt;\"> doc. dr. sc. Ivan Keli\u0107<\/span><br \/>\n<span style=\"font-size: 14pt; font-family: arial, helvetica, sans-serif;\">ivan.kelic@efos.hr<\/span><\/p>\n<p><span style=\"font-size: 14pt; font-family: arial, helvetica, sans-serif;\"><strong>Fakultet dentalne medicine i zdravstva<\/strong><\/span><br \/>\n<span style=\"font-family: arial, helvetica, sans-serif; font-size: 14pt;\"> prof. dr. sc. Martina Smoli\u0107<\/span><br \/>\n<span style=\"font-family: arial, helvetica, sans-serif; font-size: 14pt;\">martina.smolic@fdmz.hr <\/span><\/p>\n<p><span style=\"font-size: 14pt; font-family: arial, helvetica, sans-serif;\"><strong>Fakultet elektrotehnike, ra\u010dunarstva i informacijskih tehnologija Osijek<\/strong><\/span><br \/>\n<span style=\"font-family: arial, helvetica, sans-serif; font-size: 14pt;\"> dr. sc. \u017deljka Miokovi\u0107<\/span><br \/>\n<span style=\"font-family: arial, helvetica, sans-serif; font-size: 14pt;\"> zeljka.miokovic@ferit.hr<\/span><\/p>\n<p><span style=\"font-size: 14pt; font-family: arial, helvetica, sans-serif;\"><strong>Fakultet za odgojne i obrazovne znanosti<\/strong><\/span><br \/>\n<span style=\"font-family: arial, helvetica, sans-serif; font-size: 14pt;\"> prof. dr. sc. Irella Bogut<\/span><br \/>\n<span style=\"font-family: arial, helvetica, sans-serif; font-size: 14pt;\"> ibogut@foozos.hr<\/span><\/p>\n<p><span style=\"font-size: 14pt; font-family: arial, helvetica, sans-serif;\"><strong>Filozofski fakultet Osijek<\/strong><\/span><br \/>\n<span style=\"font-family: arial, helvetica, sans-serif; font-size: 14pt;\"> prof. dr. sc. Hrvoje Lepedu\u0161<\/span><br \/>\n<span style=\"font-family: arial, helvetica, sans-serif; font-size: 14pt;\"> hlepedus@yahoo.com<\/span><\/p>\n<p><span style=\"font-size: 14pt; font-family: arial, helvetica, sans-serif;\"><strong>Katoli\u010dki bogoslovni fakultet u \u0110akovu<\/strong><\/span><br \/>\n<span style=\"font-family: arial, helvetica, sans-serif; font-size: 14pt;\"> izv. prof. dr.sc. Suzana Vuleti\u0107<\/span><br \/>\n<span style=\"font-family: arial, helvetica, sans-serif; font-size: 14pt;\"> suzanavuletic007@gmail.com<\/span><\/p>\n<p><span style=\"font-size: 14pt; font-family: arial, helvetica, sans-serif;\"><strong>Kineziolo\u0161ki fakultet Osijek<\/strong><\/span><br \/>\n<span style=\"font-family: arial, helvetica, sans-serif; font-size: 14pt;\">doc. dr. sc. Hrvoje Ajman<\/span><br \/>\n<span style=\"font-size: 14pt; font-family: arial, helvetica, sans-serif;\">hrvoje.ajman@kifos.hr<\/span><\/p>\n<p><span style=\"font-size: 14pt; font-family: arial, helvetica, sans-serif;\"><strong>Medicinski fakultet Osijek<\/strong><\/span><br \/>\n<span style=\"font-family: arial, helvetica, sans-serif; font-size: 14pt;\">doc. dr. sc. Ana Stupin, dr. med.<\/span><br \/>\n<span style=\"font-family: arial, helvetica, sans-serif; font-size: 14pt;\">ana.stupin@mefos.hr<\/span><\/p>\n<p><span style=\"font-size: 14pt; font-family: arial, helvetica, sans-serif;\"><strong>Pravni fakultet Osijek<\/strong><\/span><br \/>\n<span style=\"font-family: arial, helvetica, sans-serif; font-size: 14pt;\">doc. dr. sc. Ana \u0110ani\u0107 \u010ceko<\/span><br \/>\n<span style=\"font-size: 14pt; font-family: arial, helvetica, sans-serif;\">adjanic@pravos.hr<\/span><\/p>\n<p><span style=\"font-size: 14pt; font-family: arial, helvetica, sans-serif;\"><strong>Prehrambeno-tehnolo\u0161ki fakultet Osijek<\/strong><\/span><br \/>\n<span style=\"font-family: arial, helvetica, sans-serif; font-size: 14pt;\">prof. dr. sc. Mirna Habuda-Stani\u0107<\/span><br \/>\n<span style=\"font-family: arial, helvetica, sans-serif; font-size: 14pt;\"> mirna.habuda-stanic@ptfos.hr<\/span><\/p>\n<p><span style=\"font-size: 14pt; font-family: arial, helvetica, sans-serif;\"><strong>Odjel za biologiju Sveu\u010dili\u0161ta Josipa Jurja Strossmayera u Osijeku<\/strong><\/span><br \/>\n<span style=\"font-family: arial, helvetica, sans-serif; font-size: 14pt;\"> doc. dr. sc. Anita Galir Balki\u0107<\/span><br \/>\n<span style=\"font-family: arial, helvetica, sans-serif; font-size: 14pt;\">agalir@biologija.unios.hr<\/span><\/p>\n<p><span style=\"font-size: 14pt; font-family: arial, helvetica, sans-serif;\"><strong>Odjel za fiziku Sveu\u010dili\u0161ta Josipa Jurja Strossmayera u Osijeku<\/strong><\/span><br \/>\n<span style=\"font-family: arial, helvetica, sans-serif; font-size: 14pt;\"> doc. dr. sc. Marina Poje Sovilj<\/span><br \/>\n<span style=\"font-family: arial, helvetica, sans-serif; font-size: 14pt;\"> mpoje@fizika.unios.hr<\/span><\/p>\n<p><span style=\"font-size: 14pt; font-family: arial, helvetica, sans-serif;\"><strong>Odjel za kemiju Sveu\u010dili\u0161ta Josipa Jurja Strossmayera u Osijeku<\/strong><\/span><br \/>\n<span style=\"font-family: arial, helvetica, sans-serif; font-size: 14pt;\">doc. dr. sc. Martina \u0160rajer Gajdo\u0161ik.<\/span><br \/>\n<span style=\"font-family: arial, helvetica, sans-serif; font-size: 14pt;\">msgajdosik@kemija.unios.hr<\/span><\/p>\n<p><span style=\"font-size: 14pt; font-family: arial, helvetica, sans-serif;\"><strong>Odjel za matematiku Sveu\u010dili\u0161ta Josipa Jurja Strossmayera u Osijeku<\/strong><\/span><br \/>\n<span style=\"font-family: arial, helvetica, sans-serif; font-size: 14pt;\"> izv. prof. dr. sc. Snje\u017eana Majstorovi\u0107<\/span><br \/>\n<span style=\"font-family: arial, helvetica, sans-serif; font-size: 14pt;\"> smajstor@mathos.hr<\/span><\/p>\n<hr \/>\n<p><span style=\"font-size: 14pt; font-family: arial, helvetica, sans-serif;\"><strong>Me\u0111unarodna federacija za zdravstvenu ekologiju<\/strong><\/span><br \/>\n<span style=\"font-family: arial, helvetica, sans-serif; font-size: 14pt;\"> Bruno Cvetkovi\u0107<\/span><br \/>\n<span style=\"font-family: arial, helvetica, sans-serif; font-size: 14pt;\"> bruno.cvetkovic@gmail.com<\/span><\/p>\n<p><span style=\"font-size: 14pt; font-family: arial, helvetica, sans-serif;\"><strong>Sveu\u010dili\u0161te u Dubrovniku<\/strong><\/span><br \/>\n<span style=\"font-family: arial, helvetica, sans-serif; font-size: 14pt;\">izv. prof. dr. sc. Martin Lazar<\/span><br \/>\n<span style=\"font-family: arial, helvetica, sans-serif; font-size: 14pt;\">mlazar@unidu.hr<\/span><\/p>\n<p><span style=\"font-size: 14pt; font-family: arial, helvetica, sans-serif;\"><strong>Sveu\u010dili\u0161te u Slavonskom Brodu<\/strong><\/span><br \/>\n<span style=\"font-family: arial, helvetica, sans-serif; font-size: 14pt;\">prof. dr. sc. Mirna Habuda-Stani\u0107<\/span><br \/>\n<span style=\"font-family: arial, helvetica, sans-serif; font-size: 14pt;\">habudastanic@gmail.com<\/span><\/p>\n<p><span style=\"font-size: 14pt; font-family: arial, helvetica, sans-serif;\"><strong>Sveu\u010dili\u0161te Jurja Dobrile u Puli<\/strong><\/span><br \/>\n<span style=\"font-family: arial, helvetica, sans-serif; font-size: 14pt;\">prof. dr. sc. Mirna Habuda-Stani\u0107<\/span><br \/>\n<span style=\"font-family: arial, helvetica, sans-serif; font-size: 14pt;\">habudastanic@gmail.com<\/span><\/p>\n<p><span style=\"font-size: 14pt; font-family: arial, helvetica, sans-serif;\"><strong>Sveu\u010dili\u0161te Sjever<\/strong><\/span><br \/>\n<span style=\"font-family: arial, helvetica, sans-serif; font-size: 14pt;\">izv. prof. dr. sc. Lovorka Gotal Dmitrovi\u0107<\/span><br \/>\n<span class=\"gI\" style=\"font-size: 14pt; font-family: arial, helvetica, sans-serif;\"><span class=\"qu\" tabindex=\"-1\" role=\"gridcell\" translate=\"no\"><span class=\"go\">lgotaldmitrovic@unin.hr<\/span><\/span><\/span><\/p>\n<p><span style=\"font-family: arial, helvetica, sans-serif; font-size: 14pt;\"><strong>Sveu\u010dili\u0161te u u Zadru<br \/>\n<\/strong>dr. sc. Jelena Lon\u010dar<br \/>\njloncar@unizd.hr<\/span><\/p>\n<p><span style=\"font-size: 14pt; font-family: arial, helvetica, sans-serif;\"><strong>Univerzitet u Biha\u0107u<\/strong><\/span><br \/>\n<span style=\"font-family: arial, helvetica, sans-serif; font-size: 14pt;\">prof. dr. sc. Jasmina Ibrahimpa\u0161i\u0107<\/span><br \/>\n<span style=\"font-family: arial, helvetica, sans-serif; font-size: 14pt;\">jasmina.ipasic@gmail.com<\/span><\/p>\n<p><span style=\"font-size: 14pt; font-family: arial, helvetica, sans-serif;\"><strong>Univerzitet u Novom Sadu<\/strong><\/span><br \/>\n<span style=\"font-family: arial, helvetica, sans-serif; font-size: 14pt;\">International Relations Office UNS<\/span><br \/>\n<span style=\"font-family: arial, helvetica, sans-serif; font-size: 14pt;\">iro@uns.ac.rs<\/span><\/p>\n<p><span style=\"font-family: arial, helvetica, sans-serif; font-size: 14pt;\"><strong>Agronomski i prehrambeno-tehnolo\u0161ki fakultet Sveu\u010dili\u0161ta u Mostaru<\/strong><\/span><br \/>\n<span style=\"font-family: arial, helvetica, sans-serif; font-size: 14pt;\">dr. sc. Anita Lali\u0107<\/span><br \/>\n<span style=\"font-size: 14pt; font-family: arial, helvetica, sans-serif;\">anita.juric@aptf.sum.ba <\/span><\/p>\n<p><span style=\"font-size: 14pt; font-family: arial, helvetica, sans-serif;\"><strong>Fakultet kemijskog in\u017eenjerstva i tehnologije Sveu\u010dili\u0161ta u Zagrebu<\/strong><\/span><br \/>\n<span style=\"font-family: arial, helvetica, sans-serif; font-size: 14pt;\">prof. dr. sc. <span class=\"gI\"><span class=\"qu\" tabindex=\"-1\" role=\"gridcell\" translate=\"no\"><span class=\"gD\" data-hovercard-id=\"mvukovic@fkit.hr\" data-hovercard-owner-id=\"117\">Marija Vukovi\u0107 Domanovac<\/span><\/span><\/span><\/span><br \/>\n<span class=\"wHYlTd z8gr9e\" style=\"font-size: 14pt; font-family: arial, helvetica, sans-serif;\">mvukovic@fkit.hr<\/span><\/p>\n<p><span style=\"font-size: 14pt; font-family: arial, helvetica, sans-serif;\"><strong>Fakultet strojarstva i brodogradnje Sveu\u010dili\u0161ta u Zagrebu<\/strong><\/span><br \/>\n<span style=\"font-family: arial, helvetica, sans-serif; font-size: 14pt;\">prof. dr. sc. Kre\u0161imir Grilec<\/span><br \/>\n<span style=\"font-family: arial, helvetica, sans-serif; font-size: 14pt;\">k<span class=\"gI\"><span data-hovercard-id=\"Kresimir.Grilec@fsb.hr\" data-hovercard-owner-id=\"123\">resimir.grilec@fsb.hr<\/span><\/span><\/span><\/p>\n<p><span style=\"font-size: 14pt; font-family: arial, helvetica, sans-serif;\"><strong>Fakultet zdravstvenih studija Univerziteta Sarajevo<\/strong><\/span><br \/>\n<span style=\"font-size: 14pt; font-family: arial, helvetica, sans-serif;\">doc. dr. sc. Arzija Pa\u0161ali\u0107<\/span><br \/>\n<span style=\"font-family: arial, helvetica, sans-serif; font-size: 14pt;\">arzijapasalic@gmail.com<\/span><\/p>\n<p><span style=\"font-size: 14pt; font-family: arial, helvetica, sans-serif;\"><strong>Geotehni\u010dki fakultet Sveu\u010dili\u0161ta u Zagrebu<\/strong><\/span><br \/>\n<span style=\"font-size: 14pt; font-family: arial, helvetica, sans-serif;\">izv. prof. dr. sc. Nikola Saka\u010d<\/span><br \/>\n<span style=\"font-family: arial, helvetica, sans-serif; font-size: 14pt;\">nikola.sakac@gmail.com\u00a0<\/span><\/p>\n<p><span style=\"font-family: arial, helvetica, sans-serif; font-size: 14pt;\"><strong>Kemijsko-tehnolo\u0161ki fakultet Split<\/strong><\/span><br \/>\n<span style=\"font-family: arial, helvetica, sans-serif; font-size: 14pt;\">izv. prof. dr. sc. Ante Prki\u0107<\/span><br \/>\n<span style=\"font-family: arial, helvetica, sans-serif; font-size: 14pt;\">ante.prkic@ktf-split.hr<\/span><\/p>\n<p><span style=\"font-size: 14pt; font-family: arial, helvetica, sans-serif;\"><strong>Medicinski fakultet Sveu\u010dili\u0161ta u Rijeci<\/strong><\/span><br \/>\n<span style=\"font-family: arial, helvetica, sans-serif; font-size: 14pt;\">prof. dr. sc. Marina \u0160anti\u0107<\/span><br \/>\n<span style=\"font-family: arial, helvetica, sans-serif; font-size: 14pt;\">marina.santic@medri.uniri.hr<\/span><\/p>\n<p><span style=\"font-size: 14pt; font-family: arial, helvetica, sans-serif;\"><strong>Tehnolo\u0161ki fakultet Tuzla<\/strong><\/span><br \/>\n<span style=\"font-family: arial, helvetica, sans-serif; font-size: 14pt;\">izv. prof. dr. sc. Sabina Begi\u0107<\/span><br \/>\n<span style=\"font-family: arial, helvetica, sans-serif; font-size: 14pt;\">sabina.begic@untz.ba\u00a0<\/span><\/p>\n<p><span style=\"font-size: 14pt; font-family: arial, helvetica, sans-serif;\"><strong>Odjel <span style=\"font-size: 14pt; font-family: arial, helvetica, sans-serif;\">za ekologiju, agronomiju i akvakulturu Sveu\u010dili\u0161ta u Zadru<\/span><\/strong><\/span><br \/>\n<span style=\"font-size: 14pt; font-family: arial, helvetica, sans-serif;\">dr. sc. Jelena Lon\u010dar<\/span><br \/>\n<span style=\"font-size: 14pt; font-family: arial, helvetica, sans-serif;\">jloncar@unizd.hr<\/span><\/p>\n<p><span style=\"font-size: 14pt; font-family: arial, helvetica, sans-serif;\"><strong>Pomorski fakultet Sveu\u010dili\u0161ta u Splitu<\/strong><\/span><br \/>\n<span style=\"font-family: arial, helvetica, sans-serif; font-size: 14pt;\">izv. prof. dr. sc. Merica Sli\u0161kovi\u0107 <\/span><br \/>\n<span style=\"font-family: arial, helvetica, sans-serif; font-size: 14pt;\">merica.sliskovic@pfst.hr<\/span><\/p>\n<p><span style=\"font-size: 14pt; font-family: arial, helvetica, sans-serif;\"><strong>Prehrambeno-biotehnolo\u0161ki fakultet Sveu\u010dili\u0161ta u Zagrebu<\/strong><\/span><br \/>\n<span style=\"font-family: arial, helvetica, sans-serif; font-size: 14pt;\">prof. dr. sc. Ana Vukeli\u0107<\/span><br \/>\n<span class=\"gI\" style=\"font-family: arial, helvetica, sans-serif; font-size: 14pt;\"><span class=\"qu\" tabindex=\"-1\" role=\"gridcell\" translate=\"no\"><span class=\"go\">avukelic@pbf.hr<\/span><\/span><\/span><\/p>\n<p><span style=\"font-size: 14pt; font-family: arial, helvetica, sans-serif;\"><strong>Tehnolo\u0161ki i metalur\u0161ki fakultet Skopje<\/strong><\/span><br \/>\n<span style=\"font-family: arial, helvetica, sans-serif; font-size: 14pt;\">Iva Dimitrievska<span lang=\"MK\">,<\/span> M.Sc.<\/span><br \/>\n<span style=\"font-family: arial, helvetica, sans-serif; font-size: 14pt;\">iva@tmf.ukim.edu.mk<\/span><\/p>\n<p><span style=\"font-size: 14pt; font-family: arial, helvetica, sans-serif;\"><strong>Veleu\u010dili\u0161te Velika Gorica<\/strong><\/span><br \/>\n<span style=\"font-family: arial, helvetica, sans-serif; font-size: 14pt;\">izv. prof. dr. sc. Sanja Kalambura<\/span><br \/>\n<span style=\"font-family: arial, helvetica, sans-serif; font-size: 14pt;\">sanja.kalambura@vvg.hr<\/span><\/p>\n<p><span style=\"font-size: 14pt;\"><strong><span style=\"font-family: arial, helvetica, sans-serif;\"><span style=\"font-size: 14pt; font-family: arial, helvetica, sans-serif;\">Veleu\u010dili\u0161te \u201cLavoslav Ru\u017ei\u010dka\u201d u Vukovaru<\/span><br \/>\n<\/span><\/strong><span style=\"font-family: arial, helvetica, sans-serif;\"><span style=\"font-family: arial, helvetica, sans-serif; font-size: 14pt;\">dr. sc. Sanja Gongeta, prof. v. \u0161.<\/span><\/span><span style=\"font-family: arial, helvetica, sans-serif;\"><br \/>\nsanja.gongeta@vevu.hr<\/span><\/span><\/p>\n<p><span style=\"font-size: 14pt; font-family: arial, helvetica, sans-serif;\"><strong>Zdravstveno veleu\u010dili\u0161te u Zagrebu<\/strong><\/span><br \/>\n<span style=\"font-family: arial, helvetica, sans-serif; font-size: 14pt;\">dr. sc. Ana Mojsovi\u0107 \u0106ui\u0107, dipl. ing. bio. <\/span><br \/>\n<span style=\"font-family: arial, helvetica, sans-serif; font-size: 14pt;\">ana.mojsovic-cuic@zvu.hr<\/span><\/p>\n<p><span style=\"font-size: 14pt; font-family: arial, helvetica, sans-serif;\"><strong>JU Park prirode Kopa\u010dki rit<\/strong><\/span><br \/>\n<span style=\"font-family: arial, helvetica, sans-serif; font-size: 14pt;\">Ivo Ba\u0161i\u0107<\/span><br \/>\n<span style=\"font-family: arial, helvetica, sans-serif; font-size: 14pt;\">uprava@pp-kopacki-rit.hr<\/span><\/p>\n","protected":false},"excerpt":{"rendered":"<p>Sveu\u010dili\u0161te Josipa Jurja Strossmayera u Osijeku prof. dr. sc. Mirna Habuda-Stani\u0107 habudastanic@gmail.com\u00a0 Akademija za umjetnost i kulturu u Osijeku izv. prof. art. dr. sc. Sa\u0161a Do\u0161en saadosen@gmail.com Fakultet agrobiotehni\u010dkih znanosti u Osijeku izv. prof. dr. sc. Brigita Popovi\u0107 bpopovic@fazos.hr Gra\u0111evinski i arhitektonski fakultet Osijek prof. dr. sc. Damir Varevac dvarevac@gfos.hr Ekonomski fakultet u Osijeku doc. [&hellip;]<\/p>\n","protected":false},"author":1,"featured_media":0,"parent":0,"menu_order":0,"comment_status":"closed","ping_status":"closed","template":"","meta":{"_themeisle_gutenberg_block_has_review":false,"footnotes":""},"class_list":["post-422","page","type-page","status-publish","hentry"],"_links":{"self":[{"href":"http:\/\/www.ptfos.unios.hr\/isc_green\/index.php\/wp-json\/wp\/v2\/pages\/422","targetHints":{"allow":["GET"]}}],"collection":[{"href":"http:\/\/www.ptfos.unios.hr\/isc_green\/index.php\/wp-json\/wp\/v2\/pages"}],"about":[{"href":"http:\/\/www.ptfos.unios.hr\/isc_green\/index.php\/wp-json\/wp\/v2\/types\/page"}],"author":[{"embeddable":true,"href":"http:\/\/www.ptfos.unios.hr\/isc_green\/index.php\/wp-json\/wp\/v2\/users\/1"}],"replies":[{"embeddable":true,"href":"http:\/\/www.ptfos.unios.hr\/isc_green\/index.php\/wp-json\/wp\/v2\/comments?post=422"}],"version-history":[{"count":95,"href":"http:\/\/www.ptfos.unios.hr\/isc_green\/index.php\/wp-json\/wp\/v2\/pages\/422\/revisions"}],"predecessor-version":[{"id":1696,"href":"http:\/\/www.ptfos.unios.hr\/isc_green\/index.php\/wp-json\/wp\/v2\/pages\/422\/revisions\/1696"}],"wp:attachment":[{"href":"http:\/\/www.ptfos.unios.hr\/isc_green\/index.php\/wp-json\/wp\/v2\/media?parent=422"}],"curies":[{"name":"wp","href":"https:\/\/api.w.org\/{rel}","templated":true}]}}