{"id":871,"date":"2018-04-16T11:59:41","date_gmt":"2018-04-16T09:59:41","guid":{"rendered":"http:\/\/www.ptfos.unios.hr\/isc_green\/?page_id=871"},"modified":"2022-08-26T18:40:37","modified_gmt":"2022-08-26T16:40:37","slug":"prijava-radova","status":"publish","type":"page","link":"http:\/\/www.ptfos.unios.hr\/isc_green\/index.php\/prijava-radova\/","title":{"rendered":"Prijava radova"},"content":{"rendered":"<p><span style=\"font-family: arial, helvetica, sans-serif; font-size: 14pt;\">Rad treba pripremiti i poslati u predlo\u0161ku teksta kojeg mo\u017eete preuzeti ovdje:<\/span><\/p>\n<p><span style=\"font-family: arial, helvetica, sans-serif; font-size: 14pt;\"><strong>Predlo\u017eak rada <a href=\"http:\/\/www.ptfos.unios.hr\/isc_green\/wp-content\/uploads\/2022\/08\/ISC_GREEN-2022_Paper-HR_Template.doc\">PREUZMI<\/a><br \/>\n<\/strong><\/span><\/p>\n<p><span style=\"font-family: arial, helvetica, sans-serif; font-size: 14pt;\">Prije pripreme rada za publikaciju u Knjizi radova 2. me\u0111unarodne studentske GREEN konferencije, autorima savjetujemo da pa\u017eljivo prou\u010de Upute autorima:<\/span><\/p>\n<p><span style=\"font-family: arial, helvetica, sans-serif; font-size: 14pt;\"><strong>Upute autorima <a href=\"http:\/\/www.ptfos.unios.hr\/isc_green\/wp-content\/uploads\/2022\/08\/INSTRUCTIONS-TO-AUTHORS_ISC-GREEN-2022.pdf\">PREUZMI<\/a><br \/>\n<\/strong><\/span><\/p>\n<p><span style=\"font-family: arial, helvetica, sans-serif; font-size: 14pt;\">Rad mo\u017ee biti pripremljen na hrvatskom ili engleskom jeziku.<\/span><\/p>\n<p><span style=\"font-family: arial, helvetica, sans-serif; font-size: 14pt;\">Svi prispjeli radovi pro\u0107i \u0107e postupak me\u0111unarodne recenzije.<\/span><\/p>\n<p align=\"justify\"><span style=\"font-family: arial, helvetica, sans-serif; font-size: 14pt;\">Rok za dostavu cjelovitih radova je <strong><del>25.08.2022<\/del>. <\/strong><span style=\"text-decoration: underline;\"><strong>produ\u017een do 15.09.2022.<\/strong><\/span><\/span><\/p>\n<p align=\"justify\"><span style=\"font-family: arial, helvetica, sans-serif; font-size: 14pt;\">Molimo rad poslati ovdje:<\/span><\/p>\n<p><span style=\"font-family: arial, helvetica, sans-serif; font-size: 14pt;\">\n<div class=\"wpcf7 no-js\" id=\"wpcf7-f870-o1\" lang=\"hr\" dir=\"ltr\" data-wpcf7-id=\"870\">\n<div class=\"screen-reader-response\"><p role=\"status\" aria-live=\"polite\" aria-atomic=\"true\"><\/p> <ul><\/ul><\/div>\n<form action=\"\/isc_green\/index.php\/wp-json\/wp\/v2\/pages\/871#wpcf7-f870-o1\" method=\"post\" class=\"wpcf7-form init\" aria-label=\"Kontakt obrazac\" enctype=\"multipart\/form-data\" novalidate=\"novalidate\" data-status=\"init\">\n<fieldset class=\"hidden-fields-container\"><input type=\"hidden\" name=\"_wpcf7\" value=\"870\" \/><input type=\"hidden\" name=\"_wpcf7_version\" value=\"6.1.3\" \/><input type=\"hidden\" name=\"_wpcf7_locale\" value=\"hr\" \/><input type=\"hidden\" name=\"_wpcf7_unit_tag\" value=\"wpcf7-f870-o1\" \/><input type=\"hidden\" name=\"_wpcf7_container_post\" value=\"0\" \/><input type=\"hidden\" name=\"_wpcf7_posted_data_hash\" value=\"\" \/>\n<\/fieldset>\n<p>Ime*\n<\/p>\n<p><span class=\"wpcf7-form-control-wrap\" data-name=\"your-name\"><input size=\"40\" maxlength=\"400\" class=\"wpcf7-form-control wpcf7-text wpcf7-validates-as-required\" aria-required=\"true\" aria-invalid=\"false\" value=\"\" type=\"text\" name=\"your-name\" \/><\/span>\n<\/p>\n<p>Prezime*\n<\/p>\n<p><span class=\"wpcf7-form-control-wrap\" data-name=\"your-surname\"><input size=\"40\" maxlength=\"400\" class=\"wpcf7-form-control wpcf7-text wpcf7-validates-as-required\" aria-required=\"true\" aria-invalid=\"false\" value=\"\" type=\"text\" name=\"your-surname\" \/><\/span>\n<\/p>\n<p>E-mail*\n<\/p>\n<p><span class=\"wpcf7-form-control-wrap\" data-name=\"your-email\"><input size=\"40\" maxlength=\"400\" class=\"wpcf7-form-control wpcf7-email wpcf7-validates-as-required wpcf7-text wpcf7-validates-as-email\" aria-required=\"true\" aria-invalid=\"false\" value=\"\" type=\"email\" name=\"your-email\" \/><\/span>\n<\/p>\n<p>Odaberite sekciju*:\n<\/p>\n<p><span class=\"wpcf7-form-control-wrap\" data-name=\"menu-274\"><select class=\"wpcf7-form-control wpcf7-select wpcf7-validates-as-required\" aria-required=\"true\" aria-invalid=\"false\" name=\"menu-274\"><option value=\"Prirodne znanosti\">Prirodne znanosti<\/option><option value=\"Biomedicina i zdravstvo\">Biomedicina i zdravstvo<\/option><option value=\"Tehni\u010dke znanosti\">Tehni\u010dke znanosti<\/option><option value=\"Biotehni\u010dke znanosti\">Biotehni\u010dke znanosti<\/option><option value=\"Dru\u0161tvene znanosti\">Dru\u0161tvene znanosti<\/option><option value=\"Humanisti\u010dke znanosti\">Humanisti\u010dke znanosti<\/option><option value=\"Interdisciplinarno\">Interdisciplinarno<\/option><\/select><\/span>\n<\/p>\n<p>U\u010ditajte dokument*\n<\/p>\n<p><span class=\"wpcf7-form-control-wrap\" data-name=\"file-921\"><input size=\"40\" class=\"wpcf7-form-control wpcf7-file wpcf7-validates-as-required\" accept=\"audio\/*,video\/*,image\/*\" aria-required=\"true\" aria-invalid=\"false\" type=\"file\" name=\"file-921\" \/><\/span>\n<\/p>\n<p>[recaptcha size:compact]\n<\/p>\n<p><input class=\"wpcf7-form-control wpcf7-submit has-spinner\" type=\"submit\" value=\"PO\u0160ALJI\" \/>\n<\/p><div class=\"wpcf7-response-output\" aria-hidden=\"true\"><\/div>\n<\/form>\n<\/div>\n<\/span><\/p>\n","protected":false},"excerpt":{"rendered":"<p>Rad treba pripremiti i poslati u predlo\u0161ku teksta kojeg mo\u017eete preuzeti ovdje: Predlo\u017eak rada PREUZMI Prije pripreme rada za publikaciju u Knjizi radova 2. me\u0111unarodne studentske GREEN konferencije, autorima savjetujemo da pa\u017eljivo prou\u010de Upute autorima: Upute autorima PREUZMI Rad mo\u017ee biti pripremljen na hrvatskom ili engleskom jeziku. Svi prispjeli radovi pro\u0107i \u0107e postupak me\u0111unarodne recenzije. [&hellip;]<\/p>\n","protected":false},"author":1,"featured_media":0,"parent":0,"menu_order":0,"comment_status":"closed","ping_status":"closed","template":"","meta":{"_themeisle_gutenberg_block_has_review":false,"footnotes":""},"class_list":["post-871","page","type-page","status-publish","hentry"],"_links":{"self":[{"href":"http:\/\/www.ptfos.unios.hr\/isc_green\/index.php\/wp-json\/wp\/v2\/pages\/871","targetHints":{"allow":["GET"]}}],"collection":[{"href":"http:\/\/www.ptfos.unios.hr\/isc_green\/index.php\/wp-json\/wp\/v2\/pages"}],"about":[{"href":"http:\/\/www.ptfos.unios.hr\/isc_green\/index.php\/wp-json\/wp\/v2\/types\/page"}],"author":[{"embeddable":true,"href":"http:\/\/www.ptfos.unios.hr\/isc_green\/index.php\/wp-json\/wp\/v2\/users\/1"}],"replies":[{"embeddable":true,"href":"http:\/\/www.ptfos.unios.hr\/isc_green\/index.php\/wp-json\/wp\/v2\/comments?post=871"}],"version-history":[{"count":15,"href":"http:\/\/www.ptfos.unios.hr\/isc_green\/index.php\/wp-json\/wp\/v2\/pages\/871\/revisions"}],"predecessor-version":[{"id":1830,"href":"http:\/\/www.ptfos.unios.hr\/isc_green\/index.php\/wp-json\/wp\/v2\/pages\/871\/revisions\/1830"}],"wp:attachment":[{"href":"http:\/\/www.ptfos.unios.hr\/isc_green\/index.php\/wp-json\/wp\/v2\/media?parent=871"}],"curies":[{"name":"wp","href":"https:\/\/api.w.org\/{rel}","templated":true}]}}