{"id":119,"date":"2015-09-28T19:50:31","date_gmt":"2015-09-28T19:50:31","guid":{"rendered":"http:\/\/www.ptfos.unios.hr\/novicjfst\/?page_id=119"},"modified":"2025-06-30T07:25:54","modified_gmt":"2025-06-30T07:25:54","slug":"editorial-board","status":"publish","type":"page","link":"http:\/\/www.ptfos.unios.hr\/novicjfst\/index.php\/editorial-board\/","title":{"rendered":"Editorial Board"},"content":{"rendered":"<h1><em><strong><span style=\"color: #003366;\">\u00a0Editorial Board<\/span><\/strong><\/em><\/h1>\n<h4><\/h4>\n<h2><a href=\"http:\/\/www.ptfos.unios.hr\/novicjfst\/wp-content\/uploads\/2023\/11\/Stela-Jokic_CV.pdf\"><strong><em><span style=\"color: #000000;\">Stela Joki\u0107<\/span><\/em><\/strong><\/a><\/h2>\n<blockquote><p><strong><span style=\"color: #003366;\">Editor-in-Chief<\/span><br \/>\n<\/strong> <em>Croatian Journal of Food Science and Technology<\/em><strong><em><br \/>\n<\/em><\/strong><em>Faculty of Food Technology Osijek, University of Osijek<br \/>\n<\/em><em>Franje Kuha\u010da 18, HR-31000 Osijek, Croatia<br \/>\n<\/em><span style=\"color: #003366;\"><em><a href=\"mailto:stela.jokic@ptfos.hr\">stela.jokic@ptfos.hr<\/a><br \/>\n<code><span class=\"collapseomatic \" id=\"id69ed3f2266a0e\"  tabindex=\"0\" title=\" &lt;strong&gt;CV &lt;\/strong&gt;\"    > <strong>CV <\/strong><\/span><div id=\"target-id69ed3f2266a0e\" class=\"collapseomatic_content \"><\/code><\/em><\/span><\/p>\n<table style=\"border-collapse: collapse; width: 82.0327%; height: 410px;\">\n<tbody>\n<tr style=\"height: 280px;\">\n<td style=\"width: 21.4925%; height: 280px;\"><a href=\"http:\/\/www.ptfos.unios.hr\/novicjfst\/wp-content\/uploads\/2023\/11\/Slika_za-CJFST_STela-Jokic.jpg\"><img loading=\"lazy\" decoding=\"async\" class=\"wp-image-4850 size-full alignleft\" src=\"http:\/\/www.ptfos.unios.hr\/novicjfst\/wp-content\/uploads\/2023\/11\/Slika_za-CJFST_STela-Jokic.jpg\" alt=\"\" width=\"345\" height=\"554\" srcset=\"http:\/\/www.ptfos.unios.hr\/novicjfst\/wp-content\/uploads\/2023\/11\/Slika_za-CJFST_STela-Jokic.jpg 345w, http:\/\/www.ptfos.unios.hr\/novicjfst\/wp-content\/uploads\/2023\/11\/Slika_za-CJFST_STela-Jokic-187x300.jpg 187w\" sizes=\"auto, (max-width: 345px) 100vw, 345px\" \/><\/a><\/td>\n<td style=\"width: 65.1017%; height: 280px; text-align: justify;\"><span style=\"font-size: 12pt;\"><strong>CV:<\/strong>\u00a0Born 1982 in Na\u0161ice, Croatia. Academic degrees BSc Food technology and process engineering (2006), and PhD (2011) at Faculty of Food Technology (FFT) University of Osijek. From 2019 up to now is full professor at FFT.\u00a0<strong>Work experience:<\/strong>\u00a0 from 2007 up to now is employed at FFT, Department of Process Engineering. From 2017 to 2021 she was a Vice-dean for Science at FFT and today she is a Vice-Dean for Marketing and Business Cooperation.<strong>\u00a0Pedagogical activity:<\/strong>\u00a0From 2007 up to now-lectures in several courses of undergraduate, graduate and doctoral studies at FFT, and invited lecturer at the University of Mostar at Faculty of Agriculture and Food Technology. She has mentored 7 doctoral dissertations.\u00a0<strong>Research activities:<\/strong>\u00a0She was the head of 3 national research projects and 1 project funded by EU funds, 3 university projects, 5 professional projects. She is a member of the Scientific Committee of the Centre of Excellence-BioProCro.\u00a0<strong>Bibliography:\u00a0<\/strong>200 original scientific papers (130 in journals of high impact factor).\u00a0<strong>Awards:<\/strong>\u00a0National Science Award for 2018, 2015 and 2011; Award of the Croatian Academy of Engineering \u201cRikard Podhorsky\u201d and \u201cVera Johanides\u201d; Danubius Young Scientist Award 2015 for Croatia; etc.\u00a0<strong>Additionally<\/strong>: Member of the editorial board of several scientific journals as well as the member of the Organizing or Scientific Committee of several international conferences.<\/span><\/td>\n<\/tr>\n<\/tbody>\n<\/table>\n<p><span style=\"color: #003366;\"><em><code><\/div><\/code><br \/>\n<\/em><\/span><\/p><\/blockquote>\n<h2><span style=\"color: #000000;\"><a style=\"color: #000000;\" href=\"http:\/\/www.ptfos.unios.hr\/novicjfst\/wp-content\/uploads\/2023\/11\/Ante-Loncaric_CV.pdf\"><strong><em>Ante Lon\u010dari\u0107<\/em><\/strong><\/a><\/span><span style=\"color: #003366;\"><strong><span style=\"text-decoration: underline;\"><br \/>\n<\/span><\/strong><\/span><\/h2>\n<blockquote><p><strong><span style=\"color: #003366;\">Assistant Editor<\/span><br \/>\n<\/strong><em>Croatian Journal of Food Science and Technology<\/em><strong><em><br \/>\n<\/em><\/strong><em>Faculty of Food Technology Osijek, University of Osijek<br \/>\nFranje Kuha\u010da 18, HR-31000 Osijek, Croatia<\/em><span style=\"color: #003366;\"><em><br \/>\n<\/em><\/span><em><code><span class=\"collapseomatic \" id=\"id69ed3f2266ade\"  tabindex=\"0\" title=\" &lt;strong&gt;CV &lt;\/strong&gt;\"    > <strong>CV <\/strong><\/span><div id=\"target-id69ed3f2266ade\" class=\"collapseomatic_content \"><\/code><\/em><em><code><\/code><\/em><\/p>\n<table style=\"width: 82.7362%;\">\n<tbody>\n<tr>\n<td style=\"width: 20.0839%;\"><a href=\"http:\/\/www.ptfos.unios.hr\/novicjfst\/wp-content\/uploads\/2023\/11\/Ante-Loncaric-1.jpg\"><img loading=\"lazy\" decoding=\"async\" class=\"aligncenter size-full wp-image-4884\" src=\"http:\/\/www.ptfos.unios.hr\/novicjfst\/wp-content\/uploads\/2023\/11\/Ante-Loncaric-1.jpg\" alt=\"\" width=\"512\" height=\"512\" srcset=\"http:\/\/www.ptfos.unios.hr\/novicjfst\/wp-content\/uploads\/2023\/11\/Ante-Loncaric-1.jpg 512w, http:\/\/www.ptfos.unios.hr\/novicjfst\/wp-content\/uploads\/2023\/11\/Ante-Loncaric-1-300x300.jpg 300w, http:\/\/www.ptfos.unios.hr\/novicjfst\/wp-content\/uploads\/2023\/11\/Ante-Loncaric-1-150x150.jpg 150w\" sizes=\"auto, (max-width: 512px) 100vw, 512px\" \/><\/a><\/td>\n<td style=\"width: 62.1585%;\">\n<p style=\"text-align: justify;\"><span style=\"font-size: 12pt;\"><strong>CV:<\/strong> Born in 1987 in Osijek, Croatia. \u00a0Academic degrees MSc in Food Engineering (2010), and PhD (2014) at the Faculty of Food Technology (FFT) University of Osijek. From 2022 up to now is an Associate Professor at FFT. <strong>Pedagogical activity:\u00a0<\/strong>From 2011 up to now-lectures in several courses of undergraduate and graduate studies at FFT, and invited lecturer at the University of Mostar at the Faculty of Agriculture and Food Technology and Faculty of Tourism and Rural Development. <strong>Research activities:<\/strong>\u00a0Throughout his career, he actively engaged in scientific research, primarily focusing on developing high-quality food production processes. His work contributed significantly to national projects, including &#8220;Development of High-Quality Food Production Processes&#8221; and &#8220;Trehalose: Improving the Quality of Fruit-Based Products&#8221;. Moreover, he led multiple regional projects, concentrating on innovative fruit-based products and the utilization of by-products for fruit spirits and distillate production. Currently, Dr. Lon\u010dari\u0107&#8217;s research interests revolve around food safety, specifically in the production of apples and apple juice with reduced patulin content, emphasizing the potential of traditional Croatian apple varieties. In 2022, he established a research laboratory and team to investigate the resistance of traditional Croatian apple varieties to<em> P. expansum <\/em>mould infection and subsequent patulin production as part of HRRZ project. <strong>Bibliography:\u00a0<\/strong>Dr. Lon\u010dari\u0107 has made significant contributions to the field, co-authoring five book chapters, publishing 47 scientific papers, and presenting research at various international and domestic conferences (78). He has also served in key roles within scientific committees, as a reviewer for scientific papers, and as a guest editor for prominent scientific journals. <strong>Awards:<\/strong>\u00a0In recognition of his contributions, he was awarded the &#8220;Vera Johanides&#8221; Young Scientist Award by the Croatian Academy of Technical Sciences in 2019. <strong>Additionally:<\/strong> Dr. Lon\u010dari\u0107 is a member of several academic and scientific associations, actively promoting research and education in the field of food technology and engineering.<\/span><\/p>\n<\/td>\n<\/tr>\n<\/tbody>\n<\/table>\n<p><em><code><\/div><\/code><\/em><\/p><\/blockquote>\n<h1><\/h1>\n<h1 style=\"text-align: left;\"><strong><span style=\"color: #003366;\"><em>Editorial Office<\/em><\/span><\/strong><\/h1>\n<p><code><span class=\"collapseomatic \" id=\"id69ed3f2266b16\"  tabindex=\"0\" title=\"&lt;\/code&gt;&lt;code&gt;\"    ><\/code><code><\/span><div id=\"target-id69ed3f2266b16\" class=\"collapseomatic_content \"><\/code><\/p>\n<p><a href=\"http:\/\/www.ptfos.unios.hr\/novicjfst\/wp-content\/uploads\/2023\/11\/Tihomir-Kovac_CV.pdf\"><span style=\"color: #000000;\"><strong>Tihomir Kova\u010d<\/strong><\/span><\/a><br \/>\n<strong>Technical preparation and design<\/strong> <em>Croatian Journal of Food Science and Technology<\/em><strong><em><br \/>\n<\/em><\/strong><em>Faculty of Food Technology Osijek, University of Osijek, Franje Kuha\u010da 18, HR-31000 Osijek, Croatia<\/em><\/p>\n<p style=\"text-align: left;\"><a href=\"http:\/\/www.ptfos.unios.hr\/novicjfst\/wp-content\/uploads\/2023\/11\/Marija-Stjepanovic_CV.pdf\"><strong><span style=\"color: #000000;\">Marija Stjepanovi\u0107<\/span><\/strong><\/a><br \/>\n<strong>Technical preparation, <\/strong><em>Croatian Journal of Food Science and Technology<\/em><strong><em><br \/>\n<\/em><\/strong><em>Faculty of Food Technology Osijek, University of Osijek, Franje Kuha\u010da 18, HR-31000 Osijek, Croatia<br \/>\n<\/em><\/p>\n<p><span style=\"color: #000000;\"><a style=\"color: #000000;\" href=\"http:\/\/www.ptfos.unios.hr\/novicjfst\/wp-content\/uploads\/2023\/11\/Lidija-Soher_CV.pdf\"><strong>Lidija \u0160oher<\/strong><\/a><\/span><br \/>\n<strong>Technical preparation, <\/strong><em>Croatian Journal of Food Science and Technology<\/em><strong><em><br \/>\n<\/em><\/strong><em>Faculty of Food Technology Osijek, University of Osijek, Franje Kuha\u010da 18, HR-31000 Osijek, <\/em><em>Croatia<\/em><\/p>\n<p><strong><span style=\"color: #000000;\"><a style=\"color: #000000;\" href=\"http:\/\/www.ptfos.unios.hr\/novicjfst\/wp-content\/uploads\/2023\/11\/Ivana-Tomac_CV.pdf\">Ivana Tomac<\/a><\/span><br \/>\nTechnical preparation, <\/strong><em>Croatian Journal of Food Science and Technology<\/em><strong><em><br \/>\n<\/em><\/strong><em>Faculty of Food Technology Osijek, University of Osijek, Franje Kuha\u010da 18, HR-31000 Osijek, Croatia<\/em><\/p>\n<p><a href=\"http:\/\/www.ptfos.unios.hr\/novicjfst\/wp-content\/uploads\/2023\/11\/Petra-Matic_CV.pdf\"><strong><span style=\"color: #000000;\">Petra Mati\u0107<\/span><\/strong><\/a><br \/>\n<strong>Technical preparation, <\/strong><em>Croatian Journal of Food Science and Technology<\/em><strong><em><br \/>\n<\/em><\/strong><em>Faculty of Food Technology Osijek, University of Osijek, Franje Kuha\u010da 18, HR-31000 Osijek, Croatia<\/em><\/p>\n<p><span style=\"color: #000000;\"><a style=\"color: #000000;\" href=\"http:\/\/www.ptfos.unios.hr\/novicjfst\/wp-content\/uploads\/2023\/11\/Gordana-Selo_CV.pdf\"><strong>Gordana \u0160elo<\/strong><\/a><\/span><br \/>\n<strong>Technical preparation, <\/strong><em>Croatian Journal of Food Science and Technology<\/em><strong><em><br \/>\n<\/em><\/strong><em>Faculty of Food Technology Osijek, University of Osijek, Franje Kuha\u010da 18, HR-31000 Osijek, Croatia<\/em><\/p>\n<p><span style=\"color: #000000;\"><a style=\"color: #000000;\" href=\"http:\/\/www.ptfos.unios.hr\/novicjfst\/wp-content\/uploads\/2023\/11\/Blanka-Bilic-Rajs_CV.pdf\"><strong>Blanka Bili\u0107 Rajs<\/strong><\/a><\/span><br \/>\n<strong>Technical preparation, <\/strong><em>Croatian Journal of Food Science and Technology<\/em><strong><em><br \/>\n<\/em><\/strong><em>Faculty of Food Technology Osijek, University of Osijek, Franje Kuha\u010da 18, HR-31000 Osijek, Croatia<\/em><\/p>\n<p><a href=\"http:\/\/www.ptfos.unios.hr\/novicjfst\/wp-content\/uploads\/2023\/11\/Sanda-Hasenay_CV.pdf\"><strong><span style=\"color: #000000;\">Sanda Haseny<\/span><\/strong><\/a><br \/>\n<strong>Technical preparation, <\/strong><em>Croatian Journal of Food Science and Technology<\/em><strong><em><br \/>\n<\/em><\/strong><em>Faculty of Food Technology Osijek, University of Osijek, Franje Kuha\u010da 18, HR-31000 Osijek, Croatia<\/em><\/p>\n<p><a href=\"http:\/\/www.ptfos.unios.hr\/novicjfst\/wp-content\/uploads\/2023\/11\/Saric_Antonija_CV.pdf\"><strong><span style=\"color: #003366;\"><span style=\"color: #000000;\">Antonija \u0160ari\u0107<\/span><\/span><\/strong><\/a><br \/>\n<strong>Language Editing service, <\/strong><em>Croatian Journal of Food Science and Technology<\/em><strong><em><br \/>\n<\/em><\/strong><em>Faculty of Food Technology Osijek, University of Osijek, Franje Kuha\u010da 18, HR-31000 Osijek, Croatia<\/em><\/p>\n<p><span style=\"color: #000000;\"><a style=\"color: #000000;\" href=\"http:\/\/www.ptfos.unios.hr\/novicjfst\/wp-content\/uploads\/2023\/11\/Lahorka-Budic_CV.pdf\"><strong>Lahorka Budi\u0107<\/strong><\/a><\/span><span style=\"text-decoration: underline;\"><span style=\"color: #003366; text-decoration: underline;\"><br \/>\n<\/span><\/span><strong>Language Editing service, <\/strong><em>Croatian Journal of Food Science and Technology<\/em><strong><em><br \/>\n<\/em><\/strong><em>Faculty of Food Technology Osijek, University of Osijek, Franje Kuha\u010da 18, HR-31000 Osijek, Croatia<\/em><\/p>\n<p><em><code><\/div><\/code><\/em><\/p>\n<h1><em><strong><span style=\"color: #003366;\">Editorial Board<br \/>\n<\/span><\/strong><\/em><\/h1>\n<p><code><span class=\"collapseomatic \" id=\"id69ed3f2266b40\"  tabindex=\"0\" title=\"&lt;\/code&gt;&lt;code&gt;\"    ><\/code><code><\/span><div id=\"target-id69ed3f2266b40\" class=\"collapseomatic_content \"><\/code><\/p>\n<p><strong>\u0110ur\u0111ica A\u010dkar, <\/strong>Faculty of Food Technology Osijek, University of Osijek, <strong>Croatia<\/strong><\/p>\n<p><strong> Daniela Amid\u017ei\u0107 Klari\u0107<\/strong>, Faculty of Pharmacy and Biochemistry, University of Zagreb, <strong>Croatia<\/strong><\/p>\n<p><strong> Jurislav Babi\u0107,<\/strong> Faculty of Food Technology Osijek, University of Osijek, <strong>Croatia<\/strong><\/p>\n<p><strong> Ines Banjari,<\/strong> Faculty of Food Technology Osijek, University of Osijek, <strong>Croatia<\/strong><\/p>\n<p><strong> Ana Buci\u0107-Koji\u0107<\/strong>, Faculty of Food Technology Osijek, University of Osijek, <strong>Croatia<\/strong><\/p>\n<p><strong> Sandra Bud\u017eaki<\/strong>, Faculty of Food Technology Osijek, University of Osijek, <strong>Croatia<\/strong><\/p>\n<p><strong> Daniela \u010ca\u010di\u0107 Kenjeri\u0107,<\/strong> Faculty of Food Technology Osijek, University of Osijek, <strong>Croatia<\/strong><\/p>\n<p><strong> Rozelindra \u010co\u017e-Rakovac<\/strong>, Ru\u0111er Bo\u0161kovi\u0107 Institute, <strong>Croatia<\/strong><\/p>\n<p><strong> Verica Dragovi\u0107-Uzelac<\/strong>, Faculty of Food Technology and Biotechnology, University of Zagreb, <strong>Croatia<\/strong><\/p>\n<p><strong> Ivana Flanjak,<\/strong> Faculty of Food Technology Osijek, University of Osijek, <strong>Croatia<\/strong><\/p>\n<p><strong> Dajana Ga\u0161o Soka\u010d,<\/strong> Faculty of Food Technology Osijek, University of Osijek, <strong>Croatia<\/strong><\/p>\n<p><strong> Mirna Habuda-Stani\u0107<\/strong>, Faculty of Food Technology Osijek, University of Osijek, <strong>Croatia<\/strong><\/p>\n<p><strong> Zoran Herceg<\/strong>, Faculty of Food Technology and Biotechnology, University of Zagreb, <strong>Croatia<\/strong><\/p>\n<p><strong> Daniela Horvat,<\/strong> Agricultural Institute Osijek, <strong>Croatia<\/strong><\/p>\n<p><strong> Lidija Jakobek Barron<\/strong>, Faculty of Food Technology Osijek, University of Osijek, <strong>Croatia<\/strong><\/p>\n<p><strong> Igor Jerkovi\u0107<\/strong>, Faculty of Chemistry and Technology, University of Split, <strong>Croatia<\/strong><\/p>\n<p><strong> Antun Jozinovi\u0107<\/strong>, Faculty of Food Technology Osijek, University of Osijek, <strong>Croatia<\/strong><\/p>\n<p><strong> Tomislav Klapec,<\/strong> Faculty of Food Technology Osijek, University of Osijek, <strong>Croatia<\/strong><\/p>\n<p><strong> Dra\u017eenka Komes<\/strong>, Faculty of Food Technology and Biotechnology, University of Zagreb, <strong>Croatia<\/strong><\/p>\n<p><strong> Mirela Kopjar<\/strong>, Faculty of Food Technology Osijek, University of Osijek, <strong>Croatia<\/strong><\/p>\n<p><strong> Dragan Kova\u010devi\u0107,<\/strong> Faculty of Food Technology Osijek, University of Osijek, <strong>Croatia<\/strong><\/p>\n<p><strong> Greta Kre\u0161i\u0107<\/strong>, The Faculty of Tourism and Hospitality Management, <strong>Croatia<\/strong><\/p>\n<p><strong> Damir Magdi\u0107,<\/strong> Faculty of Food Technology Osijek, University of Osijek, <strong>Croatia<\/strong><\/p>\n<p><strong> Borislav Mili\u010devi\u0107,<\/strong> Faculty of Tourism and Rural Development in Po\u017eega,<strong> Croatia<\/strong><\/p>\n<p><strong> Maja Molnar,<\/strong> Faculty of Food Technology Osijek, University of Osijek, <strong>Croatia<\/strong><\/p>\n<p><strong> Vlasta Pili\u017eota,<\/strong> Institute for Scientific and Artistic Work in Osijek, <strong>Croatia<\/strong><\/p>\n<p><strong> Mirela Planini\u0107<\/strong>, Faculty of Food Technology Osijek, University of Osijek, <strong>Croatia<\/strong><\/p>\n<p><strong> Jelka Pleadin<\/strong>, Croatian Veterinary Institute Zagreb, <strong>Croatia<\/strong><\/p>\n<p><strong> Jasmina Ranilovi\u0107, <\/strong>Podravka Inc., <strong>Croatia<\/strong><\/p>\n<p><strong> Darja Sokoli\u0107<\/strong>, Croatian Agency for Agriculture and Food, <strong>Croatia<\/strong><\/p>\n<p><strong> Ivica Strelec<\/strong>, Faculty of Food Technology Osijek, University of Osijek, <strong>Croatia<\/strong><\/p>\n<p><strong> Drago \u0160ubari\u0107,<\/strong> Faculty of Food Technology Osijek, University of Osijek, <strong>Croatia<\/strong><\/p>\n<p><strong> Marina Ti\u0161ma<\/strong>, Faculty of Food Technology Osijek, University of Osijek, <strong>Croatia<\/strong><\/p>\n<p><strong> Darko Veli\u0107<\/strong>, Faculty of Food Technology Osijek, University of Osijek, <strong>Croatia<\/strong><\/p>\n<p><strong> Natalija Veli\u0107,<\/strong> Faculty of Food Technology Osijek, University of Osijek, <strong>Croatia<\/strong><\/p>\n<p>&nbsp;<\/p>\n<p><span style=\"color: #003366;\"><em><code><\/div><\/code><\/em><\/span><\/p>\n<h1><strong><span style=\"color: #003366;\"><em>International Editorial Board<\/em><\/span><\/strong><\/h1>\n<p><code><span class=\"collapseomatic \" id=\"id69ed3f2266b64\"  tabindex=\"0\" title=\"\"    ><\/span><div id=\"target-id69ed3f2266b64\" class=\"collapseomatic_content \"><\/code><\/p>\n<p><strong>Rita Ambrus<\/strong>, University of Szeged, Hungary<\/p>\n<p><strong>Dijana Bla\u017eekovi\u0107 \u2013 Dimovska<\/strong>, Faculty of Biotechnical Sciences &#8211; Bitola Department of biotechnology University &#8220;St. Kliment Ohridski&#8221; &#8211; Bitola, Macedonia<\/p>\n<p><strong>Sa\u0161a Despotovi\u0107<\/strong>, Univerzitet u Beogradu, Poljoprivredni fakultet, Serbia<\/p>\n<p><strong>Ana Rita Duarte<\/strong>, Lisbon, Univesidade Nova de Lisboa, Portugal<\/p>\n<p><strong>Eva Falch<\/strong>, Norwegian University of Science and Technology, Norway<\/p>\n<p><strong>Artur Gryszkin<\/strong>, Wroclaw, University of Environmental and Life Science, Poland<\/p>\n<p><strong>Midhat Ja\u0161i\u0107<\/strong>, Tuzla, Bosnia and Hercegovina<\/p>\n<p><strong>Hamit Koksel<\/strong>, Hacettepe University, Food Engineering Departament, Turkey<\/p>\n<p><strong>Ravindra Kumar Agarwa<\/strong>, CHAS, Ganpat University, India<\/p>\n<p><strong>Marta Lores<\/strong>, University of Santiago de Compostela, Spain<\/p>\n<p><strong>Chibundu Ngozi Ezekiel<\/strong>, Institute of Bianalytics and Agro-Metabolomics, IFA-Tulln, BOKU, Austria<\/p>\n<p><strong>Ilja Gasan Osojnik \u010crnivec<\/strong>, Biotehni\u0161ka fakulteta Ljubljana, Slovenia<\/p>\n<p><strong>Biljana Pajin<\/strong>, University of Novi Sad, Faculty of Technology Novi Sad, Serbia<\/p>\n<p><strong>Volkmar Passoth<\/strong>, Uppsala, Swedish University of Agricultural Sciences, Sweden<\/p>\n<p><strong>Josip \u0160imunovi\u0107<\/strong>, North Carolina State University, USA<\/p>\n<p><strong>Mojca \u0160kerget<\/strong>, University of Maribor, Faculty of Chemistry and Chemical Engineering Slovenia<\/p>\n<p><strong>Senka Vidovi\u0107<\/strong>, University of Novi Sad, Faculty of Technology Novi Sad, Serbia<\/p>\n<p><strong>Jelena Vladi\u0107<\/strong>, Lisbon, Univesidade Nova de Lisboa, Portugal<\/p>\n<p><em><code><\/div><\/code><\/em><\/p>\n","protected":false},"excerpt":{"rendered":"<p>\u00a0Editorial Board Stela Joki\u0107 Editor-in-Chief Croatian Journal of Food Science and Technology Faculty of Food Technology Osijek, University of Osijek Franje Kuha\u010da 18, HR-31000 Osijek, Croatia stela.jokic@ptfos.hr Ante Lon\u010dari\u0107 Assistant Editor Croatian Journal of Food Science and Technology Faculty of Food Technology Osijek, University of Osijek Franje Kuha\u010da 18, HR-31000 Osijek, Croatia Editorial Office Editorial &#8230; <a title=\"Editorial Board\" class=\"read-more\" href=\"http:\/\/www.ptfos.unios.hr\/novicjfst\/index.php\/editorial-board\/\" aria-label=\"Read more about Editorial Board\">Op\u0161irnije<\/a><\/p>\n","protected":false},"author":2,"featured_media":0,"parent":0,"menu_order":0,"comment_status":"closed","ping_status":"closed","template":"","meta":{"footnotes":""},"class_list":["post-119","page","type-page","status-publish"],"_links":{"self":[{"href":"http:\/\/www.ptfos.unios.hr\/novicjfst\/index.php\/wp-json\/wp\/v2\/pages\/119","targetHints":{"allow":["GET"]}}],"collection":[{"href":"http:\/\/www.ptfos.unios.hr\/novicjfst\/index.php\/wp-json\/wp\/v2\/pages"}],"about":[{"href":"http:\/\/www.ptfos.unios.hr\/novicjfst\/index.php\/wp-json\/wp\/v2\/types\/page"}],"author":[{"embeddable":true,"href":"http:\/\/www.ptfos.unios.hr\/novicjfst\/index.php\/wp-json\/wp\/v2\/users\/2"}],"replies":[{"embeddable":true,"href":"http:\/\/www.ptfos.unios.hr\/novicjfst\/index.php\/wp-json\/wp\/v2\/comments?post=119"}],"version-history":[{"count":208,"href":"http:\/\/www.ptfos.unios.hr\/novicjfst\/index.php\/wp-json\/wp\/v2\/pages\/119\/revisions"}],"predecessor-version":[{"id":5899,"href":"http:\/\/www.ptfos.unios.hr\/novicjfst\/index.php\/wp-json\/wp\/v2\/pages\/119\/revisions\/5899"}],"wp:attachment":[{"href":"http:\/\/www.ptfos.unios.hr\/novicjfst\/index.php\/wp-json\/wp\/v2\/media?parent=119"}],"curies":[{"name":"wp","href":"https:\/\/api.w.org\/{rel}","templated":true}]}}