{"id":446,"date":"2016-01-09T21:57:57","date_gmt":"2016-01-09T21:57:57","guid":{"rendered":"http:\/\/www.ptfos.unios.hr\/novicjfst\/?page_id=446"},"modified":"2019-07-12T08:47:25","modified_gmt":"2019-07-12T08:47:25","slug":"acknowledgement-to-reviewers","status":"publish","type":"page","link":"http:\/\/www.ptfos.unios.hr\/novicjfst\/index.php\/reviewer-instructions\/acknowledgement-to-reviewers\/","title":{"rendered":"Acknowledgement to reviewers"},"content":{"rendered":"<h1 style=\"text-align: justify;\"><span style=\"color: #003366;\"><em>Acknowledgement to reviewers<\/em><\/span><\/h1>\n<p style=\"text-align: justify;\">The Editors of the Croatian Journal of Food Science and Technology and faculty staff of the Faculty of Food Technology Osijek extend their deepest gratitude to the following manuscript reviewers who maintained the professional standards of our journal from the beginning of the journal until now. We hope that they will accept our invitation for their volunteer work in our journal also in the coming issues and volumes.<\/p>\n<p><strong>List of the reviewers<\/strong><\/p>\n<p style=\"text-align: justify;\">Abidemi O. Joseph<br \/>\nAdam Figiel<br \/>\nAgnieszka Nawirska-Olsza\u0144ska<br \/>\nAhmed A. Al-Amiery<br \/>\nAida Turrini<br \/>\nAilsa D. Hocking<br \/>\nAleksandar Fi\u0161te\u0161<br \/>\nAleksandar Joki\u0107<br \/>\nAleksandra Sander<br \/>\nAleksandra Sudari\u0107<br \/>\nAleksandra Tepi\u0107<br \/>\nAleksandra Torbica<br \/>\nAlessandra Durazzo<br \/>\nAlicja Cegli\u0144ska<br \/>\nAlicja Kawka<br \/>\nAlicja Kucharska<br \/>\nAmbrogina Pagani<br \/>\nAmparo Salvador<br \/>\nAna Leahu<br \/>\nAndras Koris<br \/>\nAndr\u00e1s S. Szab\u00f3<br \/>\nAndreas Thrasyvoulou<br \/>\nAndreja Prevendar Crni\u0107<br \/>\nAngela Conte<br \/>\nAnita Pichler<br \/>\nAnna Czubaszek<br \/>\nAnna Hal\u00e1sz<br \/>\nAntonio Piga<br \/>\nAntun Jozinovi\u0107<br \/>\nArtur Gryszkin<br \/>\nAsima Begi\u0107-Akagi\u0107<br \/>\nBabatunde Adbulkarim Eweina<br \/>\nBanwo Alabi<br \/>\nBarbara Jer\u0161ek<br \/>\nBarbara Korou\u0161i\u0107 Seljak<br \/>\nBenja Muktabhant<br \/>\nBetty Ajibade<br \/>\nBenjamin Muhamedbegovi\u0107<br \/>\nBojan Butinar<br \/>\nBoris Mildner<br \/>\nBorislav Mili\u010devi\u0107<br \/>\nBo\u017eidar \u017dlender<br \/>\nCsaba V\u00e1gv\u00f6lgyi<br \/>\nDamir Je\u017eek<br \/>\nDamir Stanzer<br \/>\nDaniela \u010ca\u010di\u0107 Kenjeri\u0107<br \/>\nDaniela Erba<br \/>\nDanijela Bursa\u0107 Kova\u010devi\u0107<br \/>\nDarwin Pangaribuan<br \/>\nDave Oomah<br \/>\nDejan Skala<br \/>\nDijana Mili\u010devi\u0107<br \/>\nDonal O\u2019Callaghan<br \/>\nDragan \u017divan\u010dev<br \/>\nDragana Plav\u0161i\u0107<br \/>\nDragana \u0160oronja-Simovi\u0107<br \/>\nDubravka Novotni<br \/>\nDubravka \u0160kevin<br \/>\nDu\u0161ka \u0106uri\u0107<br \/>\nElke Pawelzik<br \/>\nElisabeth T. Kov\u00e1cs<br \/>\nEliza Blicharska<br \/>\nElvis Ahmetovi\u0107<br \/>\nErich Leitner<br \/>\nEtelka Dimi\u0107<br \/>\nEva T\u016fmov\u00e1<br \/>\nEwa Majewska<br \/>\nFani Mantzouridou<br \/>\nFerenc Firtha<br \/>\nFausta Natella<br \/>\nFlavio Paoletti<br \/>\nFrane Dela\u0161<br \/>\nFrank P. Schelp<br \/>\nGerald M. Sapers<br \/>\nGordana \u0106etkovi\u0107<br \/>\nGordana Panova<br \/>\nGrazyna Krasnowska<br \/>\nGra\u017eina Juodeikien\u0117<br \/>\nGregory Lambrinos<br \/>\nGreta Kre\u0161i\u0107<br \/>\nGyula Vatai<br \/>\nHans Brueckner<br \/>\nHrvoje Jureti\u0107<br \/>\nHuub Lelieveld<br \/>\nIbrahim Muji\u0107<br \/>\nIgor Jerkovi\u0107<br \/>\nIldiko Magyar<br \/>\nIndira Kosovi\u0107<br \/>\nInes Banjari<br \/>\nInes Panjkota Krbav\u010di\u0107<br \/>\nIosif Gergen<br \/>\nIrena Baruk\u010di\u0107<br \/>\nIrena Coli\u0107 Bari\u0107<br \/>\nIvan Stankovi\u0107<br \/>\nIvana Generali\u0107<br \/>\nIvana Tomac<br \/>\nIvica Strelec<br \/>\nIvona Radovic<br \/>\nJagoda \u0160u\u0161kovi\u0107<br \/>\nJan Oszmia\u0144ski<br \/>\nJanez Hribar<br \/>\nJasmina Agbaba<br \/>\nJasna Mastilovi\u0107<br \/>\nJasna Mrv\u010di\u0107<br \/>\nJasna Vorkapi\u0107-Fura\u010d<br \/>\nJelena Krulj<br \/>\nJelena Vladi\u0107<br \/>\nJelka Petrak<br \/>\nJoanna Wyka<br \/>\nJosefina Barrera-Cort\u00e9s<br \/>\nJoseph Hounhouigan<br \/>\nJoshua Sunday Ojolo<br \/>\nJoszef Felfoldi<br \/>\nKaren Trew<br \/>\nKarin Kova\u010devi\u0107 Gani\u0107<br \/>\nKatarina Brudzynski<br \/>\nKatarina Lisak Jakopovi\u0107<br \/>\nKenny S. Olorunmaiye<br \/>\nKornelija Petr Balog<br \/>\nKsenija Markovi\u0107<br \/>\nLadislav Steinhauser<br \/>\nLanfranco S. Conte<br \/>\nLaszlo Baranyai<br \/>\nLenka Kou\u0159imsk\u00e1<br \/>\nLidia Dorantes<br \/>\nLidija Koza\u010dinski<br \/>\nLubom\u00edr Val\u00edk<br \/>\nLucia Olmo &#8211; Garcia<br \/>\nLuis Gil S\u00e1nchez<br \/>\nLjubica Doki\u0107<br \/>\nLjubica Tratnik<br \/>\nMagdy M. Afifi<br \/>\nMaja Peraica<br \/>\nMalgorzata Gniewosz<br \/>\nManuela Gr\u010devi\u0107<br \/>\nMara Banovi\u0107<br \/>\nMarcin Bryla<br \/>\nMarcos Dias Pereira<br \/>\nMarek Trojanowicz<br \/>\nMaria Paz Aguilera Herrera<br \/>\nMaria Stella Cosio<br \/>\nMar\u00eda Teresa Sancho Ortiz<br \/>\nMaria Tsimidou<br \/>\nMarina Carcea<br \/>\nMario Perez-Won<br \/>\nMario \u0160\u0107etar<br \/>\nMarizela \u0160abanovi\u0107<br \/>\nMark Linton<br \/>\nMatth\u00e4us Siebenhofer<br \/>\nMatthew Fidelibus<br \/>\nMd. Eaqub Ali<br \/>\nMehmet Ozkan<br \/>\nMeinolf Georg Lindhauer<br \/>\nMelvin S. Pasaporte<br \/>\nMichael Ayodele Omodara<br \/>\nMichael Murkovic<br \/>\nMidhat Ja\u0161i\u0107<br \/>\nMihaela \u0160krt<br \/>\nMilan Sovilj<br \/>\nMilenko Blesi\u0107<br \/>\nMiodrag D. Dimitrijevi\u0107<br \/>\nMirjana Hru\u0161kar<br \/>\nMirna Habuda Stani\u0107<br \/>\nMohamed Fatih Abdallah Abdelmohsen<br \/>\nMojca Koro\u0161ec<br \/>\nMojmir Rychtera<br \/>\nNada Filipovi\u0107<br \/>\nNatalija D\u017eini\u0107<br \/>\nNatasa \u0160egatin<br \/>\nNenad Kuzmani\u0107<br \/>\nNermina Spaho<br \/>\nNevenka Raji\u0107<br \/>\nNidhi Ramayya<br \/>\nObi Theodora Ego<br \/>\nOla Odunbaku<br \/>\nOlivera \u0160imurina<br \/>\nParmjit S. Panesar<br \/>\nParvatam Giridhar<br \/>\nPaul Olatidoye<br \/>\nPekka Lehtonen<br \/>\nQuek Meei Chien<br \/>\nRadmila Pajovi\u0107 \u0160\u0107epanovi\u0107<br \/>\nRadomir L\u00e1sztity<br \/>\nRajka Bo\u017eani\u0107<br \/>\nRajko Vidrih<br \/>\nRamzija Cvrk<br \/>\nRegine Sch\u00f6nlechner<br \/>\nRenata Rozylo<br \/>\nRenata Tepari\u0107<br \/>\nRezica Sudar<br \/>\nRozana Troja<br \/>\nRyszard Amarowicz<br \/>\nSahera F. Mohamed<br \/>\nSandra Babi\u0107<br \/>\nSandra Cort\u00e9s<br \/>\nSandra Ne\u0111eral<br \/>\nSandra Svilovi\u0107<br \/>\nSandra Vo\u0107a<br \/>\nSanja Oru\u010devi\u0107<br \/>\nSanja Vida\u010dek<br \/>\nSatish K. Dixit<br \/>\nSamson Adeoye<br \/>\nSenka Vidovi\u0107<br \/>\nSeverina Pacifico<br \/>\nSeyda Kivrak<br \/>\nShaik Khasim Beebi<br \/>\nSini\u0161a Markov<br \/>\nSlavica \u0160iler-Marinkovi\u0107<br \/>\nSnje\u017eana Herceg-Romani\u0107<br \/>\nSnje\u017eana Hod\u017ei\u0107<br \/>\nSonja Smole Mo\u017eina<br \/>\nSoottawat Benjakul<br \/>\nSpasenija Milanovi\u0107<br \/>\nStanko Ivankovi\u0107<br \/>\nStefano D\u2019Amico<br \/>\nStela Joki\u0107<br \/>\nSun\u010dica Koci\u0107 Tanackov<br \/>\nSung Jih Min<br \/>\nSusana Rodriguez-Couto<br \/>\nT. Gallardo &#8211; Velazquez<br \/>\nTatjana Ko\u0161merl<br \/>\nTariqul Islam<br \/>\nTea Bilu\u0161i\u0107<br \/>\nTeodora Emilia Coldea<br \/>\nTeuta Murati<br \/>\nTeresa Kowalska<br \/>\nTerezija Golob<br \/>\nTihana Mar\u010dek<br \/>\nToma\u017e Po\u017erl<br \/>\nUlrike Lindequist<br \/>\nValentina Obradovi\u0107<br \/>\nValerije Vr\u010dek<br \/>\nVera Kati\u0107<br \/>\nVera Lazi\u0107<br \/>\nVerica Dragovi\u0107 Uzelac<br \/>\nVesna Vuja\u010di\u0107<br \/>\nVesna Vujasinovi\u0107<br \/>\nViridiana Santana Ferreira-Leit\u00e3o<br \/>\nVitomir \u0106upi\u0107<br \/>\nVladimir J. Valent<br \/>\nVojislava Bursi\u0107<br \/>\nWasiu Awoyale<br \/>\nYannis Kotzamanis<br \/>\nZilha A\u0161imovi\u0107<br \/>\nZita \u0160ere\u0161<br \/>\nZlatan Sari\u0107<br \/>\nZuzana R\u00e9blov\u00e1<br \/>\nZvonimir Marjanovi\u0107<br \/>\nZvonimir \u0160atali\u0107<br \/>\n\u017deljka Cvrtila Fleck<\/p>\n<p>&nbsp;<\/p>\n","protected":false},"excerpt":{"rendered":"<p>Acknowledgement to reviewers The Editors of the Croatian Journal of Food Science and Technology and faculty staff of the Faculty of Food Technology Osijek extend their deepest gratitude to the following manuscript reviewers who maintained the professional standards of our journal from the beginning of the journal until now. We hope that they will accept &#8230; <a title=\"Acknowledgement to reviewers\" class=\"read-more\" href=\"http:\/\/www.ptfos.unios.hr\/novicjfst\/index.php\/reviewer-instructions\/acknowledgement-to-reviewers\/\" aria-label=\"Read more about Acknowledgement to reviewers\">Op\u0161irnije<\/a><\/p>\n","protected":false},"author":2,"featured_media":0,"parent":345,"menu_order":0,"comment_status":"closed","ping_status":"closed","template":"","meta":{"footnotes":""},"class_list":["post-446","page","type-page","status-publish"],"_links":{"self":[{"href":"http:\/\/www.ptfos.unios.hr\/novicjfst\/index.php\/wp-json\/wp\/v2\/pages\/446","targetHints":{"allow":["GET"]}}],"collection":[{"href":"http:\/\/www.ptfos.unios.hr\/novicjfst\/index.php\/wp-json\/wp\/v2\/pages"}],"about":[{"href":"http:\/\/www.ptfos.unios.hr\/novicjfst\/index.php\/wp-json\/wp\/v2\/types\/page"}],"author":[{"embeddable":true,"href":"http:\/\/www.ptfos.unios.hr\/novicjfst\/index.php\/wp-json\/wp\/v2\/users\/2"}],"replies":[{"embeddable":true,"href":"http:\/\/www.ptfos.unios.hr\/novicjfst\/index.php\/wp-json\/wp\/v2\/comments?post=446"}],"version-history":[{"count":8,"href":"http:\/\/www.ptfos.unios.hr\/novicjfst\/index.php\/wp-json\/wp\/v2\/pages\/446\/revisions"}],"predecessor-version":[{"id":2356,"href":"http:\/\/www.ptfos.unios.hr\/novicjfst\/index.php\/wp-json\/wp\/v2\/pages\/446\/revisions\/2356"}],"up":[{"embeddable":true,"href":"http:\/\/www.ptfos.unios.hr\/novicjfst\/index.php\/wp-json\/wp\/v2\/pages\/345"}],"wp:attachment":[{"href":"http:\/\/www.ptfos.unios.hr\/novicjfst\/index.php\/wp-json\/wp\/v2\/media?parent=446"}],"curies":[{"name":"wp","href":"https:\/\/api.w.org\/{rel}","templated":true}]}}