{"id":9,"date":"2014-09-25T10:59:11","date_gmt":"2014-09-25T10:59:11","guid":{"rendered":"http:\/\/www.ptfos.unios.hr\/projekti\/kopjar\/?page_id=9"},"modified":"2014-10-23T09:31:52","modified_gmt":"2014-10-23T09:31:52","slug":"clanovi","status":"publish","type":"page","link":"http:\/\/www.ptfos.unios.hr\/projekti\/kopjar\/?page_id=9","title":{"rendered":"\u010cLANOVI"},"content":{"rendered":"<p><img decoding=\"async\" loading=\"lazy\" class=\"alignright wp-image-62\" src=\"http:\/\/www.ptfos.unios.hr\/projekti\/kopjar\/wp-content\/uploads\/2014\/09\/\u010dlanovi1-198x300.jpg\" alt=\"frutti di bosco splash\" width=\"250\" height=\"377\" srcset=\"http:\/\/www.ptfos.unios.hr\/projekti\/kopjar\/wp-content\/uploads\/2014\/09\/\u010dlanovi1-198x300.jpg 198w, http:\/\/www.ptfos.unios.hr\/projekti\/kopjar\/wp-content\/uploads\/2014\/09\/\u010dlanovi1-678x1024.jpg 678w\" sizes=\"(max-width: 250px) 100vw, 250px\" \/><a href=\"http:\/\/www.ptfos.unios.hr\/projekti\/kopjar\/wp-content\/uploads\/2014\/09\/kopjar.pdf\">Mirela Kopjar &#8211; voditelj projekta<\/a><\/p>\n<p><a href=\"http:\/\/www.ptfos.unios.hr\/projekti\/kopjar\/wp-content\/uploads\/2014\/09\/pichler.pdf\">Anita Pichler<\/a><\/p>\n<p><a href=\"http:\/\/www.ptfos.unios.hr\/projekti\/kopjar\/wp-content\/uploads\/2014\/09\/simunovic.pdf\">Josip \u0160imunovi\u0107<\/a><\/p>\n<p><a href=\"http:\/\/www.ptfos.unios.hr\/projekti\/kopjar\/wp-content\/uploads\/2014\/09\/nedic-tiban.pdf\">Nela Nedi\u0107 Tiban<\/a><\/p>\n<p><a href=\"http:\/\/www.ptfos.unios.hr\/projekti\/kopjar\/wp-content\/uploads\/2014\/09\/loncaric.pdf\">Ante Lon\u010dari\u0107<\/a><\/p>\n<p><a href=\"http:\/\/www.ptfos.unios.hr\/projekti\/kopjar\/wp-content\/uploads\/2014\/09\/pozrl.pdf\">Toma\u017e Po\u017erl<\/a><\/p>\n<p>&nbsp;<\/p>\n","protected":false},"excerpt":{"rendered":"<p>Mirela Kopjar &#8211; voditelj projekta Anita Pichler Josip \u0160imunovi\u0107 Nela Nedi\u0107 Tiban Ante Lon\u010dari\u0107 Toma\u017e Po\u017erl &nbsp;<\/p>\n","protected":false},"author":1,"featured_media":171,"parent":0,"menu_order":0,"comment_status":"closed","ping_status":"closed","template":"","meta":[],"_links":{"self":[{"href":"http:\/\/www.ptfos.unios.hr\/projekti\/kopjar\/index.php?rest_route=\/wp\/v2\/pages\/9"}],"collection":[{"href":"http:\/\/www.ptfos.unios.hr\/projekti\/kopjar\/index.php?rest_route=\/wp\/v2\/pages"}],"about":[{"href":"http:\/\/www.ptfos.unios.hr\/projekti\/kopjar\/index.php?rest_route=\/wp\/v2\/types\/page"}],"author":[{"embeddable":true,"href":"http:\/\/www.ptfos.unios.hr\/projekti\/kopjar\/index.php?rest_route=\/wp\/v2\/users\/1"}],"replies":[{"embeddable":true,"href":"http:\/\/www.ptfos.unios.hr\/projekti\/kopjar\/index.php?rest_route=%2Fwp%2Fv2%2Fcomments&post=9"}],"version-history":[{"count":10,"href":"http:\/\/www.ptfos.unios.hr\/projekti\/kopjar\/index.php?rest_route=\/wp\/v2\/pages\/9\/revisions"}],"predecessor-version":[{"id":76,"href":"http:\/\/www.ptfos.unios.hr\/projekti\/kopjar\/index.php?rest_route=\/wp\/v2\/pages\/9\/revisions\/76"}],"wp:featuredmedia":[{"embeddable":true,"href":"http:\/\/www.ptfos.unios.hr\/projekti\/kopjar\/index.php?rest_route=\/wp\/v2\/media\/171"}],"wp:attachment":[{"href":"http:\/\/www.ptfos.unios.hr\/projekti\/kopjar\/index.php?rest_route=%2Fwp%2Fv2%2Fmedia&parent=9"}],"curies":[{"name":"wp","href":"https:\/\/api.w.org\/{rel}","templated":true}]}}