{"id":249,"date":"2018-03-01T13:32:09","date_gmt":"2018-03-01T12:32:09","guid":{"rendered":"http:\/\/www.ptfos.unios.hr\/voda\/?page_id=249"},"modified":"2024-03-03T09:30:38","modified_gmt":"2024-03-03T08:30:38","slug":"obavijest","status":"publish","type":"page","link":"http:\/\/www.ptfos.unios.hr\/voda\/index.php\/obavijest\/","title":{"rendered":""},"content":{"rendered":"\n<figure class=\"wp-block-image alignwide size-large\"><img loading=\"lazy\" decoding=\"async\" width=\"1024\" height=\"138\" src=\"http:\/\/www.ptfos.unios.hr\/voda\/wp-content\/uploads\/2024\/01\/linija-1024x138.jpg\" alt=\"\" class=\"wp-image-5104\" srcset=\"http:\/\/www.ptfos.unios.hr\/voda\/wp-content\/uploads\/2024\/01\/linija-1024x138.jpg 1024w, http:\/\/www.ptfos.unios.hr\/voda\/wp-content\/uploads\/2024\/01\/linija-300x41.jpg 300w, http:\/\/www.ptfos.unios.hr\/voda\/wp-content\/uploads\/2024\/01\/linija-768x104.jpg 768w, http:\/\/www.ptfos.unios.hr\/voda\/wp-content\/uploads\/2024\/01\/linija-600x81.jpg 600w, http:\/\/www.ptfos.unios.hr\/voda\/wp-content\/uploads\/2024\/01\/linija-1600x216.jpg 1600w, http:\/\/www.ptfos.unios.hr\/voda\/wp-content\/uploads\/2024\/01\/linija-1536x208.jpg 1536w, http:\/\/www.ptfos.unios.hr\/voda\/wp-content\/uploads\/2024\/01\/linija-24x3.jpg 24w, http:\/\/www.ptfos.unios.hr\/voda\/wp-content\/uploads\/2024\/01\/linija-36x5.jpg 36w, http:\/\/www.ptfos.unios.hr\/voda\/wp-content\/uploads\/2024\/01\/linija-48x6.jpg 48w, http:\/\/www.ptfos.unios.hr\/voda\/wp-content\/uploads\/2024\/01\/linija.jpg 1776w\" sizes=\"auto, (max-width: 1024px) 100vw, 1024px\" \/><\/figure>\n\n\n\n<p class=\"has-text-align-center has-large-font-size\"><strong>10. Me\u0111unarodna konferencija VODA ZA SVE<\/strong><\/p>\n\n\n\n<p class=\"has-text-align-center has-normal-font-size\">20.-22.03.2024.  I  Hotel Jezero  I  Nacionalni park Plitvi\u010dka jezera  I  Hrvatska<\/p>\n\n\n\n<p class=\"has-background-color has-text-color has-link-color wp-elements-8cea8f9af6dd7ab3bce1186abdb4a3a3\">.<\/p>\n\n\n\n<p class=\"has-large-font-size\">Obavijest<\/p>\n\n\n\n<p><span style=\"color: #ffffff;\">.<\/span><\/p>\n\n\n\n<p class=\"has-opensans-font-family\" style=\"font-size:16px\">Po\u0161tovani, &nbsp;<\/p>\n\n\n\n<p class=\"has-opensans-font-family\" style=\"font-size:16px\">pozivamo Vas da nam se pridru\u017eite na jubilarnoj <strong>10. me\u0111unarodnoj konferenciji VODA ZA SVE<\/strong> koja \u0107e se odr\u017eati u Hotelu Jezero, Plitvi\u010dka jezera, <strong>od 20. do 22. o\u017eujka 2024. godine<\/strong>.&nbsp;<\/p>\n\n\n\n<p class=\"has-opensans-font-family\" style=\"font-size:16px\">Me\u0111unarodna konferencija VODA ZA SVE odr\u017eava se povodom Svjetskog dana voda s ciljem okupljanja i razmjene iskustava znanstvenika i stru\u010dnjaka koji se u svom radu bave problematikom za\u0161tite, kori\u0161tenja i o\u010duvanja vodnog bogatstva Hrvatske, ali i drugim aspektima povezanosti vode i \u010dovjeka. <\/p>\n\n\n\n<p class=\"has-opensans-font-family\" style=\"font-size:16px\">Konferencija se odr\u017eava od 2011. godine.&nbsp;<\/p>\n\n\n\n<p class=\"has-opensans-font-family\" style=\"font-size:16px\"><strong>Sredi\u0161nja tema i slogan ovogodi\u0161njeg Svjetskog dana voda, a time&nbsp; i 10. me\u0111unarodne konferencije VODA ZA SVE je &#8220;Voda za mir&#8221;.<\/strong> &nbsp;<\/p>\n\n\n\n<p class=\"has-opensans-font-family\" style=\"font-size:16px\">Rad Konferencije se odvija kroz usmena i posterska priop\u0107enja te sponzorirana predstavljanja gospodarskih subjekata koji djeluju u podru\u010dju za\u0161tite i prerade voda.Konferenciju organizira Prehrambeno-tehnolo\u0161ki fakultet Osijek u suradnji s partnerskim institucijama.&nbsp; <\/p>\n\n\n\n<p class=\"has-opensans-font-family\" style=\"font-size:16px\">Me\u0111unarodni suorganizatori Konferencije su Me\u0111unarodna federacija za zdravstvenu ekologiju (IFEH), Europsko udru\u017eenje za higijensko in\u017eenjerstvo i dizajn (EHEDG) te Mre\u017ea za\u0161ti\u0107enih parkova prirode rijeke Dunav (Danube Parks). <\/p>\n\n\n\n<p class=\"has-opensans-font-family\" style=\"font-size:16px\">Tematske cjeline konferencije su: Poljoprivreda i vodni resursi, Prerada vode za pi\u0107e i obrada otpadnih voda, Upravljanje vodama, Monitoring kakvo\u0107e voda, Vodoopskrbni sustavi i odvodnja, Mo\u010dvarna stani\u0161ta, Voda i zdravlje te Voda i zelene tehnologije. <\/p>\n\n\n\n<p class=\"has-opensans-font-family\" style=\"font-size:16px\">Radujemo se susretu i dobrodo\u0161li na Plitvi\u010dka jezera!<\/p>\n\n\n\n<p><\/p>\n\n\n\n<div class=\"wp-block-media-text is-stacked-on-mobile\" style=\"grid-template-columns:15% auto\"><figure class=\"wp-block-media-text__media\"><img loading=\"lazy\" decoding=\"async\" width=\"865\" height=\"952\" src=\"http:\/\/www.ptfos.unios.hr\/voda\/wp-content\/uploads\/2024\/01\/MHS-2.jpg\" alt=\"\" class=\"wp-image-4920 size-full\" srcset=\"http:\/\/www.ptfos.unios.hr\/voda\/wp-content\/uploads\/2024\/01\/MHS-2.jpg 865w, http:\/\/www.ptfos.unios.hr\/voda\/wp-content\/uploads\/2024\/01\/MHS-2-273x300.jpg 273w, http:\/\/www.ptfos.unios.hr\/voda\/wp-content\/uploads\/2024\/01\/MHS-2-768x845.jpg 768w, http:\/\/www.ptfos.unios.hr\/voda\/wp-content\/uploads\/2024\/01\/MHS-2-545x600.jpg 545w, http:\/\/www.ptfos.unios.hr\/voda\/wp-content\/uploads\/2024\/01\/MHS-2-727x800.jpg 727w, http:\/\/www.ptfos.unios.hr\/voda\/wp-content\/uploads\/2024\/01\/MHS-2-22x24.jpg 22w, http:\/\/www.ptfos.unios.hr\/voda\/wp-content\/uploads\/2024\/01\/MHS-2-33x36.jpg 33w, http:\/\/www.ptfos.unios.hr\/voda\/wp-content\/uploads\/2024\/01\/MHS-2-44x48.jpg 44w\" sizes=\"auto, (max-width: 865px) 100vw, 865px\" \/><\/figure><div class=\"wp-block-media-text__content\">\n<p class=\"has-opensans-font-family has-content-heading-font-size\"><\/p>\n<\/div><\/div>\n\n\n\n<p><span style=\"font-family: arial, helvetica, sans-serif; font-size: 12pt;\">prof. dr. sc. Mirna Habuda-Stani\u0107<\/span> <\/p>\n\n\n\n<p><span style=\"font-family: arial, helvetica, sans-serif; font-size: 12pt;\">Predsjednica Organizacijskog odbora konferencije VODA ZA SVE<\/span><\/p>\n\n\n\n<p class=\"has-upper-heading-font-size\"><a href=\"http:\/\/www.ptfos.unios.hr\/voda\/wp-content\/uploads\/2024\/02\/Poziv-10.-VODA-ZA-SVE.pdf\">VODA ZA SVE 2024 &#8211; Prva obavijest<\/a><\/p>\n\n\n\n<p class=\"has-opensans-font-family has-medium-font-size\">&nbsp;<\/p>\n\n\n\n<figure class=\"wp-block-image alignwide size-large\"><img loading=\"lazy\" decoding=\"async\" width=\"1024\" height=\"116\" src=\"http:\/\/www.ptfos.unios.hr\/voda\/wp-content\/uploads\/2024\/01\/linija-2-1024x116.jpg\" alt=\"\" class=\"wp-image-5107\" srcset=\"http:\/\/www.ptfos.unios.hr\/voda\/wp-content\/uploads\/2024\/01\/linija-2-1024x116.jpg 1024w, http:\/\/www.ptfos.unios.hr\/voda\/wp-content\/uploads\/2024\/01\/linija-2-300x34.jpg 300w, http:\/\/www.ptfos.unios.hr\/voda\/wp-content\/uploads\/2024\/01\/linija-2-768x87.jpg 768w, http:\/\/www.ptfos.unios.hr\/voda\/wp-content\/uploads\/2024\/01\/linija-2-600x68.jpg 600w, http:\/\/www.ptfos.unios.hr\/voda\/wp-content\/uploads\/2024\/01\/linija-2-1600x181.jpg 1600w, http:\/\/www.ptfos.unios.hr\/voda\/wp-content\/uploads\/2024\/01\/linija-2-1536x174.jpg 1536w, http:\/\/www.ptfos.unios.hr\/voda\/wp-content\/uploads\/2024\/01\/linija-2-2048x231.jpg 2048w, http:\/\/www.ptfos.unios.hr\/voda\/wp-content\/uploads\/2024\/01\/linija-2-24x3.jpg 24w, http:\/\/www.ptfos.unios.hr\/voda\/wp-content\/uploads\/2024\/01\/linija-2-36x4.jpg 36w, http:\/\/www.ptfos.unios.hr\/voda\/wp-content\/uploads\/2024\/01\/linija-2-48x5.jpg 48w\" sizes=\"auto, (max-width: 1024px) 100vw, 1024px\" \/><\/figure>\n","protected":false},"excerpt":{"rendered":"<p>10. Me\u0111unarodna konferencija VODA ZA SVE 20.-22.03.2024. I Hotel Jezero I Nacionalni park Plitvi\u010dka jezera I Hrvatska . Obavijest . Po\u0161tovani, &nbsp; pozivamo Vas da nam se pridru\u017eite na jubilarnoj 10. me\u0111unarodnoj konferenciji VODA ZA SVE koja \u0107e se odr\u017eati u Hotelu Jezero, Plitvi\u010dka jezera, od 20. do 22. o\u017eujka 2024. godine.&nbsp; Me\u0111unarodna konferencija VODA [&hellip;]<\/p>\n","protected":false},"author":1,"featured_media":0,"parent":0,"menu_order":0,"comment_status":"closed","ping_status":"closed","template":"","meta":{"footnotes":""},"class_list":["post-249","page","type-page","status-publish","hentry"],"_links":{"self":[{"href":"http:\/\/www.ptfos.unios.hr\/voda\/index.php\/wp-json\/wp\/v2\/pages\/249","targetHints":{"allow":["GET"]}}],"collection":[{"href":"http:\/\/www.ptfos.unios.hr\/voda\/index.php\/wp-json\/wp\/v2\/pages"}],"about":[{"href":"http:\/\/www.ptfos.unios.hr\/voda\/index.php\/wp-json\/wp\/v2\/types\/page"}],"author":[{"embeddable":true,"href":"http:\/\/www.ptfos.unios.hr\/voda\/index.php\/wp-json\/wp\/v2\/users\/1"}],"replies":[{"embeddable":true,"href":"http:\/\/www.ptfos.unios.hr\/voda\/index.php\/wp-json\/wp\/v2\/comments?post=249"}],"version-history":[{"count":130,"href":"http:\/\/www.ptfos.unios.hr\/voda\/index.php\/wp-json\/wp\/v2\/pages\/249\/revisions"}],"predecessor-version":[{"id":5496,"href":"http:\/\/www.ptfos.unios.hr\/voda\/index.php\/wp-json\/wp\/v2\/pages\/249\/revisions\/5496"}],"wp:attachment":[{"href":"http:\/\/www.ptfos.unios.hr\/voda\/index.php\/wp-json\/wp\/v2\/media?parent=249"}],"curies":[{"name":"wp","href":"https:\/\/api.w.org\/{rel}","templated":true}]}}