{"id":2627,"date":"2019-02-21T06:23:49","date_gmt":"2019-02-21T05:23:49","guid":{"rendered":"http:\/\/www.ptfos.unios.hr\/voda\/?page_id=2627"},"modified":"2024-03-19T09:55:11","modified_gmt":"2024-03-19T08:55:11","slug":"program","status":"publish","type":"page","link":"http:\/\/www.ptfos.unios.hr\/voda\/index.php\/program\/","title":{"rendered":""},"content":{"rendered":"\n<figure class=\"wp-block-image alignwide size-large\"><img loading=\"lazy\" decoding=\"async\" width=\"1024\" height=\"138\" src=\"http:\/\/www.ptfos.unios.hr\/voda\/wp-content\/uploads\/2024\/01\/linija-4-1024x138.jpg\" alt=\"\" class=\"wp-image-5135\" srcset=\"http:\/\/www.ptfos.unios.hr\/voda\/wp-content\/uploads\/2024\/01\/linija-4-1024x138.jpg 1024w, http:\/\/www.ptfos.unios.hr\/voda\/wp-content\/uploads\/2024\/01\/linija-4-300x41.jpg 300w, http:\/\/www.ptfos.unios.hr\/voda\/wp-content\/uploads\/2024\/01\/linija-4-768x104.jpg 768w, http:\/\/www.ptfos.unios.hr\/voda\/wp-content\/uploads\/2024\/01\/linija-4-600x81.jpg 600w, http:\/\/www.ptfos.unios.hr\/voda\/wp-content\/uploads\/2024\/01\/linija-4-1600x216.jpg 1600w, http:\/\/www.ptfos.unios.hr\/voda\/wp-content\/uploads\/2024\/01\/linija-4-1536x208.jpg 1536w, http:\/\/www.ptfos.unios.hr\/voda\/wp-content\/uploads\/2024\/01\/linija-4-24x3.jpg 24w, http:\/\/www.ptfos.unios.hr\/voda\/wp-content\/uploads\/2024\/01\/linija-4-36x5.jpg 36w, http:\/\/www.ptfos.unios.hr\/voda\/wp-content\/uploads\/2024\/01\/linija-4-48x6.jpg 48w, http:\/\/www.ptfos.unios.hr\/voda\/wp-content\/uploads\/2024\/01\/linija-4.jpg 1776w\" sizes=\"auto, (max-width: 1024px) 100vw, 1024px\" \/><\/figure>\n\n\n\n<p class=\"has-text-align-center has-large-font-size\"><strong>10. Me\u0111unarodna konferencija VODA ZA SVE<\/strong><\/p>\n\n\n\n<p class=\"has-text-align-center has-normal-font-size\">20.-22.03.2024.  I  Hotel Jezero  I  Nacionalni park Plitvi\u010dka jezera  I  Hrvatska<\/p>\n\n\n\n<p class=\"has-background-color has-text-color has-link-color wp-elements-8cea8f9af6dd7ab3bce1186abdb4a3a3\">.<\/p>\n\n\n\n<p class=\"has-large-font-size\" style=\"font-style:normal;font-weight:200\">Program<\/p>\n\n\n\n<p><\/p>\n\n\n\n<p class=\"has-background-color has-text-color has-link-color wp-elements-8cea8f9af6dd7ab3bce1186abdb4a3a3\">.<\/p>\n\n\n\n<div class=\"wp-block-media-text is-stacked-on-mobile\" style=\"grid-template-columns:31% auto\"><figure class=\"wp-block-media-text__media\"><img loading=\"lazy\" decoding=\"async\" width=\"707\" height=\"1024\" src=\"http:\/\/www.ptfos.unios.hr\/voda\/wp-content\/uploads\/2024\/03\/Bez-naslova-h-1-707x1024.png\" alt=\"\" class=\"wp-image-5764 size-full\" srcset=\"http:\/\/www.ptfos.unios.hr\/voda\/wp-content\/uploads\/2024\/03\/Bez-naslova-h-1-707x1024.png 707w, http:\/\/www.ptfos.unios.hr\/voda\/wp-content\/uploads\/2024\/03\/Bez-naslova-h-1-207x300.png 207w, http:\/\/www.ptfos.unios.hr\/voda\/wp-content\/uploads\/2024\/03\/Bez-naslova-h-1-768x1112.png 768w, http:\/\/www.ptfos.unios.hr\/voda\/wp-content\/uploads\/2024\/03\/Bez-naslova-h-1-414x600.png 414w, http:\/\/www.ptfos.unios.hr\/voda\/wp-content\/uploads\/2024\/03\/Bez-naslova-h-1-552x800.png 552w, http:\/\/www.ptfos.unios.hr\/voda\/wp-content\/uploads\/2024\/03\/Bez-naslova-h-1-1061x1536.png 1061w, http:\/\/www.ptfos.unios.hr\/voda\/wp-content\/uploads\/2024\/03\/Bez-naslova-h-1-17x24.png 17w, http:\/\/www.ptfos.unios.hr\/voda\/wp-content\/uploads\/2024\/03\/Bez-naslova-h-1-25x36.png 25w, http:\/\/www.ptfos.unios.hr\/voda\/wp-content\/uploads\/2024\/03\/Bez-naslova-h-1-33x48.png 33w, http:\/\/www.ptfos.unios.hr\/voda\/wp-content\/uploads\/2024\/03\/Bez-naslova-h-1.png 1125w\" sizes=\"auto, (max-width: 707px) 100vw, 707px\" \/><\/figure><div class=\"wp-block-media-text__content\">\n<p class=\"has-opensans-font-family has-content-heading-font-size\"><strong>Program <\/strong><\/p>\n\n\n\n<p class=\"has-opensans-font-family has-content-heading-font-size\"><strong>10. me\u0111unarodne konferencije <\/strong><\/p>\n\n\n\n<p class=\"has-opensans-font-family has-content-heading-font-size\"><strong>VODA ZA SVE<\/strong><\/p>\n\n\n\n<p class=\"has-vivid-cyan-blue-color has-text-color has-link-color has-normal-font-size wp-elements-e55852877c29d3051f58d28c28e82dfc\"><strong><a href=\"http:\/\/www.ptfos.unios.hr\/water\/wp-content\/uploads\/2024\/03\/10th-WATER-FOR-ALL-Programme.pdf\">PREUZMI<\/a><\/strong><\/p>\n<\/div><\/div>\n\n\n\n<p><\/p>\n\n\n\n<p><\/p>\n\n\n\n<div class=\"wp-block-media-text is-stacked-on-mobile\" style=\"grid-template-columns:30% auto\"><figure class=\"wp-block-media-text__media\"><img loading=\"lazy\" decoding=\"async\" width=\"960\" height=\"529\" src=\"http:\/\/www.ptfos.unios.hr\/voda\/wp-content\/uploads\/2024\/01\/244731053_2111757979000290_5531489307217745267_n-2.jpg\" alt=\"\" class=\"wp-image-5344 size-full\" srcset=\"http:\/\/www.ptfos.unios.hr\/voda\/wp-content\/uploads\/2024\/01\/244731053_2111757979000290_5531489307217745267_n-2.jpg 960w, http:\/\/www.ptfos.unios.hr\/voda\/wp-content\/uploads\/2024\/01\/244731053_2111757979000290_5531489307217745267_n-2-300x165.jpg 300w, http:\/\/www.ptfos.unios.hr\/voda\/wp-content\/uploads\/2024\/01\/244731053_2111757979000290_5531489307217745267_n-2-768x423.jpg 768w, http:\/\/www.ptfos.unios.hr\/voda\/wp-content\/uploads\/2024\/01\/244731053_2111757979000290_5531489307217745267_n-2-600x331.jpg 600w, http:\/\/www.ptfos.unios.hr\/voda\/wp-content\/uploads\/2024\/01\/244731053_2111757979000290_5531489307217745267_n-2-24x13.jpg 24w, http:\/\/www.ptfos.unios.hr\/voda\/wp-content\/uploads\/2024\/01\/244731053_2111757979000290_5531489307217745267_n-2-36x20.jpg 36w, http:\/\/www.ptfos.unios.hr\/voda\/wp-content\/uploads\/2024\/01\/244731053_2111757979000290_5531489307217745267_n-2-48x26.jpg 48w\" sizes=\"auto, (max-width: 960px) 100vw, 960px\" \/><\/figure><div class=\"wp-block-media-text__content\">\n<p class=\"has-upper-heading-font-size\"><strong>10. VODA ZA SVE &#8211; Koktel dobrodo\u0161lice<\/strong><\/p>\n\n\n\n<p class=\"has-medium-font-size\">20. 3. 2024. (srijeda)<\/p>\n\n\n\n<p class=\"has-medium-font-size\">Hotel Jezero, Nacionalni park Plitvi\u010dka Jezera, Hrvatska<\/p>\n<\/div><\/div>\n\n\n\n<p class=\"has-background-color has-text-color has-link-color wp-elements-8cea8f9af6dd7ab3bce1186abdb4a3a3\">.<\/p>\n\n\n\n<div class=\"wp-block-media-text is-stacked-on-mobile\" style=\"grid-template-columns:30% auto\"><figure class=\"wp-block-media-text__media\"><img loading=\"lazy\" decoding=\"async\" width=\"960\" height=\"540\" src=\"http:\/\/www.ptfos.unios.hr\/voda\/wp-content\/uploads\/2024\/01\/244250217_2111405785702176_7546047717478093355_n-2.jpg\" alt=\"\" class=\"wp-image-5345 size-full\" srcset=\"http:\/\/www.ptfos.unios.hr\/voda\/wp-content\/uploads\/2024\/01\/244250217_2111405785702176_7546047717478093355_n-2.jpg 960w, http:\/\/www.ptfos.unios.hr\/voda\/wp-content\/uploads\/2024\/01\/244250217_2111405785702176_7546047717478093355_n-2-300x169.jpg 300w, http:\/\/www.ptfos.unios.hr\/voda\/wp-content\/uploads\/2024\/01\/244250217_2111405785702176_7546047717478093355_n-2-768x432.jpg 768w, http:\/\/www.ptfos.unios.hr\/voda\/wp-content\/uploads\/2024\/01\/244250217_2111405785702176_7546047717478093355_n-2-600x338.jpg 600w, http:\/\/www.ptfos.unios.hr\/voda\/wp-content\/uploads\/2024\/01\/244250217_2111405785702176_7546047717478093355_n-2-800x450.jpg 800w, http:\/\/www.ptfos.unios.hr\/voda\/wp-content\/uploads\/2024\/01\/244250217_2111405785702176_7546047717478093355_n-2-24x14.jpg 24w, http:\/\/www.ptfos.unios.hr\/voda\/wp-content\/uploads\/2024\/01\/244250217_2111405785702176_7546047717478093355_n-2-36x20.jpg 36w, http:\/\/www.ptfos.unios.hr\/voda\/wp-content\/uploads\/2024\/01\/244250217_2111405785702176_7546047717478093355_n-2-48x27.jpg 48w\" sizes=\"auto, (max-width: 960px) 100vw, 960px\" \/><\/figure><div class=\"wp-block-media-text__content\">\n<p class=\"has-upper-heading-font-size\"><strong>10. VODE ZA SVE<\/strong> &#8211; <strong>Sve\u010dano otvaranje<\/strong>&nbsp;<\/p>\n\n\n\n<p>21. 3. 2024. (\u010detvrtak)<\/p>\n\n\n\n<p>Hotel Jezero, Nacionalni park Plitvi\u010dka Jezera, Hrvatska<\/p>\n<\/div><\/div>\n\n\n\n<p class=\"has-background-color has-text-color has-link-color wp-elements-8cea8f9af6dd7ab3bce1186abdb4a3a3\">.<\/p>\n\n\n\n<div class=\"wp-block-media-text is-stacked-on-mobile\" style=\"grid-template-columns:30% auto\"><figure class=\"wp-block-media-text__media\"><img loading=\"lazy\" decoding=\"async\" width=\"840\" height=\"482\" src=\"http:\/\/www.ptfos.unios.hr\/voda\/wp-content\/uploads\/2024\/01\/244537922_2111754942333927_1138402857135025373_n-1.jpg\" alt=\"\" class=\"wp-image-5346 size-full\" srcset=\"http:\/\/www.ptfos.unios.hr\/voda\/wp-content\/uploads\/2024\/01\/244537922_2111754942333927_1138402857135025373_n-1.jpg 840w, http:\/\/www.ptfos.unios.hr\/voda\/wp-content\/uploads\/2024\/01\/244537922_2111754942333927_1138402857135025373_n-1-300x172.jpg 300w, http:\/\/www.ptfos.unios.hr\/voda\/wp-content\/uploads\/2024\/01\/244537922_2111754942333927_1138402857135025373_n-1-768x441.jpg 768w, http:\/\/www.ptfos.unios.hr\/voda\/wp-content\/uploads\/2024\/01\/244537922_2111754942333927_1138402857135025373_n-1-600x344.jpg 600w, http:\/\/www.ptfos.unios.hr\/voda\/wp-content\/uploads\/2024\/01\/244537922_2111754942333927_1138402857135025373_n-1-24x14.jpg 24w, http:\/\/www.ptfos.unios.hr\/voda\/wp-content\/uploads\/2024\/01\/244537922_2111754942333927_1138402857135025373_n-1-36x21.jpg 36w, http:\/\/www.ptfos.unios.hr\/voda\/wp-content\/uploads\/2024\/01\/244537922_2111754942333927_1138402857135025373_n-1-48x28.jpg 48w\" sizes=\"auto, (max-width: 840px) 100vw, 840px\" \/><\/figure><div class=\"wp-block-media-text__content\">\n<p class=\"has-upper-heading-font-size\"><strong>10. VODA ZA SVE<\/strong> &#8211; <strong>Paneli, usmena i poster priop\u0107enja<\/strong><\/p>\n\n\n\n<p>21. 3. 2024. (\u010detvrtak)<\/p>\n\n\n\n<p>Hotel Jezero, Nacionalni park Plitvi\u010dka Jezera, Hrvatska<\/p>\n<\/div><\/div>\n\n\n\n<p class=\"has-background-color has-text-color has-link-color wp-elements-8cea8f9af6dd7ab3bce1186abdb4a3a3\">.<\/p>\n\n\n\n<div class=\"wp-block-media-text is-stacked-on-mobile\" style=\"grid-template-columns:30% auto\"><figure class=\"wp-block-media-text__media\"><img loading=\"lazy\" decoding=\"async\" width=\"1024\" height=\"576\" src=\"http:\/\/www.ptfos.unios.hr\/voda\/wp-content\/uploads\/2024\/01\/A4822-1024x576.jpg\" alt=\"\" class=\"wp-image-5347 size-full\" srcset=\"http:\/\/www.ptfos.unios.hr\/voda\/wp-content\/uploads\/2024\/01\/A4822-1024x576.jpg 1024w, http:\/\/www.ptfos.unios.hr\/voda\/wp-content\/uploads\/2024\/01\/A4822-300x169.jpg 300w, http:\/\/www.ptfos.unios.hr\/voda\/wp-content\/uploads\/2024\/01\/A4822-768x432.jpg 768w, http:\/\/www.ptfos.unios.hr\/voda\/wp-content\/uploads\/2024\/01\/A4822-600x338.jpg 600w, http:\/\/www.ptfos.unios.hr\/voda\/wp-content\/uploads\/2024\/01\/A4822-1422x800.jpg 1422w, http:\/\/www.ptfos.unios.hr\/voda\/wp-content\/uploads\/2024\/01\/A4822-1536x864.jpg 1536w, http:\/\/www.ptfos.unios.hr\/voda\/wp-content\/uploads\/2024\/01\/A4822-2048x1152.jpg 2048w, http:\/\/www.ptfos.unios.hr\/voda\/wp-content\/uploads\/2024\/01\/A4822-800x450.jpg 800w, http:\/\/www.ptfos.unios.hr\/voda\/wp-content\/uploads\/2024\/01\/A4822-24x14.jpg 24w, http:\/\/www.ptfos.unios.hr\/voda\/wp-content\/uploads\/2024\/01\/A4822-36x20.jpg 36w, http:\/\/www.ptfos.unios.hr\/voda\/wp-content\/uploads\/2024\/01\/A4822-48x27.jpg 48w\" sizes=\"auto, (max-width: 1024px) 100vw, 1024px\" \/><\/figure><div class=\"wp-block-media-text__content\">\n<p class=\"has-upper-heading-font-size\"><strong>10. VODA ZA SVE<\/strong> <strong>&#8211; Sve\u010dana ve\u010dera<\/strong><\/p>\n\n\n\n<p>21. 3. 2024. (\u010detvrtak)<\/p>\n\n\n\n<p>Hotel Jezero, Nacionalni park Plitvi\u010dka Jezera, Hrvatska<\/p>\n<\/div><\/div>\n\n\n\n<p class=\"has-background-color has-text-color has-link-color wp-elements-8cea8f9af6dd7ab3bce1186abdb4a3a3\">.<\/p>\n\n\n\n<div class=\"wp-block-media-text is-stacked-on-mobile\" style=\"grid-template-columns:31% auto\"><figure class=\"wp-block-media-text__media\"><img loading=\"lazy\" decoding=\"async\" width=\"1024\" height=\"630\" src=\"http:\/\/www.ptfos.unios.hr\/voda\/wp-content\/uploads\/2024\/01\/Sastavci1-1024x630.jpg\" alt=\"\" class=\"wp-image-5348 size-full\" srcset=\"http:\/\/www.ptfos.unios.hr\/voda\/wp-content\/uploads\/2024\/01\/Sastavci1-1024x630.jpg 1024w, http:\/\/www.ptfos.unios.hr\/voda\/wp-content\/uploads\/2024\/01\/Sastavci1-300x185.jpg 300w, http:\/\/www.ptfos.unios.hr\/voda\/wp-content\/uploads\/2024\/01\/Sastavci1-768x473.jpg 768w, http:\/\/www.ptfos.unios.hr\/voda\/wp-content\/uploads\/2024\/01\/Sastavci1-600x369.jpg 600w, http:\/\/www.ptfos.unios.hr\/voda\/wp-content\/uploads\/2024\/01\/Sastavci1-1300x800.jpg 1300w, http:\/\/www.ptfos.unios.hr\/voda\/wp-content\/uploads\/2024\/01\/Sastavci1-24x15.jpg 24w, http:\/\/www.ptfos.unios.hr\/voda\/wp-content\/uploads\/2024\/01\/Sastavci1-36x22.jpg 36w, http:\/\/www.ptfos.unios.hr\/voda\/wp-content\/uploads\/2024\/01\/Sastavci1-48x30.jpg 48w, http:\/\/www.ptfos.unios.hr\/voda\/wp-content\/uploads\/2024\/01\/Sastavci1.jpg 1378w\" sizes=\"auto, (max-width: 1024px) 100vw, 1024px\" \/><\/figure><div class=\"wp-block-media-text__content\">\n<p class=\"has-upper-heading-font-size\"><strong>Edukativni izlet u <\/strong><\/p>\n\n\n\n<p class=\"has-upper-heading-font-size\"><strong>Nacionalni park &#8220;Plitvi\u010dka jezera&#8221;<\/strong><\/p>\n\n\n\n<p>22. 3. 2024. (petak)<\/p>\n\n\n\n<p>Hrvatska<\/p>\n<\/div><\/div>\n\n\n\n<p class=\"has-background-color has-text-color has-link-color wp-elements-8cea8f9af6dd7ab3bce1186abdb4a3a3\">.<\/p>\n\n\n\n<figure class=\"wp-block-image alignwide size-large\"><img loading=\"lazy\" decoding=\"async\" width=\"1024\" height=\"116\" src=\"http:\/\/www.ptfos.unios.hr\/voda\/wp-content\/uploads\/2024\/01\/linija-2-3-1024x116.jpg\" alt=\"\" class=\"wp-image-5134\" srcset=\"http:\/\/www.ptfos.unios.hr\/voda\/wp-content\/uploads\/2024\/01\/linija-2-3-1024x116.jpg 1024w, http:\/\/www.ptfos.unios.hr\/voda\/wp-content\/uploads\/2024\/01\/linija-2-3-300x34.jpg 300w, http:\/\/www.ptfos.unios.hr\/voda\/wp-content\/uploads\/2024\/01\/linija-2-3-768x87.jpg 768w, http:\/\/www.ptfos.unios.hr\/voda\/wp-content\/uploads\/2024\/01\/linija-2-3-600x68.jpg 600w, http:\/\/www.ptfos.unios.hr\/voda\/wp-content\/uploads\/2024\/01\/linija-2-3-1600x181.jpg 1600w, http:\/\/www.ptfos.unios.hr\/voda\/wp-content\/uploads\/2024\/01\/linija-2-3-1536x174.jpg 1536w, http:\/\/www.ptfos.unios.hr\/voda\/wp-content\/uploads\/2024\/01\/linija-2-3-2048x231.jpg 2048w, http:\/\/www.ptfos.unios.hr\/voda\/wp-content\/uploads\/2024\/01\/linija-2-3-24x3.jpg 24w, http:\/\/www.ptfos.unios.hr\/voda\/wp-content\/uploads\/2024\/01\/linija-2-3-36x4.jpg 36w, http:\/\/www.ptfos.unios.hr\/voda\/wp-content\/uploads\/2024\/01\/linija-2-3-48x5.jpg 48w\" sizes=\"auto, (max-width: 1024px) 100vw, 1024px\" \/><\/figure>\n","protected":false},"excerpt":{"rendered":"<p>10. Me\u0111unarodna konferencija VODA ZA SVE 20.-22.03.2024. I Hotel Jezero I Nacionalni park Plitvi\u010dka jezera I Hrvatska . Program . Program 10. me\u0111unarodne konferencije VODA ZA SVE PREUZMI 10. VODA ZA SVE &#8211; Koktel dobrodo\u0161lice 20. 3. 2024. (srijeda) Hotel Jezero, Nacionalni park Plitvi\u010dka Jezera, Hrvatska . 10. VODE ZA SVE &#8211; Sve\u010dano otvaranje&nbsp; 21. [&hellip;]<\/p>\n","protected":false},"author":3,"featured_media":0,"parent":0,"menu_order":0,"comment_status":"closed","ping_status":"closed","template":"","meta":{"footnotes":""},"class_list":["post-2627","page","type-page","status-publish","hentry"],"_links":{"self":[{"href":"http:\/\/www.ptfos.unios.hr\/voda\/index.php\/wp-json\/wp\/v2\/pages\/2627","targetHints":{"allow":["GET"]}}],"collection":[{"href":"http:\/\/www.ptfos.unios.hr\/voda\/index.php\/wp-json\/wp\/v2\/pages"}],"about":[{"href":"http:\/\/www.ptfos.unios.hr\/voda\/index.php\/wp-json\/wp\/v2\/types\/page"}],"author":[{"embeddable":true,"href":"http:\/\/www.ptfos.unios.hr\/voda\/index.php\/wp-json\/wp\/v2\/users\/3"}],"replies":[{"embeddable":true,"href":"http:\/\/www.ptfos.unios.hr\/voda\/index.php\/wp-json\/wp\/v2\/comments?post=2627"}],"version-history":[{"count":91,"href":"http:\/\/www.ptfos.unios.hr\/voda\/index.php\/wp-json\/wp\/v2\/pages\/2627\/revisions"}],"predecessor-version":[{"id":5765,"href":"http:\/\/www.ptfos.unios.hr\/voda\/index.php\/wp-json\/wp\/v2\/pages\/2627\/revisions\/5765"}],"wp:attachment":[{"href":"http:\/\/www.ptfos.unios.hr\/voda\/index.php\/wp-json\/wp\/v2\/media?parent=2627"}],"curies":[{"name":"wp","href":"https:\/\/api.w.org\/{rel}","templated":true}]}}