{"id":3590,"date":"2022-01-31T22:31:13","date_gmt":"2022-01-31T21:31:13","guid":{"rendered":"http:\/\/www.ptfos.unios.hr\/voda\/?page_id=3590"},"modified":"2024-01-21T11:21:18","modified_gmt":"2024-01-21T10:21:18","slug":"kontakt","status":"publish","type":"page","link":"http:\/\/www.ptfos.unios.hr\/voda\/index.php\/kontakt\/","title":{"rendered":""},"content":{"rendered":"\n<figure class=\"wp-block-image alignwide size-large\"><img loading=\"lazy\" decoding=\"async\" width=\"1024\" height=\"138\" src=\"http:\/\/www.ptfos.unios.hr\/voda\/wp-content\/uploads\/2024\/01\/linija-10-1024x138.jpg\" alt=\"\" class=\"wp-image-5240\" srcset=\"http:\/\/www.ptfos.unios.hr\/voda\/wp-content\/uploads\/2024\/01\/linija-10-1024x138.jpg 1024w, http:\/\/www.ptfos.unios.hr\/voda\/wp-content\/uploads\/2024\/01\/linija-10-300x41.jpg 300w, http:\/\/www.ptfos.unios.hr\/voda\/wp-content\/uploads\/2024\/01\/linija-10-768x104.jpg 768w, http:\/\/www.ptfos.unios.hr\/voda\/wp-content\/uploads\/2024\/01\/linija-10-600x81.jpg 600w, http:\/\/www.ptfos.unios.hr\/voda\/wp-content\/uploads\/2024\/01\/linija-10-1600x216.jpg 1600w, http:\/\/www.ptfos.unios.hr\/voda\/wp-content\/uploads\/2024\/01\/linija-10-1536x208.jpg 1536w, http:\/\/www.ptfos.unios.hr\/voda\/wp-content\/uploads\/2024\/01\/linija-10-24x3.jpg 24w, http:\/\/www.ptfos.unios.hr\/voda\/wp-content\/uploads\/2024\/01\/linija-10-36x5.jpg 36w, http:\/\/www.ptfos.unios.hr\/voda\/wp-content\/uploads\/2024\/01\/linija-10-48x6.jpg 48w, http:\/\/www.ptfos.unios.hr\/voda\/wp-content\/uploads\/2024\/01\/linija-10.jpg 1776w\" sizes=\"auto, (max-width: 1024px) 100vw, 1024px\" \/><\/figure>\n\n\n\n<p class=\"has-text-align-center has-large-font-size\"><strong>10. Me\u0111unarodna konferencija VODA ZA SVE<\/strong><\/p>\n\n\n\n<p class=\"has-text-align-center has-normal-font-size\">20.-22.03.2024. I Hotel Jezero I Nacionalni park Plitvi\u010dka jezera I Hrvatska<\/p>\n\n\n\n<p class=\"has-background-color has-text-color has-link-color wp-elements-8cea8f9af6dd7ab3bce1186abdb4a3a3\">.<\/p>\n\n\n\n<p class=\"has-large-font-size\">Kontakt<\/p>\n\n\n\n<div class=\"wp-block-media-text is-stacked-on-mobile\" style=\"grid-template-columns:36% auto\"><figure class=\"wp-block-media-text__media\"><img loading=\"lazy\" decoding=\"async\" width=\"370\" height=\"366\" src=\"http:\/\/www.ptfos.unios.hr\/voda\/wp-content\/uploads\/2024\/01\/10-wfa-2-2.jpg\" alt=\"\" class=\"wp-image-4816 size-full\" srcset=\"http:\/\/www.ptfos.unios.hr\/voda\/wp-content\/uploads\/2024\/01\/10-wfa-2-2.jpg 370w, http:\/\/www.ptfos.unios.hr\/voda\/wp-content\/uploads\/2024\/01\/10-wfa-2-2-300x297.jpg 300w, http:\/\/www.ptfos.unios.hr\/voda\/wp-content\/uploads\/2024\/01\/10-wfa-2-2-24x24.jpg 24w, http:\/\/www.ptfos.unios.hr\/voda\/wp-content\/uploads\/2024\/01\/10-wfa-2-2-36x36.jpg 36w, http:\/\/www.ptfos.unios.hr\/voda\/wp-content\/uploads\/2024\/01\/10-wfa-2-2-48x48.jpg 48w\" sizes=\"auto, (max-width: 370px) 100vw, 370px\" \/><\/figure><div class=\"wp-block-media-text__content\">\n<p class=\"has-content-heading-font-size\"><strong>VODA ZA SVE 2024<\/strong><\/p>\n\n\n\n<p class=\"has-normal-font-size\"><strong>prof. dr. sc. Mirna Habuda-Stani\u0107<\/strong><\/p>\n\n\n\n<p class=\"has-upper-heading-font-size\">Sveu\u010dili\u0161te Josipa Jurja Strossmayera u Osijeku<\/p>\n\n\n\n<p class=\"has-normal-font-size\">Prehrambeno-tehnolo\u0161ki fakultet Osijek<\/p>\n\n\n\n<p class=\"has-upper-heading-font-size\">Franje Kuha\u010da 18<\/p>\n\n\n\n<p class=\"has-normal-font-size\">HR-31000 Osijek<\/p>\n\n\n\n<p class=\"has-normal-font-size\">Hrvatska<\/p>\n\n\n\n<p class=\"has-normal-font-size\">tel +385 31 224 326<\/p>\n\n\n\n<p class=\"has-normal-font-size\"><a href=\"http:\/\/www.ptfos.unios.hr\/\">www.ptfos.unios.hr<\/a><\/p>\n\n\n\n<p class=\"has-normal-font-size\">e-mail1:&nbsp;<a href=\"http:\/\/www.ptfos.unios.hr\/water\/index.php\/contact\/habudastanic@gmail.com\">habudastanic@gmail.com<\/a><\/p>\n\n\n\n<p class=\"has-normal-font-size\">e-mail2: <a href=\"mailto:water.for.all.eu@gmail.com\">water.for.all.eu@gmail.com<\/a> <\/p>\n\n\n\n<p class=\"has-normal-font-size\"><a href=\"https:\/\/www.facebook.com\/WATER.FOR.ALL.CONFERENCE\/\">https:\/\/www.facebook.com\/WATER.FOR.ALL.CONFERENCE\/<\/a><\/p>\n<\/div><\/div>\n\n\n\n<figure class=\"wp-block-image alignwide size-large\"><img loading=\"lazy\" decoding=\"async\" width=\"1024\" height=\"116\" src=\"http:\/\/www.ptfos.unios.hr\/voda\/wp-content\/uploads\/2024\/01\/linija-2-8-1024x116.jpg\" alt=\"\" class=\"wp-image-5241\" srcset=\"http:\/\/www.ptfos.unios.hr\/voda\/wp-content\/uploads\/2024\/01\/linija-2-8-1024x116.jpg 1024w, http:\/\/www.ptfos.unios.hr\/voda\/wp-content\/uploads\/2024\/01\/linija-2-8-300x34.jpg 300w, http:\/\/www.ptfos.unios.hr\/voda\/wp-content\/uploads\/2024\/01\/linija-2-8-768x87.jpg 768w, http:\/\/www.ptfos.unios.hr\/voda\/wp-content\/uploads\/2024\/01\/linija-2-8-600x68.jpg 600w, http:\/\/www.ptfos.unios.hr\/voda\/wp-content\/uploads\/2024\/01\/linija-2-8-1600x181.jpg 1600w, http:\/\/www.ptfos.unios.hr\/voda\/wp-content\/uploads\/2024\/01\/linija-2-8-1536x174.jpg 1536w, http:\/\/www.ptfos.unios.hr\/voda\/wp-content\/uploads\/2024\/01\/linija-2-8-2048x231.jpg 2048w, http:\/\/www.ptfos.unios.hr\/voda\/wp-content\/uploads\/2024\/01\/linija-2-8-24x3.jpg 24w, http:\/\/www.ptfos.unios.hr\/voda\/wp-content\/uploads\/2024\/01\/linija-2-8-36x4.jpg 36w, http:\/\/www.ptfos.unios.hr\/voda\/wp-content\/uploads\/2024\/01\/linija-2-8-48x5.jpg 48w\" sizes=\"auto, (max-width: 1024px) 100vw, 1024px\" \/><\/figure>\n","protected":false},"excerpt":{"rendered":"<p>10. Me\u0111unarodna konferencija VODA ZA SVE 20.-22.03.2024. I Hotel Jezero I Nacionalni park Plitvi\u010dka jezera I Hrvatska . Kontakt VODA ZA SVE 2024 prof. dr. sc. Mirna Habuda-Stani\u0107 Sveu\u010dili\u0161te Josipa Jurja Strossmayera u Osijeku Prehrambeno-tehnolo\u0161ki fakultet Osijek Franje Kuha\u010da 18 HR-31000 Osijek Hrvatska tel +385 31 224 326 www.ptfos.unios.hr e-mail1:&nbsp;habudastanic@gmail.com e-mail2: water.for.all.eu@gmail.com https:\/\/www.facebook.com\/WATER.FOR.ALL.CONFERENCE\/<\/p>\n","protected":false},"author":3,"featured_media":0,"parent":0,"menu_order":0,"comment_status":"closed","ping_status":"closed","template":"","meta":{"footnotes":""},"class_list":["post-3590","page","type-page","status-publish","hentry"],"_links":{"self":[{"href":"http:\/\/www.ptfos.unios.hr\/voda\/index.php\/wp-json\/wp\/v2\/pages\/3590","targetHints":{"allow":["GET"]}}],"collection":[{"href":"http:\/\/www.ptfos.unios.hr\/voda\/index.php\/wp-json\/wp\/v2\/pages"}],"about":[{"href":"http:\/\/www.ptfos.unios.hr\/voda\/index.php\/wp-json\/wp\/v2\/types\/page"}],"author":[{"embeddable":true,"href":"http:\/\/www.ptfos.unios.hr\/voda\/index.php\/wp-json\/wp\/v2\/users\/3"}],"replies":[{"embeddable":true,"href":"http:\/\/www.ptfos.unios.hr\/voda\/index.php\/wp-json\/wp\/v2\/comments?post=3590"}],"version-history":[{"count":23,"href":"http:\/\/www.ptfos.unios.hr\/voda\/index.php\/wp-json\/wp\/v2\/pages\/3590\/revisions"}],"predecessor-version":[{"id":5366,"href":"http:\/\/www.ptfos.unios.hr\/voda\/index.php\/wp-json\/wp\/v2\/pages\/3590\/revisions\/5366"}],"wp:attachment":[{"href":"http:\/\/www.ptfos.unios.hr\/voda\/index.php\/wp-json\/wp\/v2\/media?parent=3590"}],"curies":[{"name":"wp","href":"https:\/\/api.w.org\/{rel}","templated":true}]}}