{"id":440,"date":"2018-03-06T11:41:08","date_gmt":"2018-03-06T10:41:08","guid":{"rendered":"http:\/\/www.ptfos.unios.hr\/voda\/?page_id=440"},"modified":"2024-03-03T21:18:57","modified_gmt":"2024-03-03T20:18:57","slug":"registracija-2","status":"publish","type":"page","link":"http:\/\/www.ptfos.unios.hr\/voda\/index.php\/registracija-2\/","title":{"rendered":""},"content":{"rendered":"\n<figure class=\"wp-block-image alignwide size-large\"><img loading=\"lazy\" decoding=\"async\" width=\"1024\" height=\"138\" src=\"http:\/\/www.ptfos.unios.hr\/voda\/wp-content\/uploads\/2024\/01\/linija-7-1024x138.jpg\" alt=\"\" class=\"wp-image-5211\" srcset=\"http:\/\/www.ptfos.unios.hr\/voda\/wp-content\/uploads\/2024\/01\/linija-7-1024x138.jpg 1024w, http:\/\/www.ptfos.unios.hr\/voda\/wp-content\/uploads\/2024\/01\/linija-7-300x41.jpg 300w, http:\/\/www.ptfos.unios.hr\/voda\/wp-content\/uploads\/2024\/01\/linija-7-768x104.jpg 768w, http:\/\/www.ptfos.unios.hr\/voda\/wp-content\/uploads\/2024\/01\/linija-7-600x81.jpg 600w, http:\/\/www.ptfos.unios.hr\/voda\/wp-content\/uploads\/2024\/01\/linija-7-1600x216.jpg 1600w, http:\/\/www.ptfos.unios.hr\/voda\/wp-content\/uploads\/2024\/01\/linija-7-1536x208.jpg 1536w, http:\/\/www.ptfos.unios.hr\/voda\/wp-content\/uploads\/2024\/01\/linija-7-24x3.jpg 24w, http:\/\/www.ptfos.unios.hr\/voda\/wp-content\/uploads\/2024\/01\/linija-7-36x5.jpg 36w, http:\/\/www.ptfos.unios.hr\/voda\/wp-content\/uploads\/2024\/01\/linija-7-48x6.jpg 48w, http:\/\/www.ptfos.unios.hr\/voda\/wp-content\/uploads\/2024\/01\/linija-7.jpg 1776w\" sizes=\"auto, (max-width: 1024px) 100vw, 1024px\" \/><\/figure>\n\n\n\n<p class=\"has-text-align-center has-large-font-size\"><strong>10. Me\u0111unarodna konferencija VODA ZA SVE<\/strong><\/p>\n\n\n\n<p class=\"has-text-align-center has-normal-font-size\">20.-22.03.2024.  I  Hotel Jezero  I  Nacionalni park Plitvi\u010dka jezera  I  Hrvatska<\/p>\n\n\n\n<p class=\"has-text-align-left has-background-color has-text-color has-link-color has-opensans-font-family has-medium-font-size wp-elements-1ec3b111f4e8471d84c4895f57e29dc3\">.<\/p>\n\n\n\n<p class=\"has-large-font-size\">Kotizacije i registracija<\/p>\n\n\n\n<p class=\"has-background-color has-text-color has-link-color wp-elements-8cea8f9af6dd7ab3bce1186abdb4a3a3\">.<\/p>\n\n\n\n<p class=\"has-background-color has-text-color has-link-color wp-elements-8cea8f9af6dd7ab3bce1186abdb4a3a3\">.<\/p>\n\n\n\n<div class=\"wp-block-media-text is-stacked-on-mobile\" style=\"grid-template-columns:27% auto\"><figure class=\"wp-block-media-text__media\"><img loading=\"lazy\" decoding=\"async\" width=\"1024\" height=\"636\" src=\"http:\/\/www.ptfos.unios.hr\/voda\/wp-content\/uploads\/2024\/01\/attractive-couple-man-woman-talking-sitting-stairs-urban-city-center-working-together-laptop_285396-9849-2.jpg\" alt=\"\" class=\"wp-image-5153 size-full\" srcset=\"http:\/\/www.ptfos.unios.hr\/voda\/wp-content\/uploads\/2024\/01\/attractive-couple-man-woman-talking-sitting-stairs-urban-city-center-working-together-laptop_285396-9849-2.jpg 1024w, http:\/\/www.ptfos.unios.hr\/voda\/wp-content\/uploads\/2024\/01\/attractive-couple-man-woman-talking-sitting-stairs-urban-city-center-working-together-laptop_285396-9849-2-300x186.jpg 300w, http:\/\/www.ptfos.unios.hr\/voda\/wp-content\/uploads\/2024\/01\/attractive-couple-man-woman-talking-sitting-stairs-urban-city-center-working-together-laptop_285396-9849-2-768x477.jpg 768w, http:\/\/www.ptfos.unios.hr\/voda\/wp-content\/uploads\/2024\/01\/attractive-couple-man-woman-talking-sitting-stairs-urban-city-center-working-together-laptop_285396-9849-2-600x373.jpg 600w, http:\/\/www.ptfos.unios.hr\/voda\/wp-content\/uploads\/2024\/01\/attractive-couple-man-woman-talking-sitting-stairs-urban-city-center-working-together-laptop_285396-9849-2-24x15.jpg 24w, http:\/\/www.ptfos.unios.hr\/voda\/wp-content\/uploads\/2024\/01\/attractive-couple-man-woman-talking-sitting-stairs-urban-city-center-working-together-laptop_285396-9849-2-36x22.jpg 36w, http:\/\/www.ptfos.unios.hr\/voda\/wp-content\/uploads\/2024\/01\/attractive-couple-man-woman-talking-sitting-stairs-urban-city-center-working-together-laptop_285396-9849-2-48x30.jpg 48w\" sizes=\"auto, (max-width: 1024px) 100vw, 1024px\" \/><\/figure><div class=\"wp-block-media-text__content\">\n<p class=\"has-medium-font-size\"><strong>Kotizacija<\/strong> <strong>za  sudionike  <\/strong><\/p>\n\n\n\n<p class=\"has-medium-font-size\"><strong>250 EUR<\/strong><br><\/p>\n<\/div><\/div>\n\n\n\n<p class=\"has-background-color has-text-color has-link-color wp-elements-8cea8f9af6dd7ab3bce1186abdb4a3a3\">.<\/p>\n\n\n\n<div class=\"wp-block-media-text is-stacked-on-mobile\" style=\"grid-template-columns:28% auto\"><figure class=\"wp-block-media-text__media\"><img loading=\"lazy\" decoding=\"async\" width=\"1024\" height=\"647\" src=\"http:\/\/www.ptfos.unios.hr\/voda\/wp-content\/uploads\/2024\/01\/young-woman-using-notebook-computer-watching-streaming-movies-listening-online-music-university-campus_197531-30794-1-1024x647.jpg\" alt=\"\" class=\"wp-image-5150 size-full\" srcset=\"http:\/\/www.ptfos.unios.hr\/voda\/wp-content\/uploads\/2024\/01\/young-woman-using-notebook-computer-watching-streaming-movies-listening-online-music-university-campus_197531-30794-1-1024x647.jpg 1024w, http:\/\/www.ptfos.unios.hr\/voda\/wp-content\/uploads\/2024\/01\/young-woman-using-notebook-computer-watching-streaming-movies-listening-online-music-university-campus_197531-30794-1-300x190.jpg 300w, http:\/\/www.ptfos.unios.hr\/voda\/wp-content\/uploads\/2024\/01\/young-woman-using-notebook-computer-watching-streaming-movies-listening-online-music-university-campus_197531-30794-1-768x485.jpg 768w, http:\/\/www.ptfos.unios.hr\/voda\/wp-content\/uploads\/2024\/01\/young-woman-using-notebook-computer-watching-streaming-movies-listening-online-music-university-campus_197531-30794-1-600x379.jpg 600w, http:\/\/www.ptfos.unios.hr\/voda\/wp-content\/uploads\/2024\/01\/young-woman-using-notebook-computer-watching-streaming-movies-listening-online-music-university-campus_197531-30794-1-24x15.jpg 24w, http:\/\/www.ptfos.unios.hr\/voda\/wp-content\/uploads\/2024\/01\/young-woman-using-notebook-computer-watching-streaming-movies-listening-online-music-university-campus_197531-30794-1-36x23.jpg 36w, http:\/\/www.ptfos.unios.hr\/voda\/wp-content\/uploads\/2024\/01\/young-woman-using-notebook-computer-watching-streaming-movies-listening-online-music-university-campus_197531-30794-1-48x30.jpg 48w, http:\/\/www.ptfos.unios.hr\/voda\/wp-content\/uploads\/2024\/01\/young-woman-using-notebook-computer-watching-streaming-movies-listening-online-music-university-campus_197531-30794-1.jpg 1035w\" sizes=\"auto, (max-width: 1024px) 100vw, 1024px\" \/><\/figure><div class=\"wp-block-media-text__content\">\n<p class=\"has-medium-font-size\"><strong>Studentska kotizacija<\/strong>&nbsp;<strong>1<\/strong> (poslijediplomski)<\/p>\n\n\n\n<p class=\"has-medium-font-size\"><strong>200 EUR<\/strong><\/p>\n<\/div><\/div>\n\n\n\n<p class=\"has-background-color has-text-color has-link-color wp-elements-8cea8f9af6dd7ab3bce1186abdb4a3a3\">.<\/p>\n\n\n\n<div class=\"wp-block-media-text is-stacked-on-mobile\" style=\"grid-template-columns:28% auto\"><figure class=\"wp-block-media-text__media\"><img loading=\"lazy\" decoding=\"async\" width=\"1024\" height=\"682\" src=\"http:\/\/www.ptfos.unios.hr\/voda\/wp-content\/uploads\/2024\/01\/learning-new-statistics_1098-15978-1024x682.jpg\" alt=\"\" class=\"wp-image-5051 size-full\" srcset=\"http:\/\/www.ptfos.unios.hr\/voda\/wp-content\/uploads\/2024\/01\/learning-new-statistics_1098-15978-1024x682.jpg 1024w, http:\/\/www.ptfos.unios.hr\/voda\/wp-content\/uploads\/2024\/01\/learning-new-statistics_1098-15978-300x200.jpg 300w, http:\/\/www.ptfos.unios.hr\/voda\/wp-content\/uploads\/2024\/01\/learning-new-statistics_1098-15978-768x512.jpg 768w, http:\/\/www.ptfos.unios.hr\/voda\/wp-content\/uploads\/2024\/01\/learning-new-statistics_1098-15978-600x400.jpg 600w, http:\/\/www.ptfos.unios.hr\/voda\/wp-content\/uploads\/2024\/01\/learning-new-statistics_1098-15978-24x16.jpg 24w, http:\/\/www.ptfos.unios.hr\/voda\/wp-content\/uploads\/2024\/01\/learning-new-statistics_1098-15978-36x24.jpg 36w, http:\/\/www.ptfos.unios.hr\/voda\/wp-content\/uploads\/2024\/01\/learning-new-statistics_1098-15978-48x32.jpg 48w, http:\/\/www.ptfos.unios.hr\/voda\/wp-content\/uploads\/2024\/01\/learning-new-statistics_1098-15978.jpg 1060w\" sizes=\"auto, (max-width: 1024px) 100vw, 1024px\" \/><\/figure><div class=\"wp-block-media-text__content\">\n<p class=\"has-medium-font-size\"><strong>Studentska kotizacija<\/strong> <strong>2&nbsp;<\/strong>(prijediplomski i diplomski)<\/p>\n\n\n\n<p class=\"has-medium-font-size\"><strong>100 EUR<\/strong><\/p>\n<\/div><\/div>\n\n\n\n<p class=\"has-background-color has-text-color has-link-color wp-elements-8cea8f9af6dd7ab3bce1186abdb4a3a3\">.<\/p>\n\n\n\n<div class=\"wp-block-media-text is-stacked-on-mobile\" style=\"grid-template-columns:28% auto\"><figure class=\"wp-block-media-text__media\"><img loading=\"lazy\" decoding=\"async\" width=\"537\" height=\"350\" src=\"http:\/\/www.ptfos.unios.hr\/voda\/wp-content\/uploads\/2024\/01\/gd.jpg\" alt=\"\" class=\"wp-image-5437 size-full\" srcset=\"http:\/\/www.ptfos.unios.hr\/voda\/wp-content\/uploads\/2024\/01\/gd.jpg 537w, http:\/\/www.ptfos.unios.hr\/voda\/wp-content\/uploads\/2024\/01\/gd-300x196.jpg 300w, http:\/\/www.ptfos.unios.hr\/voda\/wp-content\/uploads\/2024\/01\/gd-24x16.jpg 24w, http:\/\/www.ptfos.unios.hr\/voda\/wp-content\/uploads\/2024\/01\/gd-36x23.jpg 36w, http:\/\/www.ptfos.unios.hr\/voda\/wp-content\/uploads\/2024\/01\/gd-48x31.jpg 48w\" sizes=\"auto, (max-width: 537px) 100vw, 537px\" \/><\/figure><div class=\"wp-block-media-text__content\">\n<p class=\"has-medium-font-size\"><strong>Kotizacija za online sudionike<\/strong>&nbsp;<\/p>\n\n\n\n<p class=\"has-medium-font-size\">(posterska priop\u0107enja) <\/p>\n\n\n\n<p class=\"has-medium-font-size\"><strong>100 EUR<\/strong><\/p>\n<\/div><\/div>\n\n\n\n<p class=\"has-background-color has-text-color has-link-color wp-elements-8cea8f9af6dd7ab3bce1186abdb4a3a3\">.<\/p>\n\n\n\n<div class=\"wp-block-media-text is-stacked-on-mobile\" style=\"grid-template-columns:28% auto\"><figure class=\"wp-block-media-text__media\"><img loading=\"lazy\" decoding=\"async\" width=\"1024\" height=\"576\" src=\"http:\/\/www.ptfos.unios.hr\/voda\/wp-content\/uploads\/2024\/01\/IMG_E7427-1024x576.jpg\" alt=\"\" class=\"wp-image-5146 size-full\" srcset=\"http:\/\/www.ptfos.unios.hr\/voda\/wp-content\/uploads\/2024\/01\/IMG_E7427-1024x576.jpg 1024w, http:\/\/www.ptfos.unios.hr\/voda\/wp-content\/uploads\/2024\/01\/IMG_E7427-300x169.jpg 300w, http:\/\/www.ptfos.unios.hr\/voda\/wp-content\/uploads\/2024\/01\/IMG_E7427-768x432.jpg 768w, http:\/\/www.ptfos.unios.hr\/voda\/wp-content\/uploads\/2024\/01\/IMG_E7427-600x338.jpg 600w, http:\/\/www.ptfos.unios.hr\/voda\/wp-content\/uploads\/2024\/01\/IMG_E7427-1422x800.jpg 1422w, http:\/\/www.ptfos.unios.hr\/voda\/wp-content\/uploads\/2024\/01\/IMG_E7427-1536x864.jpg 1536w, http:\/\/www.ptfos.unios.hr\/voda\/wp-content\/uploads\/2024\/01\/IMG_E7427-2048x1152.jpg 2048w, http:\/\/www.ptfos.unios.hr\/voda\/wp-content\/uploads\/2024\/01\/IMG_E7427-800x450.jpg 800w, http:\/\/www.ptfos.unios.hr\/voda\/wp-content\/uploads\/2024\/01\/IMG_E7427-24x14.jpg 24w, http:\/\/www.ptfos.unios.hr\/voda\/wp-content\/uploads\/2024\/01\/IMG_E7427-36x20.jpg 36w, http:\/\/www.ptfos.unios.hr\/voda\/wp-content\/uploads\/2024\/01\/IMG_E7427-48x27.jpg 48w\" sizes=\"auto, (max-width: 1024px) 100vw, 1024px\" \/><\/figure><div class=\"wp-block-media-text__content\">\n<p class=\"has-medium-font-size\"><strong>Kotizacija za prate\u0107u osobu ***&nbsp;<\/strong><\/p>\n\n\n\n<p class=\"has-medium-font-size\"><strong>180 EUR<\/strong><\/p>\n<\/div><\/div>\n\n\n\n<p class=\"has-background-color has-text-color has-link-color wp-elements-8cea8f9af6dd7ab3bce1186abdb4a3a3\">.<\/p>\n\n\n\n<div class=\"wp-block-media-text is-stacked-on-mobile\" style=\"grid-template-columns:28% auto\"><figure class=\"wp-block-media-text__media\"><img loading=\"lazy\" decoding=\"async\" width=\"1024\" height=\"857\" src=\"http:\/\/www.ptfos.unios.hr\/voda\/wp-content\/uploads\/2024\/01\/ee-1024x857.jpg\" alt=\"\" class=\"wp-image-5219 size-full\" srcset=\"http:\/\/www.ptfos.unios.hr\/voda\/wp-content\/uploads\/2024\/01\/ee-1024x857.jpg 1024w, http:\/\/www.ptfos.unios.hr\/voda\/wp-content\/uploads\/2024\/01\/ee-300x251.jpg 300w, http:\/\/www.ptfos.unios.hr\/voda\/wp-content\/uploads\/2024\/01\/ee-768x643.jpg 768w, http:\/\/www.ptfos.unios.hr\/voda\/wp-content\/uploads\/2024\/01\/ee-600x502.jpg 600w, http:\/\/www.ptfos.unios.hr\/voda\/wp-content\/uploads\/2024\/01\/ee-956x800.jpg 956w, http:\/\/www.ptfos.unios.hr\/voda\/wp-content\/uploads\/2024\/01\/ee-1536x1286.jpg 1536w, http:\/\/www.ptfos.unios.hr\/voda\/wp-content\/uploads\/2024\/01\/ee-2048x1714.jpg 2048w, http:\/\/www.ptfos.unios.hr\/voda\/wp-content\/uploads\/2024\/01\/ee-24x20.jpg 24w, http:\/\/www.ptfos.unios.hr\/voda\/wp-content\/uploads\/2024\/01\/ee-36x30.jpg 36w, http:\/\/www.ptfos.unios.hr\/voda\/wp-content\/uploads\/2024\/01\/ee-48x40.jpg 48w\" sizes=\"auto, (max-width: 1024px) 100vw, 1024px\" \/><\/figure><div class=\"wp-block-media-text__content\">\n<p class=\"has-medium-font-size\">Poveznica za registraciju:<\/p>\n\n\n\n<p class=\"has-medium-font-size\"><strong><a href=\"http:\/\/www.ptfos.unios.hr\/voda\/index.php\/registracija\/\">REGISTRACIJA<\/a><\/strong><\/p>\n<\/div><\/div>\n\n\n\n<p class=\"has-medium-font-size\">* PDV uklju\u010den u cijenu kotizacije.<\/p>\n\n\n\n<p class=\"has-medium-font-size\">** Sve kotizacije omogu\u0107uju sudjelovanje u cjelokupnom programu 10 VODE ZA SVE, uklju\u010duju konferencijske materijale, e-potvrdu o sudjelovanju, e-zbornik sa\u017eetaka, e-knjigu radova, koktel dobrodo\u0161lice (20.3.2024.), pauze za kavu, konferencijsku ve\u010deru (21.3.2024), edukativni izlet u Nacionalni park Plitvi\u010dka jezera uz stru\u010dnog vodi\u010da (22.3.3034.).  <\/p>\n\n\n\n<p class=\"has-medium-font-size\">*** kotizacija za prate\u0107u osobu uklju\u010duje koktel dobrodo\u0161lice (20.3.2024.), konferencijsku ve\u010deru (21.3.2024), edukativni izlet u Nacionalni park Plitvi\u010dka jezera uz stru\u010dnog vodi\u010da (22.3.3034.). <\/p>\n\n\n\n<p class=\"has-background-color has-text-color has-link-color wp-elements-8cea8f9af6dd7ab3bce1186abdb4a3a3\">.<\/p>\n\n\n\n<p class=\"has-medium-font-size\"><strong>VA\u017dNE NAPOMENE<\/strong><\/p>\n\n\n\n<p class=\"has-medium-font-size\">* Svim sudionicima preporu\u010damo da se registraju i uplate kotizaciju najkasnije do <strong>15.3.2024<\/strong>.<\/p>\n\n\n\n<p class=\"has-medium-font-size\">* Svaka kotizacija omogu\u0107uje prijavu najvi\u0161e <strong>2 sa\u017eetka\/rada<\/strong>.<\/p>\n\n\n\n<p class=\"has-medium-font-size\">* Za ostvarenje prava na studentsku kotizaciju nu\u017ena je dostava va\u017ee\u0107e potvrde institucije.<\/p>\n\n\n\n<p class=\"has-medium-font-size\">* Pravo na studentsku kotizaciju ostvaruju redoviti i izvanredni studenti preddiplomskih i diplomskih studija te studenti spedijalisti\u010dkih i doktorskih studija.<\/p>\n\n\n\n<p class=\"has-medium-font-size\">* Transakcijske i administrativne tro\u0161kove uplate kotizacije snosi sudionik i nisu dio iznosa kotizacije.<\/p>\n\n\n\n<p><\/p>\n\n\n\n<p class=\"has-background-color has-text-color has-link-color wp-elements-8cea8f9af6dd7ab3bce1186abdb4a3a3\">.<\/p>\n\n\n\n<p class=\"has-medium-font-size\"><strong>UPLATA KOTIZACIJE<\/strong><\/p>\n\n\n\n<p class=\"has-medium-font-size\"><strong>Institucija:<\/strong>&nbsp;Prehrambeno-tehnolo\u0161ki fakultet Osijek, Franje Kuha\u010da 18, 31000 Osijek<\/p>\n\n\n\n<p class=\"has-medium-font-size\"><strong>Svrha doznake:<\/strong>&nbsp;10. VODA ZA SVE &#8211; ime i prezime sudionika<\/p>\n\n\n\n<p class=\"has-medium-font-size\"><strong>Banka:<\/strong>&nbsp;Addiko Bank d.d.<\/p>\n\n\n\n<p class=\"has-medium-font-size\"><strong>IBAN:<\/strong>&nbsp;HR17 2500 0091 1020 17142<\/p>\n\n\n\n<p class=\"has-medium-font-size\"><strong>SWIFT:<\/strong> HAABHR22 <\/p>\n\n\n\n<p class=\"has-medium-font-size\"><strong>OIB:<\/strong>&nbsp;96371000697<\/p>\n\n\n\n<p class=\"has-medium-font-size\"><em>*Na uplatnici obvezno navesti ime i prezime osobe, naziv, adresu i OIB uplatitelja (institucije)<\/em><\/p>\n\n\n\n<p><\/p>\n\n\n\n<figure class=\"wp-block-image alignwide size-large\"><img loading=\"lazy\" decoding=\"async\" width=\"1024\" height=\"116\" src=\"http:\/\/www.ptfos.unios.hr\/voda\/wp-content\/uploads\/2024\/01\/linija-2-6-1024x116.jpg\" alt=\"\" class=\"wp-image-5213\" srcset=\"http:\/\/www.ptfos.unios.hr\/voda\/wp-content\/uploads\/2024\/01\/linija-2-6-1024x116.jpg 1024w, http:\/\/www.ptfos.unios.hr\/voda\/wp-content\/uploads\/2024\/01\/linija-2-6-300x34.jpg 300w, http:\/\/www.ptfos.unios.hr\/voda\/wp-content\/uploads\/2024\/01\/linija-2-6-768x87.jpg 768w, http:\/\/www.ptfos.unios.hr\/voda\/wp-content\/uploads\/2024\/01\/linija-2-6-600x68.jpg 600w, http:\/\/www.ptfos.unios.hr\/voda\/wp-content\/uploads\/2024\/01\/linija-2-6-1600x181.jpg 1600w, http:\/\/www.ptfos.unios.hr\/voda\/wp-content\/uploads\/2024\/01\/linija-2-6-1536x174.jpg 1536w, http:\/\/www.ptfos.unios.hr\/voda\/wp-content\/uploads\/2024\/01\/linija-2-6-2048x231.jpg 2048w, http:\/\/www.ptfos.unios.hr\/voda\/wp-content\/uploads\/2024\/01\/linija-2-6-24x3.jpg 24w, http:\/\/www.ptfos.unios.hr\/voda\/wp-content\/uploads\/2024\/01\/linija-2-6-36x4.jpg 36w, http:\/\/www.ptfos.unios.hr\/voda\/wp-content\/uploads\/2024\/01\/linija-2-6-48x5.jpg 48w\" sizes=\"auto, (max-width: 1024px) 100vw, 1024px\" \/><\/figure>\n","protected":false},"excerpt":{"rendered":"<p>10. Me\u0111unarodna konferencija VODA ZA SVE 20.-22.03.2024. I Hotel Jezero I Nacionalni park Plitvi\u010dka jezera I Hrvatska . Kotizacije i registracija . . Kotizacija za sudionike 250 EUR . Studentska kotizacija&nbsp;1 (poslijediplomski) 200 EUR . Studentska kotizacija 2&nbsp;(prijediplomski i diplomski) 100 EUR . Kotizacija za online sudionike&nbsp; (posterska priop\u0107enja) 100 EUR . Kotizacija za prate\u0107u [&hellip;]<\/p>\n","protected":false},"author":1,"featured_media":0,"parent":0,"menu_order":0,"comment_status":"closed","ping_status":"closed","template":"","meta":{"footnotes":""},"class_list":["post-440","page","type-page","status-publish","hentry"],"_links":{"self":[{"href":"http:\/\/www.ptfos.unios.hr\/voda\/index.php\/wp-json\/wp\/v2\/pages\/440","targetHints":{"allow":["GET"]}}],"collection":[{"href":"http:\/\/www.ptfos.unios.hr\/voda\/index.php\/wp-json\/wp\/v2\/pages"}],"about":[{"href":"http:\/\/www.ptfos.unios.hr\/voda\/index.php\/wp-json\/wp\/v2\/types\/page"}],"author":[{"embeddable":true,"href":"http:\/\/www.ptfos.unios.hr\/voda\/index.php\/wp-json\/wp\/v2\/users\/1"}],"replies":[{"embeddable":true,"href":"http:\/\/www.ptfos.unios.hr\/voda\/index.php\/wp-json\/wp\/v2\/comments?post=440"}],"version-history":[{"count":114,"href":"http:\/\/www.ptfos.unios.hr\/voda\/index.php\/wp-json\/wp\/v2\/pages\/440\/revisions"}],"predecessor-version":[{"id":5669,"href":"http:\/\/www.ptfos.unios.hr\/voda\/index.php\/wp-json\/wp\/v2\/pages\/440\/revisions\/5669"}],"wp:attachment":[{"href":"http:\/\/www.ptfos.unios.hr\/voda\/index.php\/wp-json\/wp\/v2\/media?parent=440"}],"curies":[{"name":"wp","href":"https:\/\/api.w.org\/{rel}","templated":true}]}}