{"id":4408,"date":"2022-05-07T08:15:04","date_gmt":"2022-05-07T06:15:04","guid":{"rendered":"http:\/\/www.ptfos.unios.hr\/voda\/?page_id=4408"},"modified":"2024-01-20T22:21:55","modified_gmt":"2024-01-20T21:21:55","slug":"plenarni-predavaci","status":"publish","type":"page","link":"http:\/\/www.ptfos.unios.hr\/voda\/index.php\/plenarni-predavaci\/","title":{"rendered":""},"content":{"rendered":"\n<figure class=\"wp-block-image size-large\"><img loading=\"lazy\" decoding=\"async\" width=\"1024\" height=\"138\" src=\"http:\/\/www.ptfos.unios.hr\/voda\/wp-content\/uploads\/2024\/01\/linija-8-1024x138.jpg\" alt=\"\" class=\"wp-image-5222\" srcset=\"http:\/\/www.ptfos.unios.hr\/voda\/wp-content\/uploads\/2024\/01\/linija-8-1024x138.jpg 1024w, http:\/\/www.ptfos.unios.hr\/voda\/wp-content\/uploads\/2024\/01\/linija-8-300x41.jpg 300w, http:\/\/www.ptfos.unios.hr\/voda\/wp-content\/uploads\/2024\/01\/linija-8-768x104.jpg 768w, http:\/\/www.ptfos.unios.hr\/voda\/wp-content\/uploads\/2024\/01\/linija-8-600x81.jpg 600w, http:\/\/www.ptfos.unios.hr\/voda\/wp-content\/uploads\/2024\/01\/linija-8-1600x216.jpg 1600w, http:\/\/www.ptfos.unios.hr\/voda\/wp-content\/uploads\/2024\/01\/linija-8-1536x208.jpg 1536w, http:\/\/www.ptfos.unios.hr\/voda\/wp-content\/uploads\/2024\/01\/linija-8-24x3.jpg 24w, http:\/\/www.ptfos.unios.hr\/voda\/wp-content\/uploads\/2024\/01\/linija-8-36x5.jpg 36w, http:\/\/www.ptfos.unios.hr\/voda\/wp-content\/uploads\/2024\/01\/linija-8-48x6.jpg 48w, http:\/\/www.ptfos.unios.hr\/voda\/wp-content\/uploads\/2024\/01\/linija-8.jpg 1776w\" sizes=\"auto, (max-width: 1024px) 100vw, 1024px\" \/><\/figure>\n\n\n\n<p class=\"has-text-align-center has-large-font-size\"><strong>10. Me\u0111unarodna konferencija VODA ZA SVE<\/strong><\/p>\n\n\n\n<p class=\"has-text-align-center has-normal-font-size\">20.-22.03.2024.  I  Hotel Jezero  I  Nacionalni park Plitvi\u010dka jezera  I  Hrvatska<\/p>\n\n\n\n<p class=\"has-background-color has-text-color has-link-color wp-elements-8cea8f9af6dd7ab3bce1186abdb4a3a3\">.<\/p>\n\n\n\n<p class=\"has-large-font-size\">Paneli i pozvani predava\u010di<\/p>\n\n\n\n<p class=\"has-background-color has-text-color has-link-color wp-elements-8cea8f9af6dd7ab3bce1186abdb4a3a3\">.<\/p>\n\n\n\n<p><\/p>\n\n\n\n<p><\/p>\n\n\n\n<figure class=\"wp-block-image alignwide size-large\"><img loading=\"lazy\" decoding=\"async\" width=\"1024\" height=\"116\" src=\"http:\/\/www.ptfos.unios.hr\/voda\/wp-content\/uploads\/2024\/01\/linija-2-7-1024x116.jpg\" alt=\"\" class=\"wp-image-5224\" srcset=\"http:\/\/www.ptfos.unios.hr\/voda\/wp-content\/uploads\/2024\/01\/linija-2-7-1024x116.jpg 1024w, http:\/\/www.ptfos.unios.hr\/voda\/wp-content\/uploads\/2024\/01\/linija-2-7-300x34.jpg 300w, http:\/\/www.ptfos.unios.hr\/voda\/wp-content\/uploads\/2024\/01\/linija-2-7-768x87.jpg 768w, http:\/\/www.ptfos.unios.hr\/voda\/wp-content\/uploads\/2024\/01\/linija-2-7-600x68.jpg 600w, http:\/\/www.ptfos.unios.hr\/voda\/wp-content\/uploads\/2024\/01\/linija-2-7-1600x181.jpg 1600w, http:\/\/www.ptfos.unios.hr\/voda\/wp-content\/uploads\/2024\/01\/linija-2-7-1536x174.jpg 1536w, http:\/\/www.ptfos.unios.hr\/voda\/wp-content\/uploads\/2024\/01\/linija-2-7-2048x231.jpg 2048w, http:\/\/www.ptfos.unios.hr\/voda\/wp-content\/uploads\/2024\/01\/linija-2-7-24x3.jpg 24w, http:\/\/www.ptfos.unios.hr\/voda\/wp-content\/uploads\/2024\/01\/linija-2-7-36x4.jpg 36w, http:\/\/www.ptfos.unios.hr\/voda\/wp-content\/uploads\/2024\/01\/linija-2-7-48x5.jpg 48w\" sizes=\"auto, (max-width: 1024px) 100vw, 1024px\" \/><\/figure>\n","protected":false},"excerpt":{"rendered":"<p>10. Me\u0111unarodna konferencija VODA ZA SVE 20.-22.03.2024. I Hotel Jezero I Nacionalni park Plitvi\u010dka jezera I Hrvatska . Paneli i pozvani predava\u010di .<\/p>\n","protected":false},"author":3,"featured_media":0,"parent":0,"menu_order":0,"comment_status":"closed","ping_status":"closed","template":"","meta":{"footnotes":""},"class_list":["post-4408","page","type-page","status-publish","hentry"],"_links":{"self":[{"href":"http:\/\/www.ptfos.unios.hr\/voda\/index.php\/wp-json\/wp\/v2\/pages\/4408","targetHints":{"allow":["GET"]}}],"collection":[{"href":"http:\/\/www.ptfos.unios.hr\/voda\/index.php\/wp-json\/wp\/v2\/pages"}],"about":[{"href":"http:\/\/www.ptfos.unios.hr\/voda\/index.php\/wp-json\/wp\/v2\/types\/page"}],"author":[{"embeddable":true,"href":"http:\/\/www.ptfos.unios.hr\/voda\/index.php\/wp-json\/wp\/v2\/users\/3"}],"replies":[{"embeddable":true,"href":"http:\/\/www.ptfos.unios.hr\/voda\/index.php\/wp-json\/wp\/v2\/comments?post=4408"}],"version-history":[{"count":21,"href":"http:\/\/www.ptfos.unios.hr\/voda\/index.php\/wp-json\/wp\/v2\/pages\/4408\/revisions"}],"predecessor-version":[{"id":5301,"href":"http:\/\/www.ptfos.unios.hr\/voda\/index.php\/wp-json\/wp\/v2\/pages\/4408\/revisions\/5301"}],"wp:attachment":[{"href":"http:\/\/www.ptfos.unios.hr\/voda\/index.php\/wp-json\/wp\/v2\/media?parent=4408"}],"curies":[{"name":"wp","href":"https:\/\/api.w.org\/{rel}","templated":true}]}}