{"id":871,"date":"2018-04-16T11:59:41","date_gmt":"2018-04-16T09:59:41","guid":{"rendered":"http:\/\/www.ptfos.unios.hr\/voda\/?page_id=871"},"modified":"2024-07-24T11:14:56","modified_gmt":"2024-07-24T09:14:56","slug":"prijava-radova","status":"publish","type":"page","link":"http:\/\/www.ptfos.unios.hr\/voda\/index.php\/prijava-radova\/","title":{"rendered":""},"content":{"rendered":"\n<figure class=\"wp-block-image alignwide size-large\"><img loading=\"lazy\" decoding=\"async\" width=\"1024\" height=\"138\" src=\"http:\/\/www.ptfos.unios.hr\/voda\/wp-content\/uploads\/2024\/01\/linija-6-1024x138.jpg\" alt=\"\" class=\"wp-image-5188\" srcset=\"http:\/\/www.ptfos.unios.hr\/voda\/wp-content\/uploads\/2024\/01\/linija-6-1024x138.jpg 1024w, http:\/\/www.ptfos.unios.hr\/voda\/wp-content\/uploads\/2024\/01\/linija-6-300x41.jpg 300w, http:\/\/www.ptfos.unios.hr\/voda\/wp-content\/uploads\/2024\/01\/linija-6-768x104.jpg 768w, http:\/\/www.ptfos.unios.hr\/voda\/wp-content\/uploads\/2024\/01\/linija-6-600x81.jpg 600w, http:\/\/www.ptfos.unios.hr\/voda\/wp-content\/uploads\/2024\/01\/linija-6-1600x216.jpg 1600w, http:\/\/www.ptfos.unios.hr\/voda\/wp-content\/uploads\/2024\/01\/linija-6-1536x208.jpg 1536w, http:\/\/www.ptfos.unios.hr\/voda\/wp-content\/uploads\/2024\/01\/linija-6-24x3.jpg 24w, http:\/\/www.ptfos.unios.hr\/voda\/wp-content\/uploads\/2024\/01\/linija-6-36x5.jpg 36w, http:\/\/www.ptfos.unios.hr\/voda\/wp-content\/uploads\/2024\/01\/linija-6-48x6.jpg 48w, http:\/\/www.ptfos.unios.hr\/voda\/wp-content\/uploads\/2024\/01\/linija-6.jpg 1776w\" sizes=\"auto, (max-width: 1024px) 100vw, 1024px\" \/><\/figure>\n\n\n\n<p class=\"has-text-align-center has-large-font-size\"><strong><strong>10. Me\u0111unarodna konferencija VODA ZA SVE<\/strong><\/strong><\/p>\n\n\n\n<p class=\"has-text-align-center has-normal-font-size\">20.-22.03.2024.   I   Hotel Jezero   I   Nacionalni park Plitvi\u010dka jezera   I   Hrvatska<\/p>\n\n\n\n<p class=\"has-background-color has-text-color has-link-color wp-elements-8cea8f9af6dd7ab3bce1186abdb4a3a3\">.<\/p>\n\n\n\n<p class=\"has-large-font-size\" style=\"font-style:normal;font-weight:200\">Upute i rokovi<\/p>\n\n\n\n<p class=\"has-background-color has-text-color has-link-color wp-elements-8cea8f9af6dd7ab3bce1186abdb4a3a3\">.<\/p>\n\n\n\n<p style=\"font-size:20px;font-style:normal;font-weight:300\"><strong>TEMATSKE SEKCIJE KONFERENCIJE<\/strong><\/p>\n\n\n\n<p style=\"font-size:20px;font-style:normal;font-weight:300\">&gt; Poljoprivreda i vodni resursi<\/p>\n\n\n\n<p style=\"font-size:20px;font-style:normal;font-weight:300\"> &gt; Prerada vode za pi\u0107e i obrada otpadnih voda<\/p>\n\n\n\n<p style=\"font-size:20px;font-style:normal;font-weight:300\">&gt; Upravljanje vodama<\/p>\n\n\n\n<p style=\"font-size:20px;font-style:normal;font-weight:300\">&gt; Monitoring kakvo\u0107e voda<\/p>\n\n\n\n<p style=\"font-size:20px;font-style:normal;font-weight:300\">&gt; Vodoopskrbni sustavi i odvodnja<\/p>\n\n\n\n<p style=\"font-size:20px;font-style:normal;font-weight:300\">&gt; Mo\u010dvarna stani\u0161ta<\/p>\n\n\n\n<p style=\"font-size:20px;font-style:normal;font-weight:300\">&gt; Voda i zdravlje<\/p>\n\n\n\n<p class=\"has-normal-font-size\">&gt; Voda i zelene tehnologije<\/p>\n\n\n\n<p class=\"has-background-color has-text-color has-link-color wp-elements-8cea8f9af6dd7ab3bce1186abdb4a3a3\">.<\/p>\n\n\n\n<p style=\"font-size:20px\"><strong><strong>OBAVIJEST<\/strong><\/strong><\/p>\n\n\n\n<div class=\"wp-block-buttons is-layout-flex wp-block-buttons-is-layout-flex\">\n<div class=\"wp-block-button\"><a class=\"wp-block-button__link has-dark-background-color has-pale-cyan-blue-background-color has-text-color has-background has-link-color wp-element-button\" href=\"http:\/\/www.ptfos.unios.hr\/voda\/wp-content\/uploads\/2024\/02\/Poziv-10.-VODA-ZA-SVE.pdf\"><strong>PREUZIMANJE OBAVIJESTI<\/strong><\/a><\/div>\n<\/div>\n\n\n\n<p class=\"has-background-color has-text-color has-link-color wp-elements-8cea8f9af6dd7ab3bce1186abdb4a3a3\">.<\/p>\n\n\n\n<p style=\"font-size:20px\"><strong>ROKOVI<\/strong><\/p>\n\n\n\n<p class=\"has-normal-font-size\">Rok za dostavu sa\u017eetaka:&nbsp;<strong><s>4. 3. 2024.<\/s><\/strong> <strong>produ\u017eeno do 11.3.2024.<\/strong><\/p>\n\n\n\n<p class=\"has-normal-font-size\">Obavijest o prihva\u0107anju sa\u017eetaka:&nbsp;<strong>11. 3. 2024.<\/strong>  <\/p>\n\n\n\n<p class=\"has-normal-font-size\">Rok za registraciju i uplatu kotizacije :&nbsp;<strong>15. 3. 2024.<\/strong>  <\/p>\n\n\n\n<p class=\"has-normal-font-size\">Rok za dostavu radova:\u00a0<strong><s>15. 7. 2024.<\/s><\/strong>   <strong>10. 9. 2024.<\/strong> <\/p>\n\n\n\n<p class=\"has-background-color has-text-color has-link-color wp-elements-8cea8f9af6dd7ab3bce1186abdb4a3a3\">.<\/p>\n\n\n\n<p style=\"font-size:20px;font-style:normal;font-weight:300\"><strong>SA\u017dETCI<\/strong> <\/p>\n\n\n\n<p style=\"font-size:20px;font-style:normal;font-weight:300\">Sa\u017eetak (do 200 rije\u010di&nbsp;i do 5 klju\u010dnih rije\u010di) pripremljen u podlozi, na hrvatskom i engleskom ili samo engleskom jeziku, poslati na <\/p>\n\n\n\n<p style=\"font-size:20px;font-style:normal;font-weight:300\">e-mail:&nbsp;<strong>water.for.all.eu@gmail.com<\/strong> <\/p>\n\n\n\n<p style=\"font-size:20px;font-style:normal;font-weight:300\">Molimo autore da uz sa\u017eetak u poruci nazna\u010de <strong>\u017eeljenu vrstu prezentacije<\/strong>&nbsp;i<strong>&nbsp;tematsku sekciju<\/strong>&nbsp;kojoj rad pripada. <\/p>\n\n\n\n<p style=\"font-size:20px;font-style:normal;font-weight:300\">Sa\u017eetci \u0107e biti objavljeni u Zborniku sa\u017eetaka VODA ZA SVE 2024 s me\u0111unarodnom recenzijom.  <\/p>\n\n\n\n<p style=\"font-size:20px;font-style:normal;font-weight:300\">Zbornik sa\u017eetaka \u0107e biti objavljen u digitalnom obliku. <\/p>\n\n\n\n<p style=\"font-size:20px;font-style:normal;font-weight:300\">Obrazac za pripremu SA\u017dETKA: <\/p>\n\n\n\n<p style=\"font-size:20px;font-style:normal;font-weight:300\">hrvatski i engleski jezik: <a href=\"http:\/\/www.ptfos.unios.hr\/voda\/wp-content\/uploads\/2024\/01\/VODA-2024_sazetak_Prezime.doc\">VODA_2024_sa\u017eetak_predlo\u017eak<\/a> <\/p>\n\n\n\n<p style=\"font-size:20px;font-style:normal;font-weight:300\">engleski: <a href=\"http:\/\/www.ptfos.unios.hr\/voda\/wp-content\/uploads\/2024\/01\/WATER-2024_abstract_Surname.doc\">WATER_2024_abstract_template<\/a>.<\/p>\n\n\n\n<p class=\"has-background-color has-text-color has-link-color wp-elements-8cea8f9af6dd7ab3bce1186abdb4a3a3\">.<\/p>\n\n\n\n<p style=\"font-size:20px\"><strong>USMENA PRIOP\u0106ENJA<\/strong> <\/p>\n\n\n\n<p style=\"font-size:20px\">Prezentacije (.pptx) za usmena priop\u0107enja molimo pripremiti na engleskom jeziku.<\/p>\n\n\n\n<p style=\"font-size:20px\">Usmena priop\u0107enja (izlaganje) mogu biti na engleskom ili hrvatskom jeziku. <\/p>\n\n\n\n<p style=\"font-size:20px\">Prezentacije trebaju biti trajanja do <strong>12 minuta<\/strong>. <\/p>\n\n\n\n<p style=\"font-size:20px\">Autori \u010diji sa\u017eetci budu prihva\u0107eni za usmenu prezentaciju trebaju dostaviti .pptx prezentaciju najkasnije do <strong>18. 3. 2024. <\/strong>na&nbsp;<strong>water.for.all.eu@gmail.com<\/strong>.<\/p>\n\n\n\n<p class=\"has-background-color has-text-color has-link-color wp-elements-8cea8f9af6dd7ab3bce1186abdb4a3a3\">.<\/p>\n\n\n\n<p style=\"font-size:20px\"><strong>POSTERSKA PRIOP\u0106ENJA<\/strong> <\/p>\n\n\n\n<p style=\"font-size:20px\">Posterska priop\u0107enja mogu biti na pripremljena engleskom ili hrvatskom jeziku s dimenzijama<strong> 100 cm visine i 70 cm \u0161irine<\/strong>.  <\/p>\n\n\n\n<p style=\"font-size:20px\">Materijale potrebne za postavljanje postera osigurava Organizacijski odbor. <\/p>\n\n\n\n<p class=\"has-background-color has-text-color has-link-color wp-elements-8cea8f9af6dd7ab3bce1186abdb4a3a3\">.<\/p>\n\n\n\n<p style=\"font-size:20px\"><strong>RADOVI<\/strong> <\/p>\n\n\n\n<p style=\"font-size:20px\">Cjeloviti radovi trebaju biti pripremljeni prema uputama za pripremu cjelovitih radova:  <\/p>\n\n\n\n<p style=\"font-size:20px\"><a href=\"http:\/\/www.ptfos.unios.hr\/voda\/wp-content\/uploads\/2024\/01\/Instructions-to-Authors_WATER-2024.pdf\">WATER-FOR-ALL-2024_Instructions-for-Authors<\/a>  <\/p>\n\n\n\n<p style=\"font-size:20px\">Obrazac za pisanje rada mo\u017eete preuzeti ovdje:  <\/p>\n\n\n\n<p style=\"font-size:20px\">hrvatski jezik:  <\/p>\n\n\n\n<p style=\"font-size:20px\"><a href=\"http:\/\/www.ptfos.unios.hr\/voda\/wp-content\/uploads\/2024\/01\/VODA-2024_rad_Prezime.doc\">VODA_2024_rad_predlo\u017eak<\/a> <\/p>\n\n\n\n<p style=\"font-size:20px\">ili engleski: <\/p>\n\n\n\n<p style=\"font-size:20px\"><a href=\"http:\/\/www.ptfos.unios.hr\/voda\/wp-content\/uploads\/2024\/01\/WATER-2024_paper_Surname.doc\">WATER_2024_paper_template<\/a><\/p>\n\n\n\n<p style=\"font-size:20px\">Prispjeli cjeloviti radovi bit \u0107e recenzirani i objavljeni u Zborniku radova VODA ZA SVE 2024. ili u jednom od podupiru\u0107ih \u010dasopisa. <\/p>\n\n\n\n<p style=\"font-size:20px\">Odluku o objavi pojedinog rada u podupiru\u0107em \u010dasopisu donosi uredni\u0161tvo \u010dasopisa. <\/p>\n\n\n\n<p style=\"font-size:20px\"><strong>Za publiciranje rada u podupiru\u0107im \u010dasopisima rad treba pripremiti&nbsp;na engleksom jeziku.<\/strong>  <\/p>\n\n\n\n<p class=\"has-background-color has-text-color has-link-color wp-elements-e5bdfcff207db32b84cce853db5293b3\" style=\"font-size:20px\">.<\/p>\n\n\n\n<p class=\"has-opensans-font-family has-upper-heading-font-size\"><strong>PODUPIRU\u0106I \u010cASOPISI<\/strong><\/p>\n\n\n\n<p class=\"has-opensans-font-family\" style=\"font-size:20px\">Rad Konferencije podupiru i znanstveno-stru\u010dni \u010dasopisi.<\/p>\n\n\n\n<p class=\"has-opensans-font-family\" style=\"font-size:20px\"><\/p>\n\n\n\n<p><\/p>\n\n\n\n<div class=\"wp-block-media-text is-stacked-on-mobile\" style=\"grid-template-columns:37% auto\"><figure class=\"wp-block-media-text__media\"><img loading=\"lazy\" decoding=\"async\" width=\"800\" height=\"458\" src=\"http:\/\/www.ptfos.unios.hr\/voda\/wp-content\/uploads\/2024\/01\/Horizontal_Banner.png\" alt=\"\" class=\"wp-image-5410 size-full\" srcset=\"http:\/\/www.ptfos.unios.hr\/voda\/wp-content\/uploads\/2024\/01\/Horizontal_Banner.png 800w, http:\/\/www.ptfos.unios.hr\/voda\/wp-content\/uploads\/2024\/01\/Horizontal_Banner-300x172.png 300w, http:\/\/www.ptfos.unios.hr\/voda\/wp-content\/uploads\/2024\/01\/Horizontal_Banner-768x440.png 768w, http:\/\/www.ptfos.unios.hr\/voda\/wp-content\/uploads\/2024\/01\/Horizontal_Banner-600x344.png 600w, http:\/\/www.ptfos.unios.hr\/voda\/wp-content\/uploads\/2024\/01\/Horizontal_Banner-24x14.png 24w, http:\/\/www.ptfos.unios.hr\/voda\/wp-content\/uploads\/2024\/01\/Horizontal_Banner-36x21.png 36w, http:\/\/www.ptfos.unios.hr\/voda\/wp-content\/uploads\/2024\/01\/Horizontal_Banner-48x27.png 48w\" sizes=\"auto, (max-width: 800px) 100vw, 800px\" \/><\/figure><div class=\"wp-block-media-text__content\">\n<p class=\"has-normal-font-size\"><a href=\"https:\/\/www.mdpi.com\/journal\/water\">Water<\/a><\/p>\n\n\n\n<p><a href=\"https:\/\/www.mdpi.com\/journal\/water\/special_issues\/80I8GEOH0D\">Novel Approaches to Nutrient and Pollutant Removal from Wastewater (Volume II)<\/a><\/p>\n<\/div><\/div>\n\n\n\n<p><\/p>\n\n\n\n<div class=\"wp-block-media-text is-stacked-on-mobile\" style=\"grid-template-columns:37% auto\"><figure class=\"wp-block-media-text__media\"><img loading=\"lazy\" decoding=\"async\" width=\"800\" height=\"458\" src=\"http:\/\/www.ptfos.unios.hr\/voda\/wp-content\/uploads\/2024\/01\/Horizontal_Banner.png\" alt=\"\" class=\"wp-image-5410 size-full\" srcset=\"http:\/\/www.ptfos.unios.hr\/voda\/wp-content\/uploads\/2024\/01\/Horizontal_Banner.png 800w, http:\/\/www.ptfos.unios.hr\/voda\/wp-content\/uploads\/2024\/01\/Horizontal_Banner-300x172.png 300w, http:\/\/www.ptfos.unios.hr\/voda\/wp-content\/uploads\/2024\/01\/Horizontal_Banner-768x440.png 768w, http:\/\/www.ptfos.unios.hr\/voda\/wp-content\/uploads\/2024\/01\/Horizontal_Banner-600x344.png 600w, http:\/\/www.ptfos.unios.hr\/voda\/wp-content\/uploads\/2024\/01\/Horizontal_Banner-24x14.png 24w, http:\/\/www.ptfos.unios.hr\/voda\/wp-content\/uploads\/2024\/01\/Horizontal_Banner-36x21.png 36w, http:\/\/www.ptfos.unios.hr\/voda\/wp-content\/uploads\/2024\/01\/Horizontal_Banner-48x27.png 48w\" sizes=\"auto, (max-width: 800px) 100vw, 800px\" \/><\/figure><div class=\"wp-block-media-text__content\">\n<p class=\"has-normal-font-size\"><a href=\"https:\/\/www.mdpi.com\/journal\/water\">Water<\/a><\/p>\n\n\n\n<p><a href=\"https:\/\/www.mdpi.com\/journal\/water\/special_issues\/2895EM5SZH\">Water Quality Monitoring and Public Health<\/a><\/p>\n<\/div><\/div>\n\n\n\n<p><\/p>\n\n\n\n<div class=\"wp-block-media-text is-stacked-on-mobile\" style=\"grid-template-columns:15% auto\"><figure class=\"wp-block-media-text__media\"><img loading=\"lazy\" decoding=\"async\" width=\"654\" height=\"923\" src=\"http:\/\/www.ptfos.unios.hr\/voda\/wp-content\/uploads\/2024\/01\/kui.jpg\" alt=\"\" class=\"wp-image-4989 size-full\" srcset=\"http:\/\/www.ptfos.unios.hr\/voda\/wp-content\/uploads\/2024\/01\/kui.jpg 654w, http:\/\/www.ptfos.unios.hr\/voda\/wp-content\/uploads\/2024\/01\/kui-213x300.jpg 213w, http:\/\/www.ptfos.unios.hr\/voda\/wp-content\/uploads\/2024\/01\/kui-425x600.jpg 425w, http:\/\/www.ptfos.unios.hr\/voda\/wp-content\/uploads\/2024\/01\/kui-567x800.jpg 567w, http:\/\/www.ptfos.unios.hr\/voda\/wp-content\/uploads\/2024\/01\/kui-17x24.jpg 17w, http:\/\/www.ptfos.unios.hr\/voda\/wp-content\/uploads\/2024\/01\/kui-26x36.jpg 26w, http:\/\/www.ptfos.unios.hr\/voda\/wp-content\/uploads\/2024\/01\/kui-34x48.jpg 34w\" sizes=\"auto, (max-width: 654px) 100vw, 654px\" \/><\/figure><div class=\"wp-block-media-text__content\">\n<p class=\"has-normal-font-size\"><a href=\"http:\/\/silverstripe.fkit.hr\/kui\/about-the-journal\/\">KUI \u2013 Chemistry in Industry<\/a><\/p>\n<\/div><\/div>\n\n\n\n<p><\/p>\n\n\n\n<div class=\"wp-block-media-text is-stacked-on-mobile\" style=\"grid-template-columns:15% auto\"><figure class=\"wp-block-media-text__media\"><img loading=\"lazy\" decoding=\"async\" width=\"506\" height=\"715\" src=\"http:\/\/www.ptfos.unios.hr\/voda\/wp-content\/uploads\/2022\/04\/techaa.jpg\" alt=\"\" class=\"wp-image-4191 size-full\" srcset=\"http:\/\/www.ptfos.unios.hr\/voda\/wp-content\/uploads\/2022\/04\/techaa.jpg 506w, http:\/\/www.ptfos.unios.hr\/voda\/wp-content\/uploads\/2022\/04\/techaa-212x300.jpg 212w, http:\/\/www.ptfos.unios.hr\/voda\/wp-content\/uploads\/2022\/04\/techaa-17x24.jpg 17w, http:\/\/www.ptfos.unios.hr\/voda\/wp-content\/uploads\/2022\/04\/techaa-25x36.jpg 25w, http:\/\/www.ptfos.unios.hr\/voda\/wp-content\/uploads\/2022\/04\/techaa-34x48.jpg 34w\" sizes=\"auto, (max-width: 506px) 100vw, 506px\" \/><\/figure><div class=\"wp-block-media-text__content\">\n<p class=\"has-normal-font-size\"><a href=\"https:\/\/hrcak.srce.hr\/ojs\/index.php\/technologicaacta\/index\">Technologica Acta<\/a><\/p>\n<\/div><\/div>\n\n\n\n<p><\/p>\n\n\n\n<div class=\"wp-block-media-text is-stacked-on-mobile\" style=\"grid-template-columns:15% auto\"><figure class=\"wp-block-media-text__media\"><img loading=\"lazy\" decoding=\"async\" width=\"614\" height=\"872\" src=\"http:\/\/www.ptfos.unios.hr\/voda\/wp-content\/uploads\/2022\/01\/cover-page.jpg\" alt=\"\" class=\"wp-image-3588 size-full\" srcset=\"http:\/\/www.ptfos.unios.hr\/voda\/wp-content\/uploads\/2022\/01\/cover-page.jpg 614w, http:\/\/www.ptfos.unios.hr\/voda\/wp-content\/uploads\/2022\/01\/cover-page-211x300.jpg 211w, http:\/\/www.ptfos.unios.hr\/voda\/wp-content\/uploads\/2022\/01\/cover-page-17x24.jpg 17w, http:\/\/www.ptfos.unios.hr\/voda\/wp-content\/uploads\/2022\/01\/cover-page-25x36.jpg 25w, http:\/\/www.ptfos.unios.hr\/voda\/wp-content\/uploads\/2022\/01\/cover-page-34x48.jpg 34w\" sizes=\"auto, (max-width: 614px) 100vw, 614px\" \/><\/figure><div class=\"wp-block-media-text__content\">\n<p class=\"has-normal-font-size\"> <a href=\"http:\/\/www.gfv.unizg.hr\/hr\/journalio.html\">Environmental Engineering &#8211; In\u017eenjerstvo okoli\u0161a<\/a><\/p>\n<\/div><\/div>\n\n\n\n<p><\/p>\n\n\n\n<div class=\"wp-block-media-text is-stacked-on-mobile\" style=\"grid-template-columns:15% auto\"><figure class=\"wp-block-media-text__media\"><img loading=\"lazy\" decoding=\"async\" width=\"191\" height=\"264\" src=\"http:\/\/www.ptfos.unios.hr\/voda\/wp-content\/uploads\/2024\/01\/preuzmi-1.jpeg\" alt=\"\" class=\"wp-image-4993 size-full\" srcset=\"http:\/\/www.ptfos.unios.hr\/voda\/wp-content\/uploads\/2024\/01\/preuzmi-1.jpeg 191w, http:\/\/www.ptfos.unios.hr\/voda\/wp-content\/uploads\/2024\/01\/preuzmi-1-17x24.jpeg 17w, http:\/\/www.ptfos.unios.hr\/voda\/wp-content\/uploads\/2024\/01\/preuzmi-1-26x36.jpeg 26w, http:\/\/www.ptfos.unios.hr\/voda\/wp-content\/uploads\/2024\/01\/preuzmi-1-35x48.jpeg 35w\" sizes=\"auto, (max-width: 191px) 100vw, 191px\" \/><\/figure><div class=\"wp-block-media-text__content\">\n<p class=\"has-normal-font-size\"><a href=\"https:\/\/www.voda.hr\/hr\/casopis-hrvatske-vode\">Hrvatske vode<\/a><\/p>\n<\/div><\/div>\n\n\n\n<p><\/p>\n\n\n\n<div class=\"wp-block-media-text is-stacked-on-mobile\" style=\"grid-template-columns:15% auto\"><figure class=\"wp-block-media-text__media\"><img loading=\"lazy\" decoding=\"async\" width=\"192\" height=\"263\" src=\"http:\/\/www.ptfos.unios.hr\/voda\/wp-content\/uploads\/2024\/01\/preuzmi.jpeg\" alt=\"\" class=\"wp-image-4992 size-full\" srcset=\"http:\/\/www.ptfos.unios.hr\/voda\/wp-content\/uploads\/2024\/01\/preuzmi.jpeg 192w, http:\/\/www.ptfos.unios.hr\/voda\/wp-content\/uploads\/2024\/01\/preuzmi-18x24.jpeg 18w, http:\/\/www.ptfos.unios.hr\/voda\/wp-content\/uploads\/2024\/01\/preuzmi-26x36.jpeg 26w, http:\/\/www.ptfos.unios.hr\/voda\/wp-content\/uploads\/2024\/01\/preuzmi-35x48.jpeg 35w\" sizes=\"auto, (max-width: 192px) 100vw, 192px\" \/><\/figure><div class=\"wp-block-media-text__content\">\n<p class=\"has-normal-font-size\"><a href=\"http:\/\/www.ptfos.unios.hr\/novicjfst\/\">Croatian Journal of Food Science and Technology<\/a><\/p>\n<\/div><\/div>\n\n\n\n<p><\/p>\n\n\n\n<div class=\"wp-block-media-text is-stacked-on-mobile\" style=\"grid-template-columns:15% auto\"><figure class=\"wp-block-media-text__media\"><img loading=\"lazy\" decoding=\"async\" width=\"149\" height=\"223\" src=\"http:\/\/www.ptfos.unios.hr\/voda\/wp-content\/uploads\/2024\/02\/p1.jpg\" alt=\"\" class=\"wp-image-5484 size-full\" srcset=\"http:\/\/www.ptfos.unios.hr\/voda\/wp-content\/uploads\/2024\/02\/p1.jpg 149w, http:\/\/www.ptfos.unios.hr\/voda\/wp-content\/uploads\/2024\/02\/p1-16x24.jpg 16w, http:\/\/www.ptfos.unios.hr\/voda\/wp-content\/uploads\/2024\/02\/p1-24x36.jpg 24w, http:\/\/www.ptfos.unios.hr\/voda\/wp-content\/uploads\/2024\/02\/p1-32x48.jpg 32w\" sizes=\"auto, (max-width: 149px) 100vw, 149px\" \/><\/figure><div class=\"wp-block-media-text__content\">\n<p class=\"has-normal-font-size\"><a href=\"https:\/\/hrcak.srce.hr\/poljoprivreda\">Poljoprivreda<\/a><\/p>\n<\/div><\/div>\n\n\n\n<p><\/p>\n\n\n\n<div class=\"wp-block-media-text is-stacked-on-mobile\" style=\"grid-template-columns:15% auto\"><figure class=\"wp-block-media-text__media\"><img loading=\"lazy\" decoding=\"async\" width=\"590\" height=\"820\" src=\"http:\/\/www.ptfos.unios.hr\/voda\/wp-content\/uploads\/2024\/01\/jhsci-cover-2020-3.png\" alt=\"\" class=\"wp-image-5407 size-full\" srcset=\"http:\/\/www.ptfos.unios.hr\/voda\/wp-content\/uploads\/2024\/01\/jhsci-cover-2020-3.png 590w, http:\/\/www.ptfos.unios.hr\/voda\/wp-content\/uploads\/2024\/01\/jhsci-cover-2020-3-216x300.png 216w, http:\/\/www.ptfos.unios.hr\/voda\/wp-content\/uploads\/2024\/01\/jhsci-cover-2020-3-432x600.png 432w, http:\/\/www.ptfos.unios.hr\/voda\/wp-content\/uploads\/2024\/01\/jhsci-cover-2020-3-576x800.png 576w, http:\/\/www.ptfos.unios.hr\/voda\/wp-content\/uploads\/2024\/01\/jhsci-cover-2020-3-17x24.png 17w, http:\/\/www.ptfos.unios.hr\/voda\/wp-content\/uploads\/2024\/01\/jhsci-cover-2020-3-26x36.png 26w, http:\/\/www.ptfos.unios.hr\/voda\/wp-content\/uploads\/2024\/01\/jhsci-cover-2020-3-35x48.png 35w\" sizes=\"auto, (max-width: 590px) 100vw, 590px\" \/><\/figure><div class=\"wp-block-media-text__content\">\n<p class=\"has-normal-font-size\"><a href=\"https:\/\/www.jhsci.ba\/ojs\/index.php\/jhsci\"><a href=\"https:\/\/hrcak.srce.hr\/ojs\/index.php\/ekonomski-vjesnik\"><\/a><a href=\"https:\/\/www.jhsci.ba\/ojs\/\">Journal of Health Sciences<\/a><\/a><\/p>\n<\/div><\/div>\n\n\n\n<figure class=\"wp-block-image alignwide size-large\"><img loading=\"lazy\" decoding=\"async\" width=\"1024\" height=\"116\" src=\"http:\/\/www.ptfos.unios.hr\/voda\/wp-content\/uploads\/2024\/01\/linija-2-5-1024x116.jpg\" alt=\"\" class=\"wp-image-5189\" srcset=\"http:\/\/www.ptfos.unios.hr\/voda\/wp-content\/uploads\/2024\/01\/linija-2-5-1024x116.jpg 1024w, http:\/\/www.ptfos.unios.hr\/voda\/wp-content\/uploads\/2024\/01\/linija-2-5-300x34.jpg 300w, http:\/\/www.ptfos.unios.hr\/voda\/wp-content\/uploads\/2024\/01\/linija-2-5-768x87.jpg 768w, http:\/\/www.ptfos.unios.hr\/voda\/wp-content\/uploads\/2024\/01\/linija-2-5-600x68.jpg 600w, http:\/\/www.ptfos.unios.hr\/voda\/wp-content\/uploads\/2024\/01\/linija-2-5-1600x181.jpg 1600w, http:\/\/www.ptfos.unios.hr\/voda\/wp-content\/uploads\/2024\/01\/linija-2-5-1536x174.jpg 1536w, http:\/\/www.ptfos.unios.hr\/voda\/wp-content\/uploads\/2024\/01\/linija-2-5-2048x231.jpg 2048w, http:\/\/www.ptfos.unios.hr\/voda\/wp-content\/uploads\/2024\/01\/linija-2-5-24x3.jpg 24w, http:\/\/www.ptfos.unios.hr\/voda\/wp-content\/uploads\/2024\/01\/linija-2-5-36x4.jpg 36w, http:\/\/www.ptfos.unios.hr\/voda\/wp-content\/uploads\/2024\/01\/linija-2-5-48x5.jpg 48w\" sizes=\"auto, (max-width: 1024px) 100vw, 1024px\" \/><\/figure>\n","protected":false},"excerpt":{"rendered":"<p>10. Me\u0111unarodna konferencija VODA ZA SVE 20.-22.03.2024. I Hotel Jezero I Nacionalni park Plitvi\u010dka jezera I Hrvatska . Upute i rokovi . TEMATSKE SEKCIJE KONFERENCIJE &gt; Poljoprivreda i vodni resursi &gt; Prerada vode za pi\u0107e i obrada otpadnih voda &gt; Upravljanje vodama &gt; Monitoring kakvo\u0107e voda &gt; Vodoopskrbni sustavi i odvodnja &gt; Mo\u010dvarna stani\u0161ta &gt; [&hellip;]<\/p>\n","protected":false},"author":1,"featured_media":0,"parent":0,"menu_order":0,"comment_status":"closed","ping_status":"closed","template":"","meta":{"footnotes":""},"class_list":["post-871","page","type-page","status-publish","hentry"],"_links":{"self":[{"href":"http:\/\/www.ptfos.unios.hr\/voda\/index.php\/wp-json\/wp\/v2\/pages\/871","targetHints":{"allow":["GET"]}}],"collection":[{"href":"http:\/\/www.ptfos.unios.hr\/voda\/index.php\/wp-json\/wp\/v2\/pages"}],"about":[{"href":"http:\/\/www.ptfos.unios.hr\/voda\/index.php\/wp-json\/wp\/v2\/types\/page"}],"author":[{"embeddable":true,"href":"http:\/\/www.ptfos.unios.hr\/voda\/index.php\/wp-json\/wp\/v2\/users\/1"}],"replies":[{"embeddable":true,"href":"http:\/\/www.ptfos.unios.hr\/voda\/index.php\/wp-json\/wp\/v2\/comments?post=871"}],"version-history":[{"count":167,"href":"http:\/\/www.ptfos.unios.hr\/voda\/index.php\/wp-json\/wp\/v2\/pages\/871\/revisions"}],"predecessor-version":[{"id":5780,"href":"http:\/\/www.ptfos.unios.hr\/voda\/index.php\/wp-json\/wp\/v2\/pages\/871\/revisions\/5780"}],"wp:attachment":[{"href":"http:\/\/www.ptfos.unios.hr\/voda\/index.php\/wp-json\/wp\/v2\/media?parent=871"}],"curies":[{"name":"wp","href":"https:\/\/api.w.org\/{rel}","templated":true}]}}