{"id":55,"date":"2025-02-10T08:32:28","date_gmt":"2025-02-10T08:32:28","guid":{"rendered":"https:\/\/www.ptfos.unios.hr\/Active_Foil\/?page_id=55"},"modified":"2025-09-04T06:43:03","modified_gmt":"2025-09-04T06:43:03","slug":"publikacije","status":"publish","type":"page","link":"https:\/\/www.ptfos.unios.hr\/Active_Foil\/index.php\/publikacije\/","title":{"rendered":"Publikacije"},"content":{"rendered":"\n<p><strong><mark style=\"background-color:rgba(0, 0, 0, 0)\" class=\"has-inline-color has-accent-color\">Prihva\u0107ene teme zavr\u0161nih radova<\/mark><\/strong><\/p>\n\n\n\n<ol class=\"wp-block-list\">\n<li>Ana \u0160ojat &#8211; Permeabilnost kisika kod biorazgradivih folija &#8211; mentor Lidija Jakobek Barron<\/li>\n\n\n\n<li>An\u0111a Tepuri\u0107 &#8211; Primjena biorazgradivih materijala za pakiranje hrane &#8211; mentor Lidija Jakobek Barron<\/li>\n\n\n\n<li>Petra \u0160trbik &#8211; Ekolo\u0161ka prihvatljivost materijala od prirodnih polimera &#8211; mentor Lidija Jakobek Barron<\/li>\n\n\n\n<li>Iva Budek &#8211; Utjecaj razli\u010ditih ambala\u017enih materijala na stabilnost \u010dokolade &#8211; mentor Petra Mati\u0107<\/li>\n<\/ol>\n\n\n\n<p><strong><mark style=\"background-color:rgba(0, 0, 0, 0)\" class=\"has-inline-color has-accent-color\">Gostuju\u0107i student<\/mark><\/strong><\/p>\n\n\n\n<p>Maria Tulici &#8211; Technical University of Cluy-Napoca, Rumunjska<\/p>\n\n\n\n<p><\/p>\n","protected":false},"excerpt":{"rendered":"<p>Prihva\u0107ene teme zavr\u0161nih radova Gostuju\u0107i student Maria Tulici &#8211; Technical University of Cluy-Napoca, Rumunjska<\/p>\n","protected":false},"author":1,"featured_media":0,"parent":0,"menu_order":0,"comment_status":"closed","ping_status":"closed","template":"","meta":{"footnotes":""},"class_list":["post-55","page","type-page","status-publish"],"_links":{"self":[{"href":"https:\/\/www.ptfos.unios.hr\/Active_Foil\/index.php\/wp-json\/wp\/v2\/pages\/55","targetHints":{"allow":["GET"]}}],"collection":[{"href":"https:\/\/www.ptfos.unios.hr\/Active_Foil\/index.php\/wp-json\/wp\/v2\/pages"}],"about":[{"href":"https:\/\/www.ptfos.unios.hr\/Active_Foil\/index.php\/wp-json\/wp\/v2\/types\/page"}],"author":[{"embeddable":true,"href":"https:\/\/www.ptfos.unios.hr\/Active_Foil\/index.php\/wp-json\/wp\/v2\/users\/1"}],"replies":[{"embeddable":true,"href":"https:\/\/www.ptfos.unios.hr\/Active_Foil\/index.php\/wp-json\/wp\/v2\/comments?post=55"}],"version-history":[{"count":5,"href":"https:\/\/www.ptfos.unios.hr\/Active_Foil\/index.php\/wp-json\/wp\/v2\/pages\/55\/revisions"}],"predecessor-version":[{"id":122,"href":"https:\/\/www.ptfos.unios.hr\/Active_Foil\/index.php\/wp-json\/wp\/v2\/pages\/55\/revisions\/122"}],"wp:attachment":[{"href":"https:\/\/www.ptfos.unios.hr\/Active_Foil\/index.php\/wp-json\/wp\/v2\/media?parent=55"}],"curies":[{"name":"wp","href":"https:\/\/api.w.org\/{rel}","templated":true}]}}