{"id":61,"date":"2025-02-10T08:33:15","date_gmt":"2025-02-10T08:33:15","guid":{"rendered":"https:\/\/www.ptfos.unios.hr\/Active_Foil\/?page_id=61"},"modified":"2025-12-02T09:20:04","modified_gmt":"2025-12-02T09:20:04","slug":"novosti","status":"publish","type":"page","link":"https:\/\/www.ptfos.unios.hr\/Active_Foil\/index.php\/novosti\/","title":{"rendered":"Novosti"},"content":{"rendered":"\n<h2 class=\"wp-block-heading\"><mark style=\"background-color:rgba(0, 0, 0, 0)\" class=\"has-inline-color has-accent-color\">Folije\/Ambala\u017eni oblici<\/mark><\/h2>\n\n\n<div class=\"wp-block-image\">\n<figure class=\"aligncenter size-large is-resized\"><img loading=\"lazy\" decoding=\"async\" width=\"1024\" height=\"768\" src=\"https:\/\/www.ptfos.unios.hr\/Active_Foil\/wp-content\/uploads\/2025\/12\/20251201_140746-1024x768.jpg\" alt=\"\" class=\"wp-image-138\" style=\"width:337px;height:auto\" srcset=\"https:\/\/www.ptfos.unios.hr\/Active_Foil\/wp-content\/uploads\/2025\/12\/20251201_140746-1024x768.jpg 1024w, https:\/\/www.ptfos.unios.hr\/Active_Foil\/wp-content\/uploads\/2025\/12\/20251201_140746-300x225.jpg 300w, https:\/\/www.ptfos.unios.hr\/Active_Foil\/wp-content\/uploads\/2025\/12\/20251201_140746-768x576.jpg 768w, https:\/\/www.ptfos.unios.hr\/Active_Foil\/wp-content\/uploads\/2025\/12\/20251201_140746-1536x1152.jpg 1536w, https:\/\/www.ptfos.unios.hr\/Active_Foil\/wp-content\/uploads\/2025\/12\/20251201_140746-2048x1536.jpg 2048w\" sizes=\"auto, (max-width: 1024px) 100vw, 1024px\" \/><\/figure><\/div>\n\n<div class=\"wp-block-image\">\n<figure class=\"aligncenter size-large is-resized\"><img loading=\"lazy\" decoding=\"async\" width=\"1024\" height=\"768\" src=\"https:\/\/www.ptfos.unios.hr\/Active_Foil\/wp-content\/uploads\/2025\/12\/IMG_20251125_140034270-3-1024x768.jpg\" alt=\"\" class=\"wp-image-142\" style=\"width:339px;height:auto\" srcset=\"https:\/\/www.ptfos.unios.hr\/Active_Foil\/wp-content\/uploads\/2025\/12\/IMG_20251125_140034270-3-1024x768.jpg 1024w, https:\/\/www.ptfos.unios.hr\/Active_Foil\/wp-content\/uploads\/2025\/12\/IMG_20251125_140034270-3-300x225.jpg 300w, https:\/\/www.ptfos.unios.hr\/Active_Foil\/wp-content\/uploads\/2025\/12\/IMG_20251125_140034270-3-768x576.jpg 768w, https:\/\/www.ptfos.unios.hr\/Active_Foil\/wp-content\/uploads\/2025\/12\/IMG_20251125_140034270-3-1536x1152.jpg 1536w, https:\/\/www.ptfos.unios.hr\/Active_Foil\/wp-content\/uploads\/2025\/12\/IMG_20251125_140034270-3-2048x1536.jpg 2048w\" sizes=\"auto, (max-width: 1024px) 100vw, 1024px\" \/><\/figure><\/div>\n\n\n<h2 class=\"wp-block-heading has-accent-color has-text-color has-link-color wp-elements-d59273f03f85fd6b10d8b921b30bd371\">Nabava novog ure\u0111aja<\/h2>\n\n\n<div class=\"wp-block-image\">\n<figure class=\"aligncenter size-large is-resized\"><img loading=\"lazy\" decoding=\"async\" width=\"768\" height=\"1024\" src=\"https:\/\/www.ptfos.unios.hr\/Active_Foil\/wp-content\/uploads\/2025\/03\/vakuum-koncentrator-768x1024.jpg\" alt=\"\" class=\"wp-image-93\" style=\"width:194px;height:auto\" srcset=\"https:\/\/www.ptfos.unios.hr\/Active_Foil\/wp-content\/uploads\/2025\/03\/vakuum-koncentrator-768x1024.jpg 768w, https:\/\/www.ptfos.unios.hr\/Active_Foil\/wp-content\/uploads\/2025\/03\/vakuum-koncentrator-225x300.jpg 225w, https:\/\/www.ptfos.unios.hr\/Active_Foil\/wp-content\/uploads\/2025\/03\/vakuum-koncentrator-1152x1536.jpg 1152w, https:\/\/www.ptfos.unios.hr\/Active_Foil\/wp-content\/uploads\/2025\/03\/vakuum-koncentrator-1536x2048.jpg 1536w, https:\/\/www.ptfos.unios.hr\/Active_Foil\/wp-content\/uploads\/2025\/03\/vakuum-koncentrator-scaled.jpg 1920w\" sizes=\"auto, (max-width: 768px) 100vw, 768px\" \/><figcaption class=\"wp-element-caption\"><strong>Nabavljena nova oprema sredstvima projekta u o\u017eujku 2025.<\/strong><\/figcaption><\/figure><\/div>\n\n\n<p class=\"has-text-align-center has-contrast-color has-text-color has-link-color wp-elements-14e457db27b8eef6749e3d9de18ab44e\"><strong>Naziv ure\u0111aja<\/strong>: Concentrator vacuum plus complete system s integriranom pumpom<\/p>\n\n\n\n<p class=\"has-text-align-center\"><strong>Proizvo\u0111a\u010d<\/strong>: Eppendorf, Hamburg, Njema\u010dka<\/p>\n\n\n\n<h2 class=\"wp-block-heading has-accent-color has-text-color has-link-color wp-elements-55417084ae47d5a7ed402c7a9d8d92a1\"><strong>Gostuju\u0107i student Maria Tulici<\/strong> <\/h2>\n\n\n\n<p class=\"has-text-align-left has-accent-color has-text-color has-link-color wp-elements-495c528f325d4908e6c09a79d0bff4a8\">Technical University of Cluy-Napoca, Rumunjska<\/p>\n\n\n\n<p class=\"has-text-align-center\">Na projekt je uklju\u010dena kroz istra\u017eiva\u010dki rad:<\/p>\n\n\n\n<ul class=\"wp-block-list\">\n<li>folije od \u0161kroba s emulzijom ulja u vodi<\/li>\n\n\n\n<li>folije s polifenolima aronije<\/li>\n\n\n\n<li>otpu\u0161tanje polifenola iz folija<\/li>\n\n\n\n<li>folije s polifenolima gro\u017e\u0111a<\/li>\n<\/ul>\n\n\n\n<p><\/p>\n\n\n\n<p><\/p>\n","protected":false},"excerpt":{"rendered":"<p>Folije\/Ambala\u017eni oblici Nabava novog ure\u0111aja Naziv ure\u0111aja: Concentrator vacuum plus complete system s integriranom pumpom Proizvo\u0111a\u010d: Eppendorf, Hamburg, Njema\u010dka Gostuju\u0107i student Maria Tulici Technical University of Cluy-Napoca, Rumunjska Na projekt je uklju\u010dena kroz istra\u017eiva\u010dki rad:<\/p>\n","protected":false},"author":1,"featured_media":0,"parent":0,"menu_order":0,"comment_status":"closed","ping_status":"closed","template":"","meta":{"footnotes":""},"class_list":["post-61","page","type-page","status-publish"],"_links":{"self":[{"href":"https:\/\/www.ptfos.unios.hr\/Active_Foil\/index.php\/wp-json\/wp\/v2\/pages\/61","targetHints":{"allow":["GET"]}}],"collection":[{"href":"https:\/\/www.ptfos.unios.hr\/Active_Foil\/index.php\/wp-json\/wp\/v2\/pages"}],"about":[{"href":"https:\/\/www.ptfos.unios.hr\/Active_Foil\/index.php\/wp-json\/wp\/v2\/types\/page"}],"author":[{"embeddable":true,"href":"https:\/\/www.ptfos.unios.hr\/Active_Foil\/index.php\/wp-json\/wp\/v2\/users\/1"}],"replies":[{"embeddable":true,"href":"https:\/\/www.ptfos.unios.hr\/Active_Foil\/index.php\/wp-json\/wp\/v2\/comments?post=61"}],"version-history":[{"count":9,"href":"https:\/\/www.ptfos.unios.hr\/Active_Foil\/index.php\/wp-json\/wp\/v2\/pages\/61\/revisions"}],"predecessor-version":[{"id":143,"href":"https:\/\/www.ptfos.unios.hr\/Active_Foil\/index.php\/wp-json\/wp\/v2\/pages\/61\/revisions\/143"}],"wp:attachment":[{"href":"https:\/\/www.ptfos.unios.hr\/Active_Foil\/index.php\/wp-json\/wp\/v2\/media?parent=61"}],"curies":[{"name":"wp","href":"https:\/\/api.w.org\/{rel}","templated":true}]}}