{"id":81,"date":"2025-02-10T08:47:03","date_gmt":"2025-02-10T08:47:03","guid":{"rendered":"https:\/\/www.ptfos.unios.hr\/Active_Foil\/?page_id=81"},"modified":"2025-02-10T09:21:33","modified_gmt":"2025-02-10T09:21:33","slug":"home-page","status":"publish","type":"page","link":"https:\/\/www.ptfos.unios.hr\/Active_Foil\/index.php\/en\/home-page\/","title":{"rendered":"Home Page"},"content":{"rendered":"\n<p><\/p>\n\n\n\n<p><strong><em>Project<\/em><\/strong><strong><em>:&nbsp;<\/em><\/strong><strong><em>Edible<\/em><\/strong><strong><em> and <\/em><\/strong><strong><em>Biodegradable<\/em><\/strong><strong><em>, <\/em><\/strong><strong><em>A<\/em><\/strong><strong><em>ctive<\/em><\/strong><strong><em> <\/em><\/strong><strong><em>F<\/em><\/strong><strong><em>oil<\/em><\/strong><\/p>\n\n\n\n<p><strong><em>Financing<\/em><\/strong><strong><em>:<\/em><\/strong><em>&nbsp;European Union &#8211; <\/em><em>NextGeneration<\/em><em> EU<\/em><\/p>\n\n\n\n<p><strong><em>Call:<\/em><\/strong><em> National <\/em><em>Recovery<\/em><em> and <\/em><em>Resiliance<\/em><em> Plan, Call <\/em><em>NPOO.C3.2.R3-I1.05, <\/em><em>Proof<\/em><em> <\/em><em>of<\/em><em> <\/em><em>concept<\/em><em>, <\/em><em>second<\/em><em> <\/em><em>call<\/em><\/p>\n\n\n\n<p><strong><em>Governament<\/em><\/strong><em>: <\/em><em>Ministry<\/em><em> <\/em><em>of<\/em><em> Science, <\/em><em>Education<\/em><em> and Youth<\/em><\/p>\n\n\n\n<p><em>Croatian <\/em><em>Agency<\/em><em> for <\/em><em>SMEs<\/em><em>, <\/em><em>Innovation<\/em><em> and <\/em><em>Investments<\/em><em> HAMAG-BICRO<\/em><\/p>\n\n\n\n<p><strong><em>Duration<\/em><\/strong><strong><em>:<\/em><\/strong><em>&nbsp;5.<\/em><em> <\/em><em>November<\/em><em> 2024. <\/em><em>&#8211;<\/em><em> 5.<\/em><em> <\/em><em>November<\/em><em> 2025.<\/em><\/p>\n\n\n\n<p><strong><em>Principal <\/em><\/strong><strong><em>investigator<\/em><\/strong><strong><em>:<\/em><\/strong><em>&nbsp;Lidija Jakobek Barron, <\/em><em>PhD<\/em><em>, <\/em><em>Full<\/em><em> <\/em><em>Professor<\/em><em> <\/em><em>with<\/em><em> <\/em><em>Tenure<\/em><\/p>\n\n\n\n<p><strong><em>Partner<\/em><\/strong><em>: <\/em><em>Tera<\/em><em> <\/em><em>Tehnopolis<\/em><em> d.o.o.<\/em><em><\/em><\/p>\n\n\n\n<hr class=\"wp-block-separator has-alpha-channel-opacity\"\/>\n\n\n\n<p class=\"has-small-font-size\"><em>Financira Europska unija \u2013 NextGenerationEU. Izneseni stavovi i mi\u0161ljenja samo su autorova i ne odra\u017eavaju nu\u017eno slu\u017ebena stajali\u0161ta Europske unije ili Europske komisije. Ni Europska unija ni Europska komisija ne mogu se smatrati odgovornima za njih.<\/em><\/p>\n","protected":false},"excerpt":{"rendered":"<p>Project:&nbsp;Edible and Biodegradable, Active Foil Financing:&nbsp;European Union &#8211; NextGeneration EU Call: National Recovery and Resiliance Plan, Call NPOO.C3.2.R3-I1.05, Proof of concept, second call Governament: Ministry of Science, Education and Youth Croatian Agency for SMEs, Innovation and Investments HAMAG-BICRO Duration:&nbsp;5. November 2024. &#8211; 5. November 2025. Principal investigator:&nbsp;Lidija Jakobek Barron, PhD, Full Professor with Tenure Partner: &#8230; <a title=\"Home Page\" class=\"read-more\" href=\"https:\/\/www.ptfos.unios.hr\/Active_Foil\/index.php\/en\/home-page\/\" aria-label=\"Read more about Home Page\">Read more<\/a><\/p>\n","protected":false},"author":1,"featured_media":0,"parent":0,"menu_order":0,"comment_status":"closed","ping_status":"closed","template":"","meta":{"footnotes":""},"class_list":["post-81","page","type-page","status-publish"],"_links":{"self":[{"href":"https:\/\/www.ptfos.unios.hr\/Active_Foil\/index.php\/wp-json\/wp\/v2\/pages\/81","targetHints":{"allow":["GET"]}}],"collection":[{"href":"https:\/\/www.ptfos.unios.hr\/Active_Foil\/index.php\/wp-json\/wp\/v2\/pages"}],"about":[{"href":"https:\/\/www.ptfos.unios.hr\/Active_Foil\/index.php\/wp-json\/wp\/v2\/types\/page"}],"author":[{"embeddable":true,"href":"https:\/\/www.ptfos.unios.hr\/Active_Foil\/index.php\/wp-json\/wp\/v2\/users\/1"}],"replies":[{"embeddable":true,"href":"https:\/\/www.ptfos.unios.hr\/Active_Foil\/index.php\/wp-json\/wp\/v2\/comments?post=81"}],"version-history":[{"count":2,"href":"https:\/\/www.ptfos.unios.hr\/Active_Foil\/index.php\/wp-json\/wp\/v2\/pages\/81\/revisions"}],"predecessor-version":[{"id":88,"href":"https:\/\/www.ptfos.unios.hr\/Active_Foil\/index.php\/wp-json\/wp\/v2\/pages\/81\/revisions\/88"}],"wp:attachment":[{"href":"https:\/\/www.ptfos.unios.hr\/Active_Foil\/index.php\/wp-json\/wp\/v2\/media?parent=81"}],"curies":[{"name":"wp","href":"https:\/\/api.w.org\/{rel}","templated":true}]}}