{"id":1175,"date":"2021-05-30T14:08:16","date_gmt":"2021-05-30T13:08:16","guid":{"rendered":"https:\/\/treesurgeon.wordifysites.com\/?page_id=2"},"modified":"2026-02-12T10:00:33","modified_gmt":"2026-02-12T10:00:33","slug":"home","status":"publish","type":"page","link":"https:\/\/www.ptfos.unios.hr\/BIONUP\/","title":{"rendered":"BIONUP"},"content":{"rendered":"<section class=\"gb-container gb-container-fc3a6f7c\" style=\"background-image: url(https:\/\/www.ptfos.unios.hr\/BIONUP\/wp-content\/uploads\/2025\/12\/rob-o3QdK-LTfRY-unsplash.jpg);\">\n<div class=\"gb-container gb-container-a27f440a\">\n<div class=\"gb-container gb-container-b096a21c\">\n\n<h3 class=\"gb-headline gb-headline-6582cefe gb-headline-text\"><strong>Razvoj inovativnih biosorbensa iz nusproizvoda prehrambene industrije <\/strong><\/h3>\n\n\n<div class=\"gb-container gb-container-4da5983c\">\n\n<h3 class=\"gb-headline gb-headline-0e4ca9d9 gb-headline-text\"><\/h3>\n\n<\/div>\n\n\n<p class=\"has-base-2-color has-text-color has-link-color has-medium-font-size wp-elements-f9b2b5f4796a429afd39f252e3a8537f\">Akronim: BIONUP<\/p>\n\n\n\n<p class=\"has-base-2-color has-text-color has-link-color has-medium-font-size wp-elements-41cc167253f862368699243d4d22b938\">\u0160ifra projekta: 581-UNIOS-96<\/p>\n\n\n\n<p class=\"has-base-2-color has-text-color has-link-color has-medium-font-size wp-elements-045cc091fa3ad36482c56e2999e3212f\">Trajanje \/ Duration: 1. listopada 2025. &nbsp;\u0336 &nbsp;30. rujan 2029.<\/p>\n\n\n\n<p class=\"has-base-2-color has-text-color has-link-color has-medium-font-size wp-elements-3e8408aab06d30f40be0dc16543c730b\">Izvor financiranja \/ Funding source: Europska unija \u2013 NextGenerationEU<\/p>\n\n\n\n<p class=\"has-base-2-color has-text-color has-link-color has-medium-font-size wp-elements-d78d1ed990f0ef6dd77db662bd62c316\">Iznos financiranja \/ Funding: 105.300 \u20ac<\/p>\n\n\n\n<p class=\"has-base-2-color has-text-color has-link-color has-medium-font-size wp-elements-da2277614a5946baae93c149ceb8002c\">Voditelj \/ Project leader: <a href=\"https:\/\/www.ptfos.unios.hr\/index.php\/nastavno-osoblje\/doc-dr-sc-valentina-busic\"><\/a><a href=\"https:\/\/www.ptfos.unios.hr\/index.php\/nastavno-osoblje\/dr-sc-marija-stjepanovic\">doc. dr. sc. Marija Stjepanovi\u0107<\/a><\/p>\n\n<div class=\"gb-shapes\"><div class=\"gb-shape gb-shape-1\"><svg xmlns=\"http:\/\/www.w3.org\/2000\/svg\" viewBox=\"0 0 1200 350\" preserveAspectRatio=\"none\"><path d=\"M1200 336.7V350H0V0s22.4 276.4 1200 336.7z\"\/><\/svg><\/div><\/div><\/div>\n<\/div>\n\n<div class=\"gb-container gb-container-9b28c6ab\">\n\n<p><\/p>\n\n<\/div>\n<\/section>\n\n<section class=\"gb-container gb-container-94c6ef1a\">\n<div class=\"gb-container gb-container-eafa3e9e\">\n<div class=\"gb-container gb-container-4b5fac27\">\n\n<p class=\"gb-headline gb-headline-6b1cfa00 gb-headline-text\">Kratak sa\u017eetak projekta<\/p>\n\n\n\n<p class=\"has-contrast-2-color has-text-color has-link-color wp-elements-5d729671b34fb813eff06bd4dc38d6f6\"><\/p>\n\n\n\n<p class=\"has-contrast-2-color has-text-color has-link-color has-medium-font-size wp-elements-815dff50affbdb3515cb6d88c1c81ece\">Implementacija koncepta odr\u017eivog i kru\u017enog (bio)gospodarstva poti\u010de kori\u0161tenje nusproizvoda prehrambene industrije kao resursa. U projektu se istra\u017euje mogu\u0107nost primjene pivskog tropa, heljdinih ljuskica i otpadne biomase gljiva kao odr\u017eivih biosorbensa za uklanjanje razli\u010ditih one\u010di\u0161\u0107uju\u0107ih tvari iz vode. Istra\u017eivanja uklju\u010duju fizikalno-kemijsku i morfolo\u0161ku karakterizaciju po\u010detnih materijala te novih materijala (biosorbensa) dobivenih nakon provedbe razli\u010ditih postupaka modifikacije po\u010detnih materijala s ciljem pobolj\u0161anja njihovih biosorpcijskih svojstava. U\u010dinkovitost novih biosorbensa ispitivat \u0107e se provo\u0111enjem \u0161ar\u017enih i kontinuiranih biosorpcijskih eksperimenata, uz analizu mogu\u0107nosti njihove regeneracije te procjene fitotoksi\u010dnosti obra\u0111ene vode.<\/p>\n\n\n\n<p class=\"has-contrast-2-color has-text-color has-link-color has-medium-font-size wp-elements-0afa8409ad041a5316f835194b3e9836\"><\/p>\n\n<\/div>\n\n<div class=\"gb-container gb-container-3884da3b\">\n\n<p class=\"has-medium-font-size\">The implementation of the concept of sustainable and circular (bio)economy encourages the use of by-products from the food industry as valuable resources. This project investigates the potential application of brewer\u2019s spent grain, buckwheat hulls, and waste fungal biomass as sustainable biosorbents for the removal of various water contaminants. The research includes physico-chemical and morphological characterization of the initial materials, as well as of the newly developed materials (biosorbents) obtained through different modification procedures of initial materials aimed at enhancing their biosorption properties. The efficiency of the newly developed biosorbents will be assessed through batch and continuous biosorption experiments, accompanied by analyses of their regeneration potential and the phytotoxicity of the treated water.<\/p>\n\n\n\n<p class=\"has-contrast-2-color has-text-color has-link-color wp-elements-5d729671b34fb813eff06bd4dc38d6f6\"><\/p>\n\n<\/div>\n<\/div>\n<div class=\"gb-shapes\"><div class=\"gb-shape gb-shape-1\"><svg xmlns=\"http:\/\/www.w3.org\/2000\/svg\" viewBox=\"0 0 1200 194.3\" preserveAspectRatio=\"none\"><path d=\"M1200 133.3l-50 8.9c-50 8.6-150 26.9-250 31.1-100 4.2-200-4.2-300-26.7S400 89.2 300 62.2C200 35.8 100 17.5 50 8.9L0 0v194.3h1200v-61z\"\/><\/svg><\/div><\/div><\/section>\n\n\n<p><\/p>\n\n\n<div class=\"gb-container gb-container-acb097a5\">\n\n<p class=\"has-text-align-center\" style=\"font-size:30px\"><strong>Kontakt <\/strong><\/p>\n\n\n\n<p class=\"has-text-align-center\"><strong>Za dodatne informacije obratite se na tel. +385 31 224 300 ili e-mail <a href=\"mailto:bionup@ptfos.hr\">bionup@ptfos.hr<\/a><\/strong><\/p>\n\n<\/div>\n\n<section class=\"gb-container gb-container-49b9586e\">\n\n<div class=\"wpcf7 no-js\" id=\"wpcf7-f1332-o1\" lang=\"en-US\" dir=\"ltr\" data-wpcf7-id=\"1332\">\n<div class=\"screen-reader-response\"><p role=\"status\" aria-live=\"polite\" aria-atomic=\"true\"><\/p> <ul><\/ul><\/div>\n<form action=\"\/BIONUP\/index.php\/wp-json\/wp\/v2\/pages\/1175#wpcf7-f1332-o1\" method=\"post\" class=\"wpcf7-form init\" aria-label=\"Contact form\" novalidate=\"novalidate\" data-status=\"init\">\n<fieldset class=\"hidden-fields-container\"><input type=\"hidden\" name=\"_wpcf7\" value=\"1332\" \/><input type=\"hidden\" name=\"_wpcf7_version\" value=\"6.1.5\" \/><input type=\"hidden\" name=\"_wpcf7_locale\" value=\"en_US\" \/><input type=\"hidden\" name=\"_wpcf7_unit_tag\" value=\"wpcf7-f1332-o1\" \/><input type=\"hidden\" name=\"_wpcf7_container_post\" value=\"0\" \/><input type=\"hidden\" name=\"_wpcf7_posted_data_hash\" value=\"\" \/>\n<\/fieldset>\n<p><label> Your name<br \/>\n<span class=\"wpcf7-form-control-wrap\" data-name=\"your-name\"><input size=\"40\" maxlength=\"400\" class=\"wpcf7-form-control wpcf7-text wpcf7-validates-as-required\" autocomplete=\"name\" aria-required=\"true\" aria-invalid=\"false\" value=\"\" type=\"text\" name=\"your-name\" \/><\/span> <\/label>\n<\/p>\n<p><label> Your email<br \/>\n<span class=\"wpcf7-form-control-wrap\" data-name=\"your-email\"><input size=\"40\" maxlength=\"400\" class=\"wpcf7-form-control wpcf7-email wpcf7-validates-as-required wpcf7-text wpcf7-validates-as-email\" autocomplete=\"email\" aria-required=\"true\" aria-invalid=\"false\" value=\"\" type=\"email\" name=\"your-email\" \/><\/span> <\/label>\n<\/p>\n<p><label> Subject<br \/>\n<span class=\"wpcf7-form-control-wrap\" data-name=\"your-subject\"><input size=\"40\" maxlength=\"400\" class=\"wpcf7-form-control wpcf7-text wpcf7-validates-as-required\" aria-required=\"true\" aria-invalid=\"false\" value=\"\" type=\"text\" name=\"your-subject\" \/><\/span> <\/label>\n<\/p>\n<p><label> Your message (optional)<br \/>\n<span class=\"wpcf7-form-control-wrap\" data-name=\"your-message\"><textarea cols=\"40\" rows=\"10\" maxlength=\"2000\" class=\"wpcf7-form-control wpcf7-textarea\" aria-invalid=\"false\" name=\"your-message\"><\/textarea><\/span> <\/label>\n<\/p>\n<p><input class=\"wpcf7-form-control wpcf7-submit has-spinner\" type=\"submit\" value=\"Submit\" \/>\n<\/p><div class=\"wpcf7-response-output\" aria-hidden=\"true\"><\/div>\n<\/form>\n<\/div>\n\n\n<\/section>","protected":false},"excerpt":{"rendered":"<p>Razvoj inovativnih biosorbensa iz nusproizvoda prehrambene industrije Akronim: BIONUP \u0160ifra projekta: 581-UNIOS-96 Trajanje \/ Duration: 1. listopada 2025. &nbsp;\u0336 &nbsp;30. rujan 2029. Izvor financiranja \/ Funding source: Europska unija \u2013 NextGenerationEU Iznos financiranja \/ Funding: 105.300 \u20ac Voditelj \/ Project leader: doc. dr. sc. Marija Stjepanovi\u0107 Kratak sa\u017eetak projekta Implementacija koncepta odr\u017eivog i kru\u017enog (bio)gospodarstva &#8230; <a title=\"BIONUP\" class=\"read-more\" href=\"https:\/\/www.ptfos.unios.hr\/BIONUP\/\" aria-label=\"Read more about BIONUP\">Read more<\/a><\/p>\n","protected":false},"author":1,"featured_media":0,"parent":0,"menu_order":0,"comment_status":"closed","ping_status":"open","template":"","meta":{"footnotes":""},"class_list":["post-1175","page","type-page","status-publish"],"_links":{"self":[{"href":"https:\/\/www.ptfos.unios.hr\/BIONUP\/index.php\/wp-json\/wp\/v2\/pages\/1175","targetHints":{"allow":["GET"]}}],"collection":[{"href":"https:\/\/www.ptfos.unios.hr\/BIONUP\/index.php\/wp-json\/wp\/v2\/pages"}],"about":[{"href":"https:\/\/www.ptfos.unios.hr\/BIONUP\/index.php\/wp-json\/wp\/v2\/types\/page"}],"author":[{"embeddable":true,"href":"https:\/\/www.ptfos.unios.hr\/BIONUP\/index.php\/wp-json\/wp\/v2\/users\/1"}],"replies":[{"embeddable":true,"href":"https:\/\/www.ptfos.unios.hr\/BIONUP\/index.php\/wp-json\/wp\/v2\/comments?post=1175"}],"version-history":[{"count":43,"href":"https:\/\/www.ptfos.unios.hr\/BIONUP\/index.php\/wp-json\/wp\/v2\/pages\/1175\/revisions"}],"predecessor-version":[{"id":1461,"href":"https:\/\/www.ptfos.unios.hr\/BIONUP\/index.php\/wp-json\/wp\/v2\/pages\/1175\/revisions\/1461"}],"wp:attachment":[{"href":"https:\/\/www.ptfos.unios.hr\/BIONUP\/index.php\/wp-json\/wp\/v2\/media?parent=1175"}],"curies":[{"name":"wp","href":"https:\/\/api.w.org\/{rel}","templated":true}]}}