{"id":1382,"date":"2025-11-20T18:51:38","date_gmt":"2025-11-20T18:51:38","guid":{"rendered":"https:\/\/www.ptfos.unios.hr\/BIONUP\/?page_id=1382"},"modified":"2026-02-03T11:18:47","modified_gmt":"2026-02-03T11:18:47","slug":"suradnici","status":"publish","type":"page","link":"https:\/\/www.ptfos.unios.hr\/BIONUP\/index.php\/suradnici\/","title":{"rendered":"Projektni tim \/ Project team"},"content":{"rendered":"\n<p><\/p>\n\n\n\n<ul class=\"wp-block-list\">\n<li><a href=\"https:\/\/www.ptfos.unios.hr\/index.php\/nastavno-osoblje\/dr-sc-marija-stjepanovic\">doc. dr. sc. Marija Stjepanovi\u0107, voditeljica projekta<\/a><\/li>\n\n\n\n<li><a href=\"https:\/\/www.ptfos.unios.hr\/index.php\/nastavno-osoblje\/izv-prof-dr-sc-natalija-velic\">prof. dr. sc. Natalija Veli\u0107<\/a><\/li>\n\n\n\n<li><a href=\"https:\/\/www.ptfos.unios.hr\/index.php\/nastavno-osoblje\/prof-dr-sc-darko-velic\">prof. dr. sc. Darko Veli\u0107<\/a><\/li>\n\n\n\n<li><a href=\"https:\/\/www.ptfos.unios.hr\/index.php\/nastavno-osoblje\/prof-dr-sc-hrvoje-pavlovic\">prof. dr. sc. Hrvoje Pavlovi\u0107<\/a><\/li>\n\n\n\n<li><a href=\"https:\/\/www.ptfos.unios.hr\/index.php\/nastavno-osoblje\/doc-dr-sc-tihana-marcek\">izv. prof. dr. sc. Tihana Mar\u010dek<\/a><\/li>\n\n\n\n<li><a href=\"https:\/\/www.ptfos.unios.hr\/index.php\/nastavno-osoblje\/dr-sc-blanka-bilic-rajs\">doc. dr. sc. Blanka Bili\u0107 Rajs<\/a><\/li>\n\n\n\n<li><a href=\"https:\/\/www.ptfos.unios.hr\/index.php\/nastavno-osoblje\/doc-dr-sc-mario-panjicko\">doc. dr. sc. Mario Panji\u010dko<\/a><\/li>\n\n\n\n<li><a href=\"https:\/\/www.ptfos.unios.hr\/index.php\/nastavno-osoblje\/tanja-madarevic-pavetic-mag-ing-univ-spec-techn-aliment\">Tanja Ma\u0111arevi\u0107 Paveti\u0107, mag. ing., univ. spec. techn. aliment.<\/a><\/li>\n\n\n\n<li><a href=\"https:\/\/www.ptfos.unios.hr\/index.php\/nastavno-osoblje\/sanja-zec-zrinusic-dipl-ing\">Sanja Zec Zrinu\u0161i\u0107, dipl. ing.<\/a><\/li>\n<\/ul>\n","protected":false},"excerpt":{"rendered":"","protected":false},"author":1,"featured_media":0,"parent":0,"menu_order":0,"comment_status":"closed","ping_status":"closed","template":"","meta":{"footnotes":""},"class_list":["post-1382","page","type-page","status-publish"],"_links":{"self":[{"href":"https:\/\/www.ptfos.unios.hr\/BIONUP\/index.php\/wp-json\/wp\/v2\/pages\/1382","targetHints":{"allow":["GET"]}}],"collection":[{"href":"https:\/\/www.ptfos.unios.hr\/BIONUP\/index.php\/wp-json\/wp\/v2\/pages"}],"about":[{"href":"https:\/\/www.ptfos.unios.hr\/BIONUP\/index.php\/wp-json\/wp\/v2\/types\/page"}],"author":[{"embeddable":true,"href":"https:\/\/www.ptfos.unios.hr\/BIONUP\/index.php\/wp-json\/wp\/v2\/users\/1"}],"replies":[{"embeddable":true,"href":"https:\/\/www.ptfos.unios.hr\/BIONUP\/index.php\/wp-json\/wp\/v2\/comments?post=1382"}],"version-history":[{"count":7,"href":"https:\/\/www.ptfos.unios.hr\/BIONUP\/index.php\/wp-json\/wp\/v2\/pages\/1382\/revisions"}],"predecessor-version":[{"id":1457,"href":"https:\/\/www.ptfos.unios.hr\/BIONUP\/index.php\/wp-json\/wp\/v2\/pages\/1382\/revisions\/1457"}],"wp:attachment":[{"href":"https:\/\/www.ptfos.unios.hr\/BIONUP\/index.php\/wp-json\/wp\/v2\/media?parent=1382"}],"curies":[{"name":"wp","href":"https:\/\/api.w.org\/{rel}","templated":true}]}}