{"id":80,"date":"2025-11-21T13:12:51","date_gmt":"2025-11-21T12:12:51","guid":{"rendered":"https:\/\/www.ptfos.unios.hr\/EMSEO\/?page_id=80"},"modified":"2025-11-21T15:57:26","modified_gmt":"2025-11-21T14:57:26","slug":"kljucne-rijeci","status":"publish","type":"page","link":"https:\/\/www.ptfos.unios.hr\/EMSEO\/index.php\/kljucne-rijeci\/","title":{"rendered":"Klju\u010dne rije\u010di \/ Key Words"},"content":{"rendered":"<p><strong>Klju\u010dne rije\u010di:<\/strong><\/p>\n<p>&#8211; organska sinteza,<br \/>&#8211; ekolo\u0161ki prihvatljive metode,<br \/>&#8211; ekstrakcija,<br \/>&#8211; mikrovalna sinteza,<br \/>&#8211; ultrazvu\u010dna sinteza,<br \/>&#8211; mehanokemija \/ mehanoekstrakcija,<br \/>&#8211; eutekti\u010dka otapala,<br \/>&#8211; biolo\u0161ka aktivnost (antioksidacijska, antifungalna),<br \/>&#8211; cikli\u010dka voltametrija,<br \/>&#8211; katalizatori iz nusproizvoda prehrambene industrije.<\/p>\n<p><strong><mark class=\"has-inline-color has-vivid-cyan-blue-color\" style=\"background-color: #ffffff;\">Key Words:<\/mark><\/strong><\/p>\n<p><mark class=\"has-inline-color has-vivid-cyan-blue-color\" style=\"background-color: #ffffff;\"> &#8211; organic synthesis,<br \/><\/mark><span style=\"color: #0693e3; font-size: 1rem;\">&#8211; environmentally friendly methods,<br \/><\/span><mark class=\"has-inline-color has-vivid-cyan-blue-color\" style=\"background-color: #ffffff;\"> &#8211; extraction,<br \/><span style=\"font-size: 1rem;\">&#8211; microwave synthesis,<br \/><\/span><\/mark><mark class=\"has-inline-color has-vivid-cyan-blue-color\" style=\"background-color: #ffffff;\"> &#8211; ultrasound-assisted synthesis,<br \/><span style=\"font-size: 1rem;\">&#8211; mechanochemistry \/ mechanoextraction,<br \/><\/span><\/mark><mark class=\"has-inline-color has-vivid-cyan-blue-color\" style=\"background-color: #ffffff;\"> &#8211; deep eutectic solvents,<br \/><span style=\"font-size: 1rem;\">&#8211; biological activity (antioxidant, antifungal),<br \/><\/span><\/mark><mark class=\"has-inline-color has-vivid-cyan-blue-color\" style=\"background-color: #ffffff;\"> &#8211; cyclic voltammetry,<br \/><span style=\"font-size: 1rem;\">&#8211; catalysts from food industry by-products.<\/span><\/mark><\/p>\n\n\n<p><\/p>\n","protected":false},"excerpt":{"rendered":"<p>Klju\u010dne rije\u010di: &#8211; organska sinteza,&#8211; ekolo\u0161ki prihvatljive metode,&#8211; ekstrakcija,&#8211; mikrovalna sinteza,&#8211; ultrazvu\u010dna sinteza,&#8211; mehanokemija \/ mehanoekstrakcija,&#8211; eutekti\u010dka otapala,&#8211; biolo\u0161ka aktivnost (antioksidacijska, antifungalna),&#8211; cikli\u010dka voltametrija,&#8211; katalizatori iz nusproizvoda prehrambene industrije. Key Words: &#8211; organic synthesis,&#8211; environmentally friendly methods, &#8211; extraction,&#8211; microwave synthesis, &#8211; ultrasound-assisted synthesis,&#8211; mechanochemistry \/ mechanoextraction, &#8211; deep eutectic solvents,&#8211; biological activity (antioxidant, antifungal), &hellip; <\/p>\n<p class=\"link-more\"><a href=\"https:\/\/www.ptfos.unios.hr\/EMSEO\/index.php\/kljucne-rijeci\/\" class=\"more-link\">Nastavi \u010ditati<span class=\"screen-reader-text\"> &#8220;Klju\u010dne rije\u010di \/ Key Words&#8221;<\/span><\/a><\/p>\n","protected":false},"author":2,"featured_media":0,"parent":0,"menu_order":0,"comment_status":"closed","ping_status":"closed","template":"","meta":{"footnotes":""},"class_list":["post-80","page","type-page","status-publish","hentry"],"_links":{"self":[{"href":"https:\/\/www.ptfos.unios.hr\/EMSEO\/index.php\/wp-json\/wp\/v2\/pages\/80","targetHints":{"allow":["GET"]}}],"collection":[{"href":"https:\/\/www.ptfos.unios.hr\/EMSEO\/index.php\/wp-json\/wp\/v2\/pages"}],"about":[{"href":"https:\/\/www.ptfos.unios.hr\/EMSEO\/index.php\/wp-json\/wp\/v2\/types\/page"}],"author":[{"embeddable":true,"href":"https:\/\/www.ptfos.unios.hr\/EMSEO\/index.php\/wp-json\/wp\/v2\/users\/2"}],"replies":[{"embeddable":true,"href":"https:\/\/www.ptfos.unios.hr\/EMSEO\/index.php\/wp-json\/wp\/v2\/comments?post=80"}],"version-history":[{"count":14,"href":"https:\/\/www.ptfos.unios.hr\/EMSEO\/index.php\/wp-json\/wp\/v2\/pages\/80\/revisions"}],"predecessor-version":[{"id":165,"href":"https:\/\/www.ptfos.unios.hr\/EMSEO\/index.php\/wp-json\/wp\/v2\/pages\/80\/revisions\/165"}],"wp:attachment":[{"href":"https:\/\/www.ptfos.unios.hr\/EMSEO\/index.php\/wp-json\/wp\/v2\/media?parent=80"}],"curies":[{"name":"wp","href":"https:\/\/api.w.org\/{rel}","templated":true}]}}