{"id":679,"date":"2018-02-26T09:31:03","date_gmt":"2018-02-26T08:31:03","guid":{"rendered":"http:\/\/www.ptfos.unios.hr\/Hranom_Do_Zdravlja\/?page_id=679"},"modified":"2024-11-29T10:19:38","modified_gmt":"2024-11-29T09:19:38","slug":"venue","status":"publish","type":"page","link":"https:\/\/www.ptfos.unios.hr\/Hranom_Do_Zdravlja\/index.php\/venue\/","title":{"rendered":"Venue and accommodation"},"content":{"rendered":"<span style=\"font-size: 12pt; font-family: georgia, palatino, serif;\"><strong>VENUE<\/strong><\/span>\r\n\r\n<span style=\"font-family: georgia, palatino, serif; font-size: 10pt;\"><strong>Faculty of Agrobiotechnical Sciences Osijek, <\/strong>Vladimira Preloga 1, 31 000 Osijek, Croatia<\/span>\r\n\r\n<strong><span style=\"font-family: georgia, palatino, serif; font-size: 10pt;\"><a href=\"https:\/\/goo.gl\/maps\/L6fqY4TzRnKEGWhX8?coh=178571&amp;entry=tt\" target=\"_blank\" rel=\"noopener\">Google maps instruction<\/a>.<\/span>\r\n<\/strong>\r\n\r\n<img decoding=\"async\" src=\"http:\/\/www.ptfos.unios.hr\/Hranom_Do_Zdravlja\/wp-content\/uploads\/2024\/11\/fazos.png\" \/>\r\n\r\n<span style=\"font-family: georgia, palatino, serif; font-size: 12pt;\"><strong>ACCOMMODATION<\/strong><\/span>\r\n<p style=\"text-align: justify;\"><span style=\"font-family: georgia, palatino, serif; font-size: 10pt;\"><a href=\"http:\/\/www.stucos.unios.hr\/?page_id=84\" target=\"_blank\" rel=\"noopener\"><strong>Novi studentski dom u Osijeku<\/strong><\/a>, Kralja Petra Sva\u010di\u0107a 1C, 31000 Osijek, 031 251 123, smjestaj@stucos.hr (g\u0111a. Inga Ergoti\u0107)<\/span><\/p>\r\n<p style=\"text-align: justify;\"><span style=\"font-family: georgia, palatino, serif; font-size: 10pt;\"><a href=\"https:\/\/www.hotelosijek.hr\/hotel-osijek-en\/\" target=\"_blank\" rel=\"noopener\"><strong>Hotel Osijek****<\/strong><\/a>, \u0160ama\u010dka 4, 31000 Osijek, 031 230 333, info@hotelosijek.hr<\/span><\/p>\r\n<p style=\"text-align: justify;\"><span style=\"font-family: georgia, palatino, serif; font-size: 10pt;\"><a href=\"https:\/\/hotel-silver.hr\/eng\/\" target=\"_blank\" rel=\"noopener\"><strong>Hotel Silver***<\/strong><\/a>, Martina Divalta 84, 31000 Osijek, 031 582 535, hotel@hotel-silver.hr<\/span><\/p>\r\n<p style=\"text-align: justify;\"><span style=\"font-family: georgia, palatino, serif; font-size: 10pt;\"><a href=\"https:\/\/www.maksimilian.hr\/?lang=en\" target=\"_blank\" rel=\"noopener\"><strong>Guesthouse Maksimilian***<\/strong><\/a>, Franjeva\u010dka 12, 31000 Osijek, 031 497 567, info@maksimilian.hr<\/span><\/p>\r\n<p style=\"text-align: justify;\"><span style=\"font-family: georgia, palatino, serif; font-size: 10pt;\"><a href=\"https:\/\/www.merlon.hr\/en-GB\" target=\"_blank\" rel=\"noopener\"><strong><span class=\"char\">M<\/span><span class=\"char\">e<\/span><span class=\"char\">r<\/span><span class=\"char\">l<\/span><span class=\"char\">o<\/span><span class=\"char\">n<\/span><span class=\"whitespace\">\u00a0<\/span><span class=\"char\">B<\/span><span class=\"char\">a<\/span><span class=\"char\">r<\/span><span class=\"whitespace\">\u00a0<\/span><span class=\"char\">&amp;<\/span><span class=\"whitespace\">\u00a0<\/span><span class=\"char\">R<\/span><span class=\"char\">e<\/span><span class=\"char\">s<\/span><span class=\"char\">t<\/span><span class=\"char\">a<\/span><span class=\"char\">u<\/span><span class=\"char\">r<\/span><span class=\"char\">a<\/span><span class=\"char\">n<\/span><span class=\"char\">t<\/span><span class=\"whitespace\">\u00a0<\/span><span class=\"char\">&amp;<\/span><span class=\"whitespace\">\u00a0<\/span><span class=\"char\">A<\/span><span class=\"char\">c<\/span><span class=\"char\">c<\/span><span class=\"char\">o<\/span><span class=\"char\">m<\/span><span class=\"char\">m<\/span><span class=\"char\">o<\/span><span class=\"char\">d<\/span><span class=\"char\">a<\/span><span class=\"char\">t<\/span><span class=\"char\">i<\/span><span class=\"char\">o<\/span><span class=\"char\">n<\/span><\/strong><\/a>, Ul. Franje Markovi\u0107a 3, 31000 Osijek, 031 283 240, pivnica.merlon@gmail.com<\/span><\/p>\r\n<p style=\"text-align: justify;\"><span style=\"font-family: georgia, palatino, serif; font-size: 10pt;\"><a href=\"https:\/\/www.hotel-millennium.hr\/\" target=\"_blank\" rel=\"noopener\"><strong>Hotel Millennium*** Osijek<\/strong><\/a>, Kralja Petra Sva\u010di\u0107a 12, 31000 Osijek, 031 531 330, info@hotel-millennium.hr<\/span><\/p>\r\n<!-- \/wp:post-content -->","protected":false},"excerpt":{"rendered":"<p>VENUE Faculty of Agrobiotechnical Sciences Osijek, Vladimira Preloga 1, 31 000 Osijek, Croatia Google maps instruction. ACCOMMODATION Novi studentski dom u Osijeku, Kralja Petra Sva\u010di\u0107a 1C, 31000 Osijek, 031 251 123, smjestaj@stucos.hr (g\u0111a. Inga Ergoti\u0107) Hotel Osijek****, \u0160ama\u010dka 4, 31000 Osijek, 031 230 333, info@hotelosijek.hr Hotel Silver***, Martina Divalta 84, 31000 Osijek, 031 582 535, &#8230; <a title=\"Venue and accommodation\" class=\"read-more\" href=\"https:\/\/www.ptfos.unios.hr\/Hranom_Do_Zdravlja\/index.php\/venue\/\" aria-label=\"Read more about Venue and accommodation\">Op\u0161irnije<\/a><\/p>\n","protected":false},"author":1,"featured_media":0,"parent":0,"menu_order":0,"comment_status":"closed","ping_status":"closed","template":"","meta":{"generate_page_header":"","footnotes":""},"class_list":["post-679","page","type-page","status-publish"],"_links":{"self":[{"href":"https:\/\/www.ptfos.unios.hr\/Hranom_Do_Zdravlja\/index.php\/wp-json\/wp\/v2\/pages\/679","targetHints":{"allow":["GET"]}}],"collection":[{"href":"https:\/\/www.ptfos.unios.hr\/Hranom_Do_Zdravlja\/index.php\/wp-json\/wp\/v2\/pages"}],"about":[{"href":"https:\/\/www.ptfos.unios.hr\/Hranom_Do_Zdravlja\/index.php\/wp-json\/wp\/v2\/types\/page"}],"author":[{"embeddable":true,"href":"https:\/\/www.ptfos.unios.hr\/Hranom_Do_Zdravlja\/index.php\/wp-json\/wp\/v2\/users\/1"}],"replies":[{"embeddable":true,"href":"https:\/\/www.ptfos.unios.hr\/Hranom_Do_Zdravlja\/index.php\/wp-json\/wp\/v2\/comments?post=679"}],"version-history":[{"count":30,"href":"https:\/\/www.ptfos.unios.hr\/Hranom_Do_Zdravlja\/index.php\/wp-json\/wp\/v2\/pages\/679\/revisions"}],"predecessor-version":[{"id":5744,"href":"https:\/\/www.ptfos.unios.hr\/Hranom_Do_Zdravlja\/index.php\/wp-json\/wp\/v2\/pages\/679\/revisions\/5744"}],"wp:attachment":[{"href":"https:\/\/www.ptfos.unios.hr\/Hranom_Do_Zdravlja\/index.php\/wp-json\/wp\/v2\/media?parent=679"}],"curies":[{"name":"wp","href":"https:\/\/api.w.org\/{rel}","templated":true}]}}