{"id":717,"date":"2018-02-27T09:04:06","date_gmt":"2018-02-27T08:04:06","guid":{"rendered":"http:\/\/www.ptfos.unios.hr\/Hranom_Do_Zdravlja\/?page_id=717"},"modified":"2025-09-11T14:00:04","modified_gmt":"2025-09-11T12:00:04","slug":"717-2","status":"publish","type":"page","link":"https:\/\/www.ptfos.unios.hr\/Hranom_Do_Zdravlja\/","title":{"rendered":""},"content":{"rendered":"<p style=\"text-align: justify;\"><span style=\"font-family: georgia, palatino, serif; font-size: 10pt;\">Dear colleagues,<\/span><\/p>\n<p style=\"text-align: justify;\"><span style=\"font-family: georgia, palatino, serif; font-size: 10pt;\">I am very honoured to invite you on behalf of the Scientific and Organising Committee to attend the <strong>15<sup>th<\/sup> <\/strong><strong>International Scientific-Professional Conference <\/strong><strong><em>WITH FOOD TO HEALTH<\/em><\/strong>, that will be held in <strong>Osijek, Croatia on September 17<sup>th<\/sup> and 18<sup>th<\/sup> 2025<\/strong>.<\/span><\/p>\n<p style=\"text-align: justify;\"><span style=\"font-family: georgia, palatino, serif; font-size: 10pt;\">On this year\u2019s Conference our aim is during two days to gather eminent experts from the academic community and industry, nutritionists, food technologists, pharmacists, medical doctors, and all who are interested in food and food influence on health in any aspect. It is my great pleasure that many institutions are involved in the Conference organisation, and their number and affiliation to different professional areas confirm the importance of the subject and give special interdisciplinary character to this Conference.<\/span><\/p>\n<p style=\"text-align: justify;\"><span style=\"font-family: georgia, palatino, serif; font-size: 10pt;\">As before, you will be able to present your research through <strong>plenary lectures, invited lectures, oral or poster presentations<\/strong>, but also feel free to propose activities that may additionally upgrade the Conference through cooperation with the Organising Committee.<\/span><\/p>\n<p style=\"text-align: justify;\"><span style=\"font-family: georgia, palatino, serif; font-size: 10pt;\">With great pleasure, I invite you to actively participate in the Conference, in knowledge and know-how exchange, in productive discussions and social meetings with experts from Croatia and abroad.<\/span><\/p>\n<p style=\"text-align: justify;\"><span style=\"font-family: georgia, palatino, serif; font-size: 10pt;\">Looking forward to meeting you in Osijek!<\/span><\/p>\n<p style=\"text-align: justify;\"><span style=\"font-family: georgia, palatino, serif; font-size: 10pt;\">Respectfully,<\/span><\/p>\n<p style=\"text-align: right;\"><span style=\"font-family: georgia, palatino, serif; font-size: 10pt;\">Chairman of the Organizing Committee of the Conference<\/span><\/p>\n<p style=\"text-align: right;\"><span style=\"font-family: georgia, palatino, serif; font-size: 10pt;\">Jurislav Babi\u0107, PhD, Full Professor<\/span><\/p>\n<p><a href=\"http:\/\/www.ptfos.unios.hr\/Hranom_Do_Zdravlja\/wp-content\/uploads\/2025\/09\/15.-HDZ-PROGRAMME.pdf\" target=\"_blank\" rel=\"noopener\"><strong><span style=\"font-family: georgia, palatino, serif; font-size: 12pt;\">CONFERENCE PROGRAMME<\/span><\/strong><\/a><\/p>\n<p><span style=\"font-size: 10pt; font-family: georgia, palatino, serif;\"><strong>CONFIRMED LECTURERS<\/strong><\/span><\/p>\n<p><span style=\"font-size: 10pt; font-family: georgia, palatino, serif;\"><strong><em>PLENARY<\/em><\/strong><\/span><\/p>\n<ol>\n<li><span style=\"font-size: 10pt; font-family: georgia, palatino, serif;\"><strong> prof. dr. sc. Ines Bili\u0107-\u0106ur\u010di\u0107<\/strong><strong>: <\/strong>Sastav tijela i metaboli\u010dko zdravlje \/ <em>Body <\/em><em>C<\/em><em>omposition and <\/em><em>M<\/em><em>etabolic <\/em><em>H<\/em><em>ealth<\/em><\/span><\/li>\n<li><span style=\"font-size: 10pt; font-family: georgia, palatino, serif;\"><strong>prof. dr. sc. Boris Habrun, dr. med. vet.<\/strong><strong>: <\/strong>Antimikrobna rezistencija &#8211; globalni problem 21. stolje\u0107a \/ <em>A<\/em><em>ntimicrobial <\/em><em>R<\/em><em>esistance \u2013 <\/em><em>A<\/em> <em>G<\/em><em>lobal <\/em><em>H<\/em><em>ealth <\/em><em>P<\/em><em>roblem of 21<sup>st<\/sup> <\/em><em>C<\/em><em>entury<\/em><\/span><\/li>\n<li><span style=\"font-size: 10pt; font-family: georgia, palatino, serif;\"><strong>doc. dr. sc. Tena Niseteo, dipl. ing. preh. teh.<\/strong><strong>:<\/strong> Prehrana u prvih 1000 dana \u2013 nutritivno programiranje \/ <em>Nutritional Programming in the First 1000 Days &#8211; Implications for Lifelong Health<\/em><\/span><\/li>\n<li><span style=\"font-size: 10pt; font-family: georgia, palatino, serif;\"><strong>dr. sc. Lea Pollak<\/strong><strong>:<\/strong> Dodaci prehrani \u2013 sastav, sigurnost, interakcije, globalni trendovi \/ <em>Food Supplements \u2013 Composition, Safety, Interactions, Global Trends<\/em><\/span><\/li>\n<\/ol>\n<p><span style=\"font-family: georgia, palatino, serif; font-size: 10pt;\"><strong><em>\u00a0<\/em><\/strong><strong><em>INVITED<\/em><\/strong><\/span><\/p>\n<ol>\n<li><span style=\"font-family: georgia, palatino, serif; font-size: 10pt;\"><strong>dr. sc. Tanja Bogdanovi\u0107:<\/strong> Mikro \u010destice &#8211; makro problemi: prijetnja mikroplastike prehrambenom lancu i ljudskom zdravlju kroz dva desetlje\u0107a istra\u017eivanja \/ <em>Micro Particles &#8211; Macro Problems: The Threat of Microplastics to the Human Food Chain and Human Health in Light of Two Decades of Research on Microplastic Pollution<\/em><\/span><\/li>\n<li><span style=\"font-family: georgia, palatino, serif; font-size: 10pt;\"><strong>doc. dr. sc. Katarina Fehir \u0160ola, mag. pharm.<\/strong><strong>: <\/strong>Znanjem do zdravlja: Edukativna uloga ljekarnika o dodacima prehrani \/ <em>Through Knowledge <\/em><em>t<\/em><em>o Health: The Educational Role <\/em><em>o<\/em><em>f Pharmacists <\/em><em>i<\/em><em>n Food Supplementation<\/em><\/span><\/li>\n<li><span style=\"font-family: georgia, palatino, serif; font-size: 10pt;\"><strong>dr. sc. Sanja Kolari\u0107 Kravar<\/strong><strong>: <\/strong>Hrana nije otpad \/ <em>F<\/em><em>ood is<\/em> <em>not<\/em><em> W<\/em><em>aste<\/em><\/span><\/li>\n<li><span style=\"font-family: georgia, palatino, serif; font-size: 10pt;\"><strong> prim. dr. sc. Boris Lovri\u0107, dr. med.:<\/strong> Probavni mikrobiom i starenje \u2013 mo\u017eemo li ga resetirati \/ <em>Gut Microbiome and Aging \u2013 Can We Reset It<\/em><\/span><\/li>\n<li><span style=\"font-family: georgia, palatino, serif; font-size: 10pt;\"><strong>izv. prof. dr. sc. Tihana Mar\u010dek<\/strong><strong>: <\/strong>Modificiranje metaboli\u010dkog profila biljke i pove\u0107avanje sadr\u017eaja hranjivih tvari u klijancima tehnologijom hladne plazme \/ <em>Cold Plasma Technology Modifies Plant Secondary Metabolite Profile Boosting Nutrient Content <\/em><em>i<\/em><em>n Sprouts<\/em><\/span><\/li>\n<li><span style=\"font-family: georgia, palatino, serif; font-size: 10pt;\"><strong>prof. dr. sc. Sandra Pavi\u010di\u0107-\u017de\u017eelj<\/strong><strong>:<\/strong> Odr\u017eiva prehrana studenata \/ <em>Sustainable <\/em><em>N<\/em><em>utrition of <\/em><em>S<\/em><em>tudents<\/em><\/span><\/li>\n<li><span style=\"font-family: georgia, palatino, serif; font-size: 10pt;\"><strong> izv. prof. dr. sc. Sandra Pedisi\u0107<\/strong>: Otklju\u010davanje potencijala nusproizvoda od bobi\u010dastog vo\u0107a: odr\u017eiv i za zdravlje pobolj\u0161avaju\u0107i pristup inovacijama u hrani \/ <em>Unlocking the Potential of Berry By-products: A Sustainable and Health-boosting Approach to Food Innovation<\/em><\/span><\/li>\n<li><span style=\"font-family: georgia, palatino, serif; font-size: 10pt;\"><strong> prof. dr. sc. Josip \u0160imunovi\u0107: <\/strong>Prehrambeno in\u017eenjerstvo za zdraviju hranu: analize antikancerogene bioaktivnosti sastojaka vo\u0107a, povr\u0107a i gljiva i odabir tehnologija za njihovu preradu i o\u010duvanje \/ <em>Food Engineering for Health Impact: In-Vitro Assay for Cancer Cell Viability and Proliferation to Screen Anti-cancer Bioactivity of Fruit, Vegetable and Fungi Sources and Select Technologies for their Processing and Preservation<\/em><\/span><\/li>\n<li><span style=\"font-family: georgia, palatino, serif; font-size: 10pt;\"><strong> dr. sc. Mirsad \u0160ljivi\u0107, dr. med.:<\/strong> Benefiti GLP-1 receptor agonista i prehrane u terapiji gojaznosti pacijenata s tipom 2 dijabetesa \/ <em>Benefits of GLP-1 Receptor Agonists and Nutrition in the Treatment of Obesity in Patients with Type 2 Diabetes<\/em><\/span><\/li>\n<li><span style=\"font-family: georgia, palatino, serif; font-size: 10pt;\"><strong> dr. sc. Lidija \u0160oher: <\/strong>Nutritivni status ranjivih skupina: osobe s mentalnim izazovima \/ <em>Nutritional Status in Vulnerable Groups: People with Mental Disorders<\/em><\/span><\/li>\n<li><span style=\"font-family: georgia, palatino, serif; font-size: 10pt;\"><strong>izv. prof. dr. sc. Branislava Teofilovi\u0107, mag. pharm.<\/strong><strong>: <\/strong>Metformin kao eliskir \u017eivota \/ <em>Metformin as the <\/em><em>E<\/em><em>lixir of <\/em><em>L<\/em><em>ife<\/em><\/span><\/li>\n<\/ol>\n<p><span style=\"font-family: georgia, palatino, serif; font-size: 10pt;\"><strong>ROUNDTABLE<\/strong><\/span><\/p>\n<p><span style=\"font-family: georgia, palatino, serif; font-size: 10pt;\"><strong>Dodaci prehrani i sport &#8211; mitovi i istine \/ Food Supplements and Sports \u2013 Myths and Truths<\/strong><\/span><\/p>\n<p><span style=\"font-family: georgia, palatino, serif; font-size: 10pt;\">Chair | Voditelj: <strong>prof. dr. sc. Ines Banjari<\/strong><\/span><\/p>\n<p><span style=\"font-family: georgia, palatino, serif; font-size: 10pt;\">Panelists | Panelisti:<br \/>\n<\/span><span style=\"font-family: georgia, palatino, serif; font-size: 10pt;\"><strong>dr. sc. Lea Pollak<\/strong>, voditeljica Odjela za dodatke prehrani i biolo\u0161ki aktivne tvari pri Hrvatskom zavodu za javno zdravstvo<br \/>\n<\/span><span style=\"font-family: georgia, palatino, serif; font-size: 10pt;\"><strong>Vedran Stapi\u0107<\/strong>, suosniva\u010d Agrokluba i predsjednik Dru\u0161tva agrarnih novinara Hrvatske<br \/>\n<\/span><span style=\"font-family: georgia, palatino, serif; font-size: 10pt;\"><strong>Alma Buni\u0107, dipl. ing., univ. spec. nutr.,<\/strong> Nutriforma<\/span><\/p>\n<ol>\n<li style=\"list-style-type: none;\"><\/li>\n<\/ol>\n","protected":false},"excerpt":{"rendered":"<p>Dear colleagues, I am very honoured to invite you on behalf of the Scientific and Organising Committee to attend the 15th International Scientific-Professional Conference WITH FOOD TO HEALTH, that will be held in Osijek, Croatia on September 17th and 18th 2025. On this year\u2019s Conference our aim is during two days to gather eminent experts &#8230; <a title=\"\" class=\"read-more\" href=\"https:\/\/www.ptfos.unios.hr\/Hranom_Do_Zdravlja\/\" aria-label=\"Read more about \">Op\u0161irnije<\/a><\/p>\n","protected":false},"author":1,"featured_media":0,"parent":0,"menu_order":0,"comment_status":"closed","ping_status":"closed","template":"","meta":{"generate_page_header":"","footnotes":""},"class_list":["post-717","page","type-page","status-publish"],"_links":{"self":[{"href":"https:\/\/www.ptfos.unios.hr\/Hranom_Do_Zdravlja\/index.php\/wp-json\/wp\/v2\/pages\/717","targetHints":{"allow":["GET"]}}],"collection":[{"href":"https:\/\/www.ptfos.unios.hr\/Hranom_Do_Zdravlja\/index.php\/wp-json\/wp\/v2\/pages"}],"about":[{"href":"https:\/\/www.ptfos.unios.hr\/Hranom_Do_Zdravlja\/index.php\/wp-json\/wp\/v2\/types\/page"}],"author":[{"embeddable":true,"href":"https:\/\/www.ptfos.unios.hr\/Hranom_Do_Zdravlja\/index.php\/wp-json\/wp\/v2\/users\/1"}],"replies":[{"embeddable":true,"href":"https:\/\/www.ptfos.unios.hr\/Hranom_Do_Zdravlja\/index.php\/wp-json\/wp\/v2\/comments?post=717"}],"version-history":[{"count":66,"href":"https:\/\/www.ptfos.unios.hr\/Hranom_Do_Zdravlja\/index.php\/wp-json\/wp\/v2\/pages\/717\/revisions"}],"predecessor-version":[{"id":6495,"href":"https:\/\/www.ptfos.unios.hr\/Hranom_Do_Zdravlja\/index.php\/wp-json\/wp\/v2\/pages\/717\/revisions\/6495"}],"wp:attachment":[{"href":"https:\/\/www.ptfos.unios.hr\/Hranom_Do_Zdravlja\/index.php\/wp-json\/wp\/v2\/media?parent=717"}],"curies":[{"name":"wp","href":"https:\/\/api.w.org\/{rel}","templated":true}]}}