{"id":13,"date":"2021-09-27T15:40:04","date_gmt":"2021-09-27T13:40:04","guid":{"rendered":"http:\/\/\/\/www.ptfos.unios.hr\/ImoLipWaste\/?page_id=13"},"modified":"2022-02-02T15:43:29","modified_gmt":"2022-02-02T14:43:29","slug":"publications","status":"publish","type":"page","link":"https:\/\/www.ptfos.unios.hr\/ImoLipWaste\/?page_id=13","title":{"rendered":"Novosti"},"content":{"rendered":"<p><div class=\"fusion-fullwidth fullwidth-box fusion-builder-row-1 fusion-flex-container nonhundred-percent-fullwidth non-hundred-percent-height-scrolling\" style=\"--awb-border-radius-top-left:0px;--awb-border-radius-top-right:0px;--awb-border-radius-bottom-right:0px;--awb-border-radius-bottom-left:0px;--awb-background-color:#f8f8f8;--awb-flex-wrap:wrap;\" ><div class=\"fusion-builder-row fusion-row fusion-flex-align-items-flex-start fusion-flex-content-wrap\" style=\"max-width:1300px;margin-left: calc(-4% \/ 2 );margin-right: calc(-4% \/ 2 );\"><div class=\"fusion-layout-column fusion_builder_column fusion-builder-column-0 fusion_builder_column_1_6 1_6 fusion-flex-column fusion-no-small-visibility fusion-no-medium-visibility\" style=\"--awb-bg-size:cover;--awb-width-large:16.666666666667%;--awb-margin-top-large:0px;--awb-spacing-right-large:11.52%;--awb-margin-bottom-large:20px;--awb-spacing-left-large:11.52%;--awb-width-medium:16.666666666667%;--awb-order-medium:0;--awb-spacing-right-medium:11.52%;--awb-spacing-left-medium:11.52%;--awb-width-small:100%;--awb-order-small:0;--awb-spacing-right-small:1.92%;--awb-spacing-left-small:1.92%;\"><div class=\"fusion-column-wrapper fusion-column-has-shadow fusion-flex-justify-content-flex-start fusion-content-layout-column\"><\/div><\/div><div class=\"fusion-layout-column fusion_builder_column fusion-builder-column-1 fusion_builder_column_2_3 2_3 fusion-flex-column\" style=\"--awb-bg-size:cover;--awb-width-large:66.666666666667%;--awb-margin-top-large:0px;--awb-spacing-right-large:2.88%;--awb-margin-bottom-large:2%;--awb-spacing-left-large:2.88%;--awb-width-medium:66.666666666667%;--awb-order-medium:0;--awb-spacing-right-medium:2.88%;--awb-spacing-left-medium:2.88%;--awb-width-small:100%;--awb-order-small:0;--awb-spacing-right-small:1.92%;--awb-spacing-left-small:1.92%;\"><div class=\"fusion-column-wrapper fusion-column-has-shadow fusion-flex-justify-content-flex-start fusion-content-layout-column\"><div class=\"fusion-title title fusion-title-1 fusion-sep-none fusion-title-center fusion-title-text fusion-title-size-two\" style=\"--awb-text-color:#705238;\"><h2 class=\"fusion-title-heading title-heading-center fusion-responsive-typography-calculated\" style=\"margin:0;--fontSize:40;line-height:1.2;\">Novosti<\/h2><\/div><div class=\"fusion-separator\" style=\"align-self: center;margin-left: auto;margin-right: auto;margin-bottom:30px;width:100%;max-width:100px;\"><div class=\"fusion-separator-border sep-single sep-solid\" style=\"--awb-height:20px;--awb-amount:20px;--awb-sep-color:#22ad22;border-color:#22ad22;border-top-width:2px;\"><\/div><\/div><\/div><\/div><div class=\"fusion-layout-column fusion_builder_column fusion-builder-column-2 fusion_builder_column_1_6 1_6 fusion-flex-column fusion-no-small-visibility fusion-no-medium-visibility\" style=\"--awb-bg-size:cover;--awb-width-large:16.666666666667%;--awb-margin-top-large:0px;--awb-spacing-right-large:11.52%;--awb-margin-bottom-large:20px;--awb-spacing-left-large:11.52%;--awb-width-medium:16.666666666667%;--awb-order-medium:0;--awb-spacing-right-medium:11.52%;--awb-spacing-left-medium:11.52%;--awb-width-small:100%;--awb-order-small:0;--awb-spacing-right-small:1.92%;--awb-spacing-left-small:1.92%;\"><div class=\"fusion-column-wrapper fusion-column-has-shadow fusion-flex-justify-content-flex-start fusion-content-layout-column\"><\/div><\/div><div class=\"fusion-layout-column fusion_builder_column fusion-builder-column-3 fusion_builder_column_1_1 1_1 fusion-flex-column\" style=\"--awb-bg-size:cover;--awb-width-large:100%;--awb-margin-top-large:0px;--awb-spacing-right-large:1.92%;--awb-margin-bottom-large:20px;--awb-spacing-left-large:1.92%;--awb-width-medium:100%;--awb-spacing-right-medium:1.92%;--awb-spacing-left-medium:1.92%;--awb-width-small:100%;--awb-spacing-right-small:1.92%;--awb-spacing-left-small:1.92%;\"><div class=\"fusion-column-wrapper fusion-flex-justify-content-flex-start fusion-content-layout-column\"><div class=\"fusion-blog-shortcode fusion-blog-shortcode-1 fusion-blog-archive fusion-blog-layout-medium-alternate fusion-blog-pagination\"><div class=\"fusion-posts-container fusion-posts-container-pagination fusion-no-meta-info fusion-blog-rollover\" data-pages=\"8\"><article id=\"blog-1-post-4484\" class=\"fusion-post-medium-alternate post-4484 post type-post status-publish format-standard has-post-thumbnail hentry category-novosti\">\n<div class=\"fusion-date-and-formats\"><div class=\"fusion-date-box updated\"><span class=\"fusion-date\">26<\/span><span class=\"fusion-month-year\">04, 2025<\/span><\/div><div class=\"fusion-format-box\"><i class=\"awb-icon-pen\" aria-hidden=\"true\"><\/i><\/div><\/div>\t<style type=\"text\/css\">\n\t\t\n\t\t\n\t\t\n\t\t\n\t\t\t<\/style>\n\n\n\t\t\t<div class=\"fusion-flexslider flexslider fusion-flexslider-loading fusion-post-slideshow\" style=\"\">\n\t\t<ul class=\"slides\">\n\t\t\t\n\t\t\t\t\t\t\t\t\t\t\t\t\t\t<li><div  class=\"fusion-image-wrapper fusion-image-size-fixed\" aria-haspopup=\"true\">\n\t\t\t\t<img width=\"320\" height=\"159\" src=\"https:\/\/www.ptfos.unios.hr\/ImoLipWaste\/wp-content\/uploads\/2021\/02\/logo-2.png\" class=\"attachment-blog-medium size-blog-medium wp-post-image\" alt=\"\" decoding=\"async\" srcset=\"https:\/\/www.ptfos.unios.hr\/ImoLipWaste\/wp-content\/uploads\/2021\/02\/logo-2-300x149.png 300w, https:\/\/www.ptfos.unios.hr\/ImoLipWaste\/wp-content\/uploads\/2021\/02\/logo-2.png 764w\" sizes=\"(max-width: 320px) 100vw, 320px\" \/><div class=\"fusion-rollover\">\n\t<div class=\"fusion-rollover-content\">\n\n\t\t\t\t\t\t\t\t\t\t\t\t\t\t<a class=\"fusion-rollover-link\" href=\"https:\/\/www.ptfos.unios.hr\/ImoLipWaste\/?p=4484\">Zavr\u0161na konferencija projekta ImoLipWaste<\/a>\n\t\t\t\n\t\t\t\t\t\t\t\t\n\t\t\n\t\t\t\t\t\t\t\t\n\t\t\t\t\t\t\t\t\n\t\t\n\t\t\t\t\t\t<a class=\"fusion-link-wrapper\" href=\"https:\/\/www.ptfos.unios.hr\/ImoLipWaste\/?p=4484\" aria-label=\"Zavr\u0161na konferencija projekta ImoLipWaste\"><\/a>\n\t<\/div>\n<\/div>\n<\/div>\n<\/li>\n\t\t\t\n\t\t\t\n\t\t\t\t\t\t\t\t\t\t\t\t\t\t\t\t\t\t\t\t\t\t\t\t\t\t\t\t\t\t\t\t\t\t\t\t\t\t\t\t\t\t\t\t\t\t\t\t\t\t\t\t\t\t\t\t\t\t\t\t\t\t\t\t\t\t\t\t<\/ul>\n\t<\/div>\n\t<div class=\"fusion-post-content post-content\"><h2 class=\"blog-shortcode-post-title entry-title\"><a href=\"https:\/\/www.ptfos.unios.hr\/ImoLipWaste\/?p=4484\">Zavr\u0161na konferencija projekta ImoLipWaste<\/a><\/h2><div class=\"fusion-post-content-container\"><p>     Dana 29. travnja 2025. s po\u010detkom u 12 h, u Vije\u0107nici Prehrambeno-tehnolo\u0161kog fakulteta Osijek, odr\u017eat \u0107e se zavr\u0161na konferencija projekta ImoLipWaste. Pozivamo sve zainteresirane da nam se priklju\u010de!   [...]<\/p><\/div><\/div><div class=\"fusion-clearfix\"><\/div><\/article>\n<article id=\"blog-1-post-4461\" class=\"fusion-post-medium-alternate post-4461 post type-post status-publish format-standard has-post-thumbnail hentry category-novosti\">\n<div class=\"fusion-date-and-formats\"><div class=\"fusion-date-box updated\"><span class=\"fusion-date\">25<\/span><span class=\"fusion-month-year\">04, 2025<\/span><\/div><div class=\"fusion-format-box\"><i class=\"awb-icon-pen\" aria-hidden=\"true\"><\/i><\/div><\/div>\t<style type=\"text\/css\">\n\t\t\n\t\t\n\t\t\n\t\t\n\t\t\t<\/style>\n\n\n\t\t\t<div class=\"fusion-flexslider flexslider fusion-flexslider-loading fusion-post-slideshow\" style=\"\">\n\t\t<ul class=\"slides\">\n\t\t\t\n\t\t\t\t\t\t\t\t\t\t\t\t\t\t<li><div  class=\"fusion-image-wrapper fusion-image-size-fixed\" aria-haspopup=\"true\">\n\t\t\t\t<img width=\"320\" height=\"202\" src=\"https:\/\/www.ptfos.unios.hr\/ImoLipWaste\/wp-content\/uploads\/2025\/04\/marrta2-320x202.jpg\" class=\"attachment-blog-medium size-blog-medium wp-post-image\" alt=\"\" decoding=\"async\" srcset=\"https:\/\/www.ptfos.unios.hr\/ImoLipWaste\/wp-content\/uploads\/2025\/04\/marrta2-320x202.jpg 320w, https:\/\/www.ptfos.unios.hr\/ImoLipWaste\/wp-content\/uploads\/2025\/04\/marrta2-700x441.jpg 700w\" sizes=\"(max-width: 320px) 100vw, 320px\" \/><div class=\"fusion-rollover\">\n\t<div class=\"fusion-rollover-content\">\n\n\t\t\t\t\t\t\t\t\t\t\t\t\t\t<a class=\"fusion-rollover-link\" href=\"https:\/\/www.ptfos.unios.hr\/ImoLipWaste\/?p=4461\">Uspje\u0161no obranjena doktorska disertacija Marte Ostoj\u010di\u0107<\/a>\n\t\t\t\n\t\t\t\t\t\t\t\t\n\t\t\n\t\t\t\t\t\t\t\t\n\t\t\t\t\t\t\t\t\n\t\t\n\t\t\t\t\t\t<a class=\"fusion-link-wrapper\" href=\"https:\/\/www.ptfos.unios.hr\/ImoLipWaste\/?p=4461\" aria-label=\"Uspje\u0161no obranjena doktorska disertacija Marte Ostoj\u010di\u0107\"><\/a>\n\t<\/div>\n<\/div>\n<\/div>\n<\/li>\n\t\t\t\n\t\t\t\n\t\t\t\t\t\t\t\t\t\t\t\t\t\t\t\t\t\t\t\t\t\t\t\t\t\t\t\t\t\t\t\t\t\t\t\t\t\t\t\t\t\t\t\t\t\t\t\t\t\t\t\t\t\t\t\t\t\t\t\t\t\t\t\t\t\t\t\t<\/ul>\n\t<\/div>\n\t<div class=\"fusion-post-content post-content\"><h2 class=\"blog-shortcode-post-title entry-title\"><a href=\"https:\/\/www.ptfos.unios.hr\/ImoLipWaste\/?p=4461\">Uspje\u0161no obranjena doktorska disertacija Marte Ostoj\u010di\u0107<\/a><\/h2><div class=\"fusion-post-content-container\"><p>     Marta Ostoj\u010di\u0107 je u petak, 25. travnja 2025., u Vije\u0107nici Prehrambeno-tehnolo\u0161kog fakulteta, uspje\u0161no obranjenila doktorsku disertaciju \"Imobilizacija Burkholderia cepacia i Pseudomonas fluorescens lipaza na nosa\u010de na bazi membrane jaja\" pod [...]<\/p><\/div><\/div><div class=\"fusion-clearfix\"><\/div><\/article>\n<article id=\"blog-1-post-4471\" class=\"fusion-post-medium-alternate post-4471 post type-post status-publish format-standard has-post-thumbnail hentry category-novosti\">\n<div class=\"fusion-date-and-formats\"><div class=\"fusion-date-box updated\"><span class=\"fusion-date\">15<\/span><span class=\"fusion-month-year\">02, 2025<\/span><\/div><div class=\"fusion-format-box\"><i class=\"awb-icon-pen\" aria-hidden=\"true\"><\/i><\/div><\/div>\t<style type=\"text\/css\">\n\t\t\n\t\t\n\t\t\n\t\t\n\t\t\t<\/style>\n\n\n\t\t\t<div class=\"fusion-flexslider flexslider fusion-flexslider-loading fusion-post-slideshow\" style=\"\">\n\t\t<ul class=\"slides\">\n\t\t\t\n\t\t\t\t\t\t\t\t\t\t\t\t\t\t<li><div  class=\"fusion-image-wrapper fusion-image-size-fixed\" aria-haspopup=\"true\">\n\t\t\t\t<img width=\"320\" height=\"202\" src=\"https:\/\/www.ptfos.unios.hr\/ImoLipWaste\/wp-content\/uploads\/2025\/04\/abu-dhabi-320x202.jpg\" class=\"attachment-blog-medium size-blog-medium wp-post-image\" alt=\"\" decoding=\"async\" srcset=\"https:\/\/www.ptfos.unios.hr\/ImoLipWaste\/wp-content\/uploads\/2025\/04\/abu-dhabi-320x202.jpg 320w, https:\/\/www.ptfos.unios.hr\/ImoLipWaste\/wp-content\/uploads\/2025\/04\/abu-dhabi-700x441.jpg 700w\" sizes=\"(max-width: 320px) 100vw, 320px\" \/><div class=\"fusion-rollover\">\n\t<div class=\"fusion-rollover-content\">\n\n\t\t\t\t\t\t\t\t\t\t\t\t\t\t<a class=\"fusion-rollover-link\" href=\"https:\/\/www.ptfos.unios.hr\/ImoLipWaste\/?p=4471\">Sudjelovanje na 3rd Greenering konferenciji, Abu Dhabi<\/a>\n\t\t\t\n\t\t\t\t\t\t\t\t\n\t\t\n\t\t\t\t\t\t\t\t\n\t\t\t\t\t\t\t\t\n\t\t\n\t\t\t\t\t\t<a class=\"fusion-link-wrapper\" href=\"https:\/\/www.ptfos.unios.hr\/ImoLipWaste\/?p=4471\" aria-label=\"Sudjelovanje na 3rd Greenering konferenciji, Abu Dhabi\"><\/a>\n\t<\/div>\n<\/div>\n<\/div>\n<\/li>\n\t\t\t\n\t\t\t\n\t\t\t\t\t\t\t\t\t\t\t\t\t\t\t\t\t\t\t\t\t\t\t\t\t\t\t\t\t\t\t\t\t\t\t\t\t\t\t\t\t\t\t\t\t\t\t\t\t\t\t\t\t\t\t\t\t\t\t\t\t\t\t\t\t\t\t\t<\/ul>\n\t<\/div>\n\t<div class=\"fusion-post-content post-content\"><h2 class=\"blog-shortcode-post-title entry-title\"><a href=\"https:\/\/www.ptfos.unios.hr\/ImoLipWaste\/?p=4471\">Sudjelovanje na 3rd Greenering konferenciji, Abu Dhabi<\/a><\/h2><div class=\"fusion-post-content-container\"><p>     \u010clanovi projektnog tima sudjelovali su na 3rd Greenering me\u0111unarodnoj konferenciji koja se odr\u017eala od 12. do 14. velja\u010de 2025 u Abu Dhabiju, Ujedinjeni Arapski Emirati.      [...]<\/p><\/div><\/div><div class=\"fusion-clearfix\"><\/div><\/article>\n<article id=\"blog-1-post-4453\" class=\"fusion-post-medium-alternate post-4453 post type-post status-publish format-standard has-post-thumbnail hentry category-novosti\">\n<div class=\"fusion-date-and-formats\"><div class=\"fusion-date-box updated\"><span class=\"fusion-date\">10<\/span><span class=\"fusion-month-year\">02, 2025<\/span><\/div><div class=\"fusion-format-box\"><i class=\"awb-icon-pen\" aria-hidden=\"true\"><\/i><\/div><\/div>\t<style type=\"text\/css\">\n\t\t\n\t\t\n\t\t\n\t\t\n\t\t\t<\/style>\n\n\n\t\t\t<div class=\"fusion-flexslider flexslider fusion-flexslider-loading fusion-post-slideshow\" style=\"\">\n\t\t<ul class=\"slides\">\n\t\t\t\n\t\t\t\t\t\t\t\t\t\t\t\t\t\t<li><div  class=\"fusion-image-wrapper fusion-image-size-fixed\" aria-haspopup=\"true\">\n\t\t\t\t<img width=\"320\" height=\"202\" src=\"https:\/\/www.ptfos.unios.hr\/ImoLipWaste\/wp-content\/uploads\/2025\/04\/ceepus-Marta-320x202.jpg\" class=\"attachment-blog-medium size-blog-medium wp-post-image\" alt=\"\" decoding=\"async\" srcset=\"https:\/\/www.ptfos.unios.hr\/ImoLipWaste\/wp-content\/uploads\/2025\/04\/ceepus-Marta-320x202.jpg 320w, https:\/\/www.ptfos.unios.hr\/ImoLipWaste\/wp-content\/uploads\/2025\/04\/ceepus-Marta-700x441.jpg 700w\" sizes=\"(max-width: 320px) 100vw, 320px\" \/><div class=\"fusion-rollover\">\n\t<div class=\"fusion-rollover-content\">\n\n\t\t\t\t\t\t\t\t\t\t\t\t\t\t<a class=\"fusion-rollover-link\" href=\"https:\/\/www.ptfos.unios.hr\/ImoLipWaste\/?p=4453\">Stru\u010dno usavr\u0161avanje u Mostaru preko CEEPUS-a<\/a>\n\t\t\t\n\t\t\t\t\t\t\t\t\n\t\t\n\t\t\t\t\t\t\t\t\n\t\t\t\t\t\t\t\t\n\t\t\n\t\t\t\t\t\t<a class=\"fusion-link-wrapper\" href=\"https:\/\/www.ptfos.unios.hr\/ImoLipWaste\/?p=4453\" aria-label=\"Stru\u010dno usavr\u0161avanje u Mostaru preko CEEPUS-a\"><\/a>\n\t<\/div>\n<\/div>\n<\/div>\n<\/li>\n\t\t\t\n\t\t\t\n\t\t\t\t\t\t\t\t\t\t\t\t\t\t\t\t\t\t\t\t\t\t\t\t\t\t\t\t\t\t\t\t\t\t\t\t\t\t\t\t\t\t\t\t\t\t\t\t\t\t\t\t\t\t\t\t\t\t\t\t\t\t\t\t\t\t\t\t<\/ul>\n\t<\/div>\n\t<div class=\"fusion-post-content post-content\"><h2 class=\"blog-shortcode-post-title entry-title\"><a href=\"https:\/\/www.ptfos.unios.hr\/ImoLipWaste\/?p=4453\">Stru\u010dno usavr\u0161avanje u Mostaru preko CEEPUS-a<\/a><\/h2><div class=\"fusion-post-content-container\"><p>     Marta Oastoj\u010di\u0107, odr\u017eala je predavanje o svom istra\u017eivanju na Agronomskom i Prehrambeno-tehnolo\u0161kom fakultetu Sveu\u010dili\u0161ta u Mostaru gdje je boravila u sklopu CEEPUS mre\u017ene\u00a0mobilnosti u razdoblju 3.-7.2.2025.     [...]<\/p><\/div><\/div><div class=\"fusion-clearfix\"><\/div><\/article>\n<article id=\"blog-1-post-4442\" class=\"fusion-post-medium-alternate post-4442 post type-post status-publish format-standard has-post-thumbnail hentry category-novosti\">\n<div class=\"fusion-date-and-formats\"><div class=\"fusion-date-box updated\"><span class=\"fusion-date\">6<\/span><span class=\"fusion-month-year\">12, 2024<\/span><\/div><div class=\"fusion-format-box\"><i class=\"awb-icon-pen\" aria-hidden=\"true\"><\/i><\/div><\/div>\t<style type=\"text\/css\">\n\t\t\n\t\t\n\t\t\n\t\t\n\t\t\t<\/style>\n\n\n\t\t\t<div class=\"fusion-flexslider flexslider fusion-flexslider-loading fusion-post-slideshow\" style=\"\">\n\t\t<ul class=\"slides\">\n\t\t\t\n\t\t\t\t\t\t\t\t\t\t\t\t\t\t<li><div  class=\"fusion-image-wrapper fusion-image-size-fixed\" aria-haspopup=\"true\">\n\t\t\t\t<img width=\"320\" height=\"202\" src=\"https:\/\/www.ptfos.unios.hr\/ImoLipWaste\/wp-content\/uploads\/2024\/12\/Green2-320x202.jpg\" class=\"attachment-blog-medium size-blog-medium wp-post-image\" alt=\"\" decoding=\"async\" srcset=\"https:\/\/www.ptfos.unios.hr\/ImoLipWaste\/wp-content\/uploads\/2024\/12\/Green2-320x202.jpg 320w, https:\/\/www.ptfos.unios.hr\/ImoLipWaste\/wp-content\/uploads\/2024\/12\/Green2-700x441.jpg 700w\" sizes=\"(max-width: 320px) 100vw, 320px\" \/><div class=\"fusion-rollover\">\n\t<div class=\"fusion-rollover-content\">\n\n\t\t\t\t\t\t\t\t\t\t\t\t\t\t<a class=\"fusion-rollover-link\" href=\"https:\/\/www.ptfos.unios.hr\/ImoLipWaste\/?p=4442\">Sudjelovanje na 5. me\u0111unarodnoj znanstvenoj i stru\u010dnoj konferenciji GREEN2024 u Zagrebu<\/a>\n\t\t\t\n\t\t\t\t\t\t\t\t\n\t\t\n\t\t\t\t\t\t\t\t\n\t\t\t\t\t\t\t\t\n\t\t\n\t\t\t\t\t\t<a class=\"fusion-link-wrapper\" href=\"https:\/\/www.ptfos.unios.hr\/ImoLipWaste\/?p=4442\" aria-label=\"Sudjelovanje na 5. me\u0111unarodnoj znanstvenoj i stru\u010dnoj konferenciji GREEN2024 u Zagrebu\"><\/a>\n\t<\/div>\n<\/div>\n<\/div>\n<\/li>\n\t\t\t\n\t\t\t\n\t\t\t\t\t\t\t\t\t\t\t\t\t\t\t\t\t\t\t\t\t\t\t\t\t\t\t\t\t\t\t\t\t\t\t\t\t\t\t\t\t\t\t\t\t\t\t\t\t\t\t\t\t\t\t\t\t\t\t\t\t\t\t\t\t\t\t\t<\/ul>\n\t<\/div>\n\t<div class=\"fusion-post-content post-content\"><h2 class=\"blog-shortcode-post-title entry-title\"><a href=\"https:\/\/www.ptfos.unios.hr\/ImoLipWaste\/?p=4442\">Sudjelovanje na 5. me\u0111unarodnoj znanstvenoj i stru\u010dnoj konferenciji GREEN2024 u Zagrebu<\/a><\/h2><div class=\"fusion-post-content-container\"><p>     \u010clanice \u0161rojektnog tima Mirna Brekalo i Blanka Bili\u0107 Rajs sudjelovale su na 5th edition of the esteemed International Scientific and Expert Conference, \u201cNatural Resources, Green Technology, and Sustainable Development\/5-GREEN2024\" odra\u017eanom [...]<\/p><\/div><\/div><div class=\"fusion-clearfix\"><\/div><\/article>\n<article id=\"blog-1-post-4438\" class=\"fusion-post-medium-alternate post-4438 post type-post status-publish format-standard has-post-thumbnail hentry category-novosti\">\n<div class=\"fusion-date-and-formats\"><div class=\"fusion-date-box updated\"><span class=\"fusion-date\">2<\/span><span class=\"fusion-month-year\">12, 2024<\/span><\/div><div class=\"fusion-format-box\"><i class=\"awb-icon-pen\" aria-hidden=\"true\"><\/i><\/div><\/div>\t<style type=\"text\/css\">\n\t\t\n\t\t\n\t\t\n\t\t\n\t\t\t<\/style>\n\n\n\t\t\t<div class=\"fusion-flexslider flexslider fusion-flexslider-loading fusion-post-slideshow\" style=\"\">\n\t\t<ul class=\"slides\">\n\t\t\t\n\t\t\t\t\t\t\t\t\t\t\t\t\t\t<li><div  class=\"fusion-image-wrapper fusion-image-size-fixed\" aria-haspopup=\"true\">\n\t\t\t\t<img width=\"320\" height=\"202\" src=\"https:\/\/www.ptfos.unios.hr\/ImoLipWaste\/wp-content\/uploads\/2024\/12\/EMEC24-320x202.jpg\" class=\"attachment-blog-medium size-blog-medium wp-post-image\" alt=\"\" decoding=\"async\" srcset=\"https:\/\/www.ptfos.unios.hr\/ImoLipWaste\/wp-content\/uploads\/2024\/12\/EMEC24-320x202.jpg 320w, https:\/\/www.ptfos.unios.hr\/ImoLipWaste\/wp-content\/uploads\/2024\/12\/EMEC24-700x441.jpg 700w\" sizes=\"(max-width: 320px) 100vw, 320px\" \/><div class=\"fusion-rollover\">\n\t<div class=\"fusion-rollover-content\">\n\n\t\t\t\t\t\t\t\t\t\t\t\t\t\t<a class=\"fusion-rollover-link\" href=\"https:\/\/www.ptfos.unios.hr\/ImoLipWaste\/?p=4438\">Sudjelovanje na me\u0111unarodnoj konferenciji EMEC24, Alicante, \u0160panjolska<\/a>\n\t\t\t\n\t\t\t\t\t\t\t\t\n\t\t\n\t\t\t\t\t\t\t\t\n\t\t\t\t\t\t\t\t\n\t\t\n\t\t\t\t\t\t<a class=\"fusion-link-wrapper\" href=\"https:\/\/www.ptfos.unios.hr\/ImoLipWaste\/?p=4438\" aria-label=\"Sudjelovanje na me\u0111unarodnoj konferenciji EMEC24, Alicante, \u0160panjolska\"><\/a>\n\t<\/div>\n<\/div>\n<\/div>\n<\/li>\n\t\t\t\n\t\t\t\n\t\t\t\t\t\t\t\t\t\t\t\t\t\t\t\t\t\t\t\t\t\t\t\t\t\t\t\t\t\t\t\t\t\t\t\t\t\t\t\t\t\t\t\t\t\t\t\t\t\t\t\t\t\t\t\t\t\t\t\t\t\t\t\t\t\t\t\t<\/ul>\n\t<\/div>\n\t<div class=\"fusion-post-content post-content\"><h2 class=\"blog-shortcode-post-title entry-title\"><a href=\"https:\/\/www.ptfos.unios.hr\/ImoLipWaste\/?p=4438\">Sudjelovanje na me\u0111unarodnoj konferenciji EMEC24, Alicante, \u0160panjolska<\/a><\/h2><div class=\"fusion-post-content-container\"><p>     \u010clanice projektnog tima, Marta Ostoj\u010di\u0107 i Marija Stjepanovi\u0107, sudjelovale su na me\u0111unarodnoj konferenciji The European Meeting on Environmental Chemistry (EMEC)\u00a0u Alicanteu, \u0160panjolska od 26.11. do 29.11.2024. Marta je odr\u017eala sjajno [...]<\/p><\/div><\/div><div class=\"fusion-clearfix\"><\/div><\/article>\n<\/div><div class=\"pagination clearfix\"><span class=\"current\">1<\/span><a href=\"https:\/\/www.ptfos.unios.hr\/ImoLipWaste\/index.php?rest_route=%2Fwp%2Fv2%2Fpages%2F13&#038;paged=2\" class=\"inactive\">2<\/a><a class=\"pagination-next\" rel=\"next\" href=\"https:\/\/www.ptfos.unios.hr\/ImoLipWaste\/index.php?rest_route=%2Fwp%2Fv2%2Fpages%2F13&#038;paged=2\"><span class=\"page-text\">Slijede\u0107a<\/span><span class=\"page-next\"><\/span><\/a><\/div><div class=\"fusion-clearfix\"><\/div><\/div><\/div><\/div><\/div><\/div><div class=\"fusion-fullwidth fullwidth-box fusion-builder-row-2 fusion-flex-container nonhundred-percent-fullwidth non-hundred-percent-height-scrolling\" style=\"--awb-border-radius-top-left:0px;--awb-border-radius-top-right:0px;--awb-border-radius-bottom-right:0px;--awb-border-radius-bottom-left:0px;--awb-padding-top:200px;--awb-padding-bottom:200px;--awb-flex-wrap:wrap;\" ><div class=\"fusion-builder-row fusion-row fusion-flex-align-items-flex-start fusion-flex-justify-content-center fusion-flex-content-wrap\" style=\"max-width:1300px;margin-left: calc(-4% \/ 2 );margin-right: calc(-4% \/ 2 );\"><div class=\"fusion-layout-column fusion_builder_column fusion-builder-column-4 fusion_builder_column_2_3 2_3 fusion-flex-column\" style=\"--awb-bg-size:cover;--awb-width-large:66.666666666667%;--awb-margin-top-large:0px;--awb-spacing-right-large:2.88%;--awb-margin-bottom-large:20px;--awb-spacing-left-large:2.88%;--awb-width-medium:66.666666666667%;--awb-spacing-right-medium:2.88%;--awb-spacing-left-medium:2.88%;--awb-width-small:100%;--awb-spacing-right-small:1.92%;--awb-spacing-left-small:1.92%;\"><div class=\"fusion-column-wrapper fusion-flex-justify-content-flex-start fusion-content-layout-column\"><div class=\"fusion-title title fusion-title-2 fusion-sep-none fusion-title-center fusion-title-text fusion-title-size-two\" style=\"--awb-text-color:#ffffff;--awb-font-size:60px;\"><h2 class=\"fusion-title-heading title-heading-center fusion-responsive-typography-calculated\" style=\"margin:0;font-size:1em;--fontSize:60;line-height:1.2;\">Contact us<\/h2><\/div><div class=\"fusion-text fusion-text-1\"><p style=\"text-align: center; color: #fff; font-size: 25px; line-height: 48px;\">Do you have additional questions? Interested in more about the project?<\/p>\n<\/div><div class=\"fusion-separator fusion-full-width-sep\" style=\"align-self: center;margin-left: auto;margin-right: auto;margin-top:20px;width:100%;\"><\/div><div style=\"text-align:center;\"><a class=\"fusion-button button-flat button-xlarge button-default fusion-button-default button-1 fusion-button-default-span fusion-button-default-type\" target=\"_self\" href=\"http:\/\/www.ptfos.unios.hr\/ImoLipWaste\/?page_id=3186&amp;lang=en\"><span class=\"fusion-button-text\">Contact us<\/span><\/a><\/div><\/div><\/div><\/div><\/div>\n<\/p>\n","protected":false},"excerpt":{"rendered":"","protected":false},"author":1,"featured_media":0,"parent":0,"menu_order":0,"comment_status":"closed","ping_status":"closed","template":"100-width.php","meta":[],"_links":{"self":[{"href":"https:\/\/www.ptfos.unios.hr\/ImoLipWaste\/index.php?rest_route=\/wp\/v2\/pages\/13"}],"collection":[{"href":"https:\/\/www.ptfos.unios.hr\/ImoLipWaste\/index.php?rest_route=\/wp\/v2\/pages"}],"about":[{"href":"https:\/\/www.ptfos.unios.hr\/ImoLipWaste\/index.php?rest_route=\/wp\/v2\/types\/page"}],"author":[{"embeddable":true,"href":"https:\/\/www.ptfos.unios.hr\/ImoLipWaste\/index.php?rest_route=\/wp\/v2\/users\/1"}],"replies":[{"embeddable":true,"href":"https:\/\/www.ptfos.unios.hr\/ImoLipWaste\/index.php?rest_route=%2Fwp%2Fv2%2Fcomments&post=13"}],"version-history":[{"count":34,"href":"https:\/\/www.ptfos.unios.hr\/ImoLipWaste\/index.php?rest_route=\/wp\/v2\/pages\/13\/revisions"}],"predecessor-version":[{"id":2579,"href":"https:\/\/www.ptfos.unios.hr\/ImoLipWaste\/index.php?rest_route=\/wp\/v2\/pages\/13\/revisions\/2579"}],"wp:attachment":[{"href":"https:\/\/www.ptfos.unios.hr\/ImoLipWaste\/index.php?rest_route=%2Fwp%2Fv2%2Fmedia&parent=13"}],"curies":[{"name":"wp","href":"https:\/\/api.w.org\/{rel}","templated":true}]}}