{"id":3148,"date":"2021-06-27T14:33:03","date_gmt":"2021-06-27T12:33:03","guid":{"rendered":"http:\/\/www.ptfos.unios.hr\/ImoLipWaste\/?page_id=3148"},"modified":"2023-07-19T09:21:40","modified_gmt":"2023-07-19T07:21:40","slug":"3148-2","status":"publish","type":"page","link":"https:\/\/www.ptfos.unios.hr\/ImoLipWaste\/?page_id=3148&lang=en","title":{"rendered":"International cooperation"},"content":{"rendered":"<div class=\"fusion-fullwidth fullwidth-box fusion-builder-row-1 fusion-flex-container nonhundred-percent-fullwidth non-hundred-percent-height-scrolling\" style=\"--awb-border-radius-top-left:0px;--awb-border-radius-top-right:0px;--awb-border-radius-bottom-right:0px;--awb-border-radius-bottom-left:0px;--awb-background-color:#f8f8f8;--awb-flex-wrap:wrap;\" ><div class=\"fusion-builder-row fusion-row fusion-flex-align-items-flex-start fusion-flex-content-wrap\" style=\"max-width:1300px;margin-left: calc(-4% \/ 2 );margin-right: calc(-4% \/ 2 );\"><div class=\"fusion-layout-column fusion_builder_column fusion-builder-column-0 fusion_builder_column_1_6 1_6 fusion-flex-column fusion-no-small-visibility fusion-no-medium-visibility\" style=\"--awb-bg-size:cover;--awb-width-large:16.666666666667%;--awb-margin-top-large:0px;--awb-spacing-right-large:11.52%;--awb-margin-bottom-large:20px;--awb-spacing-left-large:11.52%;--awb-width-medium:16.666666666667%;--awb-order-medium:0;--awb-spacing-right-medium:11.52%;--awb-spacing-left-medium:11.52%;--awb-width-small:100%;--awb-order-small:0;--awb-spacing-right-small:1.92%;--awb-spacing-left-small:1.92%;\"><div class=\"fusion-column-wrapper fusion-column-has-shadow fusion-flex-justify-content-flex-start fusion-content-layout-column\"><\/div><\/div><div class=\"fusion-layout-column fusion_builder_column fusion-builder-column-1 fusion_builder_column_2_3 2_3 fusion-flex-column\" style=\"--awb-bg-size:cover;--awb-width-large:66.666666666667%;--awb-margin-top-large:0px;--awb-spacing-right-large:2.88%;--awb-margin-bottom-large:2%;--awb-spacing-left-large:2.88%;--awb-width-medium:66.666666666667%;--awb-order-medium:0;--awb-spacing-right-medium:2.88%;--awb-spacing-left-medium:2.88%;--awb-width-small:100%;--awb-order-small:0;--awb-spacing-right-small:1.92%;--awb-spacing-left-small:1.92%;\"><div class=\"fusion-column-wrapper fusion-column-has-shadow fusion-flex-justify-content-flex-start fusion-content-layout-column\"><div class=\"fusion-title title fusion-title-1 fusion-sep-none fusion-title-center fusion-title-text fusion-title-size-two\" style=\"--awb-text-color:#705238;\"><h2 class=\"fusion-title-heading title-heading-center fusion-responsive-typography-calculated\" style=\"margin:0;--fontSize:40;line-height:1.2;\">International cooperation<\/h2><\/div><div class=\"fusion-separator\" style=\"align-self: center;margin-left: auto;margin-right: auto;margin-bottom:30px;width:100%;max-width:100px;\"><div class=\"fusion-separator-border sep-single sep-solid\" style=\"--awb-height:20px;--awb-amount:20px;--awb-sep-color:#22ad22;border-color:#22ad22;border-top-width:2px;\"><\/div><\/div><\/div><\/div><div class=\"fusion-layout-column fusion_builder_column fusion-builder-column-2 fusion_builder_column_1_6 1_6 fusion-flex-column fusion-no-small-visibility fusion-no-medium-visibility\" style=\"--awb-bg-size:cover;--awb-width-large:16.666666666667%;--awb-margin-top-large:0px;--awb-spacing-right-large:11.52%;--awb-margin-bottom-large:20px;--awb-spacing-left-large:11.52%;--awb-width-medium:16.666666666667%;--awb-order-medium:0;--awb-spacing-right-medium:11.52%;--awb-spacing-left-medium:11.52%;--awb-width-small:100%;--awb-order-small:0;--awb-spacing-right-small:1.92%;--awb-spacing-left-small:1.92%;\"><div class=\"fusion-column-wrapper fusion-column-has-shadow fusion-flex-justify-content-flex-start fusion-content-layout-column\"><\/div><\/div><div class=\"fusion-layout-column fusion_builder_column fusion-builder-column-3 fusion_builder_column_1_6 1_6 fusion-flex-column\" style=\"--awb-bg-size:cover;--awb-width-large:16.666666666667%;--awb-margin-top-large:0px;--awb-spacing-right-large:11.52%;--awb-margin-bottom-large:20px;--awb-spacing-left-large:11.52%;--awb-width-medium:16.666666666667%;--awb-order-medium:0;--awb-spacing-right-medium:11.52%;--awb-spacing-left-medium:11.52%;--awb-width-small:100%;--awb-order-small:0;--awb-spacing-right-small:1.92%;--awb-spacing-left-small:1.92%;\"><div class=\"fusion-column-wrapper fusion-column-has-shadow fusion-flex-justify-content-flex-start fusion-content-layout-column\"><\/div><\/div><div class=\"fusion-layout-column fusion_builder_column fusion-builder-column-4 fusion_builder_column_2_3 2_3 fusion-flex-column fusion-flex-align-self-center\" style=\"--awb-padding-top:20px;--awb-padding-right:20px;--awb-padding-left:20px;--awb-bg-image:linear-gradient(180deg, #22ad22 0%,#705238 100%);--awb-bg-size:cover;--awb-width-large:66.666666666667%;--awb-margin-top-large:0px;--awb-spacing-right-large:2.88%;--awb-margin-bottom-large:20px;--awb-spacing-left-large:2.88%;--awb-width-medium:66.666666666667%;--awb-order-medium:0;--awb-spacing-right-medium:2.88%;--awb-spacing-left-medium:2.88%;--awb-width-small:100%;--awb-order-small:0;--awb-spacing-right-small:1.92%;--awb-spacing-left-small:1.92%;\"><div class=\"fusion-column-wrapper fusion-column-has-shadow fusion-flex-justify-content-center fusion-content-layout-column\"><div class=\"awb-gallery-wrapper awb-gallery-wrapper-1 button-span-no\"><div style=\"margin:-10px;--awb-bordersize:0px;\" class=\"fusion-gallery fusion-gallery-container fusion-grid-3 fusion-columns-total-3 fusion-gallery-layout-grid fusion-gallery-1\"><div style=\"padding:10px;\" class=\"fusion-grid-column fusion-gallery-column fusion-gallery-column-3 hover-type-none\"><div class=\"fusion-gallery-image\"><a href=\"https:\/\/www.tf.uns.ac.rs\/en#lat\" rel=\"noreferrer\" data-rel=\"iLightbox[gallery_image_1]\" class=\"fusion-lightbox\" target=\"_blank\"><img decoding=\"async\" src=\"https:\/\/www.ptfos.unios.hr\/ImoLipWaste\/wp-content\/uploads\/2022\/01\/logo-b-eng.png\" width=\"300\" height=\"120\" alt=\"\" title=\"logo-b-eng\" aria-label=\"logo-b-eng\" class=\"img-responsive wp-image-3952\" srcset=\"https:\/\/www.ptfos.unios.hr\/ImoLipWaste\/wp-content\/uploads\/2022\/01\/logo-b-eng-200x80.png 200w, https:\/\/www.ptfos.unios.hr\/ImoLipWaste\/wp-content\/uploads\/2022\/01\/logo-b-eng.png 300w\" sizes=\"(min-width: 2200px) 100vw, (min-width: 864px) 410px, (min-width: 752px) 615px, (min-width: 640px) 752px, \" \/><\/a><\/div><\/div><div style=\"padding:10px;\" class=\"fusion-grid-column fusion-gallery-column fusion-gallery-column-3 hover-type-none\"><div class=\"fusion-gallery-image\"><a href=\"https:\/\/biosens.rs\/en\" rel=\"noreferrer\" data-rel=\"iLightbox[gallery_image_1]\" class=\"fusion-lightbox\" target=\"_blank\"><img decoding=\"async\" src=\"https:\/\/www.ptfos.unios.hr\/ImoLipWaste\/wp-content\/uploads\/2022\/01\/logo_bios_transparent.png\" width=\"2836\" height=\"1029\" alt=\"\" title=\"logo_bios_transparent\" aria-label=\"logo_bios_transparent\" class=\"img-responsive wp-image-3985\" srcset=\"https:\/\/www.ptfos.unios.hr\/ImoLipWaste\/wp-content\/uploads\/2022\/01\/logo_bios_transparent-200x73.png 200w, https:\/\/www.ptfos.unios.hr\/ImoLipWaste\/wp-content\/uploads\/2022\/01\/logo_bios_transparent-400x145.png 400w, https:\/\/www.ptfos.unios.hr\/ImoLipWaste\/wp-content\/uploads\/2022\/01\/logo_bios_transparent-600x218.png 600w, https:\/\/www.ptfos.unios.hr\/ImoLipWaste\/wp-content\/uploads\/2022\/01\/logo_bios_transparent-800x290.png 800w, https:\/\/www.ptfos.unios.hr\/ImoLipWaste\/wp-content\/uploads\/2022\/01\/logo_bios_transparent-1200x435.png 1200w, https:\/\/www.ptfos.unios.hr\/ImoLipWaste\/wp-content\/uploads\/2022\/01\/logo_bios_transparent.png 2836w\" sizes=\"(min-width: 2200px) 100vw, (min-width: 864px) 410px, (min-width: 752px) 615px, (min-width: 640px) 752px, \" \/><\/a><\/div><\/div><div style=\"padding:10px;\" class=\"fusion-grid-column fusion-gallery-column fusion-gallery-column-3 hover-type-none\"><div class=\"fusion-gallery-image\"><a href=\"https:\/\/hessel-group.com.au\" rel=\"noreferrer\" data-rel=\"iLightbox[gallery_image_1]\" class=\"fusion-lightbox\" target=\"_blank\"><img decoding=\"async\" src=\"https:\/\/www.ptfos.unios.hr\/ImoLipWaste\/wp-content\/uploads\/2022\/01\/University_Adelaide.png\" width=\"400\" height=\"122\" alt=\"\" title=\"University_Adelaide\" aria-label=\"University_Adelaide\" class=\"img-responsive wp-image-3951\" srcset=\"https:\/\/www.ptfos.unios.hr\/ImoLipWaste\/wp-content\/uploads\/2022\/01\/University_Adelaide-200x61.png 200w, https:\/\/www.ptfos.unios.hr\/ImoLipWaste\/wp-content\/uploads\/2022\/01\/University_Adelaide.png 400w\" sizes=\"(min-width: 2200px) 100vw, (min-width: 864px) 410px, (min-width: 752px) 615px, (min-width: 640px) 752px, \" \/><\/a><\/div><\/div><div class=\"clearfix\"><\/div><\/div><\/div><\/div><\/div><div class=\"fusion-layout-column fusion_builder_column fusion-builder-column-5 fusion_builder_column_1_6 1_6 fusion-flex-column\" style=\"--awb-bg-size:cover;--awb-width-large:16.666666666667%;--awb-margin-top-large:0px;--awb-spacing-right-large:11.52%;--awb-margin-bottom-large:20px;--awb-spacing-left-large:11.52%;--awb-width-medium:16.666666666667%;--awb-order-medium:0;--awb-spacing-right-medium:11.52%;--awb-spacing-left-medium:11.52%;--awb-width-small:100%;--awb-order-small:0;--awb-spacing-right-small:1.92%;--awb-spacing-left-small:1.92%;\"><div class=\"fusion-column-wrapper fusion-column-has-shadow fusion-flex-justify-content-flex-start fusion-content-layout-column\"><\/div><\/div><div class=\"fusion-layout-column fusion_builder_column fusion-builder-column-6 fusion_builder_column_1_1 1_1 fusion-flex-column\" style=\"--awb-bg-size:cover;--awb-width-large:100%;--awb-margin-top-large:0px;--awb-spacing-right-large:1.92%;--awb-margin-bottom-large:20px;--awb-spacing-left-large:1.92%;--awb-width-medium:100%;--awb-order-medium:0;--awb-spacing-right-medium:1.92%;--awb-spacing-left-medium:1.92%;--awb-width-small:100%;--awb-order-small:0;--awb-spacing-right-small:1.92%;--awb-spacing-left-small:1.92%;\"><div class=\"fusion-column-wrapper fusion-column-has-shadow fusion-flex-justify-content-flex-start fusion-content-layout-column\">\n<div class=\"table-1\">\n<table style=\"width: 100%; height: 96px;\" width=\"100%\">\n<thead>\n<tr style=\"height: 24px;\">\n<th style=\"height: 24px; text-align: justify;\" align=\"left\">Incoming mobility<\/th>\n<\/tr>\n<\/thead>\n<tbody>\n<tr>\n<td>\n<ul>\n<li>1. 3.-1. 4. 2023, <span class=\"VIiyi\" lang=\"en\"><span class=\"JLqJ4b ChMk0b\" data-language-for-alternatives=\"en\" data-language-to-translate-into=\"hr\" data-phrase-index=\"1\" data-number-of-phrases=\"5\">University of Novi Sad, Faculty of Technology, Novi Sad, Serbia.<\/span> Within the CEEPUS teacher mobility, <strong>Miljana Djordjevic<\/strong><span class=\"JLqJ4b ChMk0b\" data-language-for-alternatives=\"en\" data-language-to-translate-into=\"hr\" data-phrase-index=\"4\" data-number-of-phrases=\"5\">, PhD, was involved in professional training in the field of applied biotechnology at the Faculty of Food Technology Osijek.<\/span><\/span><\/li>\n<\/ul>\n<\/td>\n<\/tr>\n<tr style=\"height: 24px; text-align: justify;\">\n<td style=\"height: 24px;\" align=\"left\">\n<ul>\n<li><span class=\"VIiyi\" lang=\"en\"><span class=\"JLqJ4b ChMk0b\" data-language-for-alternatives=\"en\" data-language-to-translate-into=\"hr\" data-phrase-index=\"0\" data-number-of-phrases=\"5\">4. 10.-26.<\/span> <span class=\"JLqJ4b ChMk0b\" data-language-for-alternatives=\"en\" data-language-to-translate-into=\"hr\" data-phrase-index=\"1\" data-number-of-phrases=\"5\">10. 2021, University of Novi Sad, Faculty of Technology, Novi Sad, Serbia.<\/span>\u00a0<span class=\"JLqJ4b ChMk0b\" data-language-for-alternatives=\"en\" data-language-to-translate-into=\"hr\" data-phrase-index=\"4\" data-number-of-phrases=\"5\"><strong>Zita \u0160ere\u0161<\/strong>, full professor, within the CEEPUS teacher mobility, held several lectures on techniques of microfiltration of wastewater and valorization of waste as an adsorbent.<\/span><\/span><\/li>\n<\/ul>\n<\/td>\n<\/tr>\n<tr style=\"height: 24px; text-align: justify;\">\n<td style=\"height: 24px;\" align=\"left\">\n<ul>\n<li>1.9.-30.9.2021, Slovak University of Technology in Bratislava, Institute of Biotechnology, Faculty of Chemical and Food Technology, Bratislava, Slovakia. <span class=\"VIiyi\" lang=\"en\"><span class=\"JLqJ4b ChMk0b\" data-language-for-alternatives=\"en\" data-language-to-translate-into=\"hr\" data-phrase-index=\"0\">As part of CEEPUS mobility, <\/span><\/span><strong>Ema Ondrejkov\u00e1<\/strong>, ing., <span class=\"VIiyi\" lang=\"en\"><span class=\"JLqJ4b ChMk0b\" data-language-for-alternatives=\"en\" data-language-to-translate-into=\"hr\" data-phrase-index=\"0\">trained in the field of applied biotechnology within the ImoLipWaste project<\/span><\/span><strong><span class=\"VIiyi\" lang=\"en\"><span class=\"JLqJ4b ChMk0b\" data-language-for-alternatives=\"en\" data-language-to-translate-into=\"hr\" data-phrase-index=\"0\">.<\/span><\/span><\/strong><\/li>\n<\/ul>\n<\/td>\n<\/tr>\n<tr style=\"height: 24px;\">\n<td style=\"height: 24px;\" align=\"left\">\n<ul>\n<li style=\"text-align: justify;\">1.9.-30.9.2021, Slovak University of Technology in Bratislava, Institute of Biotechnology, Faculty of Chemical and Food Technology, Bratislava, Slovakia. <span class=\"VIiyi\" lang=\"en\"><span class=\"JLqJ4b ChMk0b\" data-language-for-alternatives=\"en\" data-language-to-translate-into=\"hr\" data-phrase-index=\"0\">As part of CEEPUS mobility, <\/span><\/span><strong>Dominika \u0160ilh\u00e1rov\u00e1<\/strong>, ing., <span class=\"VIiyi\" lang=\"en\"><span class=\"JLqJ4b ChMk0b\" data-language-for-alternatives=\"en\" data-language-to-translate-into=\"hr\" data-phrase-index=\"0\">trained in the field of applied biotechnology within the ImoLipWaste project<\/span><\/span><strong><span class=\"VIiyi\" lang=\"en\"><span class=\"JLqJ4b ChMk0b\" data-language-for-alternatives=\"en\" data-language-to-translate-into=\"hr\" data-phrase-index=\"0\">.<\/span><\/span><\/strong><\/li>\n<\/ul>\n<\/td>\n<\/tr>\n<\/tbody>\n<\/table>\n<\/div>\n<div class=\"fusion-separator\" style=\"align-self: center;margin-left: auto;margin-right: auto;margin-bottom:30px;width:100%;max-width:100px;\"><\/div>\n<div class=\"table-1\">\n<table style=\"width: 99.6838%;\" width=\"100%\">\n<thead>\n<tr>\n<th style=\"text-align: justify;\" align=\"left\">Outgoing mobility<\/th>\n<\/tr>\n<\/thead>\n<tbody>\n<tr style=\"text-align: justify;\">\n<td>\n<ul>\n<li><span class=\"VIiyi\" lang=\"en\"><span class=\"JLqJ4b ChMk0b\" data-language-for-alternatives=\"en\" data-language-to-translate-into=\"hr\" data-phrase-index=\"0\" data-number-of-phrases=\"4\">5. 11.-2.<\/span> <span class=\"JLqJ4b ChMk0b\" data-language-for-alternatives=\"en\" data-language-to-translate-into=\"hr\" data-phrase-index=\"1\" data-number-of-phrases=\"4\">12. 2021, University of Novi Sad, Faculty of Technology Novi Sad, Novi Sad, Serbia.<\/span> <span class=\"JLqJ4b ChMk0b\" data-language-for-alternatives=\"en\" data-language-to-translate-into=\"hr\" data-phrase-index=\"2\" data-number-of-phrases=\"4\"><strong>Marta Ostoj\u010di\u0107<\/strong>, MSc.<\/span><span class=\"JLqJ4b ChMk0b\" data-language-for-alternatives=\"en\" data-language-to-translate-into=\"hr\" data-phrase-index=\"3\" data-number-of-phrases=\"4\">, specialized in the field of electron microscopy (SEM) and granulometric analysis of samples.<\/span><\/span><\/li>\n<\/ul>\n<\/td>\n<\/tr>\n<tr style=\"text-align: justify;\">\n<td>\n<ul>\n<li><span class=\"VIiyi\" lang=\"en\"><span class=\"JLqJ4b ChMk0b\" data-language-for-alternatives=\"en\" data-language-to-translate-into=\"hr\" data-phrase-index=\"0\" data-number-of-phrases=\"5\">5. 11.-26.<\/span> <span class=\"JLqJ4b ChMk0b\" data-language-for-alternatives=\"en\" data-language-to-translate-into=\"hr\" data-phrase-index=\"1\" data-number-of-phrases=\"5\">11. 2021, University of Novi Sad, Faculty of Technology Novi Sad, Novi Sad, Serbia.<\/span>\u00a0<span class=\"JLqJ4b ChMk0b\" data-language-for-alternatives=\"en\" data-language-to-translate-into=\"hr\" data-phrase-index=\"4\" data-number-of-phrases=\"5\"><strong>Marija Stjepanovi\u0107<\/strong>, assistant professor, held 18 hours of lectures in the field of wastewater treatment and the use of biosorbents for the removal of emerging pollutants.<\/span><\/span><\/li>\n<\/ul>\n<\/td>\n<\/tr>\n<tr style=\"text-align: justify;\">\n<td align=\"left\">\n<ul>\n<li><span class=\"VIiyi\" lang=\"en\"><span class=\"JLqJ4b ChMk0b\" data-language-for-alternatives=\"en\" data-language-to-translate-into=\"hr\" data-phrase-index=\"0\" data-number-of-phrases=\"5\">5. 11.-26.<\/span> <span class=\"JLqJ4b ChMk0b\" data-language-for-alternatives=\"en\" data-language-to-translate-into=\"hr\" data-phrase-index=\"1\" data-number-of-phrases=\"5\">11. 2021, University of Novi Sad, Faculty of Technology Novi Sad, Novi Sad, Serbia.<\/span>\u00a0<span class=\"JLqJ4b ChMk0b\" data-language-for-alternatives=\"en\" data-language-to-translate-into=\"hr\" data-phrase-index=\"4\" data-number-of-phrases=\"5\"><strong>Ivica Strelec<\/strong>, full professor, gave 18 hours of lectures in the field of modern achievements and challenges of effective enzyme immobilization.<\/span><\/span><\/li>\n<\/ul>\n<\/td>\n<\/tr>\n<tr style=\"text-align: justify;\">\n<td align=\"left\">\n<ul>\n<li><span class=\"VIiyi\" lang=\"en\"><span class=\"JLqJ4b ChMk0b\" data-language-for-alternatives=\"en\" data-language-to-translate-into=\"hr\" data-phrase-index=\"0\" data-number-of-phrases=\"5\">5. 11.-26.<\/span> <span class=\"JLqJ4b ChMk0b\" data-language-for-alternatives=\"en\" data-language-to-translate-into=\"hr\" data-phrase-index=\"1\" data-number-of-phrases=\"5\">11. 2021, University of Novi Sad, Faculty of Technology Novi Sad, Novi Sad, Serbia.<\/span> <strong>Sandra Bud\u017eaki<\/strong>, full professor, a<span class=\"JLqJ4b ChMk0b\" data-language-for-alternatives=\"en\" data-language-to-translate-into=\"hr\" data-phrase-index=\"4\" data-number-of-phrases=\"5\">s part of the CEEPUS teacher mobility, held 18 hours of lectures in the field of innovative waste treatment techniques in order to obtain functional materials and their possible application in various industries.<\/span><\/span><\/li>\n<\/ul>\n<\/td>\n<\/tr>\n<tr style=\"text-align: justify;\">\n<td>\n<ul>\n<li>25. 6.-15. 7. 2021, University of Novi Sad, Faculty of Technology Novi Sad, Novi Sad, Serbia. <strong>Marta Ostoj\u010di\u0107<\/strong>, MSc., was trained in the field of work on electron microscope (SEM) on samples obtained from waste: egg shells, egg membranes, coffee grounds and onion shells. Since she is a member of the research team of the project &#8220;Immobilization of Lipases on Functionalised Carriers Produced from Selected Agro-Food Industrial Waste&#8221;, she participated in other activities related to the project at the Faculty of Technology Novi Sad.<\/li>\n<\/ul>\n<\/td>\n<\/tr>\n<tr style=\"text-align: justify;\">\n<td>\n<ul>\n<li>25. 6.-15. 7. 2021, University of Novi Sad, Faculty of Technology Novi Sad, Novi Sad, Serbia. <strong>Ivica Strelec<\/strong>, full professor, gave 18 hours of lectures on the topic of enzyme immobilization techniques, alternative carriers for immobilization based on waste from the agri-food industry as well as techniques for purification of proteins obtained also from the agri-food industry waste. Since he is a member of the research team of the project &#8220;Immobilization of Lipases on Functionalised Carriers Produced from Selected Agro-Food Industrial Waste&#8221;, he participated in other activities related to the project at the Faculty of Technology Novi Sad<\/li>\n<\/ul>\n<\/td>\n<\/tr>\n<tr>\n<td>\n<ul>\n<li style=\"text-align: justify;\">25. 6.-15. 7. 2021, University of Novi Sad, Faculty of Technology Novi Sad, Novi Sad, Serbia. <strong>Sandra Bud\u017eaki<\/strong>, full professor, as project leader gave 18 hours of lectures on the topic of the project &#8220;Immobilization of Lipases on Functionalised Carriers Produced from Selected Agro-Food Industrial Waste&#8221; to students at the Faculty of Technology Novi Sad and held a meeting with project team members from the Faculty of Technology on current and future project activities. Since she is also the coordinator of the CEEPUS network for PTFOS &#8220;CIII-HR-0306-13-2021&#8221; For Safe and Healthy Food in Middle-Europe &#8220;, her activities at the Faculty of Technology Novi Sad consisted of meetings and presentations of previous and upcoming activities within the joint Joint Program &#8220;Potential of utilization of agro-food industry waste for production of high value products&#8221; and motivation of students and teachers for future cooperation between the two institutions<\/li>\n<\/ul>\n<\/td>\n<\/tr>\n<\/tbody>\n<\/table>\n<\/div>\n<\/div><\/div><\/div><\/div>\n","protected":false},"excerpt":{"rendered":"","protected":false},"author":1,"featured_media":0,"parent":0,"menu_order":0,"comment_status":"closed","ping_status":"closed","template":"100-width.php","meta":[],"_links":{"self":[{"href":"https:\/\/www.ptfos.unios.hr\/ImoLipWaste\/index.php?rest_route=\/wp\/v2\/pages\/3148"}],"collection":[{"href":"https:\/\/www.ptfos.unios.hr\/ImoLipWaste\/index.php?rest_route=\/wp\/v2\/pages"}],"about":[{"href":"https:\/\/www.ptfos.unios.hr\/ImoLipWaste\/index.php?rest_route=\/wp\/v2\/types\/page"}],"author":[{"embeddable":true,"href":"https:\/\/www.ptfos.unios.hr\/ImoLipWaste\/index.php?rest_route=\/wp\/v2\/users\/1"}],"replies":[{"embeddable":true,"href":"https:\/\/www.ptfos.unios.hr\/ImoLipWaste\/index.php?rest_route=%2Fwp%2Fv2%2Fcomments&post=3148"}],"version-history":[{"count":17,"href":"https:\/\/www.ptfos.unios.hr\/ImoLipWaste\/index.php?rest_route=\/wp\/v2\/pages\/3148\/revisions"}],"predecessor-version":[{"id":4161,"href":"https:\/\/www.ptfos.unios.hr\/ImoLipWaste\/index.php?rest_route=\/wp\/v2\/pages\/3148\/revisions\/4161"}],"wp:attachment":[{"href":"https:\/\/www.ptfos.unios.hr\/ImoLipWaste\/index.php?rest_route=%2Fwp%2Fv2%2Fmedia&parent=3148"}],"curies":[{"name":"wp","href":"https:\/\/api.w.org\/{rel}","templated":true}]}}