{"id":3178,"date":"2021-06-27T14:47:33","date_gmt":"2021-06-27T12:47:33","guid":{"rendered":"http:\/\/www.ptfos.unios.hr\/ImoLipWaste\/?page_id=3178"},"modified":"2026-02-13T13:58:45","modified_gmt":"2026-02-13T12:58:45","slug":"participate-in-rallies","status":"publish","type":"page","link":"https:\/\/www.ptfos.unios.hr\/ImoLipWaste\/?page_id=3178&lang=en","title":{"rendered":"Conferences"},"content":{"rendered":"<div class=\"fusion-fullwidth fullwidth-box fusion-builder-row-1 fusion-flex-container nonhundred-percent-fullwidth non-hundred-percent-height-scrolling\" style=\"--awb-border-radius-top-left:0px;--awb-border-radius-top-right:0px;--awb-border-radius-bottom-right:0px;--awb-border-radius-bottom-left:0px;--awb-background-color:#f8f8f8;--awb-flex-wrap:wrap;\" ><div class=\"fusion-builder-row fusion-row fusion-flex-align-items-flex-start fusion-flex-content-wrap\" style=\"max-width:1300px;margin-left: calc(-4% \/ 2 );margin-right: calc(-4% \/ 2 );\"><div class=\"fusion-layout-column fusion_builder_column fusion-builder-column-0 fusion_builder_column_1_6 1_6 fusion-flex-column fusion-no-small-visibility fusion-no-medium-visibility\" style=\"--awb-bg-size:cover;--awb-width-large:16.666666666667%;--awb-margin-top-large:0px;--awb-spacing-right-large:11.52%;--awb-margin-bottom-large:20px;--awb-spacing-left-large:11.52%;--awb-width-medium:16.666666666667%;--awb-order-medium:0;--awb-spacing-right-medium:11.52%;--awb-spacing-left-medium:11.52%;--awb-width-small:100%;--awb-order-small:0;--awb-spacing-right-small:1.92%;--awb-spacing-left-small:1.92%;\"><div class=\"fusion-column-wrapper fusion-column-has-shadow fusion-flex-justify-content-flex-start fusion-content-layout-column\"><\/div><\/div><div class=\"fusion-layout-column fusion_builder_column fusion-builder-column-1 fusion_builder_column_2_3 2_3 fusion-flex-column\" style=\"--awb-bg-size:cover;--awb-width-large:66.666666666667%;--awb-margin-top-large:0px;--awb-spacing-right-large:2.88%;--awb-margin-bottom-large:2%;--awb-spacing-left-large:2.88%;--awb-width-medium:66.666666666667%;--awb-order-medium:0;--awb-spacing-right-medium:2.88%;--awb-spacing-left-medium:2.88%;--awb-width-small:100%;--awb-order-small:0;--awb-spacing-right-small:1.92%;--awb-spacing-left-small:1.92%;\"><div class=\"fusion-column-wrapper fusion-column-has-shadow fusion-flex-justify-content-flex-start fusion-content-layout-column\"><div class=\"fusion-title title fusion-title-1 fusion-sep-none fusion-title-center fusion-title-text fusion-title-size-two\" style=\"--awb-text-color:#705238;\"><h2 class=\"fusion-title-heading title-heading-center fusion-responsive-typography-calculated\" style=\"margin:0;--fontSize:40;line-height:1.2;\">Conferences<\/h2><\/div><div class=\"fusion-separator\" style=\"align-self: center;margin-left: auto;margin-right: auto;margin-bottom:30px;width:100%;max-width:100px;\"><div class=\"fusion-separator-border sep-single sep-solid\" style=\"--awb-height:20px;--awb-amount:20px;--awb-sep-color:#22ad22;border-color:#22ad22;border-top-width:2px;\"><\/div><\/div><\/div><\/div><div class=\"fusion-layout-column fusion_builder_column fusion-builder-column-2 fusion_builder_column_1_6 1_6 fusion-flex-column fusion-no-small-visibility fusion-no-medium-visibility\" style=\"--awb-bg-size:cover;--awb-width-large:16.666666666667%;--awb-margin-top-large:0px;--awb-spacing-right-large:11.52%;--awb-margin-bottom-large:20px;--awb-spacing-left-large:11.52%;--awb-width-medium:16.666666666667%;--awb-order-medium:0;--awb-spacing-right-medium:11.52%;--awb-spacing-left-medium:11.52%;--awb-width-small:100%;--awb-order-small:0;--awb-spacing-right-small:1.92%;--awb-spacing-left-small:1.92%;\"><div class=\"fusion-column-wrapper fusion-column-has-shadow fusion-flex-justify-content-flex-start fusion-content-layout-column\"><\/div><\/div><div class=\"fusion-layout-column fusion_builder_column fusion-builder-column-3 fusion_builder_column_1_1 1_1 fusion-flex-column\" style=\"--awb-bg-size:cover;--awb-width-large:100%;--awb-margin-top-large:0px;--awb-spacing-right-large:1.92%;--awb-margin-bottom-large:20px;--awb-spacing-left-large:1.92%;--awb-width-medium:100%;--awb-order-medium:0;--awb-spacing-right-medium:1.92%;--awb-spacing-left-medium:1.92%;--awb-width-small:100%;--awb-order-small:0;--awb-spacing-right-small:1.92%;--awb-spacing-left-small:1.92%;\"><div class=\"fusion-column-wrapper fusion-column-has-shadow fusion-flex-justify-content-flex-start fusion-content-layout-column\">\n<div class=\"table-1\">\n<table style=\"width: 98.6968%; height: 1291px;\" width=\"100%\">\n<thead>\n<tr style=\"height: 24px;\">\n<th style=\"width: 39.3814%; height: 24px;\" align=\"left\">Authors<\/th>\n<th style=\"width: 42.3735%; height: 24px;\" align=\"left\">Title<\/th>\n<th style=\"width: 9.99136%; height: 24px;\" align=\"left\">DOI \/ LINK<\/th>\n<\/tr>\n<\/thead>\n<tbody>\n<tr>\n<td style=\"width: 39.3814%;\">Stjepanovi\u0107, Marija; Veli\u0107, Natalija; Ostoj\u010di\u0107, Marta; Strelec, Ivica; Bud\u017eaki, Sandra<\/td>\n<td style=\"width: 42.3735%;\">Sustainable biocatalyst development for oil-contaminated wastewater pretreatment: immobilized lipase on eggshell-derived carriers. 25th European Meeting on Environmental Chemistry, 23-25 November 2025, Chania, Greece<\/td>\n<td style=\"width: 9.99136%;\">\n<p style=\"text-align: center;\"><a href=\"https:\/\/www.emec25.tuc.gr\/en\/home\">LINK<\/a><\/p>\n<\/td>\n<\/tr>\n<tr>\n<td style=\"width: 39.3814%;\">Ostoj\u010di\u0107, Marta; Stjepanovi\u0107, Marija; Bili\u0107 Rajs, Blanka; Strelec, Ivica; Veli\u0107, Natalija; Bud\u017eaki, Sandra<\/td>\n<td style=\"width: 42.3735%;\">Giving Eggshells a Second Life: A Waste-to-Value Approach to Cocoa Butter Substitutes. 25th European Meeting on Environmental Chemistry, 23-25 November 2025, Chania, Greece<\/td>\n<td style=\"width: 9.99136%;\">\n<p style=\"text-align: center;\"><a href=\"https:\/\/www.emec25.tuc.gr\/en\/home\">LINK<\/a><\/p>\n<\/td>\n<\/tr>\n<tr style=\"height: 75px;\">\n<td style=\"width: 39.3814%; height: 75px;\">Bud\u017eaki, Sandra; Ostoj\u010di\u0107, Marta; Stjepanovi\u0107, Marija; Veli\u0107, Natalija; Strelec Ivica<\/td>\n<td style=\"width: 42.3735%; height: 75px;\">From waste to value: Converting eggshells into calcium salts, egg white proteins, and eggshell membranes. 3<sup>rd<\/sup> Greenering International Conference. February 12-14, 2025, Abu Dhabi, UAE<\/td>\n<td style=\"width: 9.99136%; height: 75px;\">\n<p style=\"text-align: center;\"><a href=\"https:\/\/greenering.org\/greenering-conference.html\">LINK<\/a><\/p>\n<\/td>\n<\/tr>\n<tr style=\"height: 75px;\">\n<td style=\"width: 39.3814%; height: 75px;\">Ostoj\u010di\u0107, Marta; Stjepanovi\u0107, Marija; Strelec, Ivica, Bud\u017eaki, Sandra<\/td>\n<td style=\"width: 42.3735%; height: 75px;\">Immobilization of\u00a0<em>Burkholderia cepacia<\/em>\u00a0on eggshell membrane based carriers. 24<sup>th<\/sup> European Meeting on Environmental Chemistry (EMEC24). November 26-29, 2024, Alicante, Spain<\/td>\n<td style=\"width: 9.99136%; height: 75px;\">\n<p style=\"text-align: center;\"><a href=\"https:\/\/emec24.es\/\">LINK<\/a><\/p>\n<\/td>\n<\/tr>\n<tr style=\"height: 75px;\">\n<td style=\"width: 39.3814%; height: 75px;\">Stjepanovi\u0107, Marija; Veli\u0107, Natalija; Ostoj\u010di\u0107, Marta; Maravi\u0107, Nikola; \u0160ere\u0161, Zita; Bud\u017eaki, Sandra<\/td>\n<td style=\"width: 42.3735%; height: 75px;\">Application of hydrolytic enzymes for the removal of fats and oils from wastewater. 24<sup>th<\/sup> European Meeting on Environmental Chemistry (EMEC24). November 26-29, 2024, Alicante, Spain<\/td>\n<td style=\"width: 9.99136%; height: 75px;\">\n<p style=\"text-align: center;\"><a href=\"https:\/\/emec24.es\/\">LINK<\/a><\/p>\n<\/td>\n<\/tr>\n<tr style=\"height: 56px;\">\n<td style=\"width: 39.3814%; height: 56px;\">Ostoj\u010di\u0107, Marta; Stjepanovi\u0107, Marija; Brekalo, Mirna; Strelec, Ivica; Bud\u017eaki, Sandra; \u0160ubari\u0107, Drago<\/td>\n<td style=\"width: 42.3735%; height: 56px;\">Chicken Egg White Lysozyme. 4<sup>th<\/sup> International Conference Food Industry By-Products. June, 6-7, 2024, Osijek, Croatia<\/td>\n<td style=\"width: 9.99136%; height: 56px;\">\n<p style=\"text-align: center;\"><a href=\"http:\/\/www.ptfos.unios.hr\/FIB_CONFERENCE\/\">LINK<\/a><\/p>\n<\/td>\n<\/tr>\n<tr style=\"height: 72px;\">\n<td style=\"width: 39.3814%; height: 72px;\">Veli\u0107, Natalija; Stjepanovi\u0107, Marija; Vukoje, Jelena; Goren\u0161ek, Janez; Bud\u017eaki, Sandra; Ostoj\u010di\u0107, Marta<\/td>\n<td style=\"width: 42.3735%; height: 72px;\">Inactive Biomass of the Fungus <em>Ganoderma applanatum<\/em> And its Biosorption potential for Removing Malachite Green from Wastewater. 2nd TwiNSol-CECs Workshop. June, 6-7, 2024, Novi Sad, Serbia<\/td>\n<td style=\"width: 9.99136%; height: 72px;\">\n<p style=\"text-align: center;\"><a href=\"https:\/\/twinsol-cecs.com\/index.php\/news-events\/50-2nd-twinsol-cecs-workshop\">LINK<\/a><\/p>\n<\/td>\n<\/tr>\n<tr style=\"height: 72px;\">\n<td style=\"width: 39.3814%; height: 72px;\">Stjepanovi\u0107, Marija; \u0160varc, Helena; Ostoj\u010di\u0107, Marta; Bud\u017eaki, Sandra; Veli\u0107, Natalija<\/td>\n<td style=\"width: 42.3735%; height: 72px;\">Eggshell: Potential Biosorbent for Synthetic Dyes Removal from Wastewater. 10. me\u0111unarodnio znanstveno stru\u010dni skup Voda za sve. March, 20-22, 2024, Plitvice Lakes, Croatia<\/td>\n<td style=\"width: 9.99136%; height: 72px;\">\n<p style=\"text-align: center;\"><a href=\"http:\/\/www.ptfos.unios.hr\/voda\/\">LINK<\/a><\/p>\n<\/td>\n<\/tr>\n<tr style=\"height: 75px;\">\n<td style=\"width: 39.3814%; height: 75px;\">Brekalo, Mirna; Ze\u0107iri Muhamed; Aladi\u0107, Krunoslav; \u0160ubari\u0107 Drago; Jakobek, Lidija; Strelec, Ivica; Bud\u017eaki, Sandra<\/td>\n<td style=\"width: 42.3735%; height: 75px;\">Brown Onion Skin as a Source of Quercetin. 14<sup>th<\/sup> International Scientific and Professional Conference With Food to Health. September, 14-15, 2023, Osijek, Croatia<\/td>\n<td style=\"width: 9.99136%; height: 75px;\">\n<p style=\"text-align: center;\"><a href=\"http:\/\/www.ptfos.unios.hr\/Hranom_Do_Zdravlja\/\">LINK<\/a><\/p>\n<\/td>\n<\/tr>\n<tr style=\"height: 123px;\">\n<td style=\"width: 39.3814%; height: 123px;\">Ostoj\u010di\u0107, Marta; Bili\u0107 Rajs, Blanka; Ti\u0161ma, Marina; Bud\u017eaki, Sandra; Strelec, Ivica<\/td>\n<td style=\"width: 42.3735%; height: 123px;\">Effect of process parameters on biodiesel production from edible and waste oils by\u00a0<em>Burkholderia cepacia<\/em>\u00a0lipase. 4<sup>th<\/sup> International Conference on Bioresource Technology for Bioenergy, Bioproducts and Environmental Sustainability (BIORESTEC). May 14-17, 2023, Lake Garda, Italy<\/td>\n<td style=\"width: 9.99136%; height: 123px;\">\n<p style=\"text-align: center;\"><a href=\"https:\/\/www.elsevier.com\/events\/conferences\/international-conference-on-bioresource-technology-for-bioenergy-bioproducts-and-environmental-sustainability\/programme\">LINK<\/a><\/p>\n<\/td>\n<\/tr>\n<tr style=\"height: 75px;\">\n<td style=\"width: 39.3814%; height: 75px;\">Strelec, Ivica; Aladi\u0107, Krunoslav; Ostoj\u010di\u0107, Marta; Harja, Sugato; Kim, Hoe-Joon; Maravi\u0107, Nikola; Stanojev, Jovana; Bud\u017eaki, Sandra<\/td>\n<td style=\"width: 42.3735%; height: 75px;\">A Step Toward Complete Utilization of Eggshell Waste. 2<sup>nd<\/sup> International Conference on Advanced Production and Processing. October 20-22, 2022, Novi Sad, Serbia<\/td>\n<td style=\"width: 9.99136%; height: 75px;\">\n<p style=\"text-align: center;\"><a href=\"https:\/\/www.iseki-food.net\/events\/2nd-international-conference-advanced-production-and-processing-icapp\">LINK<\/a><\/p>\n<\/td>\n<\/tr>\n<tr style=\"height: 120px;\">\n<td style=\"width: 39.3814%; height: 120px;\">Bud\u017eaki, Sandra; \u0160ere\u0161, Zita; Strelec, Ivica<\/td>\n<td style=\"width: 42.3735%; height: 120px;\">Immobilization of Lipases on Functionalised Carriers Produced from Selected Agro-food Industrial Waste. 1st TwiNSol-CECs Workshop Advance multicompound analyses and novel solutions for protection of environmental resources with contaminants of emerging concern in focus. October 20-21, 2022, Novi Sad, Serbia<\/td>\n<td style=\"width: 9.99136%; height: 120px;\">\n<p style=\"text-align: center;\"><a href=\"https:\/\/www.tf.uns.ac.rs\/en\/general-information-2022.html\">LINK<\/a><\/p>\n<\/td>\n<\/tr>\n<tr style=\"height: 104px;\">\n<td style=\"width: 39.3814%; height: 104px;\">\n<p style=\"text-align: justify;\">Brekalo, Mirna; Aladi\u0107, Krunoslav; Jakobek Barron, Lidija; Bili\u0107 Rajs Blanka; Stanojev, Jovana; Maravi\u0107, Nikola; Bud\u017eaki, Sandra; Strelec, Ivica<\/p>\n<\/td>\n<td style=\"width: 42.3735%; height: 104px;\">Transformation of Spent Coffee Grounds to High-Value Added Products. 19th Internation Conference Ru\u017ei\u010dka Days \u201cToday Science \u2013 Tomorrow Industry\u201d. September 21-23, 2022, Vukovar, Croatia<\/td>\n<td style=\"width: 9.99136%; height: 104px;\">\n<p style=\"text-align: center;\"><a href=\"https:\/\/www.ruzickadays.eu\/book_of_abstracts.html#gallery\">LINK<\/a><\/p>\n<\/td>\n<\/tr>\n<tr style=\"height: 75px;\">\n<td style=\"width: 39.3814%; height: 75px;\" align=\"left\">\n<p style=\"text-align: justify;\">Brekalo, Mirna; Stjepanovi\u0107, Marija; Srelec, Ivica; Bud\u017eaki, Sandra<\/p>\n<\/td>\n<td style=\"width: 42.3735%; height: 75px;\" align=\"left\">Transformation potential of waste onion biomass. 3<sup>rd<\/sup> International Conference \/ 3rd International Scientific and Professional Conference FOOD INDUSTRY BY-PRODUCTS. August 29, 2022, Osijek, Croatia<\/td>\n<td style=\"width: 9.99136%; height: 75px;\" align=\"left\">\n<p style=\"text-align: center;\"><a href=\"http:\/\/www.ptfos.unios.hr\/ImoLipWaste\/wp-content\/uploads\/2023\/07\/Zbornik-sazetaka_III.-FIB_2022-28-29.pdf\">LINK<\/a><\/p>\n<\/td>\n<\/tr>\n<tr style=\"height: 72px;\">\n<td style=\"width: 39.3814%; height: 72px;\">Ostoj\u010di\u0107, Marta; Bud\u017eaki, Sandra; Strelec, Ivica<\/td>\n<td style=\"width: 42.3735%; height: 72px;\">Characterization of lipases from Burkholderia cepacia and Pseudomonas fluorescens. 3rd Young Scientists\u2019 Day. November 30, 2021, Osijek, Croatia<\/td>\n<td style=\"width: 9.99136%; height: 72px;\">\n<p style=\"text-align: center;\"><a href=\"https:\/\/istrazivaci-os.com.hr\/wp-content\/uploads\/2021\/11\/3YSD-BookofABstracts.pdf\">LINK<\/a><\/p>\n<\/td>\n<\/tr>\n<tr style=\"height: 99px;\">\n<td style=\"width: 39.3814%; height: 99px;\">Kova\u010devi\u0107, Andreja, Ostoj\u010di\u0107, Marta; \u0160ere\u0161, Zita, Maravi\u0107, Nikola, Strelec, Ivica, Bud\u017eaki, Sandra<\/td>\n<td style=\"width: 42.3735%; height: 99px;\">Proximate analysis of selected agro-food industrial wastes: eggshells, spent coffee grounds and brown onion skin. 13<sup>th<\/sup> Scientific and Professional Conference With Food to Health. September 16-17, 2021, Osijek, Croatia<\/td>\n<td style=\"width: 9.99136%; height: 99px;\">\n<p style=\"text-align: center;\"><a href=\"http:\/\/www.ptfos.unios.hr\/Hranom_Do_Zdravlja\/wp-content\/uploads\/2021\/09\/Book-of-Abstracts_HDZ_2021.pdf\">LINK<\/a><\/p>\n<\/td>\n<\/tr>\n<tr style=\"height: 99px;\">\n<td style=\"width: 39.3814%; height: 99px;\">Bud\u017eaki, Sandra; Strelec, Ivica; Ostoj\u010di\u0107, Marta; Veli\u0107, Natalija; Stjepanovi\u0107, Marija; Bili\u0107 Rajs, Blanka; \u0160ere\u0161, Zita; Maravi\u0107, Nikola; Stanojev, Jovana; Hessel, Volker<\/td>\n<td style=\"width: 42.3735%; height: 99px;\">Immobilization of Lipases on Functionalised Carriers Produced from Selected Agro-Food Industrial Waste. 2<sup>nd<\/sup> International Conference \/ 2. me\u0111unarodni znanstveno-stru\u010dni skup FOOD INDUSTRY BY-PRODUCTS. June 6, 2021, Kopa\u010dki rit, Croatia<\/td>\n<td style=\"width: 9.99136%; height: 99px;\">\n<p style=\"text-align: center;\"><a href=\"http:\/\/www.ptfos.unios.hr\/FIB_CONFERENCE\/wp-content\/uploads\/2022\/04\/Zbornik-sazetaka_II.-FIB_2021.pdf\">LINK<\/a><\/p>\n<\/td>\n<\/tr>\n<\/tbody>\n<\/table>\n<\/div>\n<\/div><\/div><\/div><\/div>\n","protected":false},"excerpt":{"rendered":"","protected":false},"author":1,"featured_media":0,"parent":0,"menu_order":0,"comment_status":"closed","ping_status":"closed","template":"100-width.php","meta":[],"_links":{"self":[{"href":"https:\/\/www.ptfos.unios.hr\/ImoLipWaste\/index.php?rest_route=\/wp\/v2\/pages\/3178"}],"collection":[{"href":"https:\/\/www.ptfos.unios.hr\/ImoLipWaste\/index.php?rest_route=\/wp\/v2\/pages"}],"about":[{"href":"https:\/\/www.ptfos.unios.hr\/ImoLipWaste\/index.php?rest_route=\/wp\/v2\/types\/page"}],"author":[{"embeddable":true,"href":"https:\/\/www.ptfos.unios.hr\/ImoLipWaste\/index.php?rest_route=\/wp\/v2\/users\/1"}],"replies":[{"embeddable":true,"href":"https:\/\/www.ptfos.unios.hr\/ImoLipWaste\/index.php?rest_route=%2Fwp%2Fv2%2Fcomments&post=3178"}],"version-history":[{"count":23,"href":"https:\/\/www.ptfos.unios.hr\/ImoLipWaste\/index.php?rest_route=\/wp\/v2\/pages\/3178\/revisions"}],"predecessor-version":[{"id":4519,"href":"https:\/\/www.ptfos.unios.hr\/ImoLipWaste\/index.php?rest_route=\/wp\/v2\/pages\/3178\/revisions\/4519"}],"wp:attachment":[{"href":"https:\/\/www.ptfos.unios.hr\/ImoLipWaste\/index.php?rest_route=%2Fwp%2Fv2%2Fmedia&parent=3178"}],"curies":[{"name":"wp","href":"https:\/\/api.w.org\/{rel}","templated":true}]}}