{"id":3467,"date":"2021-07-27T22:34:00","date_gmt":"2021-07-27T20:34:00","guid":{"rendered":"http:\/\/www.ptfos.unios.hr\/ImoLipWaste\/?page_id=3467"},"modified":"2023-07-25T08:29:28","modified_gmt":"2023-07-25T06:29:28","slug":"povezani-projekti","status":"publish","type":"page","link":"https:\/\/www.ptfos.unios.hr\/ImoLipWaste\/?page_id=3467","title":{"rendered":"Povezani projekti"},"content":{"rendered":"<div class=\"fusion-fullwidth fullwidth-box fusion-builder-row-1 fusion-flex-container nonhundred-percent-fullwidth non-hundred-percent-height-scrolling\" style=\"--awb-border-radius-top-left:0px;--awb-border-radius-top-right:0px;--awb-border-radius-bottom-right:0px;--awb-border-radius-bottom-left:0px;--awb-background-color:#f8f8f8;--awb-flex-wrap:wrap;\" ><div class=\"fusion-builder-row fusion-row fusion-flex-align-items-flex-start fusion-flex-content-wrap\" style=\"max-width:1300px;margin-left: calc(-4% \/ 2 );margin-right: calc(-4% \/ 2 );\"><div class=\"fusion-layout-column fusion_builder_column fusion-builder-column-0 fusion_builder_column_1_6 1_6 fusion-flex-column fusion-no-small-visibility fusion-no-medium-visibility\" style=\"--awb-bg-size:cover;--awb-width-large:16.666666666667%;--awb-margin-top-large:0px;--awb-spacing-right-large:11.52%;--awb-margin-bottom-large:20px;--awb-spacing-left-large:11.52%;--awb-width-medium:16.666666666667%;--awb-order-medium:0;--awb-spacing-right-medium:11.52%;--awb-spacing-left-medium:11.52%;--awb-width-small:100%;--awb-order-small:0;--awb-spacing-right-small:1.92%;--awb-spacing-left-small:1.92%;\"><div class=\"fusion-column-wrapper fusion-column-has-shadow fusion-flex-justify-content-flex-start fusion-content-layout-column\"><\/div><\/div><div class=\"fusion-layout-column fusion_builder_column fusion-builder-column-1 fusion_builder_column_2_3 2_3 fusion-flex-column\" style=\"--awb-bg-size:cover;--awb-width-large:66.666666666667%;--awb-margin-top-large:0px;--awb-spacing-right-large:2.88%;--awb-margin-bottom-large:2%;--awb-spacing-left-large:2.88%;--awb-width-medium:66.666666666667%;--awb-order-medium:0;--awb-spacing-right-medium:2.88%;--awb-spacing-left-medium:2.88%;--awb-width-small:100%;--awb-order-small:0;--awb-spacing-right-small:1.92%;--awb-spacing-left-small:1.92%;\"><div class=\"fusion-column-wrapper fusion-column-has-shadow fusion-flex-justify-content-flex-start fusion-content-layout-column\"><div class=\"fusion-title title fusion-title-1 fusion-sep-none fusion-title-center fusion-title-text fusion-title-size-two\" style=\"--awb-text-color:#705238;\"><h2 class=\"fusion-title-heading title-heading-center fusion-responsive-typography-calculated\" style=\"margin:0;--fontSize:40;line-height:1.2;\">Povezani projekti<\/h2><\/div><div class=\"fusion-separator\" style=\"align-self: center;margin-left: auto;margin-right: auto;margin-bottom:30px;width:100%;max-width:100px;\"><div class=\"fusion-separator-border sep-single sep-solid\" style=\"--awb-height:20px;--awb-amount:20px;--awb-sep-color:#22ad22;border-color:#22ad22;border-top-width:2px;\"><\/div><\/div><div class=\"fusion-text fusion-text-1\"><ol>\n<li style=\"text-align: justify;\">Hrvatska zaklada za znanost (HRZZ) odobrila je financiranje &#8220;Projekt razvoja karijera mladih istra\u017eiva\u010da &#8211; izobrazba novih doktora znanosti&#8221; pod vodstvom prof. dr. sc. Ivice Streleca.<\/li>\n<li style=\"text-align: justify;\">Me\u0111unarodna suradnja urodila je prijavom jo\u0161 jednog projekta sli\u010dne tematike. Naime, \u010dlanovi projektnog tima (prof. dr. sc. Sandra Bud\u017eaki, prof. dr. sc. Ivica Strelec, prof. dr. sc. Natalija Veli\u0107, prof.dr.sc. Zita \u0160ere\u0161 i doc. dr. sc. Nikola Maravi\u0107 kao voditelj) sudjeluju na projektu <span style=\"color: #22ad22;\"><a style=\"color: #22ad22;\" href=\"http:\/\/www.res-food.eu\">ReS-Food<\/a><\/span> (Reducing Food Waste and Rescue Surplus Food Supplies) koji ima za cilj podizanje svijesti o va\u017enosti smanjenja otpada od hrane i pronala\u017eenje mogu\u0107ih rje\u0161enja primarno dionicima Ho.Re.Co. te svim zainteresiranim stranama oko distribucije vi\u0161ka hrane potrebitima uz pomo\u0107 dobrotvornih organizacija. Vi\u0161e o projektu mo\u017eete na\u0107i <span style=\"color: #22ad22;\"><a style=\"color: #22ad22;\" href=\"http:\/\/www.ptfos.unios.hr\/ImoLipWaste\/wp-content\/uploads\/2023\/07\/ReSFood.pdf\">ovdje<\/a><\/span>.<\/li>\n<\/ol>\n<\/div><\/div><\/div><div class=\"fusion-layout-column fusion_builder_column fusion-builder-column-2 fusion_builder_column_1_6 1_6 fusion-flex-column fusion-no-small-visibility fusion-no-medium-visibility\" style=\"--awb-bg-size:cover;--awb-width-large:16.666666666667%;--awb-margin-top-large:0px;--awb-spacing-right-large:11.52%;--awb-margin-bottom-large:20px;--awb-spacing-left-large:11.52%;--awb-width-medium:16.666666666667%;--awb-order-medium:0;--awb-spacing-right-medium:11.52%;--awb-spacing-left-medium:11.52%;--awb-width-small:100%;--awb-order-small:0;--awb-spacing-right-small:1.92%;--awb-spacing-left-small:1.92%;\"><div class=\"fusion-column-wrapper fusion-column-has-shadow fusion-flex-justify-content-flex-start fusion-content-layout-column\"><\/div><\/div><\/div><\/div>\n","protected":false},"excerpt":{"rendered":"","protected":false},"author":1,"featured_media":0,"parent":0,"menu_order":0,"comment_status":"closed","ping_status":"closed","template":"100-width.php","meta":[],"_links":{"self":[{"href":"https:\/\/www.ptfos.unios.hr\/ImoLipWaste\/index.php?rest_route=\/wp\/v2\/pages\/3467"}],"collection":[{"href":"https:\/\/www.ptfos.unios.hr\/ImoLipWaste\/index.php?rest_route=\/wp\/v2\/pages"}],"about":[{"href":"https:\/\/www.ptfos.unios.hr\/ImoLipWaste\/index.php?rest_route=\/wp\/v2\/types\/page"}],"author":[{"embeddable":true,"href":"https:\/\/www.ptfos.unios.hr\/ImoLipWaste\/index.php?rest_route=\/wp\/v2\/users\/1"}],"replies":[{"embeddable":true,"href":"https:\/\/www.ptfos.unios.hr\/ImoLipWaste\/index.php?rest_route=%2Fwp%2Fv2%2Fcomments&post=3467"}],"version-history":[{"count":11,"href":"https:\/\/www.ptfos.unios.hr\/ImoLipWaste\/index.php?rest_route=\/wp\/v2\/pages\/3467\/revisions"}],"predecessor-version":[{"id":4206,"href":"https:\/\/www.ptfos.unios.hr\/ImoLipWaste\/index.php?rest_route=\/wp\/v2\/pages\/3467\/revisions\/4206"}],"wp:attachment":[{"href":"https:\/\/www.ptfos.unios.hr\/ImoLipWaste\/index.php?rest_route=%2Fwp%2Fv2%2Fmedia&parent=3467"}],"curies":[{"name":"wp","href":"https:\/\/api.w.org\/{rel}","templated":true}]}}