{"id":48,"date":"2021-02-02T22:21:01","date_gmt":"2021-02-02T21:21:01","guid":{"rendered":"http:\/\/www.ptfos.unios.hr\/ImoLipWaste\/?page_id=48"},"modified":"2023-07-19T09:20:54","modified_gmt":"2023-07-19T07:20:54","slug":"medunarodna-suradnja","status":"publish","type":"page","link":"https:\/\/www.ptfos.unios.hr\/ImoLipWaste\/?page_id=48","title":{"rendered":"Me\u0111unarodna suradnja"},"content":{"rendered":"<div class=\"fusion-fullwidth fullwidth-box fusion-builder-row-1 fusion-flex-container nonhundred-percent-fullwidth non-hundred-percent-height-scrolling\" style=\"--awb-border-radius-top-left:0px;--awb-border-radius-top-right:0px;--awb-border-radius-bottom-right:0px;--awb-border-radius-bottom-left:0px;--awb-background-color:#f8f8f8;--awb-flex-wrap:wrap;\" ><div class=\"fusion-builder-row fusion-row fusion-flex-align-items-flex-start fusion-flex-content-wrap\" style=\"max-width:1300px;margin-left: calc(-4% \/ 2 );margin-right: calc(-4% \/ 2 );\"><div class=\"fusion-layout-column fusion_builder_column fusion-builder-column-0 fusion_builder_column_1_6 1_6 fusion-flex-column fusion-no-small-visibility fusion-no-medium-visibility\" style=\"--awb-bg-size:cover;--awb-width-large:16.666666666667%;--awb-margin-top-large:0px;--awb-spacing-right-large:11.52%;--awb-margin-bottom-large:20px;--awb-spacing-left-large:11.52%;--awb-width-medium:16.666666666667%;--awb-order-medium:0;--awb-spacing-right-medium:11.52%;--awb-spacing-left-medium:11.52%;--awb-width-small:100%;--awb-order-small:0;--awb-spacing-right-small:1.92%;--awb-spacing-left-small:1.92%;\"><div class=\"fusion-column-wrapper fusion-column-has-shadow fusion-flex-justify-content-flex-start fusion-content-layout-column\"><\/div><\/div><div class=\"fusion-layout-column fusion_builder_column fusion-builder-column-1 fusion_builder_column_2_3 2_3 fusion-flex-column\" style=\"--awb-bg-size:cover;--awb-width-large:66.666666666667%;--awb-margin-top-large:0px;--awb-spacing-right-large:2.88%;--awb-margin-bottom-large:2%;--awb-spacing-left-large:2.88%;--awb-width-medium:66.666666666667%;--awb-order-medium:0;--awb-spacing-right-medium:2.88%;--awb-spacing-left-medium:2.88%;--awb-width-small:100%;--awb-order-small:0;--awb-spacing-right-small:1.92%;--awb-spacing-left-small:1.92%;\"><div class=\"fusion-column-wrapper fusion-column-has-shadow fusion-flex-justify-content-flex-start fusion-content-layout-column\"><div class=\"fusion-title title fusion-title-1 fusion-sep-none fusion-title-center fusion-title-text fusion-title-size-two\" style=\"--awb-text-color:#705238;\"><h2 class=\"fusion-title-heading title-heading-center fusion-responsive-typography-calculated\" style=\"margin:0;--fontSize:40;line-height:1.2;\">Me\u0111unarodna suradnja<\/h2><\/div><div class=\"fusion-separator\" style=\"align-self: center;margin-left: auto;margin-right: auto;margin-bottom:30px;width:100%;max-width:100px;\"><div class=\"fusion-separator-border sep-single sep-solid\" style=\"--awb-height:20px;--awb-amount:20px;--awb-sep-color:#22ad22;border-color:#22ad22;border-top-width:2px;\"><\/div><\/div><\/div><\/div><div class=\"fusion-layout-column fusion_builder_column fusion-builder-column-2 fusion_builder_column_1_6 1_6 fusion-flex-column fusion-no-small-visibility fusion-no-medium-visibility\" style=\"--awb-bg-size:cover;--awb-width-large:16.666666666667%;--awb-margin-top-large:0px;--awb-spacing-right-large:11.52%;--awb-margin-bottom-large:20px;--awb-spacing-left-large:11.52%;--awb-width-medium:16.666666666667%;--awb-order-medium:0;--awb-spacing-right-medium:11.52%;--awb-spacing-left-medium:11.52%;--awb-width-small:100%;--awb-order-small:0;--awb-spacing-right-small:1.92%;--awb-spacing-left-small:1.92%;\"><div class=\"fusion-column-wrapper fusion-column-has-shadow fusion-flex-justify-content-flex-start fusion-content-layout-column\"><\/div><\/div><div class=\"fusion-layout-column fusion_builder_column fusion-builder-column-3 fusion_builder_column_1_6 1_6 fusion-flex-column fusion-no-small-visibility fusion-no-medium-visibility\" style=\"--awb-bg-size:cover;--awb-width-large:16.666666666667%;--awb-margin-top-large:0px;--awb-spacing-right-large:11.52%;--awb-margin-bottom-large:20px;--awb-spacing-left-large:11.52%;--awb-width-medium:16.666666666667%;--awb-order-medium:0;--awb-spacing-right-medium:11.52%;--awb-spacing-left-medium:11.52%;--awb-width-small:100%;--awb-order-small:0;--awb-spacing-right-small:1.92%;--awb-spacing-left-small:1.92%;\"><div class=\"fusion-column-wrapper fusion-column-has-shadow fusion-flex-justify-content-flex-start fusion-content-layout-column\"><\/div><\/div><div class=\"fusion-layout-column fusion_builder_column fusion-builder-column-4 fusion_builder_column_2_3 2_3 fusion-flex-column fusion-flex-align-self-center\" style=\"--awb-padding-top:20px;--awb-padding-right:20px;--awb-padding-left:20px;--awb-bg-image:linear-gradient(180deg, #22ad22 0%,#705238 100%);--awb-bg-size:cover;--awb-width-large:66.666666666667%;--awb-margin-top-large:0px;--awb-spacing-right-large:2.88%;--awb-margin-bottom-large:20px;--awb-spacing-left-large:2.88%;--awb-width-medium:66.666666666667%;--awb-order-medium:0;--awb-spacing-right-medium:2.88%;--awb-spacing-left-medium:2.88%;--awb-width-small:100%;--awb-order-small:0;--awb-spacing-right-small:1.92%;--awb-spacing-left-small:1.92%;\"><div class=\"fusion-column-wrapper fusion-column-has-shadow fusion-flex-justify-content-center fusion-content-layout-column\"><div class=\"awb-gallery-wrapper awb-gallery-wrapper-1 button-span-no\"><div style=\"margin:-10px;--awb-bordersize:0px;\" class=\"fusion-gallery fusion-gallery-container fusion-grid-3 fusion-columns-total-3 fusion-gallery-layout-grid fusion-gallery-1\"><div style=\"padding:10px;\" class=\"fusion-grid-column fusion-gallery-column fusion-gallery-column-3 hover-type-none\"><div class=\"fusion-gallery-image\"><a href=\"https:\/\/www.tf.uns.ac.rs\/#lat\" data-title=\"logo-b-eng\" title=\"logo-b-eng\" rel=\"noreferrer\" data-rel=\"iLightbox[gallery_image_1]\" class=\"fusion-lightbox\" target=\"_blank\"><img decoding=\"async\" src=\"https:\/\/www.ptfos.unios.hr\/ImoLipWaste\/wp-content\/uploads\/2022\/01\/logo-b-eng.png\" width=\"300\" height=\"120\" alt=\"\" title=\"logo-b-eng\" aria-label=\"logo-b-eng\" class=\"img-responsive wp-image-3952\" srcset=\"https:\/\/www.ptfos.unios.hr\/ImoLipWaste\/wp-content\/uploads\/2022\/01\/logo-b-eng-200x80.png 200w, https:\/\/www.ptfos.unios.hr\/ImoLipWaste\/wp-content\/uploads\/2022\/01\/logo-b-eng.png 300w\" sizes=\"(min-width: 2200px) 100vw, (min-width: 864px) 410px, (min-width: 752px) 615px, (min-width: 640px) 752px, \" \/><\/a><\/div><\/div><div style=\"padding:10px;\" class=\"fusion-grid-column fusion-gallery-column fusion-gallery-column-3 hover-type-none\"><div class=\"fusion-gallery-image\"><a href=\"https:\/\/biosens.rs\" data-title=\"logo_bios_transparent\" title=\"logo_bios_transparent\" rel=\"noreferrer\" data-rel=\"iLightbox[gallery_image_1]\" class=\"fusion-lightbox\" target=\"_blank\"><img decoding=\"async\" src=\"https:\/\/www.ptfos.unios.hr\/ImoLipWaste\/wp-content\/uploads\/2022\/01\/logo_bios_transparent.png\" width=\"2836\" height=\"1029\" alt=\"\" title=\"logo_bios_transparent\" aria-label=\"logo_bios_transparent\" class=\"img-responsive wp-image-3985\" srcset=\"https:\/\/www.ptfos.unios.hr\/ImoLipWaste\/wp-content\/uploads\/2022\/01\/logo_bios_transparent-200x73.png 200w, https:\/\/www.ptfos.unios.hr\/ImoLipWaste\/wp-content\/uploads\/2022\/01\/logo_bios_transparent-400x145.png 400w, https:\/\/www.ptfos.unios.hr\/ImoLipWaste\/wp-content\/uploads\/2022\/01\/logo_bios_transparent-600x218.png 600w, https:\/\/www.ptfos.unios.hr\/ImoLipWaste\/wp-content\/uploads\/2022\/01\/logo_bios_transparent-800x290.png 800w, https:\/\/www.ptfos.unios.hr\/ImoLipWaste\/wp-content\/uploads\/2022\/01\/logo_bios_transparent-1200x435.png 1200w, https:\/\/www.ptfos.unios.hr\/ImoLipWaste\/wp-content\/uploads\/2022\/01\/logo_bios_transparent.png 2836w\" sizes=\"(min-width: 2200px) 100vw, (min-width: 864px) 410px, (min-width: 752px) 615px, (min-width: 640px) 752px, \" \/><\/a><\/div><\/div><div style=\"padding:10px;\" class=\"fusion-grid-column fusion-gallery-column fusion-gallery-column-3 hover-type-none\"><div class=\"fusion-gallery-image\"><a href=\"https:\/\/hessel-group.com.au\" data-title=\"University_Adelaide\" title=\"University_Adelaide\" rel=\"noreferrer\" data-rel=\"iLightbox[gallery_image_1]\" class=\"fusion-lightbox\" target=\"_blank\"><img decoding=\"async\" src=\"https:\/\/www.ptfos.unios.hr\/ImoLipWaste\/wp-content\/uploads\/2022\/01\/University_Adelaide.png\" width=\"400\" height=\"122\" alt=\"\" title=\"University_Adelaide\" aria-label=\"University_Adelaide\" class=\"img-responsive wp-image-3951\" srcset=\"https:\/\/www.ptfos.unios.hr\/ImoLipWaste\/wp-content\/uploads\/2022\/01\/University_Adelaide-200x61.png 200w, https:\/\/www.ptfos.unios.hr\/ImoLipWaste\/wp-content\/uploads\/2022\/01\/University_Adelaide.png 400w\" sizes=\"(min-width: 2200px) 100vw, (min-width: 864px) 410px, (min-width: 752px) 615px, (min-width: 640px) 752px, \" \/><\/a><\/div><\/div><div class=\"clearfix\"><\/div><\/div><\/div><\/div><\/div><div class=\"fusion-layout-column fusion_builder_column fusion-builder-column-5 fusion_builder_column_1_6 1_6 fusion-flex-column fusion-no-small-visibility fusion-no-medium-visibility\" style=\"--awb-bg-size:cover;--awb-width-large:16.666666666667%;--awb-margin-top-large:0px;--awb-spacing-right-large:11.52%;--awb-margin-bottom-large:20px;--awb-spacing-left-large:11.52%;--awb-width-medium:16.666666666667%;--awb-order-medium:0;--awb-spacing-right-medium:11.52%;--awb-spacing-left-medium:11.52%;--awb-width-small:100%;--awb-order-small:0;--awb-spacing-right-small:1.92%;--awb-spacing-left-small:1.92%;\"><div class=\"fusion-column-wrapper fusion-column-has-shadow fusion-flex-justify-content-flex-start fusion-content-layout-column\"><\/div><\/div><div class=\"fusion-layout-column fusion_builder_column fusion-builder-column-6 fusion_builder_column_1_1 1_1 fusion-flex-column\" style=\"--awb-bg-size:cover;--awb-width-large:100%;--awb-margin-top-large:0px;--awb-spacing-right-large:1.92%;--awb-margin-bottom-large:20px;--awb-spacing-left-large:1.92%;--awb-width-medium:100%;--awb-order-medium:0;--awb-spacing-right-medium:1.92%;--awb-spacing-left-medium:1.92%;--awb-width-small:100%;--awb-order-small:0;--awb-spacing-right-small:1.92%;--awb-spacing-left-small:1.92%;\"><div class=\"fusion-column-wrapper fusion-column-has-shadow fusion-flex-justify-content-flex-start fusion-content-layout-column\">\n<div class=\"table-1\">\n<table width=\"100%\">\n<thead>\n<tr>\n<th align=\"left\">Dolazne mobilnosti<\/th>\n<\/tr>\n<\/thead>\n<tbody>\n<tr>\n<td>\n<ul>\n<li>1. 3.-1. 4. 2023.,\u00a0Sveu\u010dili\u0161te u Novom Sadu, Tehnolo\u0161ki fakultet, Novi Sad, Srbija. <strong>Dr. sc. Miljana Djordjevi\u0107<\/strong> u okviru CEEPUS mobilnosti nastavnika usavr\u0161avala se u podru\u010dju primijenjene biotehmologije na Prehrambeno-tehnolo\u0161kom fakultetu Osijek.<\/li>\n<\/ul>\n<\/td>\n<\/tr>\n<tr>\n<td align=\"left\">\n<ul>\n<li>4. 10.-26. 10. 2021., Sveu\u010dili\u0161te u Novom Sadu, Tehnolo\u0161ki fakultet, Novi Sad, Srbija. <strong>Prof. dr. sc. Zita \u0160ere\u0161<\/strong> u okviru CEEPUS mobilnosti nastavnika odr\u017eala je nekoliko predavanja koji su se odnosili na tehnike mikrofiltracije otpadnih voda i valorizacije otpada kao adsorbensa.<\/li>\n<\/ul>\n<\/td>\n<\/tr>\n<tr>\n<td align=\"left\">\n<ul>\n<li>1. 9.-30. 9. 2021., Slovak University of Technology in Bratislava, Institute of Biotechnology, Faculty of Chemical and Food Technology, Bratislava, Slova\u010dka. <strong>Ema Ondrejkov\u00e1<\/strong>, ing., se u sklopu CEEPUS mobilnosti usavr\u0161avala podru\u010dju primijenjene biotehnologije u okviru projekta ImoLipWaste.<\/li>\n<\/ul>\n<\/td>\n<\/tr>\n<tr>\n<td align=\"left\">\n<ul>\n<li>1. 9.-30. 9. 2021., Slovak University of Technology in Bratislava, Institute of Biotechnology, Faculty of Chemical and Food Technology, Bratislava, Slova\u010dka. <strong>Dominika \u0160ilh\u00e1rov\u00e1<\/strong>, ing., se u sklopu CEEPUS mobilnosti usavr\u0161avala podru\u010dju primijenjene biotehnologije u okviru projekta ImoLipWaste.<\/li>\n<\/ul>\n<\/td>\n<\/tr>\n<\/tbody>\n<\/table>\n<\/div>\n<div class=\"fusion-separator\" style=\"align-self: flex-start;margin-right:auto;margin-bottom:30px;width:100%;max-width:100px;\"><\/div>\n<div class=\"table-1\">\n<table width=\"100%\">\n<thead>\n<tr>\n<th align=\"left\">Odlazne mobilnosti<\/th>\n<\/tr>\n<\/thead>\n<tbody>\n<tr>\n<td align=\"left\">\n<ul>\n<li>5. 11.-2. 12. 2021., Sveu\u010dili\u0161te u Novom Sadu, Tehnolo\u0161ki fakultet Novi Sad, Novi Sad, Srbija. <strong>Marta Ostoj\u010di\u0107, mag. ing. proc.<\/strong>, usavr\u0161avala se u podru\u010dju elektornske mikoroskpije (SEM) i granulometrijske analize uzoraka.<\/li>\n<\/ul>\n<\/td>\n<\/tr>\n<tr>\n<td align=\"left\">\n<ul>\n<li>5. 11.-26. 11. 2021., Sveu\u010dili\u0161te u Novom Sadu, Tehnolo\u0161ki fakultet Novi Sad, Novi Sad, Srbija. <strong>Doc. dr. sc. Marija Stjepanovi\u0107 <\/strong>odr\u017eala je 18 sati nastave iz podru\u010dja obrade otpadnih voda i upotrebe biosorbenasa za uklanjanje prioritetnih one\u010di\u0161\u0107uju\u0107ih tvari.<\/li>\n<\/ul>\n<\/td>\n<\/tr>\n<tr>\n<td align=\"left\">\n<ul>\n<li>5. 11.-26. 11. 2021., Sveu\u010dili\u0161te u Novom Sadu, Tehnolo\u0161ki fakultet Novi Sad, Novi Sad, Srbija. <strong>Prof. dr. sc. Ivica Strelec\u00a0<\/strong>odr\u017eao je 18 sati predavanja iz podru\u010dja suvremenih dostignu\u0107a i izazova u\u010dinkovite imobilizacije enzima.<\/li>\n<\/ul>\n<\/td>\n<\/tr>\n<tr>\n<td>\n<ul>\n<li>5. 11.-26. 11. 2021., Sveu\u010dili\u0161te u Novom Sadu, Tehnolo\u0161ki fakultet Novi Sad, Novi Sad, Srbija. <strong>Prof. dr. sc. Sandra Bud\u017eaki <\/strong>u okviru CEEPUS mobilnosti nastavnika odr\u017eala je 18 sati nastave iz podru\u010dja inovativnih tehnika obrade otpada u svrhu dobivanja funkcionalnih materijala i njihove mogu\u0107e primjene u razli\u010ditim industrijama.<\/li>\n<\/ul>\n<\/td>\n<\/tr>\n<tr>\n<td>\n<ul>\n<li>25. 6.-15. 7. 2021., Sveu\u010dili\u0161te u Novom Sadu, Tehnolo\u0161ki fakultet Novi Sad, Novi Sad, Srbija. <strong>Marta Ostoj\u010di\u0107, mag. ing. proc.<\/strong>, se u sklopu naveden mobilnosti usavr\u0161avala u podru\u010dju rada na elektronskom mikroskomu (SEM) na uzorcima dobivenim iz otpada: ljuske jaja, membrane jaja, taloga kave i ljuske crnog luka. S obzirom na to da je \u010dlan istra\u017eiva\u010dkog tima projekta \u201eImobilizacija lipaza na funkcionalizirane nosa\u010de na bazi odabranih otpada iz poljoprivredno-prehrambene industrije\u201c, sudjelovala je i u ostalim aktivnostima vezanim uz projekt na Tehnolo\u0161kom fakultetu Novi Sad.<\/li>\n<\/ul>\n<\/td>\n<\/tr>\n<tr>\n<td>\n<ul>\n<li>25. 6.-15. 7. 2021., Sveu\u010dili\u0161te u Novom Sadu, Tehnolo\u0161ki fakultet Novi Sad, Novi Sad, Srbija. <strong>Prof. dr. sc. Ivica Strelec <\/strong>odr\u017eao je 18 sati predavanja na temu tehnike imobilizacije enzima, alternativni nosa\u010di za imobilizaciju na bazi otpada iz poljoprivredno prehrambene industrije kao i tehnike pro\u010di\u0161\u0107avanja proteina dobivenih tako\u0111er iz otpada poljoprivredno-prehrambene industrije. S obzirom na to da je \u010dlan istra\u017eiva\u010dkog tima projekta \u201eImobilizacija lipaza na funkcionalizirane nosa\u010de na bazi odabranih otpada iz poljoprivredno-prehrambene industrije\u201c, sudjelovao je i u ostalim aktivnostima vezanim uz projekt na Tehnolo\u0161kom fakultetu Novi Sad.<\/li>\n<\/ul>\n<\/td>\n<\/tr>\n<tr>\n<td>\n<ul>\n<li>25. 6.-15. 7. 2021., Sveu\u010dili\u0161te u Novom Sadu, Tehnolo\u0161ki fakultet Novi Sad, Novi Sad, Srbija. <strong>Prof. dr. sc. Sandra Bud\u017eaki<\/strong> kao voditeljica projekta odr\u017eala je 18 sati predavanja iz podru\u010dja teme projekta \u201eImobilizacija lipaza na funkcionalizirane nosa\u010de na bazi odabranih otpada iz poljoprivredno-prehrambene industrije\u201c studentima na Tehnolo\u0161kom fakultetu Novi Sad te odr\u017eala sastanak s \u010dlanovima projektnog tima sa Tehnolo\u0161kog fakulteta o dosada\u0161njim i predstoje\u0107im aktivnostima u okviru projekta. S obzirom na to da je ujedno i koordinatorica CEEPUS mre\u017ee za PTFOS \u201eCIII-HR-0306-13-2021 &#8211; For Safe and Healthy Food in Middle-Europe\u201c njezine aktivnosti na Tehnolo\u0161kom fakultetu Novi Sad sastojale su se i od sastanaka i prezentacija dosada\u0161njih i predstoje\u0107ih aktivnosti u okviru zajedni\u010dkog Joint programa \u201ePotential of utilization of agro-food industry waste for production of high value products\u201c te motivacije studenata i nastavnika za budu\u0107e suradnje izme\u0111u dvije institucije.<\/li>\n<\/ul>\n<\/td>\n<\/tr>\n<\/tbody>\n<\/table>\n<\/div>\n<\/div><\/div><\/div><\/div>\n","protected":false},"excerpt":{"rendered":"","protected":false},"author":1,"featured_media":0,"parent":0,"menu_order":0,"comment_status":"closed","ping_status":"closed","template":"100-width.php","meta":[],"_links":{"self":[{"href":"https:\/\/www.ptfos.unios.hr\/ImoLipWaste\/index.php?rest_route=\/wp\/v2\/pages\/48"}],"collection":[{"href":"https:\/\/www.ptfos.unios.hr\/ImoLipWaste\/index.php?rest_route=\/wp\/v2\/pages"}],"about":[{"href":"https:\/\/www.ptfos.unios.hr\/ImoLipWaste\/index.php?rest_route=\/wp\/v2\/types\/page"}],"author":[{"embeddable":true,"href":"https:\/\/www.ptfos.unios.hr\/ImoLipWaste\/index.php?rest_route=\/wp\/v2\/users\/1"}],"replies":[{"embeddable":true,"href":"https:\/\/www.ptfos.unios.hr\/ImoLipWaste\/index.php?rest_route=%2Fwp%2Fv2%2Fcomments&post=48"}],"version-history":[{"count":54,"href":"https:\/\/www.ptfos.unios.hr\/ImoLipWaste\/index.php?rest_route=\/wp\/v2\/pages\/48\/revisions"}],"predecessor-version":[{"id":4160,"href":"https:\/\/www.ptfos.unios.hr\/ImoLipWaste\/index.php?rest_route=\/wp\/v2\/pages\/48\/revisions\/4160"}],"wp:attachment":[{"href":"https:\/\/www.ptfos.unios.hr\/ImoLipWaste\/index.php?rest_route=%2Fwp%2Fv2%2Fmedia&parent=48"}],"curies":[{"name":"wp","href":"https:\/\/api.w.org\/{rel}","templated":true}]}}