{"id":1053,"date":"2024-01-08T13:55:39","date_gmt":"2024-01-08T13:55:39","guid":{"rendered":"https:\/\/www.ptfos.unios.hr\/MultiFunFood\/?page_id=1053"},"modified":"2026-01-23T14:08:24","modified_gmt":"2026-01-23T14:08:24","slug":"znanstveni-radovi","status":"publish","type":"page","link":"https:\/\/www.ptfos.unios.hr\/MultiFunFood\/index.php\/znanstveni-radovi\/","title":{"rendered":"Znanstveni radovi \/ Scientific articles"},"content":{"rendered":"<ol>\n<li>Lon\u010dari\u0107, P.; Juki\u0107, M.; Cozmuta, A.M.; Cozmuta, L.G.M.; Uivarasan, A.M.; Pichler, A.; Lu\u010dan \u010coli\u0107, M.; Lukinac, J. FTIR-Based Study of Starch Retrogradation and Protein Structure in Chickpea-Enriched Gluten-Free Bread During Storage. <em>Foods<\/em> <strong>2026<\/strong>, <em>15<\/em>, 412. <a href=\"https:\/\/www.mdpi.com\/2304-8158\/15\/3\/412\">https:\/\/doi.org\/10.3390\/foods15030412<\/a><\/li>\n<\/ol>\n<p>\t\t\t\t\t\t\t\t\t\t\t\t\t<img fetchpriority=\"high\" decoding=\"async\" width=\"640\" height=\"284\" src=\"https:\/\/www.ptfos.unios.hr\/MultiFunFood\/wp-content\/uploads\/2026\/01\/foods-15-00412-g004-1024x454.png\" alt=\"\" srcset=\"https:\/\/www.ptfos.unios.hr\/MultiFunFood\/wp-content\/uploads\/2026\/01\/foods-15-00412-g004-1024x454.png 1024w, https:\/\/www.ptfos.unios.hr\/MultiFunFood\/wp-content\/uploads\/2026\/01\/foods-15-00412-g004-300x133.png 300w, https:\/\/www.ptfos.unios.hr\/MultiFunFood\/wp-content\/uploads\/2026\/01\/foods-15-00412-g004-768x340.png 768w, https:\/\/www.ptfos.unios.hr\/MultiFunFood\/wp-content\/uploads\/2026\/01\/foods-15-00412-g004-1536x681.png 1536w, https:\/\/www.ptfos.unios.hr\/MultiFunFood\/wp-content\/uploads\/2026\/01\/foods-15-00412-g004-2048x907.png 2048w\" sizes=\"(max-width: 640px) 100vw, 640px\" \/>\t\t\t\t\t\t\t\t\t\t\t\t\t\t\t\t\t\t\t\t\t\t\t\t\t\t<img decoding=\"async\" width=\"640\" height=\"603\" src=\"https:\/\/www.ptfos.unios.hr\/MultiFunFood\/wp-content\/uploads\/2026\/01\/foods-15-00412-g001-1024x964.png\" alt=\"\" srcset=\"https:\/\/www.ptfos.unios.hr\/MultiFunFood\/wp-content\/uploads\/2026\/01\/foods-15-00412-g001-1024x964.png 1024w, https:\/\/www.ptfos.unios.hr\/MultiFunFood\/wp-content\/uploads\/2026\/01\/foods-15-00412-g001-300x282.png 300w, https:\/\/www.ptfos.unios.hr\/MultiFunFood\/wp-content\/uploads\/2026\/01\/foods-15-00412-g001-768x723.png 768w, https:\/\/www.ptfos.unios.hr\/MultiFunFood\/wp-content\/uploads\/2026\/01\/foods-15-00412-g001-1536x1446.png 1536w, https:\/\/www.ptfos.unios.hr\/MultiFunFood\/wp-content\/uploads\/2026\/01\/foods-15-00412-g001-2048x1928.png 2048w\" sizes=\"(max-width: 640px) 100vw, 640px\" \/><\/p>\n","protected":false},"excerpt":{"rendered":"<p>Lon\u010dari\u0107, P.; Juki\u0107, M.; Cozmuta, A.M.; Cozmuta, L.G.M.; Uivarasan, A.M.; Pichler, A.; Lu\u010dan \u010coli\u0107, M.; Lukinac, J. FTIR-Based Study of Starch Retrogradation and Protein Structure in Chickpea-Enriched Gluten-Free Bread During Storage. Foods 2026, 15, 412. https:\/\/doi.org\/10.3390\/foods15030412<\/p>\n","protected":false},"author":1,"featured_media":0,"parent":0,"menu_order":0,"comment_status":"closed","ping_status":"closed","template":"","meta":{"give_campaign_id":0,"footnotes":""},"class_list":["post-1053","page","type-page","status-publish","hentry"],"campaignId":"","_links":{"self":[{"href":"https:\/\/www.ptfos.unios.hr\/MultiFunFood\/index.php\/wp-json\/wp\/v2\/pages\/1053","targetHints":{"allow":["GET"]}}],"collection":[{"href":"https:\/\/www.ptfos.unios.hr\/MultiFunFood\/index.php\/wp-json\/wp\/v2\/pages"}],"about":[{"href":"https:\/\/www.ptfos.unios.hr\/MultiFunFood\/index.php\/wp-json\/wp\/v2\/types\/page"}],"author":[{"embeddable":true,"href":"https:\/\/www.ptfos.unios.hr\/MultiFunFood\/index.php\/wp-json\/wp\/v2\/users\/1"}],"replies":[{"embeddable":true,"href":"https:\/\/www.ptfos.unios.hr\/MultiFunFood\/index.php\/wp-json\/wp\/v2\/comments?post=1053"}],"version-history":[{"count":14,"href":"https:\/\/www.ptfos.unios.hr\/MultiFunFood\/index.php\/wp-json\/wp\/v2\/pages\/1053\/revisions"}],"predecessor-version":[{"id":2250,"href":"https:\/\/www.ptfos.unios.hr\/MultiFunFood\/index.php\/wp-json\/wp\/v2\/pages\/1053\/revisions\/2250"}],"wp:attachment":[{"href":"https:\/\/www.ptfos.unios.hr\/MultiFunFood\/index.php\/wp-json\/wp\/v2\/media?parent=1053"}],"curies":[{"name":"wp","href":"https:\/\/api.w.org\/{rel}","templated":true}]}}