{"id":1175,"date":"2021-05-30T14:08:16","date_gmt":"2021-05-30T13:08:16","guid":{"rendered":"https:\/\/treesurgeon.wordifysites.com\/?page_id=2"},"modified":"2026-01-30T11:00:22","modified_gmt":"2026-01-30T11:00:22","slug":"home","status":"publish","type":"page","link":"https:\/\/www.ptfos.unios.hr\/MultiFunFood\/","title":{"rendered":"Po\u010detna stranica \/ Home"},"content":{"rendered":"\t\t<div data-elementor-type=\"wp-page\" data-elementor-id=\"1175\" class=\"elementor elementor-1175\">\n\t\t\t\t<div class=\"elementor-element elementor-element-5f57823c e-flex e-con-boxed e-con e-parent\" data-id=\"5f57823c\" data-element_type=\"container\">\n\t\t\t\t\t<div class=\"e-con-inner\">\n\t\t\t\t<div class=\"elementor-element elementor-element-395d9ed3 elementor-widget elementor-widget-text-editor\" data-id=\"395d9ed3\" data-element_type=\"widget\" data-widget_type=\"text-editor.default\">\n\t\t\t\t\t\t\t\t\t\n<p><strong>Primjena biljnih sastojaka u razvoju funkcionalnih prehrambenih proizvoda s niskim uglji\u010dnim otiskom temeljenih na principima transformativne bioekonomije<\/strong><br \/>Application of Plant-Based Ingredients in the Development of Low-Carbon Functional Food Products Based on the Principles of Transformative Bioeconomy<\/p>\n<p>Akronim: <strong>MultiFunFood<br \/><\/strong>\u0160ifra projekta: 581-UNIOS-95<br \/>Trajanje \/ Duration: 1.10.2025. \u2013 30.9.2029.<br \/>Izvor financiranja \/ Funding source: Europska unija \u2013 NextGenerationEU<br \/>Iznos financiranja \/ Funding: 156.000 \u20ac<br \/>Voditelj \/ Principal investigator: izv. prof. dr. sc. Mirela Lu\u010dan \u010coli\u0107<\/p>\n\t\t\t\t\t\t\t\t<\/div>\n\t\t\t\t\t<\/div>\n\t\t\t\t<\/div>\n\t\t<div class=\"elementor-element elementor-element-63f2e3c e-flex e-con-boxed e-con e-parent\" data-id=\"63f2e3c\" data-element_type=\"container\">\n\t\t\t\t\t<div class=\"e-con-inner\">\n\t\t\t\t<div class=\"elementor-element elementor-element-a3d45b0 elementor-widget elementor-widget-image\" data-id=\"a3d45b0\" data-element_type=\"widget\" data-widget_type=\"image.default\">\n\t\t\t\t\t\t\t\t\t\t\t\t\t\t\t<img fetchpriority=\"high\" decoding=\"async\" width=\"1536\" height=\"1024\" src=\"https:\/\/www.ptfos.unios.hr\/MultiFunFood\/wp-content\/uploads\/2025\/09\/a964d4ed-1019-42ab-aba6-0de5b822fc0d.png\" class=\"attachment-full size-full wp-image-2326\" alt=\"\" srcset=\"https:\/\/www.ptfos.unios.hr\/MultiFunFood\/wp-content\/uploads\/2025\/09\/a964d4ed-1019-42ab-aba6-0de5b822fc0d.png 1536w, https:\/\/www.ptfos.unios.hr\/MultiFunFood\/wp-content\/uploads\/2025\/09\/a964d4ed-1019-42ab-aba6-0de5b822fc0d-300x200.png 300w, https:\/\/www.ptfos.unios.hr\/MultiFunFood\/wp-content\/uploads\/2025\/09\/a964d4ed-1019-42ab-aba6-0de5b822fc0d-1024x683.png 1024w, https:\/\/www.ptfos.unios.hr\/MultiFunFood\/wp-content\/uploads\/2025\/09\/a964d4ed-1019-42ab-aba6-0de5b822fc0d-768x512.png 768w, https:\/\/www.ptfos.unios.hr\/MultiFunFood\/wp-content\/uploads\/2025\/09\/a964d4ed-1019-42ab-aba6-0de5b822fc0d-600x400.png 600w\" sizes=\"(max-width: 1536px) 100vw, 1536px\" \/>\t\t\t\t\t\t\t\t\t\t\t\t\t\t\t<\/div>\n\t\t\t\t\t<\/div>\n\t\t\t\t<\/div>\n\t\t<div class=\"elementor-element elementor-element-25fce1e e-grid e-con-boxed e-con e-parent\" data-id=\"25fce1e\" data-element_type=\"container\">\n\t\t\t\t\t<div class=\"e-con-inner\">\n\t\t\t\t<div class=\"elementor-element elementor-element-6088c52 elementor-widget elementor-widget-counter\" data-id=\"6088c52\" data-element_type=\"widget\" data-widget_type=\"counter.default\">\n\t\t\t\t\t\t\t<div class=\"elementor-counter\">\n\t\t\t<div class=\"elementor-counter-title\">\u010dlanova \/ members<\/div>\t\t\t<div class=\"elementor-counter-number-wrapper\">\n\t\t\t\t<span class=\"elementor-counter-number-prefix\"><\/span>\n\t\t\t\t<span class=\"elementor-counter-number\" data-duration=\"2000\" data-to-value=\"14\" data-from-value=\"0\" data-delimiter=\",\">0<\/span>\n\t\t\t\t<span class=\"elementor-counter-number-suffix\"><\/span>\n\t\t\t<\/div>\n\t\t<\/div>\n\t\t\t\t\t\t<\/div>\n\t\t\t\t<div class=\"elementor-element elementor-element-4a1f099 elementor-widget elementor-widget-counter\" data-id=\"4a1f099\" data-element_type=\"widget\" data-widget_type=\"counter.default\">\n\t\t\t\t\t\t\t<div class=\"elementor-counter\">\n\t\t\t<div class=\"elementor-counter-title\">mjeseci \/ months\u200b<\/div>\t\t\t<div class=\"elementor-counter-number-wrapper\">\n\t\t\t\t<span class=\"elementor-counter-number-prefix\"><\/span>\n\t\t\t\t<span class=\"elementor-counter-number\" data-duration=\"2000\" data-to-value=\"48\" data-from-value=\"0\" data-delimiter=\",\">0<\/span>\n\t\t\t\t<span class=\"elementor-counter-number-suffix\"><\/span>\n\t\t\t<\/div>\n\t\t<\/div>\n\t\t\t\t\t\t<\/div>\n\t\t\t\t<div class=\"elementor-element elementor-element-33ba157 elementor-widget elementor-widget-counter\" data-id=\"33ba157\" data-element_type=\"widget\" data-widget_type=\"counter.default\">\n\t\t\t\t\t\t\t<div class=\"elementor-counter\">\n\t\t\t<div class=\"elementor-counter-title\">\u20ac\u200b<\/div>\t\t\t<div class=\"elementor-counter-number-wrapper\">\n\t\t\t\t<span class=\"elementor-counter-number-prefix\"><\/span>\n\t\t\t\t<span class=\"elementor-counter-number\" data-duration=\"2000\" data-to-value=\"156000\" data-from-value=\"0\" data-delimiter=\",\">0<\/span>\n\t\t\t\t<span class=\"elementor-counter-number-suffix\"><\/span>\n\t\t\t<\/div>\n\t\t<\/div>\n\t\t\t\t\t\t<\/div>\n\t\t\t\t\t<\/div>\n\t\t\t\t<\/div>\n\t\t<div class=\"elementor-element elementor-element-8560e22 e-grid e-con-boxed e-con e-parent\" data-id=\"8560e22\" data-element_type=\"container\">\n\t\t\t\t\t<div class=\"e-con-inner\">\n\t\t\t\t<div class=\"elementor-element elementor-element-8ec44a2 elementor-widget elementor-widget-google_maps\" data-id=\"8ec44a2\" data-element_type=\"widget\" data-widget_type=\"google_maps.default\">\n\t\t\t\t\t\t\t<div class=\"elementor-custom-embed\">\n\t\t\t<iframe loading=\"lazy\"\n\t\t\t\t\tsrc=\"https:\/\/maps.google.com\/maps?q=faculty%20of%20food%20technology%20osijek&#038;t=m&#038;z=10&#038;output=embed&#038;iwloc=near\"\n\t\t\t\t\ttitle=\"faculty of food technology osijek\"\n\t\t\t\t\taria-label=\"faculty of food technology osijek\"\n\t\t\t><\/iframe>\n\t\t<\/div>\n\t\t\t\t\t\t<\/div>\n\t\t\t\t<div class=\"elementor-element elementor-element-176253a elementor-widget elementor-widget-text-editor\" data-id=\"176253a\" data-element_type=\"widget\" data-widget_type=\"text-editor.default\">\n\t\t\t\t\t\t\t\t\t<p>\u00a0<\/p>\n<p>Faculty of Food Technology Osijek<br \/>Franje Kuha\u010da 18<br \/>31000 Osijek<br \/>Croatia<\/p>\t\t\t\t\t\t\t\t<\/div>\n\t\t\t\t\t<\/div>\n\t\t\t\t<\/div>\n\t\t<div class=\"elementor-element elementor-element-78df404 e-flex e-con-boxed e-con e-parent\" data-id=\"78df404\" data-element_type=\"container\">\n\t\t\t\t\t<div class=\"e-con-inner\">\n\t\t\t\t<div class=\"elementor-element elementor-element-ed8125b elementor-widget elementor-widget-text-editor\" data-id=\"ed8125b\" data-element_type=\"widget\" data-widget_type=\"text-editor.default\">\n\t\t\t\t\t\t\t\t\t<h6>Projekt financira Europska unija \u2013 NextGenerationEU. Izneseni stavovi i mi\u0161ljenja samo su autorova i ne odra\u017eavaju nu\u017eno slu\u017ebena stajali\u0161ta Europske unije ili Europske komisije. Ni Europska unija ni Europska komisija ne mogu se smatrati odgovornima za njih.<\/h6>\n<h6>The project is funded by the European Union \u2013 Next Generation EU. However, the views and opinions expressed are solely those of the author(s) and do not necessarily reflect those of the European Union or the European Commission. Neither the European Union nor the European Commission can be held responsible for them.<\/h6>\t\t\t\t\t\t\t\t<\/div>\n\t\t\t\t\t<\/div>\n\t\t\t\t<\/div>\n\t\t\t\t<\/div>\n\t\t","protected":false},"excerpt":{"rendered":"<p>Primjena biljnih sastojaka u razvoju funkcionalnih prehrambenih proizvoda s niskim uglji\u010dnim otiskom temeljenih na principima transformativne bioekonomijeApplication of Plant-Based Ingredients in the Development of Low-Carbon Functional Food Products Based on the Principles of Transformative Bioeconomy Akronim: MultiFunFood\u0160ifra projekta: 581-UNIOS-95Trajanje \/ Duration: 1.10.2025. \u2013 30.9.2029.Izvor financiranja \/ Funding source: Europska unija \u2013 NextGenerationEUIznos financiranja \/ Funding: 156.000 \u20acVoditelj \/ Principal investigator:&#8230;<\/p>\n","protected":false},"author":1,"featured_media":0,"parent":0,"menu_order":0,"comment_status":"closed","ping_status":"open","template":"","meta":{"give_campaign_id":0,"footnotes":""},"class_list":["post-1175","page","type-page","status-publish","hentry"],"campaignId":"","_links":{"self":[{"href":"https:\/\/www.ptfos.unios.hr\/MultiFunFood\/index.php\/wp-json\/wp\/v2\/pages\/1175","targetHints":{"allow":["GET"]}}],"collection":[{"href":"https:\/\/www.ptfos.unios.hr\/MultiFunFood\/index.php\/wp-json\/wp\/v2\/pages"}],"about":[{"href":"https:\/\/www.ptfos.unios.hr\/MultiFunFood\/index.php\/wp-json\/wp\/v2\/types\/page"}],"author":[{"embeddable":true,"href":"https:\/\/www.ptfos.unios.hr\/MultiFunFood\/index.php\/wp-json\/wp\/v2\/users\/1"}],"replies":[{"embeddable":true,"href":"https:\/\/www.ptfos.unios.hr\/MultiFunFood\/index.php\/wp-json\/wp\/v2\/comments?post=1175"}],"version-history":[{"count":100,"href":"https:\/\/www.ptfos.unios.hr\/MultiFunFood\/index.php\/wp-json\/wp\/v2\/pages\/1175\/revisions"}],"predecessor-version":[{"id":2416,"href":"https:\/\/www.ptfos.unios.hr\/MultiFunFood\/index.php\/wp-json\/wp\/v2\/pages\/1175\/revisions\/2416"}],"wp:attachment":[{"href":"https:\/\/www.ptfos.unios.hr\/MultiFunFood\/index.php\/wp-json\/wp\/v2\/media?parent=1175"}],"curies":[{"name":"wp","href":"https:\/\/api.w.org\/{rel}","templated":true}]}}